{"id":2007,"date":"2018-04-06T17:27:43","date_gmt":"2018-04-06T15:27:43","guid":{"rendered":"https:\/\/dev.serversmtp.com\/?page_id=2007"},"modified":"2022-02-10T16:10:35","modified_gmt":"2022-02-10T15:10:35","slug":"configurer-serveur-smtp","status":"publish","type":"page","link":"https:\/\/serversmtp.com\/fr\/configurer-serveur-smtp\/","title":{"rendered":"Configurer un serveur SMTP"},"content":{"rendered":"<p>Comment mettre en place un serveur SMTP et r\u00e9soudre toute question (y compris les codes d&#8217;erreur souvent cryptiques).<\/p>\n<div class=\"lpCategoryList\">\n<h2><a title=\"configuration stmp\" href=\"\/fr\/configuration-smtp\">Configuration SMTP<\/a><\/h2>\n<p>Les sp\u00e9cifiques des seveurs sortants de base pour configurer un client de messagerie, en quelques \u00e9tapes simples, avec une liste pratique des fournisseurs les plus courants.<\/p>\n<h2><a title=\"Port pour SMTP\" href=\"\/fr\/ports-serveur-smtp\">Les ports du serveur SMTP<\/a><\/h2>\n<p>Un serveur de messagerie sortant utilise un port particulier pour fonctionner. Voici comment le choisir.<\/p>\n<h2><a title=\"installer-serveur-smtp\" href=\"\/fr\/installer-serveur-smtp\">Installer un serveur SMTP<\/a><\/h2>\n<p>Informations pratiques pour configurer votre serveur SMTP, r\u00e9gler son nom et le niveau de s\u00e9curit\u00e9 etc.<\/p>\n<h2><a title=\"erreur smtp\" href=\"\/fr\/erreur-smtp\">Les erreurs SMTP<\/a><\/h2>\n<p>&#8220;550 Requested action not taken: mailbox unavailable&#8221;, &#8220;421 Try again later&#8221;&#8230; Que signifient les codes et messages d&#8217;erreur SMTP et comment les corriger.<\/p>\n<h2><a title=\"DKIM email\" href=\"\/fr\/dkim-email\">Qu&#8217;est-ce que DKIM<\/a><\/h2>\n<p>DKIM (acronyme pour\u00a0Domain Keys Identification Mail) est une m\u00e9thode utilis\u00e9e pour emp\u00eacher la creation de fausses identit\u00e9s email.<\/p>\n<h2><a title=\"&quot;tester\" href=\"\/fr\/tester-serveur-smtp\">Tester le serveur SMTP<\/a><\/h2>\n<p>Si vous avez des probl\u00e8mes de livraison des emails, c&#8217;est une bonne id\u00e9e d&#8217;effectuer un test SMTP pour v\u00e9rifier l&#8217;efficacit\u00e9 du serveur.<\/p>\n<\/div>\n","protected":false},"excerpt":{"rendered":"<p>Comment mettre en place un serveur SMTP et r\u00e9soudre toute question (y compris les codes d&#8217;erreur souvent cryptiques). Configuration SMTP Les sp\u00e9cifiques des seveurs sortants de base pour configurer un client de messagerie, en quelques \u00e9tapes simples, avec une liste pratique des fournisseurs les plus courants. Les ports du serveur SMTP Un serveur de messagerie &#8230; <\/p>\n<p class=\"read-more-container\"><a title=\"Configurer un serveur SMTP\" class=\"read-more button\" href=\"https:\/\/serversmtp.com\/fr\/configurer-serveur-smtp\/#more-2007\" aria-label=\"En savoir plus sur Configurer un serveur SMTP\">Discover more<\/a><\/p>\n","protected":false},"author":3,"featured_media":0,"parent":0,"menu_order":0,"comment_status":"closed","ping_status":"closed","template":"","meta":{"_eb_attr":"","inline_featured_image":false,"_monsterinsights_skip_tracking":false,"_monsterinsights_sitenote_active":false,"_monsterinsights_sitenote_note":"","_monsterinsights_sitenote_category":0,"footnotes":""},"class_list":["post-2007","page","type-page","status-publish"],"yoast_head":"<!-- This site is optimized with the Yoast SEO plugin v25.3.1 - https:\/\/yoast.com\/wordpress\/plugins\/seo\/ -->\n<title>Configurer un serveur SMTP - smtp mail server - professional SMTP service provider<\/title>\n<meta name=\"robots\" content=\"index, follow, max-snippet:-1, max-image-preview:large, max-video-preview:-1\" \/>\n<link rel=\"canonical\" href=\"https:\/\/serversmtp.com\/fr\/configurer-serveur-smtp\/\" \/>\n<meta name=\"twitter:label1\" content=\"Dur\u00e9e de lecture estim\u00e9e\" \/>\n\t<meta name=\"twitter:data1\" content=\"1 minute\" \/>\n<!-- \/ Yoast SEO plugin. -->","yoast_head_json":{"title":"Configurer un serveur SMTP - smtp mail server - professional SMTP service provider","robots":{"index":"index","follow":"follow","max-snippet":"max-snippet:-1","max-image-preview":"max-image-preview:large","max-video-preview":"max-video-preview:-1"},"canonical":"https:\/\/serversmtp.com\/fr\/configurer-serveur-smtp\/","twitter_misc":{"Dur\u00e9e de lecture estim\u00e9e":"1 minute"},"schema":{"@context":"https:\/\/schema.org","@graph":[{"@type":"WebPage","@id":"https:\/\/serversmtp.com\/fr\/configurer-serveur-smtp\/","url":"https:\/\/serversmtp.com\/fr\/configurer-serveur-smtp\/","name":"Configurer un serveur SMTP - smtp mail server - professional SMTP service provider","isPartOf":{"@id":"https:\/\/serversmtp.com\/#website"},"datePublished":"2018-04-06T15:27:43+00:00","dateModified":"2022-02-10T15:10:35+00:00","breadcrumb":{"@id":"https:\/\/serversmtp.com\/fr\/configurer-serveur-smtp\/#breadcrumb"},"inLanguage":"fr-FR","potentialAction":[{"@type":"ReadAction","target":["https:\/\/serversmtp.com\/fr\/configurer-serveur-smtp\/"]}]},{"@type":"BreadcrumbList","@id":"https:\/\/serversmtp.com\/fr\/configurer-serveur-smtp\/#breadcrumb","itemListElement":[{"@type":"ListItem","position":1,"name":"Home","item":"https:\/\/serversmtp.com\/fr\/"},{"@type":"ListItem","position":2,"name":"Configurer un serveur SMTP"}]},{"@type":"WebSite","@id":"https:\/\/serversmtp.com\/#website","url":"https:\/\/serversmtp.com\/","name":"smtp mail server - professional SMTP service provider","description":"smtp mail server - professional SMTP service provider","publisher":{"@id":"https:\/\/serversmtp.com\/#organization"},"potentialAction":[{"@type":"SearchAction","target":{"@type":"EntryPoint","urlTemplate":"https:\/\/serversmtp.com\/?s={search_term_string}"},"query-input":{"@type":"PropertyValueSpecification","valueRequired":true,"valueName":"search_term_string"}}],"inLanguage":"fr-FR"},{"@type":"Organization","@id":"https:\/\/serversmtp.com\/#organization","name":"Delivery Tech","url":"https:\/\/serversmtp.com\/","logo":{"@type":"ImageObject","inLanguage":"fr-FR","@id":"https:\/\/serversmtp.com\/#\/schema\/logo\/image\/","url":"https:\/\/serversmtp.com\/wp-content\/uploads\/2021\/11\/og-image-2.jpg","contentUrl":"https:\/\/serversmtp.com\/wp-content\/uploads\/2021\/11\/og-image-2.jpg","width":1200,"height":1128,"caption":"Delivery Tech"},"image":{"@id":"https:\/\/serversmtp.com\/#\/schema\/logo\/image\/"}}]}},"_links":{"self":[{"href":"https:\/\/serversmtp.com\/fr\/wp-json\/wp\/v2\/pages\/2007"}],"collection":[{"href":"https:\/\/serversmtp.com\/fr\/wp-json\/wp\/v2\/pages"}],"about":[{"href":"https:\/\/serversmtp.com\/fr\/wp-json\/wp\/v2\/types\/page"}],"author":[{"embeddable":true,"href":"https:\/\/serversmtp.com\/fr\/wp-json\/wp\/v2\/users\/3"}],"replies":[{"embeddable":true,"href":"https:\/\/serversmtp.com\/fr\/wp-json\/wp\/v2\/comments?post=2007"}],"version-history":[{"count":2,"href":"https:\/\/serversmtp.com\/fr\/wp-json\/wp\/v2\/pages\/2007\/revisions"}],"predecessor-version":[{"id":2009,"href":"https:\/\/serversmtp.com\/fr\/wp-json\/wp\/v2\/pages\/2007\/revisions\/2009"}],"wp:attachment":[{"href":"https:\/\/serversmtp.com\/fr\/wp-json\/wp\/v2\/media?parent=2007"}],"curies":[{"name":"wp","href":"https:\/\/api.w.org\/{rel}","templated":true}]}}