{"id":2001,"date":"2018-04-06T17:24:29","date_gmt":"2018-04-06T15:24:29","guid":{"rendered":"https:\/\/dev.serversmtp.com\/?page_id=2001"},"modified":"2025-10-22T14:26:57","modified_gmt":"2025-10-22T12:26:57","slug":"serveur-smtp-outlook","status":"publish","type":"page","link":"https:\/\/serversmtp.com\/fr\/serveur-smtp-outlook\/","title":{"rendered":"Serveur SMTP pour Outlook"},"content":{"rendered":"<p>Pour configurer un <strong>serveur SMTP pour Outlook<\/strong> et commencer \u00e0 envoyer vos emails avec le client de Microsoft, il est n\u00e9cessaire de suivre quelques simples \u00e9tapes.<\/p>\n<p>N&#8217;oubliez pas de toute fa\u00e7on que si vous souhaitez envoyer un <strong>message en nombre<\/strong> (comme une campagne d&#8217;email marketing) seulement un <strong><a title=\"service SMTP\" href=\"\/fr\/tsmtpregistration1.php\">service SMTP professionnel<\/a><\/strong> vous garantira que vos emails une d\u00e9livrabilit\u00e9 compl\u00e8te. En effet, les serveurs sortants &#8220;normaux&#8221; comme ceux associ\u00e9es \u00e0 Gmail ou Hotmail ont des restrictions et ne peuvent pas fournir une <strong>d\u00e9livrabilit\u00e9<\/strong> \u00e9lev\u00e9e.<\/p>\n<p>Et voici comment configurer un SMTP pour Outlook:<\/p>\n<p><img decoding=\"async\" class=\"aligncenter wp-image-2003 size-full\" src=\"https:\/\/serversmtp.com\/wp-content\/uploads\/2018\/04\/configuration-outlook-french.jpg\" alt=\"\" width=\"473\" height=\"450\" srcset=\"https:\/\/serversmtp.com\/wp-content\/uploads\/2018\/04\/configuration-outlook-french.jpg 473w, https:\/\/serversmtp.com\/wp-content\/uploads\/2018\/04\/configuration-outlook-french-300x285.jpg 300w, https:\/\/serversmtp.com\/wp-content\/uploads\/2018\/04\/configuration-outlook-french-320x304.jpg 320w, https:\/\/serversmtp.com\/wp-content\/uploads\/2018\/04\/configuration-outlook-french-239x227.jpg 239w\" sizes=\"(max-width: 473px) 100vw, 473px\" \/><\/p>\n<ol>\n<li>S\u00e9lectionnez &#8220;Param\u00e8tres du compte &#8230;&#8221; dans le menu &#8220;Outils&#8221;.<\/li>\n<li>S\u00e9lectionnez votre compte de messagerie et cliquez sur le bouton &#8220;Modifier&#8221;.<\/li>\n<li>Ins\u00e9rez le nom de votre serveur dans le champ &#8220;Serveur sortant de messagerie (SMTP)&#8221;. Si vous ne le savez pas, vous pouvez jeter un oeil \u00e0 notre <a title=\"liste serveur smtp\" href=\"\/fr\/liste-serveur-smtp\">article sur les param\u00e8tres SMTP<\/a>\u00a0les plus populaires.<\/li>\n<li>Cliquez sur le bouton &#8220;Param\u00e8tres suppl\u00e9mentaires&#8221;.<\/li>\n<li>S\u00e9lectionnez l&#8217;onglet &#8220;Serveur sortant&#8221;.<\/li>\n<li>Si vous avez l&#8217;intention d&#8217;envoyer vos emails avec authentification, cochez la case &#8220;Mon serveur sortant (SMTP) requiert une authentification&#8221;. Puis s\u00e9lectionnez &#8220;Se connecter \u00e0 l&#8217;aide de&#8221;.<\/li>\n<li>Entrez votre nom d\u2019utilisateur (l\u2019adresse email de laquelle vous envoyez) et votre mot de passe (si vous utilisez turboSMTP, vous devez entrer \u00e0 la place votre Consumer Key et Consumer Secret \u2014 <a href=\"https:\/\/serversmtp.com\/fr\/quest-ce-que-les-cles-api-et-comment-les-creer-avec-turbosmtp-un-guide-complet\/\" title=\"Comment cr\u00e9er vos API Keys\" target=\"_blank\" rel=\"noopener\">voir comment cr\u00e9er vos API Keys<\/a>).<\/li>\n<li>D\u00e9finissez le port SMTP \u00e0 25 dans l&#8217;onglet &#8220;Serveur sortant (SMTP)&#8221;. Certains serveurs entrants peuvent rejeter des emails provenant de ce port en raison d&#8217;une grande quantit\u00e9 de spam: alors si vous pouvez toujours <a title=\"port smtp\" href=\"\/fr\/ports-serveur-smtp\">passer \u00e0 un autre<\/a>.<\/li>\n<\/ol>\n<p>Cliquez sur &#8220;Ok&#8221; et voil\u00e0, vous pouvez commencer \u00e0 envoyer des emails avec Microsoft Outlook!<\/p>\n","protected":false},"excerpt":{"rendered":"<p>Pour configurer un serveur SMTP pour Outlook et commencer \u00e0 envoyer vos emails avec le client de Microsoft, il est n\u00e9cessaire de suivre quelques simples \u00e9tapes. N&#8217;oubliez pas de toute fa\u00e7on que si vous souhaitez envoyer un message en nombre (comme une campagne d&#8217;email marketing) seulement un service SMTP professionnel vous garantira que vos emails &#8230; <\/p>\n<p class=\"read-more-container\"><a title=\"Serveur SMTP pour Outlook\" class=\"read-more button\" href=\"https:\/\/serversmtp.com\/fr\/serveur-smtp-outlook\/#more-2001\" aria-label=\"En savoir plus sur Serveur SMTP pour Outlook\">Discover more<\/a><\/p>\n","protected":false},"author":3,"featured_media":0,"parent":0,"menu_order":0,"comment_status":"closed","ping_status":"closed","template":"","meta":{"_eb_attr":"","inline_featured_image":false,"_monsterinsights_skip_tracking":false,"_monsterinsights_sitenote_active":false,"_monsterinsights_sitenote_note":"","_monsterinsights_sitenote_category":0,"footnotes":""},"class_list":["post-2001","page","type-page","status-publish"],"yoast_head":"<!-- This site is optimized with the Yoast SEO plugin v25.3.1 - https:\/\/yoast.com\/wordpress\/plugins\/seo\/ -->\n<title>Serveur SMTP pour Outlook - smtp mail server - professional SMTP service provider<\/title>\n<meta name=\"robots\" content=\"index, follow, max-snippet:-1, max-image-preview:large, max-video-preview:-1\" \/>\n<link rel=\"canonical\" href=\"https:\/\/serversmtp.com\/fr\/serveur-smtp-outlook\/\" \/>\n<meta name=\"twitter:label1\" content=\"Dur\u00e9e de lecture estim\u00e9e\" \/>\n\t<meta name=\"twitter:data1\" content=\"2 minutes\" \/>\n<!-- \/ Yoast SEO plugin. -->","yoast_head_json":{"title":"Serveur SMTP pour Outlook - smtp mail server - professional SMTP service provider","robots":{"index":"index","follow":"follow","max-snippet":"max-snippet:-1","max-image-preview":"max-image-preview:large","max-video-preview":"max-video-preview:-1"},"canonical":"https:\/\/serversmtp.com\/fr\/serveur-smtp-outlook\/","twitter_misc":{"Dur\u00e9e de lecture estim\u00e9e":"2 minutes"},"schema":{"@context":"https:\/\/schema.org","@graph":[{"@type":"WebPage","@id":"https:\/\/serversmtp.com\/fr\/serveur-smtp-outlook\/","url":"https:\/\/serversmtp.com\/fr\/serveur-smtp-outlook\/","name":"Serveur SMTP pour Outlook - smtp mail server - professional SMTP service provider","isPartOf":{"@id":"https:\/\/serversmtp.com\/it\/#website"},"primaryImageOfPage":{"@id":"https:\/\/serversmtp.com\/fr\/serveur-smtp-outlook\/#primaryimage"},"image":{"@id":"https:\/\/serversmtp.com\/fr\/serveur-smtp-outlook\/#primaryimage"},"thumbnailUrl":"https:\/\/serversmtp.com\/wp-content\/uploads\/2018\/04\/configuration-outlook-french.jpg","datePublished":"2018-04-06T15:24:29+00:00","dateModified":"2025-10-22T12:26:57+00:00","breadcrumb":{"@id":"https:\/\/serversmtp.com\/fr\/serveur-smtp-outlook\/#breadcrumb"},"inLanguage":"fr-FR","potentialAction":[{"@type":"ReadAction","target":["https:\/\/serversmtp.com\/fr\/serveur-smtp-outlook\/"]}]},{"@type":"ImageObject","inLanguage":"fr-FR","@id":"https:\/\/serversmtp.com\/fr\/serveur-smtp-outlook\/#primaryimage","url":"https:\/\/serversmtp.com\/wp-content\/uploads\/2018\/04\/configuration-outlook-french.jpg","contentUrl":"https:\/\/serversmtp.com\/wp-content\/uploads\/2018\/04\/configuration-outlook-french.jpg"},{"@type":"BreadcrumbList","@id":"https:\/\/serversmtp.com\/fr\/serveur-smtp-outlook\/#breadcrumb","itemListElement":[{"@type":"ListItem","position":1,"name":"Home","item":"https:\/\/serversmtp.com\/fr\/"},{"@type":"ListItem","position":2,"name":"Serveur SMTP pour Outlook"}]},{"@type":"WebSite","@id":"https:\/\/serversmtp.com\/it\/#website","url":"https:\/\/serversmtp.com\/it\/","name":"smtp mail server - professional SMTP service provider","description":"smtp mail server - professional SMTP service provider","publisher":{"@id":"https:\/\/serversmtp.com\/it\/#organization"},"potentialAction":[{"@type":"SearchAction","target":{"@type":"EntryPoint","urlTemplate":"https:\/\/serversmtp.com\/it\/?s={search_term_string}"},"query-input":{"@type":"PropertyValueSpecification","valueRequired":true,"valueName":"search_term_string"}}],"inLanguage":"fr-FR"},{"@type":"Organization","@id":"https:\/\/serversmtp.com\/it\/#organization","name":"Delivery Tech","url":"https:\/\/serversmtp.com\/it\/","logo":{"@type":"ImageObject","inLanguage":"fr-FR","@id":"https:\/\/serversmtp.com\/it\/#\/schema\/logo\/image\/","url":"https:\/\/serversmtp.com\/wp-content\/uploads\/2021\/11\/og-image-2.jpg","contentUrl":"https:\/\/serversmtp.com\/wp-content\/uploads\/2021\/11\/og-image-2.jpg","width":1200,"height":1128,"caption":"Delivery Tech"},"image":{"@id":"https:\/\/serversmtp.com\/it\/#\/schema\/logo\/image\/"}}]}},"_links":{"self":[{"href":"https:\/\/serversmtp.com\/fr\/wp-json\/wp\/v2\/pages\/2001"}],"collection":[{"href":"https:\/\/serversmtp.com\/fr\/wp-json\/wp\/v2\/pages"}],"about":[{"href":"https:\/\/serversmtp.com\/fr\/wp-json\/wp\/v2\/types\/page"}],"author":[{"embeddable":true,"href":"https:\/\/serversmtp.com\/fr\/wp-json\/wp\/v2\/users\/3"}],"replies":[{"embeddable":true,"href":"https:\/\/serversmtp.com\/fr\/wp-json\/wp\/v2\/comments?post=2001"}],"version-history":[{"count":4,"href":"https:\/\/serversmtp.com\/fr\/wp-json\/wp\/v2\/pages\/2001\/revisions"}],"predecessor-version":[{"id":22541,"href":"https:\/\/serversmtp.com\/fr\/wp-json\/wp\/v2\/pages\/2001\/revisions\/22541"}],"wp:attachment":[{"href":"https:\/\/serversmtp.com\/fr\/wp-json\/wp\/v2\/media?parent=2001"}],"curies":[{"name":"wp","href":"https:\/\/api.w.org\/{rel}","templated":true}]}}