{"id":1994,"date":"2018-04-06T17:07:23","date_gmt":"2018-04-06T15:07:23","guid":{"rendered":"https:\/\/dev.serversmtp.com\/?page_id=1994"},"modified":"2022-02-10T16:13:37","modified_gmt":"2022-02-10T15:13:37","slug":"envoi-courriel-et-smtp","status":"publish","type":"page","link":"https:\/\/serversmtp.com\/fr\/envoi-courriel-et-smtp\/","title":{"rendered":"Envoyer un courriel\ufeff"},"content":{"rendered":"<p>Qu&#8217;est-ce qui se cache derri\u00e8re le simple fait de cliquer sur &#8220;Envoi&#8221;, comment envoyer des messages illimit\u00e9s, et comment \u00e9viter les probl\u00e8mes de livraison.<\/p>\n<div class=\"lpCategoryList\">\n<h2><a title=\"comment envoyer email massif\" href=\"\/fr\/comment-envoyer-mail\">Comment envoyer un email massif<\/a><\/h2>\n<p>Les exigences techniques pour envoyer et livrer tous les messages de votre campagne d&#8217;email sans soucis.<\/p>\n<h2><a title=\"envoi mail smtp\" href=\"\/fr\/envoi-mail-smtp\">Envoi mail: l&#8217;SMTP<\/a><\/h2>\n<p>Le r\u00f4le d&#8217;un serveur de courrier sortant lorsque vous envoyez un message de courrier \u00e9lectronique.<\/p>\n<h2><a title=\"comment envoyer courriel\" href=\"\/fr\/comment-envoyer-courriel\">Comment envoyer un courriel<\/a><\/h2>\n<p>Cela semble tr\u00e8s facile, mais la question de l&#8217;envoi d&#8217;un mail n&#8217;est pas si simple!<\/p>\n<h2><a title=\"Email transactionnel: comment l'utiliser\" href=\"\/fr\/email-transactionnel\">Email transactionnel: comment l&#8217;utiliser<\/a><\/h2>\n<p>Les messages transactionnels ont les meilleurs taux d&#8217;ouvertures et de clics. Voici quelques conseils sur comment en tirer le mieux.<\/p>\n<h2><a title=\"probl\u00e8mes envoi email\" href=\"\/fr\/probleme-envoi-email\">Probl\u00e8mes d&#8217;envoi<\/a><\/h2>\n<p>Pourquoi parfois votre client de messagerie n&#8217;envoie pas de courriels?<\/p>\n<h2><a title=\"Serveur de messagerie SMTP\" href=\"\/fr\/serveur-messagerie\">Serveur de messagerie SMTP<\/a><\/h2>\n<p>Pour l&#8217;envoi d&#8217;un mailing en masse il faut utiliser un serveur de messagerie sortant fiable.<\/p>\n<h2><a href=\"\/fr\/mails-arrivent-pas\">Les mails n&#8217;arrivent pas<\/a><\/h2>\n<p>Malheuresement les probl\u00e8mes de livraison des mails sont assez communs. Voici comment les r\u00e9soudre.<\/p>\n<h2><a title=\"SMTP illimit\u00e9\" href=\"\/fr\/smtp-illimite\">SMTP illimit\u00e9<\/a><\/h2>\n<p>Pourqui faut-il s&#8217;appuyer sur un SMTP illimit\u00e9 quando il s&#8217;agit de cr\u00e9er une campagne d&#8217;emailing?<\/p>\n<h2><a title=\"Je n'arrive pas \u00e0 envoyer des mails\" href=\"\/fr\/arrive-pas-envoyer-mails\">&#8220;Je n&#8217;arrive pas \u00e0 envoyer des mails&#8221;<\/a><\/h2>\n<p>Vous ouvrez votre client de messagerie pr\u00e9f\u00e9r\u00e9, vous \u00e9crivez quelques lignes, ins\u00e9rez les adresses des destinataires, cliquez sur &#8220;Envoyer&#8221; et&#8230; Voil\u00e0 une erreur. Pourquoi?<\/p>\n<\/div>\n","protected":false},"excerpt":{"rendered":"<p>Qu&#8217;est-ce qui se cache derri\u00e8re le simple fait de cliquer sur &#8220;Envoi&#8221;, comment envoyer des messages illimit\u00e9s, et comment \u00e9viter les probl\u00e8mes de livraison. Comment envoyer un email massif Les exigences techniques pour envoyer et livrer tous les messages de votre campagne d&#8217;email sans soucis. Envoi mail: l&#8217;SMTP Le r\u00f4le d&#8217;un serveur de courrier sortant &#8230; <\/p>\n<p class=\"read-more-container\"><a title=\"Envoyer un courriel\ufeff\" class=\"read-more button\" href=\"https:\/\/serversmtp.com\/fr\/envoi-courriel-et-smtp\/#more-1994\" aria-label=\"En savoir plus sur Envoyer un courriel\ufeff\">Discover more<\/a><\/p>\n","protected":false},"author":3,"featured_media":0,"parent":0,"menu_order":0,"comment_status":"closed","ping_status":"closed","template":"","meta":{"_eb_attr":"","inline_featured_image":false,"_monsterinsights_skip_tracking":false,"_monsterinsights_sitenote_active":false,"_monsterinsights_sitenote_note":"","_monsterinsights_sitenote_category":0,"footnotes":""},"class_list":["post-1994","page","type-page","status-publish"],"yoast_head":"<!-- This site is optimized with the Yoast SEO plugin v25.3.1 - https:\/\/yoast.com\/wordpress\/plugins\/seo\/ -->\n<title>Envoyer un courriel\ufeff - smtp mail server - professional SMTP service provider<\/title>\n<meta name=\"robots\" content=\"index, follow, max-snippet:-1, max-image-preview:large, max-video-preview:-1\" \/>\n<link rel=\"canonical\" href=\"https:\/\/serversmtp.com\/fr\/envoi-courriel-et-smtp\/\" \/>\n<meta name=\"twitter:label1\" content=\"Dur\u00e9e de lecture estim\u00e9e\" \/>\n\t<meta name=\"twitter:data1\" content=\"1 minute\" \/>\n<!-- \/ Yoast SEO plugin. -->","yoast_head_json":{"title":"Envoyer un courriel\ufeff - smtp mail server - professional SMTP service provider","robots":{"index":"index","follow":"follow","max-snippet":"max-snippet:-1","max-image-preview":"max-image-preview:large","max-video-preview":"max-video-preview:-1"},"canonical":"https:\/\/serversmtp.com\/fr\/envoi-courriel-et-smtp\/","twitter_misc":{"Dur\u00e9e de lecture estim\u00e9e":"1 minute"},"schema":{"@context":"https:\/\/schema.org","@graph":[{"@type":"WebPage","@id":"https:\/\/serversmtp.com\/fr\/envoi-courriel-et-smtp\/","url":"https:\/\/serversmtp.com\/fr\/envoi-courriel-et-smtp\/","name":"Envoyer un courriel\ufeff - smtp mail server - professional SMTP service provider","isPartOf":{"@id":"https:\/\/serversmtp.com\/fr\/#website"},"datePublished":"2018-04-06T15:07:23+00:00","dateModified":"2022-02-10T15:13:37+00:00","breadcrumb":{"@id":"https:\/\/serversmtp.com\/fr\/envoi-courriel-et-smtp\/#breadcrumb"},"inLanguage":"fr-FR","potentialAction":[{"@type":"ReadAction","target":["https:\/\/serversmtp.com\/fr\/envoi-courriel-et-smtp\/"]}]},{"@type":"BreadcrumbList","@id":"https:\/\/serversmtp.com\/fr\/envoi-courriel-et-smtp\/#breadcrumb","itemListElement":[{"@type":"ListItem","position":1,"name":"Home","item":"https:\/\/serversmtp.com\/fr\/"},{"@type":"ListItem","position":2,"name":"Envoyer un courriel\ufeff"}]},{"@type":"WebSite","@id":"https:\/\/serversmtp.com\/fr\/#website","url":"https:\/\/serversmtp.com\/fr\/","name":"smtp mail server - professional SMTP service provider","description":"smtp mail server - professional SMTP service provider","publisher":{"@id":"https:\/\/serversmtp.com\/fr\/#organization"},"potentialAction":[{"@type":"SearchAction","target":{"@type":"EntryPoint","urlTemplate":"https:\/\/serversmtp.com\/fr\/?s={search_term_string}"},"query-input":{"@type":"PropertyValueSpecification","valueRequired":true,"valueName":"search_term_string"}}],"inLanguage":"fr-FR"},{"@type":"Organization","@id":"https:\/\/serversmtp.com\/fr\/#organization","name":"Delivery Tech","url":"https:\/\/serversmtp.com\/fr\/","logo":{"@type":"ImageObject","inLanguage":"fr-FR","@id":"https:\/\/serversmtp.com\/fr\/#\/schema\/logo\/image\/","url":"https:\/\/serversmtp.com\/wp-content\/uploads\/2021\/11\/og-image-2.jpg","contentUrl":"https:\/\/serversmtp.com\/wp-content\/uploads\/2021\/11\/og-image-2.jpg","width":1200,"height":1128,"caption":"Delivery Tech"},"image":{"@id":"https:\/\/serversmtp.com\/fr\/#\/schema\/logo\/image\/"}}]}},"_links":{"self":[{"href":"https:\/\/serversmtp.com\/fr\/wp-json\/wp\/v2\/pages\/1994"}],"collection":[{"href":"https:\/\/serversmtp.com\/fr\/wp-json\/wp\/v2\/pages"}],"about":[{"href":"https:\/\/serversmtp.com\/fr\/wp-json\/wp\/v2\/types\/page"}],"author":[{"embeddable":true,"href":"https:\/\/serversmtp.com\/fr\/wp-json\/wp\/v2\/users\/3"}],"replies":[{"embeddable":true,"href":"https:\/\/serversmtp.com\/fr\/wp-json\/wp\/v2\/comments?post=1994"}],"version-history":[{"count":4,"href":"https:\/\/serversmtp.com\/fr\/wp-json\/wp\/v2\/pages\/1994\/revisions"}],"predecessor-version":[{"id":2329,"href":"https:\/\/serversmtp.com\/fr\/wp-json\/wp\/v2\/pages\/1994\/revisions\/2329"}],"wp:attachment":[{"href":"https:\/\/serversmtp.com\/fr\/wp-json\/wp\/v2\/media?parent=1994"}],"curies":[{"name":"wp","href":"https:\/\/api.w.org\/{rel}","templated":true}]}}