{"id":1992,"date":"2018-04-06T17:03:45","date_gmt":"2018-04-06T15:03:45","guid":{"rendered":"https:\/\/dev.serversmtp.com\/?page_id=1992"},"modified":"2018-04-12T16:15:46","modified_gmt":"2018-04-12T14:15:46","slug":"quest-ce-que-un-serveur-sortant","status":"publish","type":"page","link":"https:\/\/serversmtp.com\/fr\/quest-ce-que-un-serveur-sortant\/","title":{"rendered":"Qu&#8217;est-ce que un serveur sortant?"},"content":{"rendered":"<p>Un <strong>serveur de courrier sortant<\/strong> est la machine qui prend soin de transmettre vos messages \u00e0 un autre ordinateur, le serveur de courrier entrant (d&#8217;o\u00f9 vos destinataires t\u00e9l\u00e9chargent leurs emails).<\/p>\n<p>Comme il utilise le protocole standard <strong><a title=\"protocole SMTP\" href=\"\/fr\/protocole-smtp\">SMTP<\/a><\/strong> (Simple Mail Transfer Protocol), il est g\u00e9n\u00e9ralement appel\u00e9 <strong>serveur SMTP<\/strong>. Donc, chaque fois que vous configurez un client de messagerie comme Apple Mail ou Microsoft Outlook, vous aurez besoin de sp\u00e9cifier les <strong>param\u00e8tres de votre serveur sortant<\/strong>: son nom, votre adresse, la porte que vous souhaitez utiliser (normalement port 25), et, si c&#8217;est le cas, un syst\u00e8me d&#8217;authentification. (Pour obtenir vos d\u00e9tails, jetez un oeil \u00e0 notre <a title=\"liste serveurs smtp\" href=\"\/fr\/liste-serveur-smtp\">liste de noms de serveurs SMTP les plus courantes<\/a>).<\/p>\n<p><img decoding=\"async\" class=\"aligncenter wp-image-536 size-full\" src=\"https:\/\/serversmtp.com\/wp-content\/uploads\/2018\/03\/what-is-smtp_0.png\" alt=\"\" width=\"580\" height=\"372\" srcset=\"https:\/\/serversmtp.com\/wp-content\/uploads\/2018\/03\/what-is-smtp_0.png 580w, https:\/\/serversmtp.com\/wp-content\/uploads\/2018\/03\/what-is-smtp_0-300x192.png 300w, https:\/\/serversmtp.com\/wp-content\/uploads\/2018\/03\/what-is-smtp_0-320x205.png 320w, https:\/\/serversmtp.com\/wp-content\/uploads\/2018\/03\/what-is-smtp_0-239x153.png 239w\" sizes=\"(max-width: 580px) 100vw, 580px\" \/><\/p>\n<p>Cependant, il faut souligner que les serveurs sortant normalement associ\u00e9s \u00e0 des comptes email gratuits (comme Gmail ou Free ou Hotmail) peuvent rencontrer des <strong>probl\u00e8mes de d\u00e9livrabilit\u00e9<\/strong> si vous envoyez une certaine quantit\u00e9 de messages (par exemple, si vous faites une <strong>campagne d&#8217;email marketing)<\/strong>.<\/p>\n<p>Cela arrive parceque ces serveurs ne sont pas con\u00e7us pour l&#8217;envoi de mails massifs: et il s&#8217;appuyent sur des IP pas surveill\u00e9s qui peuvent \u00eatre partag\u00e9s avec spammeurs.<\/p>\n<p>Donc, pour maximiser le taux de livraison, il faut compter sur un <strong><a title=\"serveur sortant professionel\" href=\"\/fr\/tsmtpregistration1.php\">serveur SMTP professionnel<\/a><\/strong> comme turboSMTP. Vous pouvez vous inscrire et obtenir <strong>6000 envois gratuits par mois<\/strong> (pour toujours), et puis &#8211; au cas o\u00f9 &#8211; choisir le plan qui vous convient le mieux.<\/p>\n","protected":false},"excerpt":{"rendered":"<p>Un serveur de courrier sortant est la machine qui prend soin de transmettre vos messages \u00e0 un autre ordinateur, le serveur de courrier entrant (d&#8217;o\u00f9 vos destinataires t\u00e9l\u00e9chargent leurs emails). Comme il utilise le protocole standard SMTP (Simple Mail Transfer Protocol), il est g\u00e9n\u00e9ralement appel\u00e9 serveur SMTP. Donc, chaque fois que vous configurez un client &#8230; <\/p>\n<p class=\"read-more-container\"><a title=\"Qu&#8217;est-ce que un serveur sortant?\" class=\"read-more button\" href=\"https:\/\/serversmtp.com\/fr\/quest-ce-que-un-serveur-sortant\/#more-1992\" aria-label=\"En savoir plus sur Qu&#8217;est-ce que un serveur sortant?\">Discover more<\/a><\/p>\n","protected":false},"author":3,"featured_media":0,"parent":0,"menu_order":0,"comment_status":"closed","ping_status":"closed","template":"g1_template_page_sidebar_right.php","meta":{"_eb_attr":"","inline_featured_image":false,"_monsterinsights_skip_tracking":false,"_monsterinsights_sitenote_active":false,"_monsterinsights_sitenote_note":"","_monsterinsights_sitenote_category":0,"footnotes":""},"class_list":["post-1992","page","type-page","status-publish"],"yoast_head":"<!-- This site is optimized with the Yoast SEO plugin v25.3.1 - https:\/\/yoast.com\/wordpress\/plugins\/seo\/ -->\n<title>Qu&#039;est-ce que un serveur sortant? - smtp mail server - professional SMTP service provider<\/title>\n<meta name=\"robots\" content=\"index, follow, max-snippet:-1, max-image-preview:large, max-video-preview:-1\" \/>\n<link rel=\"canonical\" href=\"https:\/\/serversmtp.com\/fr\/quest-ce-que-un-serveur-sortant\/\" \/>\n<meta name=\"twitter:label1\" content=\"Dur\u00e9e de lecture estim\u00e9e\" \/>\n\t<meta name=\"twitter:data1\" content=\"1 minute\" \/>\n<!-- \/ Yoast SEO plugin. -->","yoast_head_json":{"title":"Qu'est-ce que un serveur sortant? - smtp mail server - professional SMTP service provider","robots":{"index":"index","follow":"follow","max-snippet":"max-snippet:-1","max-image-preview":"max-image-preview:large","max-video-preview":"max-video-preview:-1"},"canonical":"https:\/\/serversmtp.com\/fr\/quest-ce-que-un-serveur-sortant\/","twitter_misc":{"Dur\u00e9e de lecture estim\u00e9e":"1 minute"},"schema":{"@context":"https:\/\/schema.org","@graph":[{"@type":"WebPage","@id":"https:\/\/serversmtp.com\/fr\/quest-ce-que-un-serveur-sortant\/","url":"https:\/\/serversmtp.com\/fr\/quest-ce-que-un-serveur-sortant\/","name":"Qu'est-ce que un serveur sortant? - smtp mail server - professional SMTP service provider","isPartOf":{"@id":"https:\/\/serversmtp.com\/it\/#website"},"primaryImageOfPage":{"@id":"https:\/\/serversmtp.com\/fr\/quest-ce-que-un-serveur-sortant\/#primaryimage"},"image":{"@id":"https:\/\/serversmtp.com\/fr\/quest-ce-que-un-serveur-sortant\/#primaryimage"},"thumbnailUrl":"https:\/\/serversmtp.com\/wp-content\/uploads\/2018\/03\/what-is-smtp_0.png","datePublished":"2018-04-06T15:03:45+00:00","dateModified":"2018-04-12T14:15:46+00:00","breadcrumb":{"@id":"https:\/\/serversmtp.com\/fr\/quest-ce-que-un-serveur-sortant\/#breadcrumb"},"inLanguage":"fr-FR","potentialAction":[{"@type":"ReadAction","target":["https:\/\/serversmtp.com\/fr\/quest-ce-que-un-serveur-sortant\/"]}]},{"@type":"ImageObject","inLanguage":"fr-FR","@id":"https:\/\/serversmtp.com\/fr\/quest-ce-que-un-serveur-sortant\/#primaryimage","url":"https:\/\/serversmtp.com\/wp-content\/uploads\/2018\/03\/what-is-smtp_0.png","contentUrl":"https:\/\/serversmtp.com\/wp-content\/uploads\/2018\/03\/what-is-smtp_0.png"},{"@type":"BreadcrumbList","@id":"https:\/\/serversmtp.com\/fr\/quest-ce-que-un-serveur-sortant\/#breadcrumb","itemListElement":[{"@type":"ListItem","position":1,"name":"Home","item":"https:\/\/serversmtp.com\/fr\/"},{"@type":"ListItem","position":2,"name":"Qu&#8217;est-ce que un serveur sortant?"}]},{"@type":"WebSite","@id":"https:\/\/serversmtp.com\/it\/#website","url":"https:\/\/serversmtp.com\/it\/","name":"smtp mail server - professional SMTP service provider","description":"smtp mail server - professional SMTP service provider","publisher":{"@id":"https:\/\/serversmtp.com\/it\/#organization"},"potentialAction":[{"@type":"SearchAction","target":{"@type":"EntryPoint","urlTemplate":"https:\/\/serversmtp.com\/it\/?s={search_term_string}"},"query-input":{"@type":"PropertyValueSpecification","valueRequired":true,"valueName":"search_term_string"}}],"inLanguage":"fr-FR"},{"@type":"Organization","@id":"https:\/\/serversmtp.com\/it\/#organization","name":"Delivery Tech","url":"https:\/\/serversmtp.com\/it\/","logo":{"@type":"ImageObject","inLanguage":"fr-FR","@id":"https:\/\/serversmtp.com\/it\/#\/schema\/logo\/image\/","url":"https:\/\/serversmtp.com\/wp-content\/uploads\/2021\/11\/og-image-2.jpg","contentUrl":"https:\/\/serversmtp.com\/wp-content\/uploads\/2021\/11\/og-image-2.jpg","width":1200,"height":1128,"caption":"Delivery Tech"},"image":{"@id":"https:\/\/serversmtp.com\/it\/#\/schema\/logo\/image\/"}}]}},"_links":{"self":[{"href":"https:\/\/serversmtp.com\/fr\/wp-json\/wp\/v2\/pages\/1992"}],"collection":[{"href":"https:\/\/serversmtp.com\/fr\/wp-json\/wp\/v2\/pages"}],"about":[{"href":"https:\/\/serversmtp.com\/fr\/wp-json\/wp\/v2\/types\/page"}],"author":[{"embeddable":true,"href":"https:\/\/serversmtp.com\/fr\/wp-json\/wp\/v2\/users\/3"}],"replies":[{"embeddable":true,"href":"https:\/\/serversmtp.com\/fr\/wp-json\/wp\/v2\/comments?post=1992"}],"version-history":[{"count":1,"href":"https:\/\/serversmtp.com\/fr\/wp-json\/wp\/v2\/pages\/1992\/revisions"}],"predecessor-version":[{"id":1993,"href":"https:\/\/serversmtp.com\/fr\/wp-json\/wp\/v2\/pages\/1992\/revisions\/1993"}],"wp:attachment":[{"href":"https:\/\/serversmtp.com\/fr\/wp-json\/wp\/v2\/media?parent=1992"}],"curies":[{"name":"wp","href":"https:\/\/api.w.org\/{rel}","templated":true}]}}