{"id":1989,"date":"2018-04-06T16:54:41","date_gmt":"2018-04-06T14:54:41","guid":{"rendered":"https:\/\/dev.serversmtp.com\/?page_id=1989"},"modified":"2024-08-30T11:04:09","modified_gmt":"2024-08-30T09:04:09","slug":"smtp-gratuit","status":"publish","type":"page","link":"https:\/\/serversmtp.com\/fr\/smtp-gratuit\/","title":{"rendered":"SMTP gratuit"},"content":{"rendered":"\n<style>\r\n.saswp-faq-block-section ol {\r\n    margin-left: 0px;\r\n}\r\n.saswp-faq-block-section ol li {\r\n    border-bottom: dotted 2px #ccc;\r\n    margin-bottom: 46px;\r\n    padding-bottom: 20px;\r\n}\r\n.saswp-faq-block-section ol li:last-child {\r\n    border-bottom: none;\r\n    margin-bottom: 26px;\r\n}\r\n<\/style>\n\n\n<div class=\"gb-container gb-container-05f4b905\">\n<div class=\"gb-container gb-container-3bd3b6d8\">\n\n<h1 class=\"gb-headline gb-headline-80a0e6dc gb-headline-text\"><strong>Votre serveur SMTP gratuit pour une livraison d&#8217;email fiable et s\u00e9curis\u00e9e.<\/strong><\/h1>\n\n\n\n<h2 class=\"gb-headline gb-headline-7de7ebc5 gb-headline-text\">Envoyez jusqu&#8217;\u00e0 6 000 emails par mois sans frais.<\/h2>\n\n\n\n<p class=\"gb-headline gb-headline-1238f619 gb-headline-text\">Commencez \u00e0 envoyer des emails en quelques minutes avec notre service SMTP gratuit, id\u00e9al pour les entreprises de toutes tailles.<\/p>\n\n\n\n<a class=\"gb-button gb-button-e42a2b01 gb-button-text\" href=\"https:\/\/serversmtp.com\/fr\/signup\">Commencez gratuitement<\/a>\n\n<\/div>\n<div class=\"gb-shapes\"><div class=\"gb-shape gb-shape-1\"><svg xmlns=\"http:\/\/www.w3.org\/2000\/svg\" viewBox=\"0 0 1200 230\" preserveAspectRatio=\"none\"><path d=\"M1200 230H0V0l600 207.2L1200 0z\"\/><\/svg><\/div><\/div><\/div>\n\n<div class=\"gb-container gb-container-367640b2\">\n<div class=\"gb-container gb-container-f641ef13\">\n\n<h2 class=\"gb-headline gb-headline-01ff8773 gb-headline-text\">Le meilleur service SMTP gratuit qui ne vous freine pas.<\/h2>\n\n\n<div class=\"gb-container gb-container-566681d4\">\n<div class=\"gb-grid-wrapper gb-grid-wrapper-a8ab1467\">\n<div class=\"gb-grid-column gb-grid-column-17d5c32f\"><div class=\"gb-container gb-container-17d5c32f\">\n\n<h3 class=\"gb-headline gb-headline-8e34e99a\"><span class=\"gb-icon\"><svg viewBox=\"0 0 640 512\" xmlns=\"http:\/\/www.w3.org\/2000\/svg\"><path d=\"M64 96c0-35.3 28.7-64 64-64h384c35.3 0 64 28.7 64 64v256h-64V96H128v256H64V96zM0 403.2C0 392.6 8.6 384 19.2 384h601.6c10.6 0 19.2 8.6 19.2 19.2 0 42.4-34.4 76.8-76.8 76.8H76.8C34.4 480 0 445.6 0 403.2zM281 209l-31 31 31 31c9.4 9.4 9.4 24.6 0 33.9s-24.6 9.4-33.9 0l-48-48c-9.4-9.4-9.4-24.6 0-33.9l48-48c9.4-9.4 24.6-9.4 33.9 0s9.4 24.6 0 33.9zm112-34 48 48c9.4 9.4 9.4 24.6 0 33.9l-48 48c-9.4 9.4-24.6 9.4-33.9 0s-9.4-24.6 0-33.9l31-31-31-31c-9.4-9.4-9.4-24.6 0-33.9s24.6-9.4 33.9 0z\"><\/path><\/svg><\/span><\/h3>\n\n\n\n<h3 class=\"gb-headline gb-headline-bae81829 gb-headline-text\"><strong>APIs, relais SMTP<\/strong><\/h3>\n\n\n\n<p class=\"has-text-align-center\">Am\u00e9liorez la d\u00e9livrabilit\u00e9 des emails \u00e0 grande \u00e9chelle avec notre MTA, con\u00e7u pour l\u2019efficacit\u00e9 et la fiabilit\u00e9. Pour des emails transactionnels ou marketing, nos relais SMTP assurent que vos messages atteignent les bo\u00eetes de r\u00e9ception rapidement et en toute s\u00e9curit\u00e9.<\/p>\n\n<\/div><\/div>\n\n<div class=\"gb-grid-column gb-grid-column-654958e4\"><div class=\"gb-container gb-container-654958e4\">\n\n<h3 class=\"gb-headline gb-headline-4aa8db8d\"><span class=\"gb-icon\"><svg viewBox=\"0 0 384 512\" xmlns=\"http:\/\/www.w3.org\/2000\/svg\"><path d=\"M64 464c-8.8 0-16-7.2-16-16V64c0-8.8 7.2-16 16-16h160v80c0 17.7 14.3 32 32 32h80v288c0 8.8-7.2 16-16 16H64zM64 0C28.7 0 0 28.7 0 64v384c0 35.3 28.7 64 64 64h256c35.3 0 64-28.7 64-64V154.5c0-17-6.7-33.3-18.7-45.3l-90.6-90.5C262.7 6.7 246.5 0 229.5 0H64zm56 256c-13.3 0-24 10.7-24 24s10.7 24 24 24h144c13.3 0 24-10.7 24-24s-10.7-24-24-24H120zm0 96c-13.3 0-24 10.7-24 24s10.7 24 24 24h144c13.3 0 24-10.7 24-24s-10.7-24-24-24H120z\"><\/path><\/svg><\/span><\/h3>\n\n\n\n<h3 class=\"gb-headline gb-headline-0e540be3 gb-headline-text\"><strong>Biblioth\u00e8ques et documentation<\/strong><\/h3>\n\n\n\n<p class=\"has-text-align-center\">Acc\u00e9dez \u00e0 une biblioth\u00e8que de scripts pr\u00eats \u00e0 l&#8217;emploi dans divers langages de programmation. Explorez notre documentation API pour vous guider dans une int\u00e9gration et une optimisation sans faille avec TurboSMTP.<\/p>\n\n<\/div><\/div>\n\n<div class=\"gb-grid-column gb-grid-column-c332062f\"><div class=\"gb-container gb-container-c332062f\">\n\n<h3 class=\"gb-headline gb-headline-0dfd6396\"><span class=\"gb-icon\"><svg viewBox=\"0 0 512 512\" xmlns=\"http:\/\/www.w3.org\/2000\/svg\"><path d=\"M16.1 260.2c-22.6 12.9-20.5 47.3 3.6 57.3L160 376v103.3c0 18.1 14.6 32.7 32.7 32.7 9.7 0 18.9-4.3 25.1-11.8l62-74.3 123.9 51.6c18.9 7.9 40.8-4.5 43.9-24.7l64-416c1.9-12.1-3.4-24.3-13.5-31.2s-23.3-7.5-34-1.4l-448 256zm52.1 25.5L409.7 90.6 190.1 336l1.2 1-123.1-51.3zm335.1 139.7-166.6-69.5 214.1-239.3-47.5 308.8z\"><\/path><\/svg><\/span><\/h3>\n\n\n\n<h3 class=\"gb-headline gb-headline-c319bcf6 gb-headline-text\"><strong>Outils d&#8217;optimisation de la livraison<\/strong><\/h3>\n\n\n\n<p class=\"has-text-align-center\">Utilisez des enregistrements DKIM, SPF personnalis\u00e9s et une gestion des d\u00e9sabonnements pour am\u00e9liorer la d\u00e9livrabilit\u00e9 des emails. Nos outils sont con\u00e7us pour aider \u00e0 maintenir une solide r\u00e9putation d&#8217;exp\u00e9diteur et \u00e0 r\u00e9duire les taux de rebond.<\/p>\n\n<\/div><\/div>\n\n<div class=\"gb-grid-column gb-grid-column-ff92b03c\"><div class=\"gb-container gb-container-ff92b03c\">\n\n<h3 class=\"gb-headline gb-headline-412ad5fd\"><span class=\"gb-icon\"><svg viewBox=\"0 0 512 512\" xmlns=\"http:\/\/www.w3.org\/2000\/svg\"><path d=\"M255.4 48.2c.2-.1.4-.2.6-.2s.4.1.6.2l204 145.8c2.1 1.5 3.4 3.9 3.4 6.5v13.6L291.5 355.7c-20.7 17-50.4 17-71.1 0L48 214.1v-13.6c0-2.6 1.2-5 3.4-6.5l204-145.8zM48 276.2l142 116.6c38.4 31.5 93.7 31.5 132 0l142-116.6V456c0 4.4-3.6 8-8 8H56c-4.4 0-8-3.6-8-8V276.2zM256 0c-10.2 0-20.2 3.2-28.5 9.1l-204 145.8C8.7 165.4 0 182.4 0 200.5V456c0 30.9 25.1 56 56 56h400c30.9 0 56-25.1 56-56V200.5c0-18.1-8.7-35.1-23.4-45.6L284.5 9.1C276.2 3.2 266.2 0 256 0z\"><\/path><\/svg><\/span><\/h3>\n\n\n\n<h3 class=\"gb-headline gb-headline-b4e12921 gb-headline-text\"><strong>Validation des emails<\/strong><\/h3>\n\n\n\n<p class=\"has-text-align-center\">T\u00e9l\u00e9chargez votre liste et laissez TurboSMTP la valider en supprimant les adresses invalides. Cela am\u00e9liore la d\u00e9livrabilit\u00e9 et prot\u00e8ge votre r\u00e9putation d&#8217;exp\u00e9diteur en r\u00e9duisant les rebonds et les plaintes pour spam.<\/p>\n\n<\/div><\/div>\n<\/div>\n<\/div>\n\n\n<a class=\"gb-button gb-button-73f7f11c gb-button-text\" href=\"https:\/\/serversmtp.com\/fr\/signup\">Inscrivez-vous maintenant<\/a>\n\n<\/div>\n<\/div>\n\n<div class=\"gb-container gb-container-4d0ddaa8\">\n<div class=\"gb-container gb-container-1a7dbdef\">\n\n<h2 class=\"gb-headline gb-headline-b0b37e1f gb-headline-text\">Serveur SMTP gratuit avec conformit\u00e9 compl\u00e8te au RGPD pour la protection de vos donn\u00e9es.<\/h2>\n\n\n\n<p class=\"gb-headline gb-headline-de2afcb8 gb-headline-text\">Chez TurboSMTP, nous privil\u00e9gions la s\u00e9curit\u00e9 et la confidentialit\u00e9 de vos donn\u00e9es.\u00a0<br>Nos services sont enti\u00e8rement conformes au R\u00e8glement G\u00e9n\u00e9ral sur la Protection des Donn\u00e9es (RGPD), garantissant que vos communications par email respectent les normes les plus \u00e9lev\u00e9es en mati\u00e8re de protection des donn\u00e9es.<\/p>\n\n\n<div class=\"gb-container gb-container-9e7670db\">\n<div class=\"gb-grid-wrapper gb-grid-wrapper-1410a96f\">\n<div class=\"gb-grid-column gb-grid-column-e4f97fbf\"><div class=\"gb-container gb-container-e4f97fbf\">\n\n<h3 class=\"gb-headline gb-headline-1b4edea8\"><span class=\"gb-icon\"><svg aria-hidden=\"true\" role=\"img\" height=\"1em\" width=\"1em\" viewBox=\"0 0 512 512\" xmlns=\"http:\/\/www.w3.org\/2000\/svg\"><path fill=\"currentColor\" d=\"M173.898 439.404l-166.4-166.4c-9.997-9.997-9.997-26.206 0-36.204l36.203-36.204c9.997-9.998 26.207-9.998 36.204 0L192 312.69 432.095 72.596c9.997-9.997 26.207-9.997 36.204 0l36.203 36.204c9.997 9.997 9.997 26.206 0 36.204l-294.4 294.401c-9.998 9.997-26.207 9.997-36.204-.001z\"><\/path><\/svg><\/span><span class=\"gb-headline-text\"><strong>S\u00e9curit\u00e9 des donn\u00e9es<\/strong>:<\/span><\/h3>\n\n\n\n<p class=\"gb-headline gb-headline-678c0bd5 gb-headline-text\">nous mettons en \u0153uvre des protocoles de cryptage robustes pour prot\u00e9ger vos donn\u00e9es d&#8217;email \u00e0 toutes les \u00e9tapes de la transmission.<\/p>\n\n<\/div><\/div>\n\n<div class=\"gb-grid-column gb-grid-column-f1bd46da\"><div class=\"gb-container gb-container-f1bd46da\">\n\n<h3 class=\"gb-headline gb-headline-37a6329e\"><span class=\"gb-icon\"><svg aria-hidden=\"true\" role=\"img\" height=\"1em\" width=\"1em\" viewBox=\"0 0 512 512\" xmlns=\"http:\/\/www.w3.org\/2000\/svg\"><path fill=\"currentColor\" d=\"M173.898 439.404l-166.4-166.4c-9.997-9.997-9.997-26.206 0-36.204l36.203-36.204c9.997-9.998 26.207-9.998 36.204 0L192 312.69 432.095 72.596c9.997-9.997 26.207-9.997 36.204 0l36.203 36.204c9.997 9.997 9.997 26.206 0 36.204l-294.4 294.401c-9.998 9.997-26.207 9.997-36.204-.001z\"><\/path><\/svg><\/span><span class=\"gb-headline-text\"><strong>Consentement de l&#8217;utilisateur:<\/strong><\/span><\/h3>\n\n\n\n<p class=\"gb-headline gb-headline-7dfb7f67 gb-headline-text\">nous soutenons des m\u00e9canismes qui vous aident \u00e0 obtenir et \u00e0 g\u00e9rer le consentement des utilisateurs, conform\u00e9ment aux exigences du RGPD.<\/p>\n\n<\/div><\/div>\n\n<div class=\"gb-grid-column gb-grid-column-59c05eb8\"><div class=\"gb-container gb-container-59c05eb8\">\n\n<h3 class=\"gb-headline gb-headline-7f3785c2\"><span class=\"gb-icon\"><svg aria-hidden=\"true\" role=\"img\" height=\"1em\" width=\"1em\" viewBox=\"0 0 512 512\" xmlns=\"http:\/\/www.w3.org\/2000\/svg\"><path fill=\"currentColor\" d=\"M173.898 439.404l-166.4-166.4c-9.997-9.997-9.997-26.206 0-36.204l36.203-36.204c9.997-9.998 26.207-9.998 36.204 0L192 312.69 432.095 72.596c9.997-9.997 26.207-9.997 36.204 0l36.203 36.204c9.997 9.997 9.997 26.206 0 36.204l-294.4 294.401c-9.998 9.997-26.207 9.997-36.204-.001z\"><\/path><\/svg><\/span><span class=\"gb-headline-text\"><strong>Droit \u00e0 l&#8217;oubli:<\/strong><\/span><\/h3>\n\n\n\n<p class=\"gb-headline gb-headline-85889a7f gb-headline-text\">g\u00e9rez facilement et r\u00e9pondez aux demandes de suppression de donn\u00e9es pour assurer la conformit\u00e9 au droit \u00e0 l&#8217;oubli.<\/p>\n\n<\/div><\/div>\n\n<div class=\"gb-grid-column gb-grid-column-f81e0f31\"><div class=\"gb-container gb-container-f81e0f31\">\n\n<h3 class=\"gb-headline gb-headline-a62b798f\"><span class=\"gb-icon\"><svg aria-hidden=\"true\" role=\"img\" height=\"1em\" width=\"1em\" viewBox=\"0 0 512 512\" xmlns=\"http:\/\/www.w3.org\/2000\/svg\"><path fill=\"currentColor\" d=\"M173.898 439.404l-166.4-166.4c-9.997-9.997-9.997-26.206 0-36.204l36.203-36.204c9.997-9.998 26.207-9.998 36.204 0L192 312.69 432.095 72.596c9.997-9.997 26.207-9.997 36.204 0l36.203 36.204c9.997 9.997 9.997 26.206 0 36.204l-294.4 294.401c-9.998 9.997-26.207 9.997-36.204-.001z\"><\/path><\/svg><\/span><span class=\"gb-headline-text\"><strong>Traitement transparent des donn\u00e9es:<\/strong><\/span><\/h3>\n\n\n\n<p class=\"gb-headline gb-headline-13fdf906 gb-headline-text\">pratiques claires et transparentes pour la collecte, le stockage et le traitement des donn\u00e9es, avec un acc\u00e8s complet pour les audits et les rapports.<\/p>\n\n<\/div><\/div>\n<\/div>\n<\/div>\n\n\n<a class=\"gb-button gb-button-82f17744 gb-button-text\" href=\"https:\/\/serversmtp.com\/fr\/regulation-eu-2016-679-gdpr\/\">Comment g\u00e9rons le RGPD<\/a>\n\n<\/div>\n<\/div>\n\n<div class=\"gb-container gb-container-e5e81420\">\n<div class=\"gb-container gb-container-31433663\">\n\n<h2 class=\"gb-headline gb-headline-d7fae2ae gb-headline-text\">Questions Fr\u00e9quemment Pos\u00e9es sur les Serveurs SMTP Gratuits<\/h2>\n\n\n<div class=\"gb-container gb-container-f8b591f6\">\n<div class=\"saswp-faq-block-section\"><ol style=\"list-style-type:none\"><li style=\"list-style-type: none\"><h4 class=\"\">Qu&#8217;est-ce qu&#8217;un serveur SMTP gratuit et comment fonctionne-t-il ?<\/h4><p class=\"saswp-faq-answer-text\">Un serveur SMTP gratuit vous permet d&#8217;envoyer des emails sans frais. SMTP (Simple Mail Transfer Protocol) est un protocole utilis\u00e9 pour envoyer des emails d&#8217;un client \u00e0 un serveur et entre serveurs. Notre serveur SMTP gratuit fournit les fonctions essentielles de livraison d&#8217;email et est assorti d&#8217;une limite d&#8217;envoi mensuelle.<\/p><li style=\"list-style-type: none\"><h4 class=\"\">Les serveurs SMTP gratuits sont-ils fiables pour l&#8217;envoi d&#8217;emails en masse ?<\/h4><p class=\"saswp-faq-answer-text\">Les serveurs SMTP gratuits peuvent g\u00e9rer les emails en masse, mais ils peuvent pr\u00e9senter des limitations telles que des plafonds d&#8217;envoi et moins de fonctionnalit\u00e9s compar\u00e9s aux services payants. Pour des campagnes d&#8217;email \u00e0 grande \u00e9chelle, <a href=\"https:\/\/serversmtp.com\/fr\/cart.php?systpl=2clic&amp;carttpl=2clic&amp;currency=3\">un service SMTP payant pourrait offrir une meilleure d\u00e9livrabilit\u00e9<\/a> et des fonctionnalit\u00e9s suppl\u00e9mentaires.<\/p><li style=\"list-style-type: none\"><h4 class=\"\">Quelles sont les limitations d&#8217;un serveur SMTP gratuit ?<\/h4><p class=\"saswp-faq-answer-text\">Les serveurs SMTP gratuits ont souvent des limitations telles qu&#8217;un quota d&#8217;email mensuel plus bas, des fonctionnalit\u00e9s de reporting basiques, et un support moins prioritaire. Ils peuvent \u00e9galement avoir des restrictions sur la vitesse de livraison des emails et les fonctionnalit\u00e9s avanc\u00e9es.<\/p><li style=\"list-style-type: none\"><h4 class=\"\">Comment configurer un serveur SMTP gratuit pour mon site web ?<\/h4><p class=\"saswp-faq-answer-text\">Pour configurer un serveur SMTP gratuit, vous devez vous inscrire au service, configurer les param\u00e8tres SMTP dans votre client ou application email, et int\u00e9grer le serveur avec votre site web. Pour des instructions sp\u00e9cifiques \u00e0 TurboSMTP, veuillez consulter notre <a href=\"https:\/\/serversmtp.com\/smtp-configuration\/\">guide de configuration SMTP<\/a>.<\/p><li style=\"list-style-type: none\"><h4 class=\"\">Quels sont les meilleurs serveurs SMTP gratuits disponibles ?<\/h4><p class=\"saswp-faq-answer-text\">Certains des meilleurs serveurs SMTP gratuits incluent TurboSMTP, Mailgun et Sendinblue. Chacun offre diff\u00e9rentes fonctionnalit\u00e9s et limitations, il est donc important de les comparer en fonction de vos besoins.<\/p><li style=\"list-style-type: none\"><h4 class=\"\">Est-il s\u00fbr d&#8217;utiliser un serveur SMTP gratuit pour les emails transactionnels ?<\/h4><p class=\"saswp-faq-answer-text\">Utiliser un serveur SMTP gratuit pour les emails transactionnels est g\u00e9n\u00e9ralement s\u00fbr si le fournisseur de services assure une s\u00e9curit\u00e9 robuste et une conformit\u00e9 avec les r\u00e8glements sur la protection des donn\u00e9es. Cependant, pour une s\u00e9curit\u00e9 et une fiabilit\u00e9 accrues, <a href=\"https:\/\/serversmtp.com\/fr\/cart.php?systpl=2clic&amp;carttpl=2clic&amp;currency=3\">vous pouvez envisager un plan payant<\/a>.<\/p><li style=\"list-style-type: none\"><h4 class=\"\">Puis-je utiliser un serveur SMTP gratuit avec mon client email existant ?<\/h4><p class=\"saswp-faq-answer-text\">Oui, vous pouvez utiliser un serveur SMTP gratuit avec la plupart des clients email en configurant les param\u00e8tres SMTP dans les param\u00e8tres de votre compte client.<\/p><li style=\"list-style-type: none\"><h4 class=\"\">Comment choisir le meilleur serveur SMTP gratuit pour mon entreprise ?<\/h4><p class=\"saswp-faq-answer-text\">Lors du choix d&#8217;un serveur SMTP gratuit, consid\u00e9rez des facteurs tels que la limite d&#8217;envoi d&#8217;emails, la fiabilit\u00e9, la facilit\u00e9 de configuration, les options de support et la conformit\u00e9 avec les r\u00e8glements de protection des donn\u00e9es.\u00a0<br>TurboSMTP offre un plan SMTP gratuit fiable avec une configuration facile, des limites d&#8217;email g\u00e9n\u00e9reuses et une conformit\u00e9 au RGPD.<\/p><li style=\"list-style-type: none\"><h4 class=\"\">Quelle est la diff\u00e9rence entre les serveurs SMTP gratuits et payants ?<\/h4><p class=\"saswp-faq-answer-text\">Les serveurs SMTP gratuits offrent g\u00e9n\u00e9ralement des fonctionnalit\u00e9s de base et des limites d&#8217;email plus basses, tandis que les serveurs SMTP payants fournissent des fonctionnalit\u00e9s avanc\u00e9es telles que des limites d&#8217;envoi plus \u00e9lev\u00e9es, des analyses d\u00e9taill\u00e9es, un support prioritaire et des fonctionnalit\u00e9s de s\u00e9curit\u00e9 suppl\u00e9mentaires.<\/p><li style=\"list-style-type: none\"><h4 class=\"\">Comment r\u00e9soudre les probl\u00e8mes avec mon serveur SMTP gratuit ?<\/h4><p class=\"saswp-faq-answer-text\">Si vous rencontrez des probl\u00e8mes avec votre serveur SMTP gratuit, v\u00e9rifiez les probl\u00e8mes courants tels que les param\u00e8tres SMTP incorrects, les limites de quota d&#8217;email et l&#8217;\u00e9tat du serveur. Consultez la documentation de support du fournisseur de services ou contactez leur \u00e9quipe de support pour obtenir de l&#8217;aide.\u00a0<br>Pour les utilisateurs de TurboSMTP, des guides d\u00e9taill\u00e9s sont disponibles pour vous aider \u00e0 r\u00e9soudre les probl\u00e8mes. De plus, bien que les plans gratuits puissent avoir un support limit\u00e9, les plans payants de TurboSMTP incluent un support client 24\/7 pour r\u00e9soudre rapidement tout probl\u00e8me.<\/p><\/ul><\/div>\n<\/div>\n<\/div>\n<\/div>\n\n<div class=\"gb-container gb-container-cc3c435e\">\n<div class=\"gb-container gb-container-5fc606f5\">\n\n<h2 class=\"gb-headline gb-headline-23ed49d0 gb-headline-text\"><strong>Besoin d&#8217;une livraison d&#8217;email fiable et s\u00e9curis\u00e9e ?<\/strong><\/h2>\n\n\n\n<h3 class=\"gb-headline gb-headline-6172380e gb-headline-text\">D\u00e9couvrez la simplicit\u00e9 et la s\u00e9curit\u00e9 de TurboSMTP.\u00a0<br>Commencez votre essai gratuit aujourd&#8217;hui et envoyez jusqu&#8217;\u00e0 6 000 emails par mois.<\/h3>\n\n\n\n<p class=\"gb-headline gb-headline-c9131b5a gb-headline-text\">Aucune carte de cr\u00e9dit requise.<\/p>\n\n\n\n<a class=\"gb-button gb-button-d58cf7ac gb-button-text\" href=\"https:\/\/serversmtp.com\/fr\/signup\">ESSAYEZ TURBOSMTP GRATUITEMENT<\/a>\n\n<\/div>\n<\/div>\n\n<div class=\"gb-container gb-container-5b337d92\">\n<div class=\"gb-container gb-container-4f97384c\">\n\n<h3 class=\"gb-headline gb-headline-cb4940a9 gb-headline-text\">Pour en savoir plus :<\/h3>\n\n\n<div class=\"gb-grid-wrapper gb-grid-wrapper-42066673\">\n<div class=\"gb-grid-column gb-grid-column-e7837f98\"><div class=\"gb-container gb-container-e7837f98\">\n\n<div class=\"gb-headline gb-headline-dc6d3c98\"><span class=\"gb-icon\"><svg aria-hidden=\"true\" role=\"img\" height=\"1em\" width=\"1em\" viewBox=\"0 0 256 512\" xmlns=\"http:\/\/www.w3.org\/2000\/svg\"><path fill=\"currentColor\" d=\"M224.3 273l-136 136c-9.4 9.4-24.6 9.4-33.9 0l-22.6-22.6c-9.4-9.4-9.4-24.6 0-33.9l96.4-96.4-96.4-96.4c-9.4-9.4-9.4-24.6 0-33.9L54.3 103c9.4-9.4 24.6-9.4 33.9 0l136 136c9.5 9.4 9.5 24.6.1 34z\"><\/path><\/svg><\/span><span class=\"gb-headline-text\"><a href=\"https:\/\/serversmtp.com\/fr\/protocole-smtp\/\">Le protocole SMTP<\/a><\/span><\/div>\n\n<\/div><\/div>\n\n<div class=\"gb-grid-column gb-grid-column-2fa6291e\"><div class=\"gb-container gb-container-2fa6291e\">\n\n<div class=\"gb-headline gb-headline-dfcb706c\"><span class=\"gb-icon\"><svg aria-hidden=\"true\" role=\"img\" height=\"1em\" width=\"1em\" viewBox=\"0 0 256 512\" xmlns=\"http:\/\/www.w3.org\/2000\/svg\"><path fill=\"currentColor\" d=\"M224.3 273l-136 136c-9.4 9.4-24.6 9.4-33.9 0l-22.6-22.6c-9.4-9.4-9.4-24.6 0-33.9l96.4-96.4-96.4-96.4c-9.4-9.4-9.4-24.6 0-33.9L54.3 103c9.4-9.4 24.6-9.4 33.9 0l136 136c9.5 9.4 9.5 24.6.1 34z\"><\/path><\/svg><\/span><span class=\"gb-headline-text\"><a href=\"https:\/\/serversmtp.com\/fr\/serveur-de-poste\/\">Qu\u2019est-ce qu\u2019un serveur de poste?<\/a><\/span><\/div>\n\n<\/div><\/div>\n\n<div class=\"gb-grid-column gb-grid-column-61d1cbf6\"><div class=\"gb-container gb-container-61d1cbf6\">\n\n<div class=\"gb-headline gb-headline-5f7a0dd1\"><span class=\"gb-icon\"><svg aria-hidden=\"true\" role=\"img\" height=\"1em\" width=\"1em\" viewBox=\"0 0 256 512\" xmlns=\"http:\/\/www.w3.org\/2000\/svg\"><path fill=\"currentColor\" d=\"M224.3 273l-136 136c-9.4 9.4-24.6 9.4-33.9 0l-22.6-22.6c-9.4-9.4-9.4-24.6 0-33.9l96.4-96.4-96.4-96.4c-9.4-9.4-9.4-24.6 0-33.9L54.3 103c9.4-9.4 24.6-9.4 33.9 0l136 136c9.5 9.4 9.5 24.6.1 34z\"><\/path><\/svg><\/span><span class=\"gb-headline-text\"><a href=\"https:\/\/serversmtp.com\/fr\/configuration-smtp\/\">Configuration SMTP<\/a><\/span><\/div>\n\n<\/div><\/div>\n<\/div>\n<\/div>\n<\/div>","protected":false},"excerpt":{"rendered":"<p>Votre serveur SMTP gratuit pour une livraison d&#8217;email fiable et s\u00e9curis\u00e9e. Envoyez jusqu&#8217;\u00e0 6 000 emails par mois sans frais. Commencez \u00e0 envoyer des emails en quelques minutes avec notre service SMTP gratuit, id\u00e9al pour les entreprises de toutes tailles. Le meilleur service SMTP gratuit qui ne vous freine pas. Serveur SMTP gratuit avec conformit\u00e9 &#8230; <\/p>\n<p class=\"read-more-container\"><a title=\"SMTP gratuit\" class=\"read-more button\" href=\"https:\/\/serversmtp.com\/fr\/smtp-gratuit\/#more-1989\" aria-label=\"En savoir plus sur SMTP gratuit\">Discover more<\/a><\/p>\n","protected":false},"author":3,"featured_media":0,"parent":0,"menu_order":0,"comment_status":"closed","ping_status":"closed","template":"","meta":{"_eb_attr":"","inline_featured_image":false,"_monsterinsights_skip_tracking":false,"_monsterinsights_sitenote_active":false,"_monsterinsights_sitenote_note":"","_monsterinsights_sitenote_category":0,"footnotes":""},"class_list":["post-1989","page","type-page","status-publish"],"yoast_head":"<!-- This site is optimized with the Yoast SEO plugin v25.3.1 - https:\/\/yoast.com\/wordpress\/plugins\/seo\/ -->\n<title>Meilleur serveur SMTP gratuit pour une livraison fiable et s\u00e9curis\u00e9e.<\/title>\n<meta name=\"description\" content=\"Serveur SMTP Gratuit avec Support Technique. Meilleur Service SMTP Gratuit Fiable. Fournisseur SMTP Sains Frais Avec Limite d\u2019Envoi \u00c9lev\u00e9e &gt;&gt; D\u00e9couvrez TurboSMTP!\" \/>\n<meta name=\"robots\" content=\"index, follow, max-snippet:-1, max-image-preview:large, max-video-preview:-1\" \/>\n<link rel=\"canonical\" href=\"https:\/\/serversmtp.com\/fr\/smtp-gratuit\/\" \/>\n<meta name=\"twitter:label1\" content=\"Dur\u00e9e de lecture estim\u00e9e\" \/>\n\t<meta name=\"twitter:data1\" content=\"2 minutes\" \/>\n<!-- \/ Yoast SEO plugin. -->","yoast_head_json":{"title":"Meilleur serveur SMTP gratuit pour une livraison fiable et s\u00e9curis\u00e9e.","description":"Serveur SMTP Gratuit avec Support Technique. Meilleur Service SMTP Gratuit Fiable. Fournisseur SMTP Sains Frais Avec Limite d\u2019Envoi \u00c9lev\u00e9e >> D\u00e9couvrez TurboSMTP!","robots":{"index":"index","follow":"follow","max-snippet":"max-snippet:-1","max-image-preview":"max-image-preview:large","max-video-preview":"max-video-preview:-1"},"canonical":"https:\/\/serversmtp.com\/fr\/smtp-gratuit\/","twitter_misc":{"Dur\u00e9e de lecture estim\u00e9e":"2 minutes"},"schema":{"@context":"https:\/\/schema.org","@graph":[{"@type":"WebPage","@id":"https:\/\/serversmtp.com\/fr\/smtp-gratuit\/","url":"https:\/\/serversmtp.com\/fr\/smtp-gratuit\/","name":"Meilleur serveur SMTP gratuit pour une livraison fiable et s\u00e9curis\u00e9e.","isPartOf":{"@id":"https:\/\/serversmtp.com\/sv\/#website"},"datePublished":"2018-04-06T14:54:41+00:00","dateModified":"2024-08-30T09:04:09+00:00","description":"Serveur SMTP Gratuit avec Support Technique. Meilleur Service SMTP Gratuit Fiable. Fournisseur SMTP Sains Frais Avec Limite d\u2019Envoi \u00c9lev\u00e9e >> D\u00e9couvrez TurboSMTP!","breadcrumb":{"@id":"https:\/\/serversmtp.com\/fr\/smtp-gratuit\/#breadcrumb"},"inLanguage":"fr-FR","potentialAction":[{"@type":"ReadAction","target":["https:\/\/serversmtp.com\/fr\/smtp-gratuit\/"]}]},{"@type":"BreadcrumbList","@id":"https:\/\/serversmtp.com\/fr\/smtp-gratuit\/#breadcrumb","itemListElement":[{"@type":"ListItem","position":1,"name":"Home","item":"https:\/\/serversmtp.com\/fr\/"},{"@type":"ListItem","position":2,"name":"SMTP gratuit"}]},{"@type":"WebSite","@id":"https:\/\/serversmtp.com\/sv\/#website","url":"https:\/\/serversmtp.com\/sv\/","name":"smtp mail server - professional SMTP service provider","description":"smtp mail server - professional SMTP service provider","publisher":{"@id":"https:\/\/serversmtp.com\/sv\/#organization"},"potentialAction":[{"@type":"SearchAction","target":{"@type":"EntryPoint","urlTemplate":"https:\/\/serversmtp.com\/sv\/?s={search_term_string}"},"query-input":{"@type":"PropertyValueSpecification","valueRequired":true,"valueName":"search_term_string"}}],"inLanguage":"fr-FR"},{"@type":"Organization","@id":"https:\/\/serversmtp.com\/sv\/#organization","name":"Delivery Tech","url":"https:\/\/serversmtp.com\/sv\/","logo":{"@type":"ImageObject","inLanguage":"fr-FR","@id":"https:\/\/serversmtp.com\/sv\/#\/schema\/logo\/image\/","url":"https:\/\/serversmtp.com\/wp-content\/uploads\/2021\/11\/og-image-2.jpg","contentUrl":"https:\/\/serversmtp.com\/wp-content\/uploads\/2021\/11\/og-image-2.jpg","width":1200,"height":1128,"caption":"Delivery Tech"},"image":{"@id":"https:\/\/serversmtp.com\/sv\/#\/schema\/logo\/image\/"}}]}},"_links":{"self":[{"href":"https:\/\/serversmtp.com\/fr\/wp-json\/wp\/v2\/pages\/1989"}],"collection":[{"href":"https:\/\/serversmtp.com\/fr\/wp-json\/wp\/v2\/pages"}],"about":[{"href":"https:\/\/serversmtp.com\/fr\/wp-json\/wp\/v2\/types\/page"}],"author":[{"embeddable":true,"href":"https:\/\/serversmtp.com\/fr\/wp-json\/wp\/v2\/users\/3"}],"replies":[{"embeddable":true,"href":"https:\/\/serversmtp.com\/fr\/wp-json\/wp\/v2\/comments?post=1989"}],"version-history":[{"count":6,"href":"https:\/\/serversmtp.com\/fr\/wp-json\/wp\/v2\/pages\/1989\/revisions"}],"predecessor-version":[{"id":20548,"href":"https:\/\/serversmtp.com\/fr\/wp-json\/wp\/v2\/pages\/1989\/revisions\/20548"}],"wp:attachment":[{"href":"https:\/\/serversmtp.com\/fr\/wp-json\/wp\/v2\/media?parent=1989"}],"curies":[{"name":"wp","href":"https:\/\/api.w.org\/{rel}","templated":true}]}}