{"id":1970,"date":"2018-04-06T16:33:51","date_gmt":"2018-04-06T14:33:51","guid":{"rendered":"https:\/\/dev.serversmtp.com\/?page_id=1970"},"modified":"2018-04-18T15:14:36","modified_gmt":"2018-04-18T13:14:36","slug":"smtp-et-pop","status":"publish","type":"page","link":"https:\/\/serversmtp.com\/fr\/smtp-et-pop\/","title":{"rendered":"SMTP sortant et POP"},"content":{"rendered":"<p>POP et SMTP: ce qu&#8217;ils sont, comment ils fonctionnent, comment configurer leurs param\u00e8tres dans votre client de messagerie, et ce qui est dans le d\u00e9tail le processus de livraison et t\u00e9l\u00e9chargement d&#8217;un courrier \u00e9lectronique.<\/p>\n<div class=\"lpCategoryList\">\n<h2><a title=\"SMTP et POP3\" href=\"\/fr\/smtp-et-pop3\">SMTP et POP3<\/a><\/h2>\n<p>La base de la technologie du Post Office Protocol (version 3) et du Simple Mail Transfer Protocol.<\/p>\n<h2><a title=\"serveur pop smtp\" href=\"\/fr\/serveur-pop-smtp\">Serveur POP et serveur SMTP<\/a><\/h2>\n<p>Comment mettre en place un logiciel de mail avec les param\u00e8tres du serveur SMTP et POP, pour envoyer et recevoir des emails correctement.<\/p>\n<h2><a title=\"smtp gratuit\" href=\"\/fr\/smtp-gratuit\">SMTP gratuit<\/a><\/h2>\n<p>Qualit\u00e9s, limites et d\u00e9tails de base d&#8217;un serveur SMTP moyen, gratuit. (Et pourquoi en choisir un professionnel).<\/p>\n<h2><a title=\"serveur sortant SMTP\" href=\"\/fr\/serveur-sortant-smtp\">Qu&#8217;est-ce que un serveur sortant?<\/a><\/h2>\n<p>Autrement dit, justement, serveur SMTP: comment il fonctionne.<\/p>\n<\/div>\n","protected":false},"excerpt":{"rendered":"<p>POP et SMTP: ce qu&#8217;ils sont, comment ils fonctionnent, comment configurer leurs param\u00e8tres dans votre client de messagerie, et ce qui est dans le d\u00e9tail le processus de livraison et t\u00e9l\u00e9chargement d&#8217;un courrier \u00e9lectronique. SMTP et POP3 La base de la technologie du Post Office Protocol (version 3) et du Simple Mail Transfer Protocol. Serveur &#8230; <\/p>\n<p class=\"read-more-container\"><a title=\"SMTP sortant et POP\" class=\"read-more button\" href=\"https:\/\/serversmtp.com\/fr\/smtp-et-pop\/#more-1970\" aria-label=\"En savoir plus sur SMTP sortant et POP\">Discover more<\/a><\/p>\n","protected":false},"author":3,"featured_media":0,"parent":0,"menu_order":0,"comment_status":"closed","ping_status":"closed","template":"g1_template_page_sidebar_right.php","meta":{"_eb_attr":"","inline_featured_image":false,"_monsterinsights_skip_tracking":false,"_monsterinsights_sitenote_active":false,"_monsterinsights_sitenote_note":"","_monsterinsights_sitenote_category":0,"footnotes":""},"class_list":["post-1970","page","type-page","status-publish"],"yoast_head":"<!-- This site is optimized with the Yoast SEO plugin v25.3.1 - https:\/\/yoast.com\/wordpress\/plugins\/seo\/ -->\n<title>SMTP sortant et POP - smtp mail server - professional SMTP service provider<\/title>\n<meta name=\"robots\" content=\"index, follow, max-snippet:-1, max-image-preview:large, max-video-preview:-1\" \/>\n<link rel=\"canonical\" href=\"https:\/\/serversmtp.com\/fr\/smtp-et-pop\/\" \/>\n<meta name=\"twitter:label1\" content=\"Dur\u00e9e de lecture estim\u00e9e\" \/>\n\t<meta name=\"twitter:data1\" content=\"1 minute\" \/>\n<!-- \/ Yoast SEO plugin. -->","yoast_head_json":{"title":"SMTP sortant et POP - smtp mail server - professional SMTP service provider","robots":{"index":"index","follow":"follow","max-snippet":"max-snippet:-1","max-image-preview":"max-image-preview:large","max-video-preview":"max-video-preview:-1"},"canonical":"https:\/\/serversmtp.com\/fr\/smtp-et-pop\/","twitter_misc":{"Dur\u00e9e de lecture estim\u00e9e":"1 minute"},"schema":{"@context":"https:\/\/schema.org","@graph":[{"@type":"WebPage","@id":"https:\/\/serversmtp.com\/fr\/smtp-et-pop\/","url":"https:\/\/serversmtp.com\/fr\/smtp-et-pop\/","name":"SMTP sortant et POP - smtp mail server - professional SMTP service provider","isPartOf":{"@id":"https:\/\/serversmtp.com\/de\/#website"},"datePublished":"2018-04-06T14:33:51+00:00","dateModified":"2018-04-18T13:14:36+00:00","breadcrumb":{"@id":"https:\/\/serversmtp.com\/fr\/smtp-et-pop\/#breadcrumb"},"inLanguage":"fr-FR","potentialAction":[{"@type":"ReadAction","target":["https:\/\/serversmtp.com\/fr\/smtp-et-pop\/"]}]},{"@type":"BreadcrumbList","@id":"https:\/\/serversmtp.com\/fr\/smtp-et-pop\/#breadcrumb","itemListElement":[{"@type":"ListItem","position":1,"name":"Home","item":"https:\/\/serversmtp.com\/fr\/"},{"@type":"ListItem","position":2,"name":"SMTP sortant et POP"}]},{"@type":"WebSite","@id":"https:\/\/serversmtp.com\/de\/#website","url":"https:\/\/serversmtp.com\/de\/","name":"smtp mail server - professional SMTP service provider","description":"smtp mail server - professional SMTP service provider","publisher":{"@id":"https:\/\/serversmtp.com\/de\/#organization"},"potentialAction":[{"@type":"SearchAction","target":{"@type":"EntryPoint","urlTemplate":"https:\/\/serversmtp.com\/de\/?s={search_term_string}"},"query-input":{"@type":"PropertyValueSpecification","valueRequired":true,"valueName":"search_term_string"}}],"inLanguage":"fr-FR"},{"@type":"Organization","@id":"https:\/\/serversmtp.com\/de\/#organization","name":"Delivery Tech","url":"https:\/\/serversmtp.com\/de\/","logo":{"@type":"ImageObject","inLanguage":"fr-FR","@id":"https:\/\/serversmtp.com\/de\/#\/schema\/logo\/image\/","url":"https:\/\/serversmtp.com\/wp-content\/uploads\/2021\/11\/og-image-2.jpg","contentUrl":"https:\/\/serversmtp.com\/wp-content\/uploads\/2021\/11\/og-image-2.jpg","width":1200,"height":1128,"caption":"Delivery Tech"},"image":{"@id":"https:\/\/serversmtp.com\/de\/#\/schema\/logo\/image\/"}}]}},"_links":{"self":[{"href":"https:\/\/serversmtp.com\/fr\/wp-json\/wp\/v2\/pages\/1970"}],"collection":[{"href":"https:\/\/serversmtp.com\/fr\/wp-json\/wp\/v2\/pages"}],"about":[{"href":"https:\/\/serversmtp.com\/fr\/wp-json\/wp\/v2\/types\/page"}],"author":[{"embeddable":true,"href":"https:\/\/serversmtp.com\/fr\/wp-json\/wp\/v2\/users\/3"}],"replies":[{"embeddable":true,"href":"https:\/\/serversmtp.com\/fr\/wp-json\/wp\/v2\/comments?post=1970"}],"version-history":[{"count":2,"href":"https:\/\/serversmtp.com\/fr\/wp-json\/wp\/v2\/pages\/1970\/revisions"}],"predecessor-version":[{"id":1972,"href":"https:\/\/serversmtp.com\/fr\/wp-json\/wp\/v2\/pages\/1970\/revisions\/1972"}],"wp:attachment":[{"href":"https:\/\/serversmtp.com\/fr\/wp-json\/wp\/v2\/media?parent=1970"}],"curies":[{"name":"wp","href":"https:\/\/api.w.org\/{rel}","templated":true}]}}