{"id":1968,"date":"2018-04-06T16:28:34","date_gmt":"2018-04-06T14:28:34","guid":{"rendered":"https:\/\/dev.serversmtp.com\/?page_id=1968"},"modified":"2022-02-10T16:19:44","modified_gmt":"2022-02-10T15:19:44","slug":"smtp-pour-os","status":"publish","type":"page","link":"https:\/\/serversmtp.com\/fr\/smtp-pour-os\/","title":{"rendered":"SMTP pour OS"},"content":{"rendered":"<p>Les serveurs SMTP peuvent \u00eatre int\u00e9gr\u00e9s dans les syst\u00e8mes d&#8217;exploitation pour envoyer vos emails: voici comment faire avec les plus courantes.<\/p>\n<div class=\"lpCategoryList\">\n<h2><a title=\"serveur smtp windows\" href=\"\/fr\/serveur-smtp-windows\">SMTP pour Windows<\/a><\/h2>\n<p>Quelles sont les conditions pour un bon serveur SMTP \u00e0 travailler pour Windows, et comment le configurer.<\/p>\n<h2><a title=\"smtp pour windows 7\" href=\"\/fr\/smtp-pour-windows-7\">SMTP pour Windows 7<\/a><\/h2>\n<p>Comme Windows 7 ne fournit pas un service SMTP natif, il vous faudra en choisir un.<\/p>\n<h2><a title=\"configuration smtp iphone\" href=\"configuration-smtp-iphone\">SMTP pour iPhone<\/a><\/h2>\n<p>La configuration d&#8217;un SMTP pour le syst\u00e8me iOS de votre iPhone.<\/p>\n<\/div>\n","protected":false},"excerpt":{"rendered":"<p>Les serveurs SMTP peuvent \u00eatre int\u00e9gr\u00e9s dans les syst\u00e8mes d&#8217;exploitation pour envoyer vos emails: voici comment faire avec les plus courantes. SMTP pour Windows Quelles sont les conditions pour un bon serveur SMTP \u00e0 travailler pour Windows, et comment le configurer. SMTP pour Windows 7 Comme Windows 7 ne fournit pas un service SMTP natif, &#8230; <\/p>\n<p class=\"read-more-container\"><a title=\"SMTP pour OS\" class=\"read-more button\" href=\"https:\/\/serversmtp.com\/fr\/smtp-pour-os\/#more-1968\" aria-label=\"En savoir plus sur SMTP pour OS\">Discover more<\/a><\/p>\n","protected":false},"author":3,"featured_media":0,"parent":0,"menu_order":0,"comment_status":"closed","ping_status":"closed","template":"","meta":{"_eb_attr":"","inline_featured_image":false,"_monsterinsights_skip_tracking":false,"_monsterinsights_sitenote_active":false,"_monsterinsights_sitenote_note":"","_monsterinsights_sitenote_category":0,"footnotes":""},"class_list":["post-1968","page","type-page","status-publish"],"yoast_head":"<!-- This site is optimized with the Yoast SEO plugin v25.3.1 - https:\/\/yoast.com\/wordpress\/plugins\/seo\/ -->\n<title>SMTP pour OS - smtp mail server - professional SMTP service provider<\/title>\n<meta name=\"robots\" content=\"index, follow, max-snippet:-1, max-image-preview:large, max-video-preview:-1\" \/>\n<link rel=\"canonical\" href=\"https:\/\/serversmtp.com\/fr\/smtp-pour-os\/\" \/>\n<!-- \/ Yoast SEO plugin. -->","yoast_head_json":{"title":"SMTP pour OS - smtp mail server - professional SMTP service provider","robots":{"index":"index","follow":"follow","max-snippet":"max-snippet:-1","max-image-preview":"max-image-preview:large","max-video-preview":"max-video-preview:-1"},"canonical":"https:\/\/serversmtp.com\/fr\/smtp-pour-os\/","schema":{"@context":"https:\/\/schema.org","@graph":[{"@type":"WebPage","@id":"https:\/\/serversmtp.com\/fr\/smtp-pour-os\/","url":"https:\/\/serversmtp.com\/fr\/smtp-pour-os\/","name":"SMTP pour OS - smtp mail server - professional SMTP service provider","isPartOf":{"@id":"https:\/\/serversmtp.com\/it\/#website"},"datePublished":"2018-04-06T14:28:34+00:00","dateModified":"2022-02-10T15:19:44+00:00","breadcrumb":{"@id":"https:\/\/serversmtp.com\/fr\/smtp-pour-os\/#breadcrumb"},"inLanguage":"fr-FR","potentialAction":[{"@type":"ReadAction","target":["https:\/\/serversmtp.com\/fr\/smtp-pour-os\/"]}]},{"@type":"BreadcrumbList","@id":"https:\/\/serversmtp.com\/fr\/smtp-pour-os\/#breadcrumb","itemListElement":[{"@type":"ListItem","position":1,"name":"Home","item":"https:\/\/serversmtp.com\/fr\/"},{"@type":"ListItem","position":2,"name":"SMTP pour OS"}]},{"@type":"WebSite","@id":"https:\/\/serversmtp.com\/it\/#website","url":"https:\/\/serversmtp.com\/it\/","name":"smtp mail server - professional SMTP service provider","description":"smtp mail server - professional SMTP service provider","publisher":{"@id":"https:\/\/serversmtp.com\/it\/#organization"},"potentialAction":[{"@type":"SearchAction","target":{"@type":"EntryPoint","urlTemplate":"https:\/\/serversmtp.com\/it\/?s={search_term_string}"},"query-input":{"@type":"PropertyValueSpecification","valueRequired":true,"valueName":"search_term_string"}}],"inLanguage":"fr-FR"},{"@type":"Organization","@id":"https:\/\/serversmtp.com\/it\/#organization","name":"Delivery Tech","url":"https:\/\/serversmtp.com\/it\/","logo":{"@type":"ImageObject","inLanguage":"fr-FR","@id":"https:\/\/serversmtp.com\/it\/#\/schema\/logo\/image\/","url":"https:\/\/serversmtp.com\/wp-content\/uploads\/2021\/11\/og-image-2.jpg","contentUrl":"https:\/\/serversmtp.com\/wp-content\/uploads\/2021\/11\/og-image-2.jpg","width":1200,"height":1128,"caption":"Delivery Tech"},"image":{"@id":"https:\/\/serversmtp.com\/it\/#\/schema\/logo\/image\/"}}]}},"_links":{"self":[{"href":"https:\/\/serversmtp.com\/fr\/wp-json\/wp\/v2\/pages\/1968"}],"collection":[{"href":"https:\/\/serversmtp.com\/fr\/wp-json\/wp\/v2\/pages"}],"about":[{"href":"https:\/\/serversmtp.com\/fr\/wp-json\/wp\/v2\/types\/page"}],"author":[{"embeddable":true,"href":"https:\/\/serversmtp.com\/fr\/wp-json\/wp\/v2\/users\/3"}],"replies":[{"embeddable":true,"href":"https:\/\/serversmtp.com\/fr\/wp-json\/wp\/v2\/comments?post=1968"}],"version-history":[{"count":2,"href":"https:\/\/serversmtp.com\/fr\/wp-json\/wp\/v2\/pages\/1968\/revisions"}],"predecessor-version":[{"id":2738,"href":"https:\/\/serversmtp.com\/fr\/wp-json\/wp\/v2\/pages\/1968\/revisions\/2738"}],"wp:attachment":[{"href":"https:\/\/serversmtp.com\/fr\/wp-json\/wp\/v2\/media?parent=1968"}],"curies":[{"name":"wp","href":"https:\/\/api.w.org\/{rel}","templated":true}]}}