{"id":1962,"date":"2018-04-06T16:25:04","date_gmt":"2018-04-06T14:25:04","guid":{"rendered":"https:\/\/dev.serversmtp.com\/?page_id=1962"},"modified":"2025-10-23T09:22:51","modified_gmt":"2025-10-23T07:22:51","slug":"configuration-smtp-iphone","status":"publish","type":"page","link":"https:\/\/serversmtp.com\/fr\/configuration-smtp-iphone\/","title":{"rendered":"Configurer un serveur SMTP pour Iphone"},"content":{"rendered":"<p>La configuration d&#8217;un <strong>serveur SMTP pour Iphone<\/strong>\u00a0n&#8217;est pas compliqu\u00e9; et l&#8217;iPhon\u00a0reste un moyen id\u00e9al pour consulter et <strong>envoyer des emails<\/strong> o\u00f9 que vous soyez.<\/p>\n<p>Malheureusement, si vous utilisez un <strong>serveur SMTP moyen<\/strong>\u00a0\u2013 comme celui qui est associ\u00e9 \u00e0 votre compte Gmail, Hotmail, Yahoo etc. \u2013 vous aurez besoin de changer ses r\u00e9glages chaque fois que vous passez \u00e0 une autre connexion Internet.<\/p>\n<p>Cependant, <a title=\"serveur SMTP\" href=\"\/fr\/tsmtpregistration1.php\">turboSMTP<\/a> permet d&#8217;\u00e9viter ce probl\u00e8me une fois pour toutes: il vous suffit de <strong>configurer notre serveur de courrier sortant une seule fois<\/strong> et \u00e7a va marcher n&#8217;importe quel FAI vous utilisez. Il est donc id\u00e9al si vous voyagez souvent et vos yeux sont toujours sur votre compte de messagerie: en plus, il vous assurera un taux de livraison maximal \u2013 c&#8217;est \u00e0 dire, il garantira que <strong>tous vos emails seront transf\u00e9r\u00e9<\/strong>s.<\/p>\n<p>Et voici comment <strong>configurer un serveur SMTP sur votre iPhone<\/strong>.<\/p>\n<p><img decoding=\"async\" class=\"aligncenter wp-image-1964 size-full\" src=\"https:\/\/serversmtp.com\/wp-content\/uploads\/2018\/04\/configurer-smtp-iphone-fr.jpg\" alt=\"\" width=\"350\" height=\"406\" srcset=\"https:\/\/serversmtp.com\/wp-content\/uploads\/2018\/04\/configurer-smtp-iphone-fr.jpg 350w, https:\/\/serversmtp.com\/wp-content\/uploads\/2018\/04\/configurer-smtp-iphone-fr-259x300.jpg 259w, https:\/\/serversmtp.com\/wp-content\/uploads\/2018\/04\/configurer-smtp-iphone-fr-320x371.jpg 320w, https:\/\/serversmtp.com\/wp-content\/uploads\/2018\/04\/configurer-smtp-iphone-fr-239x277.jpg 239w\" sizes=\"(max-width: 350px) 100vw, 350px\" \/><\/p>\n<p><strong>1.<\/strong> Touchez &#8220;R\u00e9glages &gt; Mail, Contacts, Calendrier&#8221;.<\/p>\n<p><strong>2.<\/strong> Touchez le compte de messagerie \u00e0 partir duquel vous souhaitez envoyer des messages (ou en ajoutant un nouveau si c&#8217;est le cas).<\/p>\n<p><strong>3.<\/strong> Touchez &#8220;SMTP&#8221; sous &#8220;Serveurs d&#8217;envoi&#8221;, puis &#8220;Ajouter un serveur&#8230;&#8221;<\/p>\n<p><strong>4.<\/strong> Entrez toutes les informations n\u00e9cessaires:<\/p>\n<ul>\n<li><strong>Serveur<\/strong>: &#8220;ON&#8221;.<\/li>\n<li><strong>Nom d&#8217;h\u00f4te<\/strong>: le nom de votre serveur SMTP. Si vous ne le connaissez pas, jetez un \u0153il \u00e0 notre <a title=\"liste serveurs smtp\" href=\"\/fr\/liste-serveur-smtp\">liste des details des serveurs sortants<\/a>.<\/li>\n<li><strong>Nom d&#8217;utilisateur<\/strong>: votre adresse email d&#8217;envoi (si vous utilisez turboSMTP, vous devez entrer \u00e0 la place votre Consumer Key \u2014 <a href=\"https:\/\/serversmtp.com\/fr\/quest-ce-que-les-cles-api-et-comment-les-creer-avec-turbosmtp-un-guide-complet\/\" title=\"Comment cr\u00e9er vos API Keys\" target=\"_blank\" rel=\"noopener\">voir comment cr\u00e9er vos API Keys<\/a>).<\/li>\n<li>Mot de passe: le mot de passe que vous avez choisi (si vous utilisez turboSMTP, vous devez entrer \u00e0 la place votre Consumer Secret \u2014 <a href=\"https:\/\/serversmtp.com\/fr\/quest-ce-que-les-cles-api-et-comment-les-creer-avec-turbosmtp-un-guide-complet\/\" title=\"Comment cr\u00e9er vos API Keys\" target=\"_blank\" rel=\"noopener\">voir comment cr\u00e9er vos API Keys<\/a>).<\/li>\n<li><strong>Utiliser SSL<\/strong>: cochez &#8220;OFF&#8221; \u2013 sauf si vous avez activ\u00e9 un mode SSL sur votre serveur SMTP.<\/li>\n<li><strong>Authentification<\/strong>: s\u00e9lectionnez &#8220;Mot de passe&#8221; et entrez votre mot de passe  (si vous utilisez turboSMTP, vous devez entrer \u00e0 la place votre Consumer Secret \u2014 <a href=\"https:\/\/serversmtp.com\/fr\/quest-ce-que-les-cles-api-et-comment-les-creer-avec-turbosmtp-un-guide-complet\/\" title=\"Comment cr\u00e9er vos API Keys\" target=\"_blank\" rel=\"noopener\">voir comment cr\u00e9er vos API Keys<\/a>).<\/li>\n<li><strong>Port du serveur<\/strong>: le port par d\u00e9faut est 25, mais certains FAI le bloquent d\u00fb \u00e0 la quantit\u00e9 croissante de spam: vous pouvez donc en choisir un autre.<\/li>\n<\/ul>\n<p>Voil\u00e0, vous \u00eates pr\u00eats \u00e0 envoyer des emails avec votre iPhone!<\/p>\n","protected":false},"excerpt":{"rendered":"<p>La configuration d&#8217;un serveur SMTP pour Iphone\u00a0n&#8217;est pas compliqu\u00e9; et l&#8217;iPhon\u00a0reste un moyen id\u00e9al pour consulter et envoyer des emails o\u00f9 que vous soyez. Malheureusement, si vous utilisez un serveur SMTP moyen\u00a0\u2013 comme celui qui est associ\u00e9 \u00e0 votre compte Gmail, Hotmail, Yahoo etc. \u2013 vous aurez besoin de changer ses r\u00e9glages chaque fois que &#8230; <\/p>\n<p class=\"read-more-container\"><a title=\"Configurer un serveur SMTP pour Iphone\" class=\"read-more button\" href=\"https:\/\/serversmtp.com\/fr\/configuration-smtp-iphone\/#more-1962\" aria-label=\"En savoir plus sur Configurer un serveur SMTP pour Iphone\">Discover more<\/a><\/p>\n","protected":false},"author":3,"featured_media":0,"parent":0,"menu_order":0,"comment_status":"closed","ping_status":"closed","template":"","meta":{"_eb_attr":"","inline_featured_image":false,"_monsterinsights_skip_tracking":false,"_monsterinsights_sitenote_active":false,"_monsterinsights_sitenote_note":"","_monsterinsights_sitenote_category":0,"footnotes":""},"class_list":["post-1962","page","type-page","status-publish"],"yoast_head":"<!-- This site is optimized with the Yoast SEO plugin v25.3.1 - https:\/\/yoast.com\/wordpress\/plugins\/seo\/ -->\n<title>Configurer un serveur SMTP pour Iphone - smtp mail server - professional SMTP service provider<\/title>\n<meta name=\"robots\" content=\"index, follow, max-snippet:-1, max-image-preview:large, max-video-preview:-1\" \/>\n<link rel=\"canonical\" href=\"https:\/\/serversmtp.com\/fr\/configuration-smtp-iphone\/\" \/>\n<meta name=\"twitter:label1\" content=\"Dur\u00e9e de lecture estim\u00e9e\" \/>\n\t<meta name=\"twitter:data1\" content=\"2 minutes\" \/>\n<!-- \/ Yoast SEO plugin. -->","yoast_head_json":{"title":"Configurer un serveur SMTP pour Iphone - smtp mail server - professional SMTP service provider","robots":{"index":"index","follow":"follow","max-snippet":"max-snippet:-1","max-image-preview":"max-image-preview:large","max-video-preview":"max-video-preview:-1"},"canonical":"https:\/\/serversmtp.com\/fr\/configuration-smtp-iphone\/","twitter_misc":{"Dur\u00e9e de lecture estim\u00e9e":"2 minutes"},"schema":{"@context":"https:\/\/schema.org","@graph":[{"@type":"WebPage","@id":"https:\/\/serversmtp.com\/fr\/configuration-smtp-iphone\/","url":"https:\/\/serversmtp.com\/fr\/configuration-smtp-iphone\/","name":"Configurer un serveur SMTP pour Iphone - smtp mail server - professional SMTP service provider","isPartOf":{"@id":"https:\/\/serversmtp.com\/de\/#website"},"primaryImageOfPage":{"@id":"https:\/\/serversmtp.com\/fr\/configuration-smtp-iphone\/#primaryimage"},"image":{"@id":"https:\/\/serversmtp.com\/fr\/configuration-smtp-iphone\/#primaryimage"},"thumbnailUrl":"https:\/\/serversmtp.com\/wp-content\/uploads\/2018\/04\/configurer-smtp-iphone-fr.jpg","datePublished":"2018-04-06T14:25:04+00:00","dateModified":"2025-10-23T07:22:51+00:00","breadcrumb":{"@id":"https:\/\/serversmtp.com\/fr\/configuration-smtp-iphone\/#breadcrumb"},"inLanguage":"fr-FR","potentialAction":[{"@type":"ReadAction","target":["https:\/\/serversmtp.com\/fr\/configuration-smtp-iphone\/"]}]},{"@type":"ImageObject","inLanguage":"fr-FR","@id":"https:\/\/serversmtp.com\/fr\/configuration-smtp-iphone\/#primaryimage","url":"https:\/\/serversmtp.com\/wp-content\/uploads\/2018\/04\/configurer-smtp-iphone-fr.jpg","contentUrl":"https:\/\/serversmtp.com\/wp-content\/uploads\/2018\/04\/configurer-smtp-iphone-fr.jpg"},{"@type":"BreadcrumbList","@id":"https:\/\/serversmtp.com\/fr\/configuration-smtp-iphone\/#breadcrumb","itemListElement":[{"@type":"ListItem","position":1,"name":"Home","item":"https:\/\/serversmtp.com\/fr\/"},{"@type":"ListItem","position":2,"name":"Configurer un serveur SMTP pour Iphone"}]},{"@type":"WebSite","@id":"https:\/\/serversmtp.com\/de\/#website","url":"https:\/\/serversmtp.com\/de\/","name":"smtp mail server - professional SMTP service provider","description":"smtp mail server - professional SMTP service provider","publisher":{"@id":"https:\/\/serversmtp.com\/de\/#organization"},"potentialAction":[{"@type":"SearchAction","target":{"@type":"EntryPoint","urlTemplate":"https:\/\/serversmtp.com\/de\/?s={search_term_string}"},"query-input":{"@type":"PropertyValueSpecification","valueRequired":true,"valueName":"search_term_string"}}],"inLanguage":"fr-FR"},{"@type":"Organization","@id":"https:\/\/serversmtp.com\/de\/#organization","name":"Delivery Tech","url":"https:\/\/serversmtp.com\/de\/","logo":{"@type":"ImageObject","inLanguage":"fr-FR","@id":"https:\/\/serversmtp.com\/de\/#\/schema\/logo\/image\/","url":"https:\/\/serversmtp.com\/wp-content\/uploads\/2021\/11\/og-image-2.jpg","contentUrl":"https:\/\/serversmtp.com\/wp-content\/uploads\/2021\/11\/og-image-2.jpg","width":1200,"height":1128,"caption":"Delivery Tech"},"image":{"@id":"https:\/\/serversmtp.com\/de\/#\/schema\/logo\/image\/"}}]}},"_links":{"self":[{"href":"https:\/\/serversmtp.com\/fr\/wp-json\/wp\/v2\/pages\/1962"}],"collection":[{"href":"https:\/\/serversmtp.com\/fr\/wp-json\/wp\/v2\/pages"}],"about":[{"href":"https:\/\/serversmtp.com\/fr\/wp-json\/wp\/v2\/types\/page"}],"author":[{"embeddable":true,"href":"https:\/\/serversmtp.com\/fr\/wp-json\/wp\/v2\/users\/3"}],"replies":[{"embeddable":true,"href":"https:\/\/serversmtp.com\/fr\/wp-json\/wp\/v2\/comments?post=1962"}],"version-history":[{"count":4,"href":"https:\/\/serversmtp.com\/fr\/wp-json\/wp\/v2\/pages\/1962\/revisions"}],"predecessor-version":[{"id":22547,"href":"https:\/\/serversmtp.com\/fr\/wp-json\/wp\/v2\/pages\/1962\/revisions\/22547"}],"wp:attachment":[{"href":"https:\/\/serversmtp.com\/fr\/wp-json\/wp\/v2\/media?parent=1962"}],"curies":[{"name":"wp","href":"https:\/\/api.w.org\/{rel}","templated":true}]}}