{"id":1959,"date":"2018-04-06T16:16:21","date_gmt":"2018-04-06T14:16:21","guid":{"rendered":"https:\/\/dev.serversmtp.com\/?page_id=1959"},"modified":"2022-02-10T17:26:34","modified_gmt":"2022-02-10T16:26:34","slug":"smtp-pour-windows-7","status":"publish","type":"page","link":"https:\/\/serversmtp.com\/fr\/smtp-pour-windows-7\/","title":{"rendered":"SMTP pour Windows 7"},"content":{"rendered":"<p>Contrairement aux versions pr\u00e9c\u00e9dentes, <strong>Windows 7<\/strong> n&#8217;a pas un <strong>service SMTP<\/strong> natif. Vous pouvez toutefois cr\u00e9er et installer sur Windows 7 un\u00a0autre <strong><a title=\"serveur de poste sortant\" href=\"\/fr\/serveur-de-poste\">serveur de poste sortant<\/a><\/strong>\u00a0pour envoyer vos emails.<\/p>\n<p>En particulier, un service professionnel comme <a title=\"serveur SMTP\" href=\"\/fr\/tsmtpregistration1.php\">turboSMTP<\/a> permettra d&#8217;am\u00e9liorer votre d\u00e9livrabilit\u00e9 et assurez-vous que <strong>tous vos messages arrivent \u00e0 leur destinataire<\/strong>.<\/p>\n<p>La diff\u00e9rence entre un serveur SMTP &#8220;moyen&#8221; (comme ceux associ\u00e9s aux fournisseurs d&#8217;emails gratuits tel que Gmail, Hotmail, Orange etc.) et un <strong>serveur SMTP d\u00e9di\u00e9 pour Windows 7<\/strong> est justement cela: plus de s\u00e9curit\u00e9, la tranquillit\u00e9 que tous vos messages seront transf\u00e9r\u00e9s correctement sans \u00eatre bloqu\u00e9s par les filtres antispam du destinataires.<\/p>\n<p>Vous pouvez l&#8217;activer en obtenant tout de suite\u00a0<a title=\"serveur SMTP sortant\" href=\"\/fr\/tsmtpregistration1.php\">6000 courriels gratuits par mois<\/a>\u00a0(pour toujours) et puis choisir un plan en fonction de vos besoins, si c&#8217;est le cas.<\/p>\n","protected":false},"excerpt":{"rendered":"<p>Contrairement aux versions pr\u00e9c\u00e9dentes, Windows 7 n&#8217;a pas un service SMTP natif. Vous pouvez toutefois cr\u00e9er et installer sur Windows 7 un\u00a0autre serveur de poste sortant\u00a0pour envoyer vos emails. En particulier, un service professionnel comme turboSMTP permettra d&#8217;am\u00e9liorer votre d\u00e9livrabilit\u00e9 et assurez-vous que tous vos messages arrivent \u00e0 leur destinataire. La diff\u00e9rence entre un serveur &#8230; <\/p>\n<p class=\"read-more-container\"><a title=\"SMTP pour Windows 7\" class=\"read-more button\" href=\"https:\/\/serversmtp.com\/fr\/smtp-pour-windows-7\/#more-1959\" aria-label=\"En savoir plus sur SMTP pour Windows 7\">Discover more<\/a><\/p>\n","protected":false},"author":3,"featured_media":0,"parent":0,"menu_order":0,"comment_status":"closed","ping_status":"closed","template":"","meta":{"_eb_attr":"","inline_featured_image":false,"_monsterinsights_skip_tracking":false,"_monsterinsights_sitenote_active":false,"_monsterinsights_sitenote_note":"","_monsterinsights_sitenote_category":0,"footnotes":""},"class_list":["post-1959","page","type-page","status-publish"],"yoast_head":"<!-- This site is optimized with the Yoast SEO plugin v25.3.1 - https:\/\/yoast.com\/wordpress\/plugins\/seo\/ -->\n<title>SMTP pour Windows 7 - smtp mail server - professional SMTP service provider<\/title>\n<meta name=\"robots\" content=\"index, follow, max-snippet:-1, max-image-preview:large, max-video-preview:-1\" \/>\n<link rel=\"canonical\" href=\"https:\/\/serversmtp.com\/fr\/smtp-pour-windows-7\/\" \/>\n<meta name=\"twitter:label1\" content=\"Dur\u00e9e de lecture estim\u00e9e\" \/>\n\t<meta name=\"twitter:data1\" content=\"1 minute\" \/>\n<!-- \/ Yoast SEO plugin. -->","yoast_head_json":{"title":"SMTP pour Windows 7 - smtp mail server - professional SMTP service provider","robots":{"index":"index","follow":"follow","max-snippet":"max-snippet:-1","max-image-preview":"max-image-preview:large","max-video-preview":"max-video-preview:-1"},"canonical":"https:\/\/serversmtp.com\/fr\/smtp-pour-windows-7\/","twitter_misc":{"Dur\u00e9e de lecture estim\u00e9e":"1 minute"},"schema":{"@context":"https:\/\/schema.org","@graph":[{"@type":"WebPage","@id":"https:\/\/serversmtp.com\/fr\/smtp-pour-windows-7\/","url":"https:\/\/serversmtp.com\/fr\/smtp-pour-windows-7\/","name":"SMTP pour Windows 7 - smtp mail server - professional SMTP service provider","isPartOf":{"@id":"https:\/\/serversmtp.com\/it\/#website"},"datePublished":"2018-04-06T14:16:21+00:00","dateModified":"2022-02-10T16:26:34+00:00","breadcrumb":{"@id":"https:\/\/serversmtp.com\/fr\/smtp-pour-windows-7\/#breadcrumb"},"inLanguage":"fr-FR","potentialAction":[{"@type":"ReadAction","target":["https:\/\/serversmtp.com\/fr\/smtp-pour-windows-7\/"]}]},{"@type":"BreadcrumbList","@id":"https:\/\/serversmtp.com\/fr\/smtp-pour-windows-7\/#breadcrumb","itemListElement":[{"@type":"ListItem","position":1,"name":"Home","item":"https:\/\/serversmtp.com\/fr\/"},{"@type":"ListItem","position":2,"name":"SMTP pour Windows 7"}]},{"@type":"WebSite","@id":"https:\/\/serversmtp.com\/it\/#website","url":"https:\/\/serversmtp.com\/it\/","name":"smtp mail server - professional SMTP service provider","description":"smtp mail server - professional SMTP service provider","publisher":{"@id":"https:\/\/serversmtp.com\/it\/#organization"},"potentialAction":[{"@type":"SearchAction","target":{"@type":"EntryPoint","urlTemplate":"https:\/\/serversmtp.com\/it\/?s={search_term_string}"},"query-input":{"@type":"PropertyValueSpecification","valueRequired":true,"valueName":"search_term_string"}}],"inLanguage":"fr-FR"},{"@type":"Organization","@id":"https:\/\/serversmtp.com\/it\/#organization","name":"Delivery Tech","url":"https:\/\/serversmtp.com\/it\/","logo":{"@type":"ImageObject","inLanguage":"fr-FR","@id":"https:\/\/serversmtp.com\/it\/#\/schema\/logo\/image\/","url":"https:\/\/serversmtp.com\/wp-content\/uploads\/2021\/11\/og-image-2.jpg","contentUrl":"https:\/\/serversmtp.com\/wp-content\/uploads\/2021\/11\/og-image-2.jpg","width":1200,"height":1128,"caption":"Delivery Tech"},"image":{"@id":"https:\/\/serversmtp.com\/it\/#\/schema\/logo\/image\/"}}]}},"_links":{"self":[{"href":"https:\/\/serversmtp.com\/fr\/wp-json\/wp\/v2\/pages\/1959"}],"collection":[{"href":"https:\/\/serversmtp.com\/fr\/wp-json\/wp\/v2\/pages"}],"about":[{"href":"https:\/\/serversmtp.com\/fr\/wp-json\/wp\/v2\/types\/page"}],"author":[{"embeddable":true,"href":"https:\/\/serversmtp.com\/fr\/wp-json\/wp\/v2\/users\/3"}],"replies":[{"embeddable":true,"href":"https:\/\/serversmtp.com\/fr\/wp-json\/wp\/v2\/comments?post=1959"}],"version-history":[{"count":2,"href":"https:\/\/serversmtp.com\/fr\/wp-json\/wp\/v2\/pages\/1959\/revisions"}],"predecessor-version":[{"id":1961,"href":"https:\/\/serversmtp.com\/fr\/wp-json\/wp\/v2\/pages\/1959\/revisions\/1961"}],"wp:attachment":[{"href":"https:\/\/serversmtp.com\/fr\/wp-json\/wp\/v2\/media?parent=1959"}],"curies":[{"name":"wp","href":"https:\/\/api.w.org\/{rel}","templated":true}]}}