{"id":1957,"date":"2018-04-06T16:09:08","date_gmt":"2018-04-06T14:09:08","guid":{"rendered":"https:\/\/dev.serversmtp.com\/?page_id=1957"},"modified":"2022-02-10T17:25:21","modified_gmt":"2022-02-10T16:25:21","slug":"serveur-smtp-windows","status":"publish","type":"page","link":"https:\/\/serversmtp.com\/fr\/serveur-smtp-windows\/","title":{"rendered":"SMTP pour Windows"},"content":{"rendered":"<p>turboSMTP peut \u00eatre utilis\u00e9 sans aucun probl\u00e8me comme <strong>serveur SMTP pour Windows<\/strong>. Depuis le syst\u00e8me d&#8217;exploitation de Microsoft ne dispose pas de son propre SMTP, il est n\u00e9cessaire de s&#8217;appuyer sur un <strong><a title=\"serveur sortant\" href=\"\/fr\/tsmtpregistration1.php\">serveur sortant professionnel<\/a><\/strong> lorsque vous devez envoyer des courriels \u00e0 partir de votre site web.<\/p>\n<p>En particulier, si vous \u00eates un utilisateur Windows et vous souhaitez organiser un <strong>campagne d&#8217;email marketing<\/strong>, un bon serveur SMTP est tr\u00e8s important. En fait, si vous utilisez un service de messagerie SMTP comme ceux associ\u00e9s aux fournisseur email plus populaires (Gmail, Free, Orange etc.), les filtres antispam peuvent <strong>rejeter une bonne part de vos messages<\/strong> \u2013 m\u00eame si ils sont parfaitement l\u00e9gitimes et magnifiquement cisel\u00e9s.<\/p>\n<p>Un service SMTP d\u00e9di\u00e9 pour Windows, au contraire, a une solide r\u00e9putation parmi tous les FAI et optimisera la d\u00e9livrabilit\u00e9 de vos emails. Ainsi, les principales caract\u00e9ristiques d&#8217;un service de serveur sortant doit garantir sont les suivantes:<\/p>\n<p><strong>1. Il doit utiliser seulement des IP extr\u00eamement fiables<\/strong>. Et aussi maintenir un contact constant avec les principaux fournisseurs de messagerie afin de garantir que tous vos emails arrivent \u00e0 la bo\u00eete de r\u00e9ception.<\/p>\n<p><strong>2. Il doit \u00eatre rapide<\/strong>. Un serveur SMTP pour Windows ne devrait jamais tomber pas dans les probl\u00e8mes de surcharge et devrait am\u00e9liorer de fa\u00e7on significative la vitesse de votre envoi.<\/p>\n<p><strong>3. Il doit contourner le filtrage FAI<\/strong>. Un serveur sortant professionnelle permettra de maximiser votre taux de livraison en \u00e9vitant tous les filtres antispam.<\/p>\n<p><strong>4. Il doit \u00eatre accessible \u00e0 tout moment et n&#8217;importe o\u00f9<\/strong>. Si vous travaillez et utilisez une connexion Internet diff\u00e9rente, vous ne devriez pas avoir \u00e0 modifier vos param\u00e8tres chaque fois.<\/p>\n<p><strong>5. Il doit garder une trace de vos messages<\/strong>. Pour comprendre les r\u00e9sultats de votre envoi, un service SMTP d\u00e9di\u00e9 devrait fournir \u00e9galement un syst\u00e8me pr\u00e9cis de tracking de l&#8217;email.<\/p>\n<p><a title=\"serveur SMTP\" href=\"\/fr\/tsmtpregistration1.php\">turboSMTP<\/a> r\u00e9pond \u00e0 toutes ces exigences, en fournissant \u00e9galement un <strong>support 24\/7 \u00e0 la client\u00e8le<\/strong>, qui vous aidera \u00e0 r\u00e9soudre tout type de probl\u00e8me. Vous pouvez l&#8217;activer gratuitement en obtenant <strong>6000 emails par mois<\/strong> (pour toujours) et puis choisir un plan en fonction de vos besoins, si c&#8217;est le cas.<\/p>\n","protected":false},"excerpt":{"rendered":"<p>turboSMTP peut \u00eatre utilis\u00e9 sans aucun probl\u00e8me comme serveur SMTP pour Windows. Depuis le syst\u00e8me d&#8217;exploitation de Microsoft ne dispose pas de son propre SMTP, il est n\u00e9cessaire de s&#8217;appuyer sur un serveur sortant professionnel lorsque vous devez envoyer des courriels \u00e0 partir de votre site web. En particulier, si vous \u00eates un utilisateur Windows &#8230; <\/p>\n<p class=\"read-more-container\"><a title=\"SMTP pour Windows\" class=\"read-more button\" href=\"https:\/\/serversmtp.com\/fr\/serveur-smtp-windows\/#more-1957\" aria-label=\"En savoir plus sur SMTP pour Windows\">Discover more<\/a><\/p>\n","protected":false},"author":3,"featured_media":0,"parent":0,"menu_order":0,"comment_status":"closed","ping_status":"closed","template":"","meta":{"_eb_attr":"","inline_featured_image":false,"_monsterinsights_skip_tracking":false,"_monsterinsights_sitenote_active":false,"_monsterinsights_sitenote_note":"","_monsterinsights_sitenote_category":0,"footnotes":""},"class_list":["post-1957","page","type-page","status-publish"],"yoast_head":"<!-- This site is optimized with the Yoast SEO plugin v25.3.1 - https:\/\/yoast.com\/wordpress\/plugins\/seo\/ -->\n<title>SMTP pour Windows - smtp mail server - professional SMTP service provider<\/title>\n<meta name=\"robots\" content=\"index, follow, max-snippet:-1, max-image-preview:large, max-video-preview:-1\" \/>\n<link rel=\"canonical\" href=\"https:\/\/serversmtp.com\/fr\/serveur-smtp-windows\/\" \/>\n<meta name=\"twitter:label1\" content=\"Dur\u00e9e de lecture estim\u00e9e\" \/>\n\t<meta name=\"twitter:data1\" content=\"2 minutes\" \/>\n<!-- \/ Yoast SEO plugin. -->","yoast_head_json":{"title":"SMTP pour Windows - smtp mail server - professional SMTP service provider","robots":{"index":"index","follow":"follow","max-snippet":"max-snippet:-1","max-image-preview":"max-image-preview:large","max-video-preview":"max-video-preview:-1"},"canonical":"https:\/\/serversmtp.com\/fr\/serveur-smtp-windows\/","twitter_misc":{"Dur\u00e9e de lecture estim\u00e9e":"2 minutes"},"schema":{"@context":"https:\/\/schema.org","@graph":[{"@type":"WebPage","@id":"https:\/\/serversmtp.com\/fr\/serveur-smtp-windows\/","url":"https:\/\/serversmtp.com\/fr\/serveur-smtp-windows\/","name":"SMTP pour Windows - smtp mail server - professional SMTP service provider","isPartOf":{"@id":"https:\/\/serversmtp.com\/de\/#website"},"datePublished":"2018-04-06T14:09:08+00:00","dateModified":"2022-02-10T16:25:21+00:00","breadcrumb":{"@id":"https:\/\/serversmtp.com\/fr\/serveur-smtp-windows\/#breadcrumb"},"inLanguage":"fr-FR","potentialAction":[{"@type":"ReadAction","target":["https:\/\/serversmtp.com\/fr\/serveur-smtp-windows\/"]}]},{"@type":"BreadcrumbList","@id":"https:\/\/serversmtp.com\/fr\/serveur-smtp-windows\/#breadcrumb","itemListElement":[{"@type":"ListItem","position":1,"name":"Home","item":"https:\/\/serversmtp.com\/fr\/"},{"@type":"ListItem","position":2,"name":"SMTP pour Windows"}]},{"@type":"WebSite","@id":"https:\/\/serversmtp.com\/de\/#website","url":"https:\/\/serversmtp.com\/de\/","name":"smtp mail server - professional SMTP service provider","description":"smtp mail server - professional SMTP service provider","publisher":{"@id":"https:\/\/serversmtp.com\/de\/#organization"},"potentialAction":[{"@type":"SearchAction","target":{"@type":"EntryPoint","urlTemplate":"https:\/\/serversmtp.com\/de\/?s={search_term_string}"},"query-input":{"@type":"PropertyValueSpecification","valueRequired":true,"valueName":"search_term_string"}}],"inLanguage":"fr-FR"},{"@type":"Organization","@id":"https:\/\/serversmtp.com\/de\/#organization","name":"Delivery Tech","url":"https:\/\/serversmtp.com\/de\/","logo":{"@type":"ImageObject","inLanguage":"fr-FR","@id":"https:\/\/serversmtp.com\/de\/#\/schema\/logo\/image\/","url":"https:\/\/serversmtp.com\/wp-content\/uploads\/2021\/11\/og-image-2.jpg","contentUrl":"https:\/\/serversmtp.com\/wp-content\/uploads\/2021\/11\/og-image-2.jpg","width":1200,"height":1128,"caption":"Delivery Tech"},"image":{"@id":"https:\/\/serversmtp.com\/de\/#\/schema\/logo\/image\/"}}]}},"_links":{"self":[{"href":"https:\/\/serversmtp.com\/fr\/wp-json\/wp\/v2\/pages\/1957"}],"collection":[{"href":"https:\/\/serversmtp.com\/fr\/wp-json\/wp\/v2\/pages"}],"about":[{"href":"https:\/\/serversmtp.com\/fr\/wp-json\/wp\/v2\/types\/page"}],"author":[{"embeddable":true,"href":"https:\/\/serversmtp.com\/fr\/wp-json\/wp\/v2\/users\/3"}],"replies":[{"embeddable":true,"href":"https:\/\/serversmtp.com\/fr\/wp-json\/wp\/v2\/comments?post=1957"}],"version-history":[{"count":1,"href":"https:\/\/serversmtp.com\/fr\/wp-json\/wp\/v2\/pages\/1957\/revisions"}],"predecessor-version":[{"id":1958,"href":"https:\/\/serversmtp.com\/fr\/wp-json\/wp\/v2\/pages\/1957\/revisions\/1958"}],"wp:attachment":[{"href":"https:\/\/serversmtp.com\/fr\/wp-json\/wp\/v2\/media?parent=1957"}],"curies":[{"name":"wp","href":"https:\/\/api.w.org\/{rel}","templated":true}]}}