{"id":1788,"date":"2018-04-05T16:17:55","date_gmt":"2018-04-05T14:17:55","guid":{"rendered":"https:\/\/dev.serversmtp.com\/?page_id=1788"},"modified":"2026-01-14T13:53:32","modified_gmt":"2026-01-14T12:53:32","slug":"a-propos-de-nous","status":"publish","type":"page","link":"https:\/\/serversmtp.com\/fr\/a-propos-de-nous\/","title":{"rendered":"A Propos De Nous"},"content":{"rendered":"<p>Fond\u00e9 en 2009, turboSMTP est un ind\u00e9pendant SMTP fournisseur des services a plus de <strong>100.000 clients<\/strong> en 6 continents.<\/p>\n<p>Nos services r\u00e9pondent aux besoins de n\u2019importe quel business allant du petit business ou \u00e0 domicile jusqu\u2019aux plus grands fournisseurs d\u2019email, assurant un <strong>taux de livraison maximal<\/strong>\u00a0des emails, permettant d\u2019arriver aux boites de r\u00e9ception et \u00e9vitant le spam et les blacklistes<\/p>\n<p>Nos efforts sont toujours dirig\u00e9s vers nos clients et leurs besoins en leur fournissant un <strong>service SMTP s\u00e9curis\u00e9 et fiable<\/strong> et un support technologique professionnel.<\/p>\n<p>&nbsp;<\/p>\n<h3>Edisplay srl<\/h3><p>Via Palmanova 24<br>20132 Milano<\/p><p>Viale del Lavoro 53,<br>08023 Fonni (NU)<\/p>\n","protected":false},"excerpt":{"rendered":"<p>Fond\u00e9 en 2009, turboSMTP est un ind\u00e9pendant SMTP fournisseur des services a plus de 100.000 clients en 6 continents. Nos services r\u00e9pondent aux besoins de n\u2019importe quel business allant du petit business ou \u00e0 domicile jusqu\u2019aux plus grands fournisseurs d\u2019email, assurant un taux de livraison maximal\u00a0des emails, permettant d\u2019arriver aux boites de r\u00e9ception et \u00e9vitant &#8230; <\/p>\n<p class=\"read-more-container\"><a title=\"A Propos De Nous\" class=\"read-more button\" href=\"https:\/\/serversmtp.com\/fr\/a-propos-de-nous\/#more-1788\" aria-label=\"En savoir plus sur A Propos De Nous\">Discover more<\/a><\/p>\n","protected":false},"author":3,"featured_media":0,"parent":0,"menu_order":0,"comment_status":"closed","ping_status":"closed","template":"","meta":{"_eb_attr":"","inline_featured_image":false,"_monsterinsights_skip_tracking":false,"_monsterinsights_sitenote_active":false,"_monsterinsights_sitenote_note":"","_monsterinsights_sitenote_category":0,"footnotes":""},"class_list":["post-1788","page","type-page","status-publish"],"yoast_head":"<!-- This site is optimized with the Yoast SEO plugin v25.3.1 - https:\/\/yoast.com\/wordpress\/plugins\/seo\/ -->\n<title>A Propos De Nous - smtp mail server - professional SMTP service provider<\/title>\n<meta name=\"robots\" content=\"index, follow, max-snippet:-1, max-image-preview:large, max-video-preview:-1\" \/>\n<link rel=\"canonical\" href=\"https:\/\/serversmtp.com\/fr\/a-propos-de-nous\/\" \/>\n<meta name=\"twitter:label1\" content=\"Dur\u00e9e de lecture estim\u00e9e\" \/>\n\t<meta name=\"twitter:data1\" content=\"1 minute\" \/>\n<!-- \/ Yoast SEO plugin. -->","yoast_head_json":{"title":"A Propos De Nous - smtp mail server - professional SMTP service provider","robots":{"index":"index","follow":"follow","max-snippet":"max-snippet:-1","max-image-preview":"max-image-preview:large","max-video-preview":"max-video-preview:-1"},"canonical":"https:\/\/serversmtp.com\/fr\/a-propos-de-nous\/","twitter_misc":{"Dur\u00e9e de lecture estim\u00e9e":"1 minute"},"schema":{"@context":"https:\/\/schema.org","@graph":[{"@type":"WebPage","@id":"https:\/\/serversmtp.com\/fr\/a-propos-de-nous\/","url":"https:\/\/serversmtp.com\/fr\/a-propos-de-nous\/","name":"A Propos De Nous - smtp mail server - professional SMTP service provider","isPartOf":{"@id":"https:\/\/serversmtp.com\/#website"},"datePublished":"2018-04-05T14:17:55+00:00","dateModified":"2026-01-14T12:53:32+00:00","breadcrumb":{"@id":"https:\/\/serversmtp.com\/fr\/a-propos-de-nous\/#breadcrumb"},"inLanguage":"fr-FR","potentialAction":[{"@type":"ReadAction","target":["https:\/\/serversmtp.com\/fr\/a-propos-de-nous\/"]}]},{"@type":"BreadcrumbList","@id":"https:\/\/serversmtp.com\/fr\/a-propos-de-nous\/#breadcrumb","itemListElement":[{"@type":"ListItem","position":1,"name":"Home","item":"https:\/\/serversmtp.com\/fr\/"},{"@type":"ListItem","position":2,"name":"A Propos De Nous"}]},{"@type":"WebSite","@id":"https:\/\/serversmtp.com\/#website","url":"https:\/\/serversmtp.com\/","name":"smtp mail server - professional SMTP service provider","description":"smtp mail server - professional SMTP service provider","publisher":{"@id":"https:\/\/serversmtp.com\/#organization"},"potentialAction":[{"@type":"SearchAction","target":{"@type":"EntryPoint","urlTemplate":"https:\/\/serversmtp.com\/?s={search_term_string}"},"query-input":{"@type":"PropertyValueSpecification","valueRequired":true,"valueName":"search_term_string"}}],"inLanguage":"fr-FR"},{"@type":"Organization","@id":"https:\/\/serversmtp.com\/#organization","name":"Delivery Tech","url":"https:\/\/serversmtp.com\/","logo":{"@type":"ImageObject","inLanguage":"fr-FR","@id":"https:\/\/serversmtp.com\/#\/schema\/logo\/image\/","url":"https:\/\/serversmtp.com\/wp-content\/uploads\/2021\/11\/og-image-2.jpg","contentUrl":"https:\/\/serversmtp.com\/wp-content\/uploads\/2021\/11\/og-image-2.jpg","width":1200,"height":1128,"caption":"Delivery Tech"},"image":{"@id":"https:\/\/serversmtp.com\/#\/schema\/logo\/image\/"}}]}},"_links":{"self":[{"href":"https:\/\/serversmtp.com\/fr\/wp-json\/wp\/v2\/pages\/1788"}],"collection":[{"href":"https:\/\/serversmtp.com\/fr\/wp-json\/wp\/v2\/pages"}],"about":[{"href":"https:\/\/serversmtp.com\/fr\/wp-json\/wp\/v2\/types\/page"}],"author":[{"embeddable":true,"href":"https:\/\/serversmtp.com\/fr\/wp-json\/wp\/v2\/users\/3"}],"replies":[{"embeddable":true,"href":"https:\/\/serversmtp.com\/fr\/wp-json\/wp\/v2\/comments?post=1788"}],"version-history":[{"count":6,"href":"https:\/\/serversmtp.com\/fr\/wp-json\/wp\/v2\/pages\/1788\/revisions"}],"predecessor-version":[{"id":22956,"href":"https:\/\/serversmtp.com\/fr\/wp-json\/wp\/v2\/pages\/1788\/revisions\/22956"}],"wp:attachment":[{"href":"https:\/\/serversmtp.com\/fr\/wp-json\/wp\/v2\/media?parent=1788"}],"curies":[{"name":"wp","href":"https:\/\/api.w.org\/{rel}","templated":true}]}}