{"id":1667,"date":"2018-03-29T17:22:16","date_gmt":"2018-03-29T15:22:16","guid":{"rendered":"https:\/\/dev.serversmtp.com\/?page_id=1667"},"modified":"2021-05-07T14:12:55","modified_gmt":"2021-05-07T12:12:55","slug":"serveur-smtp-de-free","status":"publish","type":"page","link":"https:\/\/serversmtp.com\/fr\/serveur-smtp-de-free\/","title":{"rendered":"Serveur SMTP de Free"},"content":{"rendered":"<p>Configurer le <strong>serveur SMTP de Free<\/strong> pour un client ou logiciel de messagerie (Microsoft Outlook, SendBlaster, Mozilla Thunderbird, etc.) est tr\u00e8s simple: il vous suffit d&#8217;entrer les <strong>param\u00e8tres SMTP de Free<\/strong> dans la fen\u00eatre de configuration du serveur sortant:<\/p>\n<p><img decoding=\"async\" class=\"aligncenter wp-image-1635 size-full\" src=\"https:\/\/serversmtp.com\/wp-content\/uploads\/2018\/03\/configuration-serveur-smtp.png\" alt=\"\" width=\"371\" height=\"310\" srcset=\"https:\/\/serversmtp.com\/wp-content\/uploads\/2018\/03\/configuration-serveur-smtp.png 371w, https:\/\/serversmtp.com\/wp-content\/uploads\/2018\/03\/configuration-serveur-smtp-300x251.png 300w, https:\/\/serversmtp.com\/wp-content\/uploads\/2018\/03\/configuration-serveur-smtp-320x267.png 320w, https:\/\/serversmtp.com\/wp-content\/uploads\/2018\/03\/configuration-serveur-smtp-239x200.png 239w\" sizes=\"(max-width: 371px) 100vw, 371px\" \/><\/p>\n<p>Le processus est le m\u00eame pour n&#8217;importe quel fournisseur. Voici les sp\u00e9cificit\u00e9s propres SMTP de Free:<\/p>\n<ul>\n<li><strong>Nom du serveur SMTP Free<\/strong>: smtp.free.fr<\/li>\n<li><strong>Nom d&#8217;utilisateur SMTP Free<\/strong>: votre adresse email Free<\/li>\n<li><strong>Mot de passe SMTP Free<\/strong>: votre mot de passe<\/li>\n<li><strong>Port SMTP Free<\/strong>: 25 ou 465<\/li>\n<\/ul>\n<p>Vous \u00eates maintenant pr\u00eat \u00e0 envoyer et livrer vos messages. En tout cas, si vous envisagez d&#8217;envoyer des <strong>emails en masse<\/strong> (par exemple, si vous mettez en place une campagne de marketing), vous ne devriez pas vous appuyer sur le serveur de Free et au contraire opter pour un <strong><a title=\"service smtp\" href=\"\/fr\/tsmtpregistration1.php\">service SMTP professionnel<\/a><\/strong>.<\/p>\n<p>En fait, un serveur sortant moyen comme celui de Free met une limite au nombre de personnes auxquelles vous pouvez envoyer le m\u00eame email (\u00e0 fin de dissuader les spammeurs): en plus,<strong> ils ne peuvent pas garantir une bonne d\u00e9livrabilit\u00e9<\/strong> de vos messages (un certain nombre sera tout simplement rejet\u00e9 par les filtres antispam et se perdra sans que vous le sachiez).<\/p>\n<p>Ainsi, afin de maximiser votre taux de livraison et assurer-vous que <strong>tous vos emails<\/strong> <strong>arrivent \u00e0 la bo\u00eete de r\u00e9ception<\/strong>, le meilleur choix est de s&#8217;appuyer sur un serveur sortant d\u00e9di\u00e9 comme <a title=\"turboSMTP\" href=\"\/fr\/tsmtpregistration1.php\">turboSMTP<\/a>.<\/p>\n","protected":false},"excerpt":{"rendered":"<p>Configurer le serveur SMTP de Free pour un client ou logiciel de messagerie (Microsoft Outlook, SendBlaster, Mozilla Thunderbird, etc.) est tr\u00e8s simple: il vous suffit d&#8217;entrer les param\u00e8tres SMTP de Free dans la fen\u00eatre de configuration du serveur sortant: Le processus est le m\u00eame pour n&#8217;importe quel fournisseur. Voici les sp\u00e9cificit\u00e9s propres SMTP de Free: &#8230; <\/p>\n<p class=\"read-more-container\"><a title=\"Serveur SMTP de Free\" class=\"read-more button\" href=\"https:\/\/serversmtp.com\/fr\/serveur-smtp-de-free\/#more-1667\" aria-label=\"En savoir plus sur Serveur SMTP de Free\">Discover more<\/a><\/p>\n","protected":false},"author":3,"featured_media":0,"parent":0,"menu_order":0,"comment_status":"closed","ping_status":"closed","template":"g1_template_page_sidebar_right.php","meta":{"_eb_attr":"","inline_featured_image":false,"_monsterinsights_skip_tracking":false,"_monsterinsights_sitenote_active":false,"_monsterinsights_sitenote_note":"","_monsterinsights_sitenote_category":0,"footnotes":""},"class_list":["post-1667","page","type-page","status-publish"],"yoast_head":"<!-- This site is optimized with the Yoast SEO plugin v25.3.1 - https:\/\/yoast.com\/wordpress\/plugins\/seo\/ -->\n<title>Comment configurer le serveur SMTP de Free<\/title>\n<meta name=\"description\" content=\"Voici comment configurer le serveur SMTP de Free pour un client ou logiciel de messagerie (Microsoft Outlook, SendBlaster, Mozilla Thunderbird, etc.)\" \/>\n<meta name=\"robots\" content=\"index, follow, max-snippet:-1, max-image-preview:large, max-video-preview:-1\" \/>\n<link rel=\"canonical\" href=\"https:\/\/serversmtp.com\/fr\/serveur-smtp-de-free\/\" \/>\n<meta name=\"twitter:label1\" content=\"Dur\u00e9e de lecture estim\u00e9e\" \/>\n\t<meta name=\"twitter:data1\" content=\"1 minute\" \/>\n<!-- \/ Yoast SEO plugin. -->","yoast_head_json":{"title":"Comment configurer le serveur SMTP de Free","description":"Voici comment configurer le serveur SMTP de Free pour un client ou logiciel de messagerie (Microsoft Outlook, SendBlaster, Mozilla Thunderbird, etc.)","robots":{"index":"index","follow":"follow","max-snippet":"max-snippet:-1","max-image-preview":"max-image-preview:large","max-video-preview":"max-video-preview:-1"},"canonical":"https:\/\/serversmtp.com\/fr\/serveur-smtp-de-free\/","twitter_misc":{"Dur\u00e9e de lecture estim\u00e9e":"1 minute"},"schema":{"@context":"https:\/\/schema.org","@graph":[{"@type":"WebPage","@id":"https:\/\/serversmtp.com\/fr\/serveur-smtp-de-free\/","url":"https:\/\/serversmtp.com\/fr\/serveur-smtp-de-free\/","name":"Comment configurer le serveur SMTP de Free","isPartOf":{"@id":"https:\/\/serversmtp.com\/sv\/#website"},"primaryImageOfPage":{"@id":"https:\/\/serversmtp.com\/fr\/serveur-smtp-de-free\/#primaryimage"},"image":{"@id":"https:\/\/serversmtp.com\/fr\/serveur-smtp-de-free\/#primaryimage"},"thumbnailUrl":"https:\/\/serversmtp.com\/wp-content\/uploads\/2018\/03\/configuration-serveur-smtp.png","datePublished":"2018-03-29T15:22:16+00:00","dateModified":"2021-05-07T12:12:55+00:00","description":"Voici comment configurer le serveur SMTP de Free pour un client ou logiciel de messagerie (Microsoft Outlook, SendBlaster, Mozilla Thunderbird, etc.)","breadcrumb":{"@id":"https:\/\/serversmtp.com\/fr\/serveur-smtp-de-free\/#breadcrumb"},"inLanguage":"fr-FR","potentialAction":[{"@type":"ReadAction","target":["https:\/\/serversmtp.com\/fr\/serveur-smtp-de-free\/"]}]},{"@type":"ImageObject","inLanguage":"fr-FR","@id":"https:\/\/serversmtp.com\/fr\/serveur-smtp-de-free\/#primaryimage","url":"https:\/\/serversmtp.com\/wp-content\/uploads\/2018\/03\/configuration-serveur-smtp.png","contentUrl":"https:\/\/serversmtp.com\/wp-content\/uploads\/2018\/03\/configuration-serveur-smtp.png"},{"@type":"BreadcrumbList","@id":"https:\/\/serversmtp.com\/fr\/serveur-smtp-de-free\/#breadcrumb","itemListElement":[{"@type":"ListItem","position":1,"name":"Home","item":"https:\/\/serversmtp.com\/fr\/"},{"@type":"ListItem","position":2,"name":"Serveur SMTP de Free"}]},{"@type":"WebSite","@id":"https:\/\/serversmtp.com\/sv\/#website","url":"https:\/\/serversmtp.com\/sv\/","name":"smtp mail server - professional SMTP service provider","description":"smtp mail server - professional SMTP service provider","publisher":{"@id":"https:\/\/serversmtp.com\/sv\/#organization"},"potentialAction":[{"@type":"SearchAction","target":{"@type":"EntryPoint","urlTemplate":"https:\/\/serversmtp.com\/sv\/?s={search_term_string}"},"query-input":{"@type":"PropertyValueSpecification","valueRequired":true,"valueName":"search_term_string"}}],"inLanguage":"fr-FR"},{"@type":"Organization","@id":"https:\/\/serversmtp.com\/sv\/#organization","name":"Delivery Tech","url":"https:\/\/serversmtp.com\/sv\/","logo":{"@type":"ImageObject","inLanguage":"fr-FR","@id":"https:\/\/serversmtp.com\/sv\/#\/schema\/logo\/image\/","url":"https:\/\/serversmtp.com\/wp-content\/uploads\/2021\/11\/og-image-2.jpg","contentUrl":"https:\/\/serversmtp.com\/wp-content\/uploads\/2021\/11\/og-image-2.jpg","width":1200,"height":1128,"caption":"Delivery Tech"},"image":{"@id":"https:\/\/serversmtp.com\/sv\/#\/schema\/logo\/image\/"}}]}},"_links":{"self":[{"href":"https:\/\/serversmtp.com\/fr\/wp-json\/wp\/v2\/pages\/1667"}],"collection":[{"href":"https:\/\/serversmtp.com\/fr\/wp-json\/wp\/v2\/pages"}],"about":[{"href":"https:\/\/serversmtp.com\/fr\/wp-json\/wp\/v2\/types\/page"}],"author":[{"embeddable":true,"href":"https:\/\/serversmtp.com\/fr\/wp-json\/wp\/v2\/users\/3"}],"replies":[{"embeddable":true,"href":"https:\/\/serversmtp.com\/fr\/wp-json\/wp\/v2\/comments?post=1667"}],"version-history":[{"count":1,"href":"https:\/\/serversmtp.com\/fr\/wp-json\/wp\/v2\/pages\/1667\/revisions"}],"predecessor-version":[{"id":1668,"href":"https:\/\/serversmtp.com\/fr\/wp-json\/wp\/v2\/pages\/1667\/revisions\/1668"}],"wp:attachment":[{"href":"https:\/\/serversmtp.com\/fr\/wp-json\/wp\/v2\/media?parent=1667"}],"curies":[{"name":"wp","href":"https:\/\/api.w.org\/{rel}","templated":true}]}}