{"id":1664,"date":"2018-03-29T17:18:35","date_gmt":"2018-03-29T15:18:35","guid":{"rendered":"https:\/\/dev.serversmtp.com\/?page_id=1664"},"modified":"2018-04-10T18:28:37","modified_gmt":"2018-04-10T16:28:37","slug":"serveur-smtp-sfr","status":"publish","type":"page","link":"https:\/\/serversmtp.com\/fr\/serveur-smtp-sfr\/","title":{"rendered":"Serveur SMTP Sfr"},"content":{"rendered":"<p>En configurant le <strong>serveur SMTP de Sfr<\/strong> vous pourrez envoyer des emails avec votre <strong>client de messagerie<\/strong> ou logiciel d&#8217;emailing (Mozilla Thunderbird, Microsoft Outlook, SendBlaster etc.). Il est tr\u00e8s facile: comme pour toute autre configuration de serveurs sortants, il vous suffit d&#8217;entrer les param\u00e8tres SMTP dans la fen\u00eatre relative:<\/p>\n<p><img decoding=\"async\" class=\"aligncenter wp-image-1635 size-full\" src=\"https:\/\/serversmtp.com\/wp-content\/uploads\/2018\/03\/configuration-serveur-smtp.png\" alt=\"\" width=\"371\" height=\"310\" srcset=\"https:\/\/serversmtp.com\/wp-content\/uploads\/2018\/03\/configuration-serveur-smtp.png 371w, https:\/\/serversmtp.com\/wp-content\/uploads\/2018\/03\/configuration-serveur-smtp-300x251.png 300w, https:\/\/serversmtp.com\/wp-content\/uploads\/2018\/03\/configuration-serveur-smtp-320x267.png 320w, https:\/\/serversmtp.com\/wp-content\/uploads\/2018\/03\/configuration-serveur-smtp-239x200.png 239w\" sizes=\"(max-width: 371px) 100vw, 371px\" \/><br \/>\nEt voici les <strong>d\u00e9tails SMTP de Sfr<\/strong>:<\/p>\n<ul>\n<li><strong>Nom du serveur SMTP Sfr<\/strong>: smtp.sfr.fr<\/li>\n<li><strong>Nom d&#8217;utilisateur SMTP Sfr<\/strong>: votre adresse email Sfr<\/li>\n<li><strong>Mot de passe SMTP Sfr<\/strong>: votre mot de passe<\/li>\n<li><strong>Port SMTP Orange<\/strong>: 25 ou 465<\/li>\n<\/ul>\n<p>Rappelez-vous cependant que si vous avez l&#8217;intention de planifier une <strong>campagne emailing en masse<\/strong> il ne faudrait pas opter pour le serveur SMTP de Sfr. En fait, comme n&#8217;importe quel autre fournisseur de SMTP gratuit (Gmail, Yahoo, Orange&#8230;) Sfr fixe une limite au nombre de personnes \u00e0 qui vous pouvez envoyer le m\u00eame message (en vue de dissuader les spammeurs). En outre, <strong>ce serveur SMTP n&#8217;est pas con\u00e7u pour garantir une d\u00e9livrabilit\u00e9 \u00e9lev\u00e9e<\/strong>: donc une certaine quantit\u00e9 de vos envois seront simplement perdus sans que vous ne sachiez rien.<\/p>\n<p>Nous vous donc conseillons d&#8217;essayer gratuitement notre <strong><a title=\"serveur SMTP\" href=\"\/fr\/tsmtpregistration1.php\">serveur SMTP professionel<\/a><\/strong> pour assurer que tous vos messages soient bien re\u00e7us par les destinataires.<\/p>\n","protected":false},"excerpt":{"rendered":"<p>En configurant le serveur SMTP de Sfr vous pourrez envoyer des emails avec votre client de messagerie ou logiciel d&#8217;emailing (Mozilla Thunderbird, Microsoft Outlook, SendBlaster etc.). Il est tr\u00e8s facile: comme pour toute autre configuration de serveurs sortants, il vous suffit d&#8217;entrer les param\u00e8tres SMTP dans la fen\u00eatre relative: Et voici les d\u00e9tails SMTP de &#8230; <\/p>\n<p class=\"read-more-container\"><a title=\"Serveur SMTP Sfr\" class=\"read-more button\" href=\"https:\/\/serversmtp.com\/fr\/serveur-smtp-sfr\/#more-1664\" aria-label=\"En savoir plus sur Serveur SMTP Sfr\">Discover more<\/a><\/p>\n","protected":false},"author":3,"featured_media":0,"parent":0,"menu_order":0,"comment_status":"closed","ping_status":"closed","template":"g1_template_page_sidebar_right.php","meta":{"_eb_attr":"","inline_featured_image":false,"_monsterinsights_skip_tracking":false,"_monsterinsights_sitenote_active":false,"_monsterinsights_sitenote_note":"","_monsterinsights_sitenote_category":0,"footnotes":""},"class_list":["post-1664","page","type-page","status-publish"],"yoast_head":"<!-- This site is optimized with the Yoast SEO plugin v25.3.1 - https:\/\/yoast.com\/wordpress\/plugins\/seo\/ -->\n<title>Serveur SMTP Sfr - smtp mail server - professional SMTP service provider<\/title>\n<meta name=\"robots\" content=\"index, follow, max-snippet:-1, max-image-preview:large, max-video-preview:-1\" \/>\n<link rel=\"canonical\" href=\"https:\/\/serversmtp.com\/fr\/serveur-smtp-sfr\/\" \/>\n<meta name=\"twitter:label1\" content=\"Dur\u00e9e de lecture estim\u00e9e\" \/>\n\t<meta name=\"twitter:data1\" content=\"1 minute\" \/>\n<!-- \/ Yoast SEO plugin. -->","yoast_head_json":{"title":"Serveur SMTP Sfr - smtp mail server - professional SMTP service provider","robots":{"index":"index","follow":"follow","max-snippet":"max-snippet:-1","max-image-preview":"max-image-preview:large","max-video-preview":"max-video-preview:-1"},"canonical":"https:\/\/serversmtp.com\/fr\/serveur-smtp-sfr\/","twitter_misc":{"Dur\u00e9e de lecture estim\u00e9e":"1 minute"},"schema":{"@context":"https:\/\/schema.org","@graph":[{"@type":"WebPage","@id":"https:\/\/serversmtp.com\/fr\/serveur-smtp-sfr\/","url":"https:\/\/serversmtp.com\/fr\/serveur-smtp-sfr\/","name":"Serveur SMTP Sfr - smtp mail server - professional SMTP service provider","isPartOf":{"@id":"https:\/\/serversmtp.com\/#website"},"primaryImageOfPage":{"@id":"https:\/\/serversmtp.com\/fr\/serveur-smtp-sfr\/#primaryimage"},"image":{"@id":"https:\/\/serversmtp.com\/fr\/serveur-smtp-sfr\/#primaryimage"},"thumbnailUrl":"https:\/\/serversmtp.com\/wp-content\/uploads\/2018\/03\/configuration-serveur-smtp.png","datePublished":"2018-03-29T15:18:35+00:00","dateModified":"2018-04-10T16:28:37+00:00","breadcrumb":{"@id":"https:\/\/serversmtp.com\/fr\/serveur-smtp-sfr\/#breadcrumb"},"inLanguage":"fr-FR","potentialAction":[{"@type":"ReadAction","target":["https:\/\/serversmtp.com\/fr\/serveur-smtp-sfr\/"]}]},{"@type":"ImageObject","inLanguage":"fr-FR","@id":"https:\/\/serversmtp.com\/fr\/serveur-smtp-sfr\/#primaryimage","url":"https:\/\/serversmtp.com\/wp-content\/uploads\/2018\/03\/configuration-serveur-smtp.png","contentUrl":"https:\/\/serversmtp.com\/wp-content\/uploads\/2018\/03\/configuration-serveur-smtp.png"},{"@type":"BreadcrumbList","@id":"https:\/\/serversmtp.com\/fr\/serveur-smtp-sfr\/#breadcrumb","itemListElement":[{"@type":"ListItem","position":1,"name":"Home","item":"https:\/\/serversmtp.com\/fr\/"},{"@type":"ListItem","position":2,"name":"Serveur SMTP Sfr"}]},{"@type":"WebSite","@id":"https:\/\/serversmtp.com\/#website","url":"https:\/\/serversmtp.com\/","name":"smtp mail server - professional SMTP service provider","description":"smtp mail server - professional SMTP service provider","publisher":{"@id":"https:\/\/serversmtp.com\/#organization"},"potentialAction":[{"@type":"SearchAction","target":{"@type":"EntryPoint","urlTemplate":"https:\/\/serversmtp.com\/?s={search_term_string}"},"query-input":{"@type":"PropertyValueSpecification","valueRequired":true,"valueName":"search_term_string"}}],"inLanguage":"fr-FR"},{"@type":"Organization","@id":"https:\/\/serversmtp.com\/#organization","name":"Delivery Tech","url":"https:\/\/serversmtp.com\/","logo":{"@type":"ImageObject","inLanguage":"fr-FR","@id":"https:\/\/serversmtp.com\/#\/schema\/logo\/image\/","url":"https:\/\/serversmtp.com\/wp-content\/uploads\/2021\/11\/og-image-2.jpg","contentUrl":"https:\/\/serversmtp.com\/wp-content\/uploads\/2021\/11\/og-image-2.jpg","width":1200,"height":1128,"caption":"Delivery Tech"},"image":{"@id":"https:\/\/serversmtp.com\/#\/schema\/logo\/image\/"}}]}},"_links":{"self":[{"href":"https:\/\/serversmtp.com\/fr\/wp-json\/wp\/v2\/pages\/1664"}],"collection":[{"href":"https:\/\/serversmtp.com\/fr\/wp-json\/wp\/v2\/pages"}],"about":[{"href":"https:\/\/serversmtp.com\/fr\/wp-json\/wp\/v2\/types\/page"}],"author":[{"embeddable":true,"href":"https:\/\/serversmtp.com\/fr\/wp-json\/wp\/v2\/users\/3"}],"replies":[{"embeddable":true,"href":"https:\/\/serversmtp.com\/fr\/wp-json\/wp\/v2\/comments?post=1664"}],"version-history":[{"count":2,"href":"https:\/\/serversmtp.com\/fr\/wp-json\/wp\/v2\/pages\/1664\/revisions"}],"predecessor-version":[{"id":1666,"href":"https:\/\/serversmtp.com\/fr\/wp-json\/wp\/v2\/pages\/1664\/revisions\/1666"}],"wp:attachment":[{"href":"https:\/\/serversmtp.com\/fr\/wp-json\/wp\/v2\/media?parent=1664"}],"curies":[{"name":"wp","href":"https:\/\/api.w.org\/{rel}","templated":true}]}}