{"id":1661,"date":"2018-03-29T17:12:39","date_gmt":"2018-03-29T15:12:39","guid":{"rendered":"https:\/\/dev.serversmtp.com\/?page_id=1661"},"modified":"2018-04-10T18:27:15","modified_gmt":"2018-04-10T16:27:15","slug":"serveur-smtp-bbox","status":"publish","type":"page","link":"https:\/\/serversmtp.com\/fr\/serveur-smtp-bbox\/","title":{"rendered":"Serveur SMTP Bbox"},"content":{"rendered":"<p>Si vous avez un <strong>account email Bbox<\/strong> et vous voulez configurer votre <strong>client de messagerie<\/strong> (Microsoft Outlook, Mozilla Thunderbird, etc) pour envoyer des mails, il vous suffit d&#8217;entrer les <strong>param\u00e8tres du SMTP de Bbox<\/strong> dans la fen\u00eatre de configuration du serveur sortant.<\/p>\n<p><img decoding=\"async\" class=\"aligncenter wp-image-1635 size-full\" src=\"https:\/\/serversmtp.com\/wp-content\/uploads\/2018\/03\/configuration-serveur-smtp.png\" alt=\"\" width=\"371\" height=\"310\" srcset=\"https:\/\/serversmtp.com\/wp-content\/uploads\/2018\/03\/configuration-serveur-smtp.png 371w, https:\/\/serversmtp.com\/wp-content\/uploads\/2018\/03\/configuration-serveur-smtp-300x251.png 300w, https:\/\/serversmtp.com\/wp-content\/uploads\/2018\/03\/configuration-serveur-smtp-320x267.png 320w, https:\/\/serversmtp.com\/wp-content\/uploads\/2018\/03\/configuration-serveur-smtp-239x200.png 239w\" sizes=\"(max-width: 371px) 100vw, 371px\" \/><\/p>\n<p>Et voici les d\u00e9tails SMTP de Bbox:<\/p>\n<ul>\n<li><strong>Nom du serveur SMTP Bbox<\/strong>: smtp.bbox.fr<\/li>\n<li><strong>Nom d&#8217;utilisateur SMTP Bbox<\/strong>: votre adresse email Bbox<\/li>\n<li><strong>Mot de passe SMTP Bbox<\/strong>: votre mot de passe<\/li>\n<li><strong>Port SMTP Bbox<\/strong>: 25 ou 465<\/li>\n<\/ul>\n<p>Il y a un point important \u00e0 souligner, cependant: si vous voulez faire de l&#8217;<strong>email marketing<\/strong> e donc envoyer un message en masse, vous devriez opter pour un <strong><a title=\"service SMTP professionnel\" href=\"\/fr\/tsmtpregistration1.php\">service SMTP professionnel<\/a><\/strong>.<\/p>\n<p>En fait, un service sortant normal comme le serveur SMTP de Bbox met une limite au nombre de personnes auxquelles vous pouvez envoyer le m\u00eame email (\u00e0 fin de dissuader les spammeurs), et aussi au nombre de message que vous pouvez envoyer par jour. En outre, en utilisant des IP partag\u00e9s,<strong> il ne peut garantir une bonne d\u00e9livrabilit\u00e9<\/strong> de vos emails (c&#8217;est \u00e0 dire, un certain nombre de vos messages sera tout simplement rejet\u00e9 par les filtres antispam).<\/p>\n<p>Pour arranger tout cela et oublier une fois par toute ce type de probl\u00e8mes d&#8217;envoi d&#8217;emails, vous pouvez choisir <strong><a title=\"turboSMTP\" href=\"\/fr\/tsmtpregistration1.php\">turboSMTP<\/a><\/strong> et acheter le plan meilleur pour vos besoins: en un clic vous serez certains que tous vos messages seront transfer\u00e9s correctement aux destinataires.<\/p>\n","protected":false},"excerpt":{"rendered":"<p>Si vous avez un account email Bbox et vous voulez configurer votre client de messagerie (Microsoft Outlook, Mozilla Thunderbird, etc) pour envoyer des mails, il vous suffit d&#8217;entrer les param\u00e8tres du SMTP de Bbox dans la fen\u00eatre de configuration du serveur sortant. Et voici les d\u00e9tails SMTP de Bbox: Nom du serveur SMTP Bbox: smtp.bbox.fr &#8230; <\/p>\n<p class=\"read-more-container\"><a title=\"Serveur SMTP Bbox\" class=\"read-more button\" href=\"https:\/\/serversmtp.com\/fr\/serveur-smtp-bbox\/#more-1661\" aria-label=\"En savoir plus sur Serveur SMTP Bbox\">Discover more<\/a><\/p>\n","protected":false},"author":3,"featured_media":0,"parent":0,"menu_order":0,"comment_status":"closed","ping_status":"closed","template":"g1_template_page_sidebar_right.php","meta":{"_eb_attr":"","inline_featured_image":false,"_monsterinsights_skip_tracking":false,"_monsterinsights_sitenote_active":false,"_monsterinsights_sitenote_note":"","_monsterinsights_sitenote_category":0,"footnotes":""},"class_list":["post-1661","page","type-page","status-publish"],"yoast_head":"<!-- This site is optimized with the Yoast SEO plugin v25.3.1 - https:\/\/yoast.com\/wordpress\/plugins\/seo\/ -->\n<title>Serveur SMTP Bbox - smtp mail server - professional SMTP service provider<\/title>\n<meta name=\"robots\" content=\"index, follow, max-snippet:-1, max-image-preview:large, max-video-preview:-1\" \/>\n<link rel=\"canonical\" href=\"https:\/\/serversmtp.com\/fr\/serveur-smtp-bbox\/\" \/>\n<meta name=\"twitter:label1\" content=\"Dur\u00e9e de lecture estim\u00e9e\" \/>\n\t<meta name=\"twitter:data1\" content=\"1 minute\" \/>\n<!-- \/ Yoast SEO plugin. -->","yoast_head_json":{"title":"Serveur SMTP Bbox - smtp mail server - professional SMTP service provider","robots":{"index":"index","follow":"follow","max-snippet":"max-snippet:-1","max-image-preview":"max-image-preview:large","max-video-preview":"max-video-preview:-1"},"canonical":"https:\/\/serversmtp.com\/fr\/serveur-smtp-bbox\/","twitter_misc":{"Dur\u00e9e de lecture estim\u00e9e":"1 minute"},"schema":{"@context":"https:\/\/schema.org","@graph":[{"@type":"WebPage","@id":"https:\/\/serversmtp.com\/fr\/serveur-smtp-bbox\/","url":"https:\/\/serversmtp.com\/fr\/serveur-smtp-bbox\/","name":"Serveur SMTP Bbox - smtp mail server - professional SMTP service provider","isPartOf":{"@id":"https:\/\/serversmtp.com\/sv\/#website"},"primaryImageOfPage":{"@id":"https:\/\/serversmtp.com\/fr\/serveur-smtp-bbox\/#primaryimage"},"image":{"@id":"https:\/\/serversmtp.com\/fr\/serveur-smtp-bbox\/#primaryimage"},"thumbnailUrl":"https:\/\/serversmtp.com\/wp-content\/uploads\/2018\/03\/configuration-serveur-smtp.png","datePublished":"2018-03-29T15:12:39+00:00","dateModified":"2018-04-10T16:27:15+00:00","breadcrumb":{"@id":"https:\/\/serversmtp.com\/fr\/serveur-smtp-bbox\/#breadcrumb"},"inLanguage":"fr-FR","potentialAction":[{"@type":"ReadAction","target":["https:\/\/serversmtp.com\/fr\/serveur-smtp-bbox\/"]}]},{"@type":"ImageObject","inLanguage":"fr-FR","@id":"https:\/\/serversmtp.com\/fr\/serveur-smtp-bbox\/#primaryimage","url":"https:\/\/serversmtp.com\/wp-content\/uploads\/2018\/03\/configuration-serveur-smtp.png","contentUrl":"https:\/\/serversmtp.com\/wp-content\/uploads\/2018\/03\/configuration-serveur-smtp.png"},{"@type":"BreadcrumbList","@id":"https:\/\/serversmtp.com\/fr\/serveur-smtp-bbox\/#breadcrumb","itemListElement":[{"@type":"ListItem","position":1,"name":"Home","item":"https:\/\/serversmtp.com\/fr\/"},{"@type":"ListItem","position":2,"name":"Serveur SMTP Bbox"}]},{"@type":"WebSite","@id":"https:\/\/serversmtp.com\/sv\/#website","url":"https:\/\/serversmtp.com\/sv\/","name":"smtp mail server - professional SMTP service provider","description":"smtp mail server - professional SMTP service provider","publisher":{"@id":"https:\/\/serversmtp.com\/sv\/#organization"},"potentialAction":[{"@type":"SearchAction","target":{"@type":"EntryPoint","urlTemplate":"https:\/\/serversmtp.com\/sv\/?s={search_term_string}"},"query-input":{"@type":"PropertyValueSpecification","valueRequired":true,"valueName":"search_term_string"}}],"inLanguage":"fr-FR"},{"@type":"Organization","@id":"https:\/\/serversmtp.com\/sv\/#organization","name":"Delivery Tech","url":"https:\/\/serversmtp.com\/sv\/","logo":{"@type":"ImageObject","inLanguage":"fr-FR","@id":"https:\/\/serversmtp.com\/sv\/#\/schema\/logo\/image\/","url":"https:\/\/serversmtp.com\/wp-content\/uploads\/2021\/11\/og-image-2.jpg","contentUrl":"https:\/\/serversmtp.com\/wp-content\/uploads\/2021\/11\/og-image-2.jpg","width":1200,"height":1128,"caption":"Delivery Tech"},"image":{"@id":"https:\/\/serversmtp.com\/sv\/#\/schema\/logo\/image\/"}}]}},"_links":{"self":[{"href":"https:\/\/serversmtp.com\/fr\/wp-json\/wp\/v2\/pages\/1661"}],"collection":[{"href":"https:\/\/serversmtp.com\/fr\/wp-json\/wp\/v2\/pages"}],"about":[{"href":"https:\/\/serversmtp.com\/fr\/wp-json\/wp\/v2\/types\/page"}],"author":[{"embeddable":true,"href":"https:\/\/serversmtp.com\/fr\/wp-json\/wp\/v2\/users\/3"}],"replies":[{"embeddable":true,"href":"https:\/\/serversmtp.com\/fr\/wp-json\/wp\/v2\/comments?post=1661"}],"version-history":[{"count":2,"href":"https:\/\/serversmtp.com\/fr\/wp-json\/wp\/v2\/pages\/1661\/revisions"}],"predecessor-version":[{"id":1663,"href":"https:\/\/serversmtp.com\/fr\/wp-json\/wp\/v2\/pages\/1661\/revisions\/1663"}],"wp:attachment":[{"href":"https:\/\/serversmtp.com\/fr\/wp-json\/wp\/v2\/media?parent=1661"}],"curies":[{"name":"wp","href":"https:\/\/api.w.org\/{rel}","templated":true}]}}