{"id":1658,"date":"2018-03-29T17:09:14","date_gmt":"2018-03-29T15:09:14","guid":{"rendered":"https:\/\/dev.serversmtp.com\/?page_id=1658"},"modified":"2018-04-10T18:26:05","modified_gmt":"2018-04-10T16:26:05","slug":"serveur-smtp-numericable","status":"publish","type":"page","link":"https:\/\/serversmtp.com\/fr\/serveur-smtp-numericable\/","title":{"rendered":"Serveur SMTP Numericable"},"content":{"rendered":"<p>Comme n&#8217;importe quel autre fournisseur de messagerie, le <strong>serveur SMTP de Numericable<\/strong> peut \u00eatre configur\u00e9 pour votre logiciel de messagerie afin de livrer des messages. Vous avez juste besoin d&#8217;ouvrir la fen\u00eatre de configuration de votre application email et entrer les <strong>param\u00e8tres SMTP<\/strong> de Numericable; les voil\u00e0:<\/p>\n<p><img decoding=\"async\" class=\"aligncenter wp-image-1635 size-full\" src=\"https:\/\/serversmtp.com\/wp-content\/uploads\/2018\/03\/configuration-serveur-smtp.png\" alt=\"\" width=\"371\" height=\"310\" srcset=\"https:\/\/serversmtp.com\/wp-content\/uploads\/2018\/03\/configuration-serveur-smtp.png 371w, https:\/\/serversmtp.com\/wp-content\/uploads\/2018\/03\/configuration-serveur-smtp-300x251.png 300w, https:\/\/serversmtp.com\/wp-content\/uploads\/2018\/03\/configuration-serveur-smtp-320x267.png 320w, https:\/\/serversmtp.com\/wp-content\/uploads\/2018\/03\/configuration-serveur-smtp-239x200.png 239w\" sizes=\"(max-width: 371px) 100vw, 371px\" \/><\/p>\n<ul>\n<li><strong>Nom du serveur SMTP Numericable<\/strong>: smtp.numericable.fr<\/li>\n<li><strong>Nom d&#8217;utilisateur SMTP Numericable<\/strong>: votre adresse email Numericable<\/li>\n<li><strong>Mot de passe SMTP Numericable<\/strong>: votre mot de passe<\/li>\n<li><strong>Port SMTP Numericable<\/strong>: 25 ou 465<\/li>\n<\/ul>\n<p>Ensuite, vous pouvez choisir votre s\u00e9curit\u00e9 et les sp\u00e9cificit\u00e9s d&#8217;authentification: et bien s\u00fbr, vous pouvez aussi utiliser d\u00e9tails POP de Numericable pour recevoir des courriels.<\/p>\n<p>Cependant, n&#8217;oubliez pas que si vous avez l&#8217;intention de mettre en place une <strong>campagne d&#8217;emai marketing<\/strong> ou d&#8217;envoyer un message en masse, s&#8217;appuyer sur un serveur SMTP moyen n&#8217;est pas le meilleur choix: les <strong>serveurs sortants<\/strong> de Numericable ou Yahoo ou Hotmail n&#8217;ont pas \u00e9t\u00e9 con\u00e7us pour cela et peuvent provoquer des graves probl\u00e8mes de <strong>d\u00e9livrabilit\u00e9<\/strong>.<\/p>\n<p>Au contraire, la meilleure solution est d&#8217;opter pour un service SMTP professionnel comme <strong><a title=\"service SMTP\" href=\"\/fr\/tsmtpregistration1.php\">turboSMTP<\/a><\/strong>: vous serez en mesure d&#8217;envoyer des courriels illimit\u00e9s sans soucis.<\/p>\n","protected":false},"excerpt":{"rendered":"<p>Comme n&#8217;importe quel autre fournisseur de messagerie, le serveur SMTP de Numericable peut \u00eatre configur\u00e9 pour votre logiciel de messagerie afin de livrer des messages. Vous avez juste besoin d&#8217;ouvrir la fen\u00eatre de configuration de votre application email et entrer les param\u00e8tres SMTP de Numericable; les voil\u00e0: Nom du serveur SMTP Numericable: smtp.numericable.fr Nom d&#8217;utilisateur &#8230; <\/p>\n<p class=\"read-more-container\"><a title=\"Serveur SMTP Numericable\" class=\"read-more button\" href=\"https:\/\/serversmtp.com\/fr\/serveur-smtp-numericable\/#more-1658\" aria-label=\"En savoir plus sur Serveur SMTP Numericable\">Discover more<\/a><\/p>\n","protected":false},"author":3,"featured_media":0,"parent":0,"menu_order":0,"comment_status":"closed","ping_status":"closed","template":"g1_template_page_sidebar_right.php","meta":{"_eb_attr":"","inline_featured_image":false,"_monsterinsights_skip_tracking":false,"_monsterinsights_sitenote_active":false,"_monsterinsights_sitenote_note":"","_monsterinsights_sitenote_category":0,"footnotes":""},"class_list":["post-1658","page","type-page","status-publish"],"yoast_head":"<!-- This site is optimized with the Yoast SEO plugin v25.3.1 - https:\/\/yoast.com\/wordpress\/plugins\/seo\/ -->\n<title>Serveur SMTP Numericable - smtp mail server - professional SMTP service provider<\/title>\n<meta name=\"robots\" content=\"index, follow, max-snippet:-1, max-image-preview:large, max-video-preview:-1\" \/>\n<link rel=\"canonical\" href=\"https:\/\/serversmtp.com\/fr\/serveur-smtp-numericable\/\" \/>\n<meta name=\"twitter:label1\" content=\"Dur\u00e9e de lecture estim\u00e9e\" \/>\n\t<meta name=\"twitter:data1\" content=\"1 minute\" \/>\n<!-- \/ Yoast SEO plugin. -->","yoast_head_json":{"title":"Serveur SMTP Numericable - smtp mail server - professional SMTP service provider","robots":{"index":"index","follow":"follow","max-snippet":"max-snippet:-1","max-image-preview":"max-image-preview:large","max-video-preview":"max-video-preview:-1"},"canonical":"https:\/\/serversmtp.com\/fr\/serveur-smtp-numericable\/","twitter_misc":{"Dur\u00e9e de lecture estim\u00e9e":"1 minute"},"schema":{"@context":"https:\/\/schema.org","@graph":[{"@type":"WebPage","@id":"https:\/\/serversmtp.com\/fr\/serveur-smtp-numericable\/","url":"https:\/\/serversmtp.com\/fr\/serveur-smtp-numericable\/","name":"Serveur SMTP Numericable - smtp mail server - professional SMTP service provider","isPartOf":{"@id":"https:\/\/serversmtp.com\/it\/#website"},"primaryImageOfPage":{"@id":"https:\/\/serversmtp.com\/fr\/serveur-smtp-numericable\/#primaryimage"},"image":{"@id":"https:\/\/serversmtp.com\/fr\/serveur-smtp-numericable\/#primaryimage"},"thumbnailUrl":"https:\/\/serversmtp.com\/wp-content\/uploads\/2018\/03\/configuration-serveur-smtp.png","datePublished":"2018-03-29T15:09:14+00:00","dateModified":"2018-04-10T16:26:05+00:00","breadcrumb":{"@id":"https:\/\/serversmtp.com\/fr\/serveur-smtp-numericable\/#breadcrumb"},"inLanguage":"fr-FR","potentialAction":[{"@type":"ReadAction","target":["https:\/\/serversmtp.com\/fr\/serveur-smtp-numericable\/"]}]},{"@type":"ImageObject","inLanguage":"fr-FR","@id":"https:\/\/serversmtp.com\/fr\/serveur-smtp-numericable\/#primaryimage","url":"https:\/\/serversmtp.com\/wp-content\/uploads\/2018\/03\/configuration-serveur-smtp.png","contentUrl":"https:\/\/serversmtp.com\/wp-content\/uploads\/2018\/03\/configuration-serveur-smtp.png"},{"@type":"BreadcrumbList","@id":"https:\/\/serversmtp.com\/fr\/serveur-smtp-numericable\/#breadcrumb","itemListElement":[{"@type":"ListItem","position":1,"name":"Home","item":"https:\/\/serversmtp.com\/fr\/"},{"@type":"ListItem","position":2,"name":"Serveur SMTP Numericable"}]},{"@type":"WebSite","@id":"https:\/\/serversmtp.com\/it\/#website","url":"https:\/\/serversmtp.com\/it\/","name":"smtp mail server - professional SMTP service provider","description":"smtp mail server - professional SMTP service provider","publisher":{"@id":"https:\/\/serversmtp.com\/it\/#organization"},"potentialAction":[{"@type":"SearchAction","target":{"@type":"EntryPoint","urlTemplate":"https:\/\/serversmtp.com\/it\/?s={search_term_string}"},"query-input":{"@type":"PropertyValueSpecification","valueRequired":true,"valueName":"search_term_string"}}],"inLanguage":"fr-FR"},{"@type":"Organization","@id":"https:\/\/serversmtp.com\/it\/#organization","name":"Delivery Tech","url":"https:\/\/serversmtp.com\/it\/","logo":{"@type":"ImageObject","inLanguage":"fr-FR","@id":"https:\/\/serversmtp.com\/it\/#\/schema\/logo\/image\/","url":"https:\/\/serversmtp.com\/wp-content\/uploads\/2021\/11\/og-image-2.jpg","contentUrl":"https:\/\/serversmtp.com\/wp-content\/uploads\/2021\/11\/og-image-2.jpg","width":1200,"height":1128,"caption":"Delivery Tech"},"image":{"@id":"https:\/\/serversmtp.com\/it\/#\/schema\/logo\/image\/"}}]}},"_links":{"self":[{"href":"https:\/\/serversmtp.com\/fr\/wp-json\/wp\/v2\/pages\/1658"}],"collection":[{"href":"https:\/\/serversmtp.com\/fr\/wp-json\/wp\/v2\/pages"}],"about":[{"href":"https:\/\/serversmtp.com\/fr\/wp-json\/wp\/v2\/types\/page"}],"author":[{"embeddable":true,"href":"https:\/\/serversmtp.com\/fr\/wp-json\/wp\/v2\/users\/3"}],"replies":[{"embeddable":true,"href":"https:\/\/serversmtp.com\/fr\/wp-json\/wp\/v2\/comments?post=1658"}],"version-history":[{"count":2,"href":"https:\/\/serversmtp.com\/fr\/wp-json\/wp\/v2\/pages\/1658\/revisions"}],"predecessor-version":[{"id":1660,"href":"https:\/\/serversmtp.com\/fr\/wp-json\/wp\/v2\/pages\/1658\/revisions\/1660"}],"wp:attachment":[{"href":"https:\/\/serversmtp.com\/fr\/wp-json\/wp\/v2\/media?parent=1658"}],"curies":[{"name":"wp","href":"https:\/\/api.w.org\/{rel}","templated":true}]}}