{"id":1646,"date":"2018-03-29T16:54:18","date_gmt":"2018-03-29T14:54:18","guid":{"rendered":"https:\/\/dev.serversmtp.com\/?page_id=1646"},"modified":"2022-02-10T16:47:11","modified_gmt":"2022-02-10T15:47:11","slug":"serveur-smtp-yahoo","status":"publish","type":"page","link":"https:\/\/serversmtp.com\/fr\/serveur-smtp-yahoo\/","title":{"rendered":"Serveur SMTP Yahoo"},"content":{"rendered":"<p>Vous pouvez utiliser votre compte <strong>Yahoo Mail<\/strong> aussi pour envoyer des emails \u00e0 partir d&#8217;un <strong>client de messagerie<\/strong> &#8211; comme Mozilla Thunderbird ou Microsoft Outlook \u2013 eb employant le<strong> serveur SMTP de Yahoo<\/strong>.<\/p>\n<p>Pourvu que vous avez d\u00e9j\u00e0 une adresse sur Yahoo, pour configurer le serveur sortant de Yahoo il vous suffit d&#8217;ouvrir la votre fen\u00eatre de configuration du client de messagerie:<\/p>\n<p><img decoding=\"async\" class=\"aligncenter wp-image-1635 size-full\" src=\"https:\/\/serversmtp.com\/wp-content\/uploads\/2018\/03\/configuration-serveur-smtp.png\" alt=\"\" width=\"371\" height=\"310\" srcset=\"https:\/\/serversmtp.com\/wp-content\/uploads\/2018\/03\/configuration-serveur-smtp.png 371w, https:\/\/serversmtp.com\/wp-content\/uploads\/2018\/03\/configuration-serveur-smtp-300x251.png 300w, https:\/\/serversmtp.com\/wp-content\/uploads\/2018\/03\/configuration-serveur-smtp-320x267.png 320w, https:\/\/serversmtp.com\/wp-content\/uploads\/2018\/03\/configuration-serveur-smtp-239x200.png 239w\" sizes=\"(max-width: 371px) 100vw, 371px\" \/><\/p>\n<p>et ins\u00e9rer les param\u00e8tres suivants:<\/p>\n<ul>\n<li><strong>Nom du serveur SMTP Yahoo<\/strong>: mail.yahoo.fr<\/li>\n<li><strong>Nom d&#8217;utilisateur SMTP Yahoo<\/strong>: votre adresse Yahoo<\/li>\n<li><strong>Mot de passe SMTP Yahoo<\/strong>: votre mot de passe<\/li>\n<li><strong>Port SMTP Yahoo<\/strong>: 25 ou 465<\/li>\n<\/ul>\n<p>Rappelez-vous cependant que, comme tous les grands fournisseurs de messagerie, le serveur SMTP de Yahoo a une <strong>limite de 500 emails sortants par jour<\/strong> (et chaque message peut \u00eatre envoy\u00e9 \u00e0 <strong>100 destinataires<\/strong> au maximum), afin d&#8217;emp\u00eacher que les spammeurs utilisent ce service pour envoyer des messages non sollicit\u00e9s.<\/p>\n<p>Donc, si vous avez besoin d&#8217;envoyer un email massif \u00e0 une grande liste de comptes \u2013 par exemple si vous mettez en place une <strong>campagne marketing<\/strong> \u2013 vous devriez passer \u00e0 un <strong><a title=\"serveur SMTP professionnel\" href=\"\/fr\/tsmtpregistration1.php\">serveur professionel<\/a><\/strong> comme turboSMTP.<\/p>\n<p>En fait, turboSMTP vous permet de g\u00e9rer facilement vos envois et d&#8217;envoyer des messages illimit\u00e9s: et surtout, il garantit une <strong>d\u00e9livrabilit\u00e9 plus \u00e9lev\u00e9e<\/strong> car il repose uniquement sur des adresses IP contr\u00f4l\u00e9es.<\/p>\n","protected":false},"excerpt":{"rendered":"<p>Vous pouvez utiliser votre compte Yahoo Mail aussi pour envoyer des emails \u00e0 partir d&#8217;un client de messagerie &#8211; comme Mozilla Thunderbird ou Microsoft Outlook \u2013 eb employant le serveur SMTP de Yahoo. Pourvu que vous avez d\u00e9j\u00e0 une adresse sur Yahoo, pour configurer le serveur sortant de Yahoo il vous suffit d&#8217;ouvrir la votre &#8230; <\/p>\n<p class=\"read-more-container\"><a title=\"Serveur SMTP Yahoo\" class=\"read-more button\" href=\"https:\/\/serversmtp.com\/fr\/serveur-smtp-yahoo\/#more-1646\" aria-label=\"En savoir plus sur Serveur SMTP Yahoo\">Discover more<\/a><\/p>\n","protected":false},"author":3,"featured_media":0,"parent":0,"menu_order":0,"comment_status":"closed","ping_status":"closed","template":"","meta":{"_eb_attr":"","inline_featured_image":false,"_monsterinsights_skip_tracking":false,"_monsterinsights_sitenote_active":false,"_monsterinsights_sitenote_note":"","_monsterinsights_sitenote_category":0,"footnotes":""},"class_list":["post-1646","page","type-page","status-publish"],"yoast_head":"<!-- This site is optimized with the Yoast SEO plugin v25.3.1 - https:\/\/yoast.com\/wordpress\/plugins\/seo\/ -->\n<title>Comment configurer le serveur SMTP de Yahoo<\/title>\n<meta name=\"description\" content=\"D\u00e9couvrez comment configurer le serveur SMTP sortant de Yahoo en suivant notre guide. C&#039;est tr\u00e8s facile!\" \/>\n<meta name=\"robots\" content=\"index, follow, max-snippet:-1, max-image-preview:large, max-video-preview:-1\" \/>\n<link rel=\"canonical\" href=\"https:\/\/serversmtp.com\/fr\/serveur-smtp-yahoo\/\" \/>\n<meta name=\"twitter:label1\" content=\"Dur\u00e9e de lecture estim\u00e9e\" \/>\n\t<meta name=\"twitter:data1\" content=\"1 minute\" \/>\n<!-- \/ Yoast SEO plugin. -->","yoast_head_json":{"title":"Comment configurer le serveur SMTP de Yahoo","description":"D\u00e9couvrez comment configurer le serveur SMTP sortant de Yahoo en suivant notre guide. C'est tr\u00e8s facile!","robots":{"index":"index","follow":"follow","max-snippet":"max-snippet:-1","max-image-preview":"max-image-preview:large","max-video-preview":"max-video-preview:-1"},"canonical":"https:\/\/serversmtp.com\/fr\/serveur-smtp-yahoo\/","twitter_misc":{"Dur\u00e9e de lecture estim\u00e9e":"1 minute"},"schema":{"@context":"https:\/\/schema.org","@graph":[{"@type":"WebPage","@id":"https:\/\/serversmtp.com\/fr\/serveur-smtp-yahoo\/","url":"https:\/\/serversmtp.com\/fr\/serveur-smtp-yahoo\/","name":"Comment configurer le serveur SMTP de Yahoo","isPartOf":{"@id":"https:\/\/serversmtp.com\/de\/#website"},"primaryImageOfPage":{"@id":"https:\/\/serversmtp.com\/fr\/serveur-smtp-yahoo\/#primaryimage"},"image":{"@id":"https:\/\/serversmtp.com\/fr\/serveur-smtp-yahoo\/#primaryimage"},"thumbnailUrl":"https:\/\/serversmtp.com\/wp-content\/uploads\/2018\/03\/configuration-serveur-smtp.png","datePublished":"2018-03-29T14:54:18+00:00","dateModified":"2022-02-10T15:47:11+00:00","description":"D\u00e9couvrez comment configurer le serveur SMTP sortant de Yahoo en suivant notre guide. C'est tr\u00e8s facile!","breadcrumb":{"@id":"https:\/\/serversmtp.com\/fr\/serveur-smtp-yahoo\/#breadcrumb"},"inLanguage":"fr-FR","potentialAction":[{"@type":"ReadAction","target":["https:\/\/serversmtp.com\/fr\/serveur-smtp-yahoo\/"]}]},{"@type":"ImageObject","inLanguage":"fr-FR","@id":"https:\/\/serversmtp.com\/fr\/serveur-smtp-yahoo\/#primaryimage","url":"https:\/\/serversmtp.com\/wp-content\/uploads\/2018\/03\/configuration-serveur-smtp.png","contentUrl":"https:\/\/serversmtp.com\/wp-content\/uploads\/2018\/03\/configuration-serveur-smtp.png"},{"@type":"BreadcrumbList","@id":"https:\/\/serversmtp.com\/fr\/serveur-smtp-yahoo\/#breadcrumb","itemListElement":[{"@type":"ListItem","position":1,"name":"Home","item":"https:\/\/serversmtp.com\/fr\/"},{"@type":"ListItem","position":2,"name":"Serveur SMTP Yahoo"}]},{"@type":"WebSite","@id":"https:\/\/serversmtp.com\/de\/#website","url":"https:\/\/serversmtp.com\/de\/","name":"smtp mail server - professional SMTP service provider","description":"smtp mail server - professional SMTP service provider","publisher":{"@id":"https:\/\/serversmtp.com\/de\/#organization"},"potentialAction":[{"@type":"SearchAction","target":{"@type":"EntryPoint","urlTemplate":"https:\/\/serversmtp.com\/de\/?s={search_term_string}"},"query-input":{"@type":"PropertyValueSpecification","valueRequired":true,"valueName":"search_term_string"}}],"inLanguage":"fr-FR"},{"@type":"Organization","@id":"https:\/\/serversmtp.com\/de\/#organization","name":"Delivery Tech","url":"https:\/\/serversmtp.com\/de\/","logo":{"@type":"ImageObject","inLanguage":"fr-FR","@id":"https:\/\/serversmtp.com\/de\/#\/schema\/logo\/image\/","url":"https:\/\/serversmtp.com\/wp-content\/uploads\/2021\/11\/og-image-2.jpg","contentUrl":"https:\/\/serversmtp.com\/wp-content\/uploads\/2021\/11\/og-image-2.jpg","width":1200,"height":1128,"caption":"Delivery Tech"},"image":{"@id":"https:\/\/serversmtp.com\/de\/#\/schema\/logo\/image\/"}}]}},"_links":{"self":[{"href":"https:\/\/serversmtp.com\/fr\/wp-json\/wp\/v2\/pages\/1646"}],"collection":[{"href":"https:\/\/serversmtp.com\/fr\/wp-json\/wp\/v2\/pages"}],"about":[{"href":"https:\/\/serversmtp.com\/fr\/wp-json\/wp\/v2\/types\/page"}],"author":[{"embeddable":true,"href":"https:\/\/serversmtp.com\/fr\/wp-json\/wp\/v2\/users\/3"}],"replies":[{"embeddable":true,"href":"https:\/\/serversmtp.com\/fr\/wp-json\/wp\/v2\/comments?post=1646"}],"version-history":[{"count":2,"href":"https:\/\/serversmtp.com\/fr\/wp-json\/wp\/v2\/pages\/1646\/revisions"}],"predecessor-version":[{"id":1648,"href":"https:\/\/serversmtp.com\/fr\/wp-json\/wp\/v2\/pages\/1646\/revisions\/1648"}],"wp:attachment":[{"href":"https:\/\/serversmtp.com\/fr\/wp-json\/wp\/v2\/media?parent=1646"}],"curies":[{"name":"wp","href":"https:\/\/api.w.org\/{rel}","templated":true}]}}