{"id":1642,"date":"2018-03-29T16:47:04","date_gmt":"2018-03-29T14:47:04","guid":{"rendered":"https:\/\/dev.serversmtp.com\/?page_id=1642"},"modified":"2022-02-10T16:45:12","modified_gmt":"2022-02-10T15:45:12","slug":"serveur-smtp-hotmail","status":"publish","type":"page","link":"https:\/\/serversmtp.com\/fr\/serveur-smtp-hotmail\/","title":{"rendered":"Serveur SMTP Hotmail"},"content":{"rendered":"<p>Le services webmail comme <strong>Hotmail<\/strong> sont parfaits pour voir votre adresse en ligne, mais peut-\u00eatre vous voulez envoyer des emails avec un logiciel comme Mozilla Thunderbird ou Microsoft Outlook.<\/p>\n<p>Pour \u00e7a faire, il faut configurer le <strong>serveur SMTP de Hotmail<\/strong>. C&#8217;est tr\u00e8s facile; vous aurez juste besoin d&#8217;ouvrir le panneau de <strong>configuration du serveur sortant<\/strong> de votre application:<\/p>\n<p><img decoding=\"async\" class=\"aligncenter wp-image-1635 size-full\" src=\"https:\/\/serversmtp.com\/wp-content\/uploads\/2018\/03\/configuration-serveur-smtp.png\" alt=\"\" width=\"371\" height=\"310\" srcset=\"https:\/\/serversmtp.com\/wp-content\/uploads\/2018\/03\/configuration-serveur-smtp.png 371w, https:\/\/serversmtp.com\/wp-content\/uploads\/2018\/03\/configuration-serveur-smtp-300x251.png 300w, https:\/\/serversmtp.com\/wp-content\/uploads\/2018\/03\/configuration-serveur-smtp-320x267.png 320w, https:\/\/serversmtp.com\/wp-content\/uploads\/2018\/03\/configuration-serveur-smtp-239x200.png 239w\" sizes=\"(max-width: 371px) 100vw, 371px\" \/><\/p>\n<p>et ins\u00e9rer les param\u00e8tres de l&#8217;SMTP de Windows Live \/ Hotmail:<\/p>\n<ul>\n<li><strong>Nom du serveur SMTP Hotmail<\/strong>: smtp.live.com<\/li>\n<li><strong>Nom d&#8217;utilisateur SMTP Hotmail<\/strong>: votre adresse Hotmail<\/li>\n<li><strong>Mot de passe SMTP Hotmail<\/strong>: votre mot de passe<\/li>\n<li><strong>Port SMTP Hotmail:<\/strong> 25 ou 465<\/li>\n<\/ul>\n<p>Malheureusement, le SMTP de Hotmail met une <strong>limite sur les emails sortants<\/strong>, pour dissuader les spammeurs d&#8217;en profiter: vous pouvez envoyer un maximum de 300 messages par jour et jusqu&#8217;\u00e0 100 destinataires par message.<\/p>\n<p>Donc si vous mettez en place une <strong>campagne de marketing par courriel<\/strong>\u00a0il faut compter sur un\u00a0<strong><a title=\"service SMTP professionnel\" href=\"\/fr\/tsmtpregistration1.php\">serveur sortant professionnel<\/a><\/strong> comme turboSMTP. Cela vous permettra d&#8217;envoyer des message en nombre avecla certitude qu&#8217;ils arrivent toujours \u00e0 destination.<\/p>\n","protected":false},"excerpt":{"rendered":"<p>Le services webmail comme Hotmail sont parfaits pour voir votre adresse en ligne, mais peut-\u00eatre vous voulez envoyer des emails avec un logiciel comme Mozilla Thunderbird ou Microsoft Outlook. Pour \u00e7a faire, il faut configurer le serveur SMTP de Hotmail. C&#8217;est tr\u00e8s facile; vous aurez juste besoin d&#8217;ouvrir le panneau de configuration du serveur sortant &#8230; <\/p>\n<p class=\"read-more-container\"><a title=\"Serveur SMTP Hotmail\" class=\"read-more button\" href=\"https:\/\/serversmtp.com\/fr\/serveur-smtp-hotmail\/#more-1642\" aria-label=\"En savoir plus sur Serveur SMTP Hotmail\">Discover more<\/a><\/p>\n","protected":false},"author":3,"featured_media":0,"parent":0,"menu_order":0,"comment_status":"closed","ping_status":"closed","template":"","meta":{"_eb_attr":"","inline_featured_image":false,"_monsterinsights_skip_tracking":false,"_monsterinsights_sitenote_active":false,"_monsterinsights_sitenote_note":"","_monsterinsights_sitenote_category":0,"footnotes":""},"class_list":["post-1642","page","type-page","status-publish"],"yoast_head":"<!-- This site is optimized with the Yoast SEO plugin v25.3.1 - https:\/\/yoast.com\/wordpress\/plugins\/seo\/ -->\n<title>Serveur SMTP Hotmail - smtp mail server - professional SMTP service provider<\/title>\n<meta name=\"description\" content=\"Voici comment configurer le serveur SMTP de Hotmail.\" \/>\n<meta name=\"robots\" content=\"index, follow, max-snippet:-1, max-image-preview:large, max-video-preview:-1\" \/>\n<link rel=\"canonical\" href=\"https:\/\/serversmtp.com\/fr\/serveur-smtp-hotmail\/\" \/>\n<meta name=\"twitter:label1\" content=\"Dur\u00e9e de lecture estim\u00e9e\" \/>\n\t<meta name=\"twitter:data1\" content=\"1 minute\" \/>\n<!-- \/ Yoast SEO plugin. -->","yoast_head_json":{"title":"Serveur SMTP Hotmail - smtp mail server - professional SMTP service provider","description":"Voici comment configurer le serveur SMTP de Hotmail.","robots":{"index":"index","follow":"follow","max-snippet":"max-snippet:-1","max-image-preview":"max-image-preview:large","max-video-preview":"max-video-preview:-1"},"canonical":"https:\/\/serversmtp.com\/fr\/serveur-smtp-hotmail\/","twitter_misc":{"Dur\u00e9e de lecture estim\u00e9e":"1 minute"},"schema":{"@context":"https:\/\/schema.org","@graph":[{"@type":"WebPage","@id":"https:\/\/serversmtp.com\/fr\/serveur-smtp-hotmail\/","url":"https:\/\/serversmtp.com\/fr\/serveur-smtp-hotmail\/","name":"Serveur SMTP Hotmail - smtp mail server - professional SMTP service provider","isPartOf":{"@id":"https:\/\/serversmtp.com\/it\/#website"},"primaryImageOfPage":{"@id":"https:\/\/serversmtp.com\/fr\/serveur-smtp-hotmail\/#primaryimage"},"image":{"@id":"https:\/\/serversmtp.com\/fr\/serveur-smtp-hotmail\/#primaryimage"},"thumbnailUrl":"https:\/\/serversmtp.com\/wp-content\/uploads\/2018\/03\/configuration-serveur-smtp.png","datePublished":"2018-03-29T14:47:04+00:00","dateModified":"2022-02-10T15:45:12+00:00","description":"Voici comment configurer le serveur SMTP de Hotmail.","breadcrumb":{"@id":"https:\/\/serversmtp.com\/fr\/serveur-smtp-hotmail\/#breadcrumb"},"inLanguage":"fr-FR","potentialAction":[{"@type":"ReadAction","target":["https:\/\/serversmtp.com\/fr\/serveur-smtp-hotmail\/"]}]},{"@type":"ImageObject","inLanguage":"fr-FR","@id":"https:\/\/serversmtp.com\/fr\/serveur-smtp-hotmail\/#primaryimage","url":"https:\/\/serversmtp.com\/wp-content\/uploads\/2018\/03\/configuration-serveur-smtp.png","contentUrl":"https:\/\/serversmtp.com\/wp-content\/uploads\/2018\/03\/configuration-serveur-smtp.png"},{"@type":"BreadcrumbList","@id":"https:\/\/serversmtp.com\/fr\/serveur-smtp-hotmail\/#breadcrumb","itemListElement":[{"@type":"ListItem","position":1,"name":"Home","item":"https:\/\/serversmtp.com\/fr\/"},{"@type":"ListItem","position":2,"name":"Serveur SMTP Hotmail"}]},{"@type":"WebSite","@id":"https:\/\/serversmtp.com\/it\/#website","url":"https:\/\/serversmtp.com\/it\/","name":"smtp mail server - professional SMTP service provider","description":"smtp mail server - professional SMTP service provider","publisher":{"@id":"https:\/\/serversmtp.com\/it\/#organization"},"potentialAction":[{"@type":"SearchAction","target":{"@type":"EntryPoint","urlTemplate":"https:\/\/serversmtp.com\/it\/?s={search_term_string}"},"query-input":{"@type":"PropertyValueSpecification","valueRequired":true,"valueName":"search_term_string"}}],"inLanguage":"fr-FR"},{"@type":"Organization","@id":"https:\/\/serversmtp.com\/it\/#organization","name":"Delivery Tech","url":"https:\/\/serversmtp.com\/it\/","logo":{"@type":"ImageObject","inLanguage":"fr-FR","@id":"https:\/\/serversmtp.com\/it\/#\/schema\/logo\/image\/","url":"https:\/\/serversmtp.com\/wp-content\/uploads\/2021\/11\/og-image-2.jpg","contentUrl":"https:\/\/serversmtp.com\/wp-content\/uploads\/2021\/11\/og-image-2.jpg","width":1200,"height":1128,"caption":"Delivery Tech"},"image":{"@id":"https:\/\/serversmtp.com\/it\/#\/schema\/logo\/image\/"}}]}},"_links":{"self":[{"href":"https:\/\/serversmtp.com\/fr\/wp-json\/wp\/v2\/pages\/1642"}],"collection":[{"href":"https:\/\/serversmtp.com\/fr\/wp-json\/wp\/v2\/pages"}],"about":[{"href":"https:\/\/serversmtp.com\/fr\/wp-json\/wp\/v2\/types\/page"}],"author":[{"embeddable":true,"href":"https:\/\/serversmtp.com\/fr\/wp-json\/wp\/v2\/users\/3"}],"replies":[{"embeddable":true,"href":"https:\/\/serversmtp.com\/fr\/wp-json\/wp\/v2\/comments?post=1642"}],"version-history":[{"count":3,"href":"https:\/\/serversmtp.com\/fr\/wp-json\/wp\/v2\/pages\/1642\/revisions"}],"predecessor-version":[{"id":1645,"href":"https:\/\/serversmtp.com\/fr\/wp-json\/wp\/v2\/pages\/1642\/revisions\/1645"}],"wp:attachment":[{"href":"https:\/\/serversmtp.com\/fr\/wp-json\/wp\/v2\/media?parent=1642"}],"curies":[{"name":"wp","href":"https:\/\/api.w.org\/{rel}","templated":true}]}}