{"id":1633,"date":"2018-03-29T16:32:45","date_gmt":"2018-03-29T14:32:45","guid":{"rendered":"https:\/\/dev.serversmtp.com\/?page_id=1633"},"modified":"2022-02-10T16:43:31","modified_gmt":"2022-02-10T15:43:31","slug":"configuration-smtp-gmail","status":"publish","type":"page","link":"https:\/\/serversmtp.com\/fr\/configuration-smtp-gmail\/","title":{"rendered":"Configuration serveur SMTP Gmail"},"content":{"rendered":"<p><strong>Gmail<\/strong> est une application de webmail fantastique, mais certaines personnes trouvent plus pratique d&#8217;acc\u00e9der \u00e0 leur propre bo\u00eete de r\u00e9ception \u00e0 partir d&#8217;un <strong>client de messagerie<\/strong> comme Mozilla Thunderbird ou Microsoft Outlook et de g\u00e9rer leur compte sur le bureau. Pour \u00e7a faire il faut <strong>configurer le serveur SMTP de Gmail <\/strong>sur le client. Il est tr\u00e8s simple: ouvrez le panneau de configuration:<\/p>\n<p><img decoding=\"async\" class=\"aligncenter wp-image-1635 size-full\" src=\"https:\/\/serversmtp.com\/wp-content\/uploads\/2018\/03\/configuration-serveur-smtp.png\" alt=\"\" width=\"371\" height=\"310\" srcset=\"https:\/\/serversmtp.com\/wp-content\/uploads\/2018\/03\/configuration-serveur-smtp.png 371w, https:\/\/serversmtp.com\/wp-content\/uploads\/2018\/03\/configuration-serveur-smtp-300x251.png 300w, https:\/\/serversmtp.com\/wp-content\/uploads\/2018\/03\/configuration-serveur-smtp-320x267.png 320w, https:\/\/serversmtp.com\/wp-content\/uploads\/2018\/03\/configuration-serveur-smtp-239x200.png 239w\" sizes=\"(max-width: 371px) 100vw, 371px\" \/><\/p>\n<p>et remplissez les champs avec les param\u00e8tres du serveur SMTP de Gmail, qui sont:<\/p>\n<ul>\n<li><strong>Nom du serveur SMTP Gmail<\/strong>: smtp.gmail.com<\/li>\n<li><strong>Nom d&#8217;utilisateur SMTP Gmail<\/strong>: votre adresse Gmail<\/li>\n<li><strong>Mot de passe SMTP Gmail<\/strong>: votre mot de passe (si vous avez choisi une m\u00e9thode d&#8217;auth\u00e9ntification)<\/li>\n<li><strong>Port SMTP Gmail<\/strong>: 25 ou 465<\/li>\n<\/ul>\n<p>Rappelez-vous cependant que le serveur sortant de Gmail pose des limites pour emp\u00eacher les spammeurs de l&#8217;utiliser:\u00a0<strong>100 destinataires \u00e0 la fois<\/strong> et <strong>500 messages par jour<\/strong>. Si vous croisez cette restriction, Google bloquera votre compte.<\/p>\n<p>Donc, si vous mettez en place une campagne d&#8217;emailing ou vous avez besoin d&#8217;envoyer des <strong>emails illimit\u00e9s<\/strong>, il faudrait choisir un <strong><a title=\"serveur SMTP sortant\" href=\"\/fr\/tsmtpregistration1.php\">serveur sortant professionnel<\/a><\/strong> comme turboSMTP qui vous garantit aussi un taux de livraison exceptionnel.<\/p>\n<p>En outre, qu\u2019il s\u2019agisse d\u2019e-mails personnels ou professionnels, turboSMTP vous permet de toujours <a href=\"https:\/\/serversmtp.com\/fr\/tracking-des-e-mails-comment-savoir-si-quelquun-lit-votre-e-mail\/\"><strong>v\u00e9rifier si une soumission a bien abouti<\/strong><\/a>, si le message a \u00e9t\u00e9 ouvert et si le destinataire a cliqu\u00e9 sur l\u2019un des liens du courrier \u00e9lectronique.<\/p>\n","protected":false},"excerpt":{"rendered":"<p>Gmail est une application de webmail fantastique, mais certaines personnes trouvent plus pratique d&#8217;acc\u00e9der \u00e0 leur propre bo\u00eete de r\u00e9ception \u00e0 partir d&#8217;un client de messagerie comme Mozilla Thunderbird ou Microsoft Outlook et de g\u00e9rer leur compte sur le bureau. Pour \u00e7a faire il faut configurer le serveur SMTP de Gmail sur le client. Il &#8230; <\/p>\n<p class=\"read-more-container\"><a title=\"Configuration serveur SMTP Gmail\" class=\"read-more button\" href=\"https:\/\/serversmtp.com\/fr\/configuration-smtp-gmail\/#more-1633\" aria-label=\"En savoir plus sur Configuration serveur SMTP Gmail\">Discover more<\/a><\/p>\n","protected":false},"author":3,"featured_media":625,"parent":0,"menu_order":0,"comment_status":"closed","ping_status":"closed","template":"","meta":{"_eb_attr":"","inline_featured_image":false,"_monsterinsights_skip_tracking":false,"_monsterinsights_sitenote_active":false,"_monsterinsights_sitenote_note":"","_monsterinsights_sitenote_category":0,"footnotes":""},"class_list":["post-1633","page","type-page","status-publish","has-post-thumbnail"],"yoast_head":"<!-- This site is optimized with the Yoast SEO plugin v25.3.1 - https:\/\/yoast.com\/wordpress\/plugins\/seo\/ -->\n<title>Configuration et param\u00e8tres du serveur SMTP Gmail - turboSMTP<\/title>\n<meta name=\"description\" content=\"Voici comment d\u00e9finir les param\u00e8tres du serveur SMTP si vous utilisez Gmail et souhaitez envoyer des e-mails via un client de messagerie.\" \/>\n<meta name=\"robots\" content=\"index, follow, max-snippet:-1, max-image-preview:large, max-video-preview:-1\" \/>\n<link rel=\"canonical\" href=\"https:\/\/serversmtp.com\/fr\/configuration-smtp-gmail\/\" \/>\n<meta name=\"twitter:label1\" content=\"Dur\u00e9e de lecture estim\u00e9e\" \/>\n\t<meta name=\"twitter:data1\" content=\"1 minute\" \/>\n<!-- \/ Yoast SEO plugin. -->","yoast_head_json":{"title":"Configuration et param\u00e8tres du serveur SMTP Gmail - turboSMTP","description":"Voici comment d\u00e9finir les param\u00e8tres du serveur SMTP si vous utilisez Gmail et souhaitez envoyer des e-mails via un client de messagerie.","robots":{"index":"index","follow":"follow","max-snippet":"max-snippet:-1","max-image-preview":"max-image-preview:large","max-video-preview":"max-video-preview:-1"},"canonical":"https:\/\/serversmtp.com\/fr\/configuration-smtp-gmail\/","twitter_misc":{"Dur\u00e9e de lecture estim\u00e9e":"1 minute"},"schema":{"@context":"https:\/\/schema.org","@graph":[{"@type":"WebPage","@id":"https:\/\/serversmtp.com\/fr\/configuration-smtp-gmail\/","url":"https:\/\/serversmtp.com\/fr\/configuration-smtp-gmail\/","name":"Configuration et param\u00e8tres du serveur SMTP Gmail - turboSMTP","isPartOf":{"@id":"https:\/\/serversmtp.com\/#website"},"primaryImageOfPage":{"@id":"https:\/\/serversmtp.com\/fr\/configuration-smtp-gmail\/#primaryimage"},"image":{"@id":"https:\/\/serversmtp.com\/fr\/configuration-smtp-gmail\/#primaryimage"},"thumbnailUrl":"https:\/\/serversmtp.com\/wp-content\/uploads\/2018\/03\/mail-cofiguration.png","datePublished":"2018-03-29T14:32:45+00:00","dateModified":"2022-02-10T15:43:31+00:00","description":"Voici comment d\u00e9finir les param\u00e8tres du serveur SMTP si vous utilisez Gmail et souhaitez envoyer des e-mails via un client de messagerie.","breadcrumb":{"@id":"https:\/\/serversmtp.com\/fr\/configuration-smtp-gmail\/#breadcrumb"},"inLanguage":"fr-FR","potentialAction":[{"@type":"ReadAction","target":["https:\/\/serversmtp.com\/fr\/configuration-smtp-gmail\/"]}]},{"@type":"ImageObject","inLanguage":"fr-FR","@id":"https:\/\/serversmtp.com\/fr\/configuration-smtp-gmail\/#primaryimage","url":"https:\/\/serversmtp.com\/wp-content\/uploads\/2018\/03\/mail-cofiguration.png","contentUrl":"https:\/\/serversmtp.com\/wp-content\/uploads\/2018\/03\/mail-cofiguration.png","width":408,"height":320,"caption":"Gmail SMTP Settings (2026 Update)"},{"@type":"BreadcrumbList","@id":"https:\/\/serversmtp.com\/fr\/configuration-smtp-gmail\/#breadcrumb","itemListElement":[{"@type":"ListItem","position":1,"name":"Home","item":"https:\/\/serversmtp.com\/fr\/"},{"@type":"ListItem","position":2,"name":"Configuration serveur SMTP Gmail"}]},{"@type":"WebSite","@id":"https:\/\/serversmtp.com\/#website","url":"https:\/\/serversmtp.com\/","name":"smtp mail server - professional SMTP service provider","description":"smtp mail server - professional SMTP service provider","publisher":{"@id":"https:\/\/serversmtp.com\/#organization"},"potentialAction":[{"@type":"SearchAction","target":{"@type":"EntryPoint","urlTemplate":"https:\/\/serversmtp.com\/?s={search_term_string}"},"query-input":{"@type":"PropertyValueSpecification","valueRequired":true,"valueName":"search_term_string"}}],"inLanguage":"fr-FR"},{"@type":"Organization","@id":"https:\/\/serversmtp.com\/#organization","name":"Delivery Tech","url":"https:\/\/serversmtp.com\/","logo":{"@type":"ImageObject","inLanguage":"fr-FR","@id":"https:\/\/serversmtp.com\/#\/schema\/logo\/image\/","url":"https:\/\/serversmtp.com\/wp-content\/uploads\/2021\/11\/og-image-2.jpg","contentUrl":"https:\/\/serversmtp.com\/wp-content\/uploads\/2021\/11\/og-image-2.jpg","width":1200,"height":1128,"caption":"Delivery Tech"},"image":{"@id":"https:\/\/serversmtp.com\/#\/schema\/logo\/image\/"}}]}},"_links":{"self":[{"href":"https:\/\/serversmtp.com\/fr\/wp-json\/wp\/v2\/pages\/1633"}],"collection":[{"href":"https:\/\/serversmtp.com\/fr\/wp-json\/wp\/v2\/pages"}],"about":[{"href":"https:\/\/serversmtp.com\/fr\/wp-json\/wp\/v2\/types\/page"}],"author":[{"embeddable":true,"href":"https:\/\/serversmtp.com\/fr\/wp-json\/wp\/v2\/users\/3"}],"replies":[{"embeddable":true,"href":"https:\/\/serversmtp.com\/fr\/wp-json\/wp\/v2\/comments?post=1633"}],"version-history":[{"count":4,"href":"https:\/\/serversmtp.com\/fr\/wp-json\/wp\/v2\/pages\/1633\/revisions"}],"predecessor-version":[{"id":5426,"href":"https:\/\/serversmtp.com\/fr\/wp-json\/wp\/v2\/pages\/1633\/revisions\/5426"}],"wp:featuredmedia":[{"embeddable":true,"href":"https:\/\/serversmtp.com\/fr\/wp-json\/wp\/v2\/media\/625"}],"wp:attachment":[{"href":"https:\/\/serversmtp.com\/fr\/wp-json\/wp\/v2\/media?parent=1633"}],"curies":[{"name":"wp","href":"https:\/\/api.w.org\/{rel}","templated":true}]}}