{"id":1623,"date":"2018-03-29T16:15:42","date_gmt":"2018-03-29T14:15:42","guid":{"rendered":"https:\/\/dev.serversmtp.com\/?page_id=1623"},"modified":"2022-02-10T16:08:24","modified_gmt":"2022-02-10T15:08:24","slug":"configuration-smtp-gratuits","status":"publish","type":"page","link":"https:\/\/serversmtp.com\/fr\/configuration-smtp-gratuits\/","title":{"rendered":"Configuration SMTP gratuits\ufeff"},"content":{"rendered":"<p>Qu&#8217;est-ce qu&#8217;un SMTP gratuit qui est attach\u00e9 \u00e0 un fournisseur de messagerie commun, et les param\u00e8tres sp\u00e9cifiques pour les installer.<\/p>\n<div class=\"lpCategoryList\">\n<h2><a title=\"serveur smtp gmail\" href=\"\/fr\/configuration-smtp-gmail\">Serveur SMTP Gmail<\/a><\/h2>\n<p>Comment configurer l&#8217;SMTP de Gmail comme serveur sortant pour votre client de poste electronique ou logiciel d&#8217;envoi.<\/p>\n<h2><a title=\"serveur smtp hotmail\" href=\"\/fr\/serveur-smtp-hotmail\">Serveur SMTP Hotmail<\/a><\/h2>\n<p>Comment configurer l&#8217;SMTP de Hotmail comme serveur sortant pour votre client de poste electronique ou logiciel d&#8217;envoi<\/p>\n<h2><a title=\"serveur smtp yahoo\" href=\"\/fr\/serveur-smtp-yahoo\">Serveur SMTP Yahoo<\/a><\/h2>\n<p>Comment configurer l&#8217;SMTP de Yahoo comme serveur sortant pour votre client de poste electronique ou logiciel d&#8217;envoi<\/p>\n<h2><a title=\"serveur smtp laposte\" href=\"\/fr\/serveur-smtp-laposte\">Serveur SMTP Laposte<\/a><\/h2>\n<p>Comment configurer l&#8217;SMTP de Laposte comme serveur sortant pour votre client de poste electronique ou logiciel d&#8217;envoi<\/p>\n<h2><a title=\"serveur smtp bluewin\" href=\"\/fr\/serveur-smtp-bluewin\">Serveur SMTP Bluewin<\/a><\/h2>\n<p>Comment configurer l&#8217;SMTP de Bluewin comme serveur sortant pour votre client de poste electronique ou logiciel d&#8217;envoi.<\/p>\n<h2><a title=\"serveur smtp orange\" href=\"\/fr\/serveur-smtp-orange\">Serveur SMTP Orange<\/a><\/h2>\n<p>Comment configurer l&#8217;SMTP d&#8217;Orange comme serveur sortant pour votre client de poste electronique ou logiciel d&#8217;envoi<\/p>\n<h2><a title=\"serveur smtp numericable\" href=\"\/fr\/serveur-smtp-numericable\">Serveur SMTP Numericable<\/a><\/h2>\n<p>Comment configurer l&#8217;SMTP de Numericable comme serveur sortant pour votre client de poste electronique ou logiciel d&#8217;envoi.<\/p>\n<h2><a title=\"serveur smtp bbox\" href=\"\/fr\/serveur-smtp-bbox\">Serveur SMTP Bbox<\/a><\/h2>\n<p>Comment configurer l&#8217;SMTP de Bbox comme serveur sortant pour votre client de poste electronique ou logiciel d&#8217;envoi<\/p>\n<h2><a title=\"serveur smtp sfr\" href=\"\/fr\/serveur-smtp-sfr\">Serveur SMTP Sfr<\/a><\/h2>\n<p>Comment configurer l&#8217;SMTP de Sfr comme serveur sortant pour votre client de poste electronique ou logiciel d&#8217;envoi<\/p>\n<h2><a title=\"serveur smtp de free\" href=\"\/fr\/serveur-smtp-de-free\">Serveur SMTP Free<\/a><\/h2>\n<p>Comment configurer l&#8217;SMTP de Free comme serveur sortant pour votre client de poste electronique ou logiciel d&#8217;envoi<\/p>\n<\/div>\n","protected":false},"excerpt":{"rendered":"<p>Qu&#8217;est-ce qu&#8217;un SMTP gratuit qui est attach\u00e9 \u00e0 un fournisseur de messagerie commun, et les param\u00e8tres sp\u00e9cifiques pour les installer. Serveur SMTP Gmail Comment configurer l&#8217;SMTP de Gmail comme serveur sortant pour votre client de poste electronique ou logiciel d&#8217;envoi. Serveur SMTP Hotmail Comment configurer l&#8217;SMTP de Hotmail comme serveur sortant pour votre client de &#8230; <\/p>\n<p class=\"read-more-container\"><a title=\"Configuration SMTP gratuits\ufeff\" class=\"read-more button\" href=\"https:\/\/serversmtp.com\/fr\/configuration-smtp-gratuits\/#more-1623\" aria-label=\"En savoir plus sur Configuration SMTP gratuits\ufeff\">Discover more<\/a><\/p>\n","protected":false},"author":3,"featured_media":0,"parent":0,"menu_order":0,"comment_status":"closed","ping_status":"closed","template":"","meta":{"_eb_attr":"","inline_featured_image":false,"_monsterinsights_skip_tracking":false,"_monsterinsights_sitenote_active":false,"_monsterinsights_sitenote_note":"","_monsterinsights_sitenote_category":0,"footnotes":""},"class_list":["post-1623","page","type-page","status-publish"],"yoast_head":"<!-- This site is optimized with the Yoast SEO plugin v25.3.1 - https:\/\/yoast.com\/wordpress\/plugins\/seo\/ -->\n<title>Configuration SMTP gratuits\ufeff - smtp mail server - professional SMTP service provider<\/title>\n<meta name=\"robots\" content=\"index, follow, max-snippet:-1, max-image-preview:large, max-video-preview:-1\" \/>\n<link rel=\"canonical\" href=\"https:\/\/serversmtp.com\/fr\/configuration-smtp-gratuits\/\" \/>\n<meta name=\"twitter:label1\" content=\"Dur\u00e9e de lecture estim\u00e9e\" \/>\n\t<meta name=\"twitter:data1\" content=\"1 minute\" \/>\n<!-- \/ Yoast SEO plugin. -->","yoast_head_json":{"title":"Configuration SMTP gratuits\ufeff - smtp mail server - professional SMTP service provider","robots":{"index":"index","follow":"follow","max-snippet":"max-snippet:-1","max-image-preview":"max-image-preview:large","max-video-preview":"max-video-preview:-1"},"canonical":"https:\/\/serversmtp.com\/fr\/configuration-smtp-gratuits\/","twitter_misc":{"Dur\u00e9e de lecture estim\u00e9e":"1 minute"},"schema":{"@context":"https:\/\/schema.org","@graph":[{"@type":"WebPage","@id":"https:\/\/serversmtp.com\/fr\/configuration-smtp-gratuits\/","url":"https:\/\/serversmtp.com\/fr\/configuration-smtp-gratuits\/","name":"Configuration SMTP gratuits\ufeff - smtp mail server - professional SMTP service provider","isPartOf":{"@id":"https:\/\/serversmtp.com\/fr\/#website"},"datePublished":"2018-03-29T14:15:42+00:00","dateModified":"2022-02-10T15:08:24+00:00","breadcrumb":{"@id":"https:\/\/serversmtp.com\/fr\/configuration-smtp-gratuits\/#breadcrumb"},"inLanguage":"fr-FR","potentialAction":[{"@type":"ReadAction","target":["https:\/\/serversmtp.com\/fr\/configuration-smtp-gratuits\/"]}]},{"@type":"BreadcrumbList","@id":"https:\/\/serversmtp.com\/fr\/configuration-smtp-gratuits\/#breadcrumb","itemListElement":[{"@type":"ListItem","position":1,"name":"Home","item":"https:\/\/serversmtp.com\/fr\/"},{"@type":"ListItem","position":2,"name":"Configuration SMTP gratuits\ufeff"}]},{"@type":"WebSite","@id":"https:\/\/serversmtp.com\/fr\/#website","url":"https:\/\/serversmtp.com\/fr\/","name":"smtp mail server - professional SMTP service provider","description":"smtp mail server - professional SMTP service provider","publisher":{"@id":"https:\/\/serversmtp.com\/fr\/#organization"},"potentialAction":[{"@type":"SearchAction","target":{"@type":"EntryPoint","urlTemplate":"https:\/\/serversmtp.com\/fr\/?s={search_term_string}"},"query-input":{"@type":"PropertyValueSpecification","valueRequired":true,"valueName":"search_term_string"}}],"inLanguage":"fr-FR"},{"@type":"Organization","@id":"https:\/\/serversmtp.com\/fr\/#organization","name":"Delivery Tech","url":"https:\/\/serversmtp.com\/fr\/","logo":{"@type":"ImageObject","inLanguage":"fr-FR","@id":"https:\/\/serversmtp.com\/fr\/#\/schema\/logo\/image\/","url":"https:\/\/serversmtp.com\/wp-content\/uploads\/2021\/11\/og-image-2.jpg","contentUrl":"https:\/\/serversmtp.com\/wp-content\/uploads\/2021\/11\/og-image-2.jpg","width":1200,"height":1128,"caption":"Delivery Tech"},"image":{"@id":"https:\/\/serversmtp.com\/fr\/#\/schema\/logo\/image\/"}}]}},"_links":{"self":[{"href":"https:\/\/serversmtp.com\/fr\/wp-json\/wp\/v2\/pages\/1623"}],"collection":[{"href":"https:\/\/serversmtp.com\/fr\/wp-json\/wp\/v2\/pages"}],"about":[{"href":"https:\/\/serversmtp.com\/fr\/wp-json\/wp\/v2\/types\/page"}],"author":[{"embeddable":true,"href":"https:\/\/serversmtp.com\/fr\/wp-json\/wp\/v2\/users\/3"}],"replies":[{"embeddable":true,"href":"https:\/\/serversmtp.com\/fr\/wp-json\/wp\/v2\/comments?post=1623"}],"version-history":[{"count":1,"href":"https:\/\/serversmtp.com\/fr\/wp-json\/wp\/v2\/pages\/1623\/revisions"}],"predecessor-version":[{"id":1629,"href":"https:\/\/serversmtp.com\/fr\/wp-json\/wp\/v2\/pages\/1623\/revisions\/1629"}],"wp:attachment":[{"href":"https:\/\/serversmtp.com\/fr\/wp-json\/wp\/v2\/media?parent=1623"}],"curies":[{"name":"wp","href":"https:\/\/api.w.org\/{rel}","templated":true}]}}