{"id":1614,"date":"2018-03-29T15:45:14","date_gmt":"2018-03-29T13:45:14","guid":{"rendered":"https:\/\/dev.serversmtp.com\/?page_id=1614"},"modified":"2022-02-10T16:21:17","modified_gmt":"2022-02-10T15:21:17","slug":"parametres-serveur-smtp","status":"publish","type":"page","link":"https:\/\/serversmtp.com\/fr\/parametres-serveur-smtp\/","title":{"rendered":"Le serveur SMTP"},"content":{"rendered":"<p>Tout ce que vous devez savoir sur les param\u00e8tres de votre serveur SMTP, ce qui &#8220;SMTP&#8221; signifie, et d&#8217;autres d\u00e9tails concernant les bases de la livraison de courrier \u00e9lectronique.<\/p>\n<div class=\"lpCategoryList\">\n<h2><a title=\"protocole SMTP\" href=\"\/fr\/protocole-smtp\">Le protocole SMTP<\/a><\/h2>\n<p>SMTP est la contraction du Simple Mail Transfer Protocol technology, et d\u00e9finit la m\u00e9thode qui g\u00e8re le processus d&#8217;\u00e9change et livraison des courriels.<\/p>\n<h2><a title=\"Serveur Poste\" href=\"\/fr\/serveur-de-poste\">Serveur de poste<\/a><\/h2>\n<p>Les diff\u00e9rences entre un serveur de poste gratuit et un professionnel, et comment cette machine fonctionne.<\/p>\n<h2><a title=\"serveur SMTP de poste\" href=\"\/fr\/serveur-smtp\">Serveur SMTP, en bref<\/a><\/h2>\n<p>Le serveur SMTP qui agit plus ou moins comme un facteur: il d\u00e9livre vos emails envoy\u00e9s \u00e0 leurs destinataires, en &#8220;conversant&#8221; avec les serveurs entrants.<\/p>\n<h2><a title=\"Ports pour SMTP\" href=\"\/fr\/ports-serveur-smtp\">Les ports du serveur SMTP<\/a><\/h2>\n<p>Qu&#8217;est-ce qu&#8217;un port de l&#8217;ordinateur et qui sont les ports pour les serveurs SMTP.<\/p>\n<h2><a title=\"serveur mail\" href=\"\/fr\/serveur-mail\">Serveur mail<\/a><\/h2>\n<p>Comment envoyer des emails avec un serveur sortant.<\/p>\n<h2><a title=\"Service SMTP\" href=\"\/fr\/service-smtp\">Service SMTP<\/a><\/h2>\n<p>Pourquoi choisir un service SMTP qui assure une haute d\u00e9livrabilit\u00e9 \u00e0 tous vos messages.<\/p>\n<h2><a href=\"\/fr\/relais-smtp\">Relais SMTP<\/a><\/h2>\n<p>Qu&#8217;est-ce qu&#8217;un relais SMTP et comment l&#8217;utiliser pour envoyer des emails en masse.<\/p>\n<h2><a title=\"Qu'est-ce que un serveur SMTP sortant?\" href=\"\/fr\/smtp-sortant\">Qu&#8217;est-ce qu&#8217;un serveur SMTP sortant?<\/a><\/h2>\n<p>La dynamique du serveur de messagerie sortant, expliqu\u00e9e en bref.<\/p>\n<h2><a title=\"Serveur d'emailing professionnel\" href=\"\/fr\/serveur-emailing-professionnel\">Serveur d&#8217;emailing professionnel<\/a><\/h2>\n<p>Quand il s&#8217;agit d&#8217;envoyer un email en masse, il est essentiel de s&#8217;appuyer sur un serveur d&#8217;emailing professionnel: voyons pourquoi.<\/p>\n<h2><a title=\"H\u00f4te SMTP\" href=\"\/fr\/hote-smtp\">H\u00f4te SMTP<\/a><\/h2>\n<p>Un service d&#8217;h\u00f4te SMTP fiable est essentiel pour garantir \u00e0 vos envois le taux de livraison de le plus \u00e9l\u00e9v\u00e9.<\/p>\n<\/div>\n","protected":false},"excerpt":{"rendered":"<p>Tout ce que vous devez savoir sur les param\u00e8tres de votre serveur SMTP, ce qui &#8220;SMTP&#8221; signifie, et d&#8217;autres d\u00e9tails concernant les bases de la livraison de courrier \u00e9lectronique. Le protocole SMTP SMTP est la contraction du Simple Mail Transfer Protocol technology, et d\u00e9finit la m\u00e9thode qui g\u00e8re le processus d&#8217;\u00e9change et livraison des courriels. &#8230; <\/p>\n<p class=\"read-more-container\"><a title=\"Le serveur SMTP\" class=\"read-more button\" href=\"https:\/\/serversmtp.com\/fr\/parametres-serveur-smtp\/#more-1614\" aria-label=\"En savoir plus sur Le serveur SMTP\">Discover more<\/a><\/p>\n","protected":false},"author":3,"featured_media":0,"parent":0,"menu_order":0,"comment_status":"closed","ping_status":"closed","template":"","meta":{"_eb_attr":"","inline_featured_image":false,"_monsterinsights_skip_tracking":false,"_monsterinsights_sitenote_active":false,"_monsterinsights_sitenote_note":"","_monsterinsights_sitenote_category":0,"footnotes":""},"class_list":["post-1614","page","type-page","status-publish"],"yoast_head":"<!-- This site is optimized with the Yoast SEO plugin v25.3.1 - https:\/\/yoast.com\/wordpress\/plugins\/seo\/ -->\n<title>Le serveur SMTP - smtp mail server - professional SMTP service provider<\/title>\n<meta name=\"robots\" content=\"index, follow, max-snippet:-1, max-image-preview:large, max-video-preview:-1\" \/>\n<link rel=\"canonical\" href=\"https:\/\/serversmtp.com\/fr\/parametres-serveur-smtp\/\" \/>\n<meta name=\"twitter:label1\" content=\"Dur\u00e9e de lecture estim\u00e9e\" \/>\n\t<meta name=\"twitter:data1\" content=\"1 minute\" \/>\n<!-- \/ Yoast SEO plugin. -->","yoast_head_json":{"title":"Le serveur SMTP - smtp mail server - professional SMTP service provider","robots":{"index":"index","follow":"follow","max-snippet":"max-snippet:-1","max-image-preview":"max-image-preview:large","max-video-preview":"max-video-preview:-1"},"canonical":"https:\/\/serversmtp.com\/fr\/parametres-serveur-smtp\/","twitter_misc":{"Dur\u00e9e de lecture estim\u00e9e":"1 minute"},"schema":{"@context":"https:\/\/schema.org","@graph":[{"@type":"WebPage","@id":"https:\/\/serversmtp.com\/fr\/parametres-serveur-smtp\/","url":"https:\/\/serversmtp.com\/fr\/parametres-serveur-smtp\/","name":"Le serveur SMTP - smtp mail server - professional SMTP service provider","isPartOf":{"@id":"https:\/\/serversmtp.com\/#website"},"datePublished":"2018-03-29T13:45:14+00:00","dateModified":"2022-02-10T15:21:17+00:00","breadcrumb":{"@id":"https:\/\/serversmtp.com\/fr\/parametres-serveur-smtp\/#breadcrumb"},"inLanguage":"fr-FR","potentialAction":[{"@type":"ReadAction","target":["https:\/\/serversmtp.com\/fr\/parametres-serveur-smtp\/"]}]},{"@type":"BreadcrumbList","@id":"https:\/\/serversmtp.com\/fr\/parametres-serveur-smtp\/#breadcrumb","itemListElement":[{"@type":"ListItem","position":1,"name":"Home","item":"https:\/\/serversmtp.com\/fr\/"},{"@type":"ListItem","position":2,"name":"Le serveur SMTP"}]},{"@type":"WebSite","@id":"https:\/\/serversmtp.com\/#website","url":"https:\/\/serversmtp.com\/","name":"smtp mail server - professional SMTP service provider","description":"smtp mail server - professional SMTP service provider","publisher":{"@id":"https:\/\/serversmtp.com\/#organization"},"potentialAction":[{"@type":"SearchAction","target":{"@type":"EntryPoint","urlTemplate":"https:\/\/serversmtp.com\/?s={search_term_string}"},"query-input":{"@type":"PropertyValueSpecification","valueRequired":true,"valueName":"search_term_string"}}],"inLanguage":"fr-FR"},{"@type":"Organization","@id":"https:\/\/serversmtp.com\/#organization","name":"Delivery Tech","url":"https:\/\/serversmtp.com\/","logo":{"@type":"ImageObject","inLanguage":"fr-FR","@id":"https:\/\/serversmtp.com\/#\/schema\/logo\/image\/","url":"https:\/\/serversmtp.com\/wp-content\/uploads\/2021\/11\/og-image-2.jpg","contentUrl":"https:\/\/serversmtp.com\/wp-content\/uploads\/2021\/11\/og-image-2.jpg","width":1200,"height":1128,"caption":"Delivery Tech"},"image":{"@id":"https:\/\/serversmtp.com\/#\/schema\/logo\/image\/"}}]}},"_links":{"self":[{"href":"https:\/\/serversmtp.com\/fr\/wp-json\/wp\/v2\/pages\/1614"}],"collection":[{"href":"https:\/\/serversmtp.com\/fr\/wp-json\/wp\/v2\/pages"}],"about":[{"href":"https:\/\/serversmtp.com\/fr\/wp-json\/wp\/v2\/types\/page"}],"author":[{"embeddable":true,"href":"https:\/\/serversmtp.com\/fr\/wp-json\/wp\/v2\/users\/3"}],"replies":[{"embeddable":true,"href":"https:\/\/serversmtp.com\/fr\/wp-json\/wp\/v2\/comments?post=1614"}],"version-history":[{"count":2,"href":"https:\/\/serversmtp.com\/fr\/wp-json\/wp\/v2\/pages\/1614\/revisions"}],"predecessor-version":[{"id":2327,"href":"https:\/\/serversmtp.com\/fr\/wp-json\/wp\/v2\/pages\/1614\/revisions\/2327"}],"wp:attachment":[{"href":"https:\/\/serversmtp.com\/fr\/wp-json\/wp\/v2\/media?parent=1614"}],"curies":[{"name":"wp","href":"https:\/\/api.w.org\/{rel}","templated":true}]}}