{"id":1611,"date":"2018-03-29T15:38:34","date_gmt":"2018-03-29T13:38:34","guid":{"rendered":"https:\/\/dev.serversmtp.com\/?page_id=1611"},"modified":"2018-04-24T12:13:36","modified_gmt":"2018-04-24T10:13:36","slug":"configuration-serveur-smtp","status":"publish","type":"page","link":"https:\/\/serversmtp.com\/fr\/configuration-serveur-smtp\/","title":{"rendered":"Configuration serveur SMTP\ufeff"},"content":{"rendered":"<p>Tout ce que vous devez savoir sur les param\u00e8tres d&#8217;un serveur SMTP: qu&#8217;est-ce que le protocol SMTP, comment utiliser et configurer un serveur de courrier sortant pour un client de messagerie, qui sont les bases du syst\u00e8me de livraison de courrier \u00e9lectronique, comment mettre en place un serveur de courrier entrant POP, comment interpr\u00e9ter les messages d&#8217;erreur les plus courantes et les r\u00e9soudre, qui est une blacklist, et bien plus encore &#8230;<\/p>\n<ul class=\"lp-2018 clearfix\">\n<li><a title=\"Le serveur SMTP\" href=\"\/fr\/parametres-serveur-smtp\"><span class=\"lp-2018-title\">le serveur smtp<\/span><img decoding=\"async\" title=\"le serveur smtp\" src=\"\/wp-content\/uploads\/2018\/04\/about-smtp.png\" class=\"alignnone size-full wp-image-1886\" alt=\"Liste de SMTP\" width=\"48\" height=\"48\" \/><span class=\"lp-2018-description\">Les d\u00e9tails de base du serveur de poste sortant: comment il fonctionne et quels sont vos param\u00e8tres.<\/span><\/a><\/li>\n<li><a title=\"Liste de SMTP\" href=\"\/fr\/liste-serveur-smtp\"><span class=\"lp-2018-title\">Liste de SMTP<\/span><img decoding=\"async\" title=\"Liste de SMTP\" src=\"\/wp-content\/uploads\/2018\/04\/liste-smtp.png\" alt=\"\" width=\"48\" height=\"48\" class=\"alignnone size-full wp-image-2976\" alt=\"Liste de SMTP\" width=\"48\" height=\"48\" \/><span class=\"lp-2018-description\">Trouvez imm\u00e9diatement les param\u00e8tres de votre serveur SMTP pour configurer un client de messagerie.<\/span><\/a><\/li>\n<li><a title=\"Configuration SMTP gratuits\" href=\"\/fr\/configuration-smtp-gratuits\"><span class=\"lp-2018-title\">CONFIGURATION SMTP GRATUITS<\/span><img decoding=\"async\" src=\"\/wp-content\/uploads\/2018\/04\/free-smtp-configuration.png\" class=\"alignnone size-full wp-image-1902\" title=\"Configuration SMTP gratuits\" alt=\"Configuration SMTP Gratuits\" width=\"48\" height=\"48\" \/> <span class=\"lp-2018-description\">Comment configurer les SMTP des fournisseurs de messagerie les plus utilis\u00e9s: Gmail, Hotmail, Yahoo Mail, etc.<\/span><\/a><\/li>\n<li><a title=\"Configuration SMTP\" href=\"\/fr\/configurer-serveur-smtp\"><span class=\"lp-2018-title\">CONFIGURER UN SERVEUR SMTP<\/span><img decoding=\"async\" class=\"size-full wp-image-1897\" src=\"\/wp-content\/uploads\/2018\/04\/email-setup.png\" title=\"Configuration SMTP\" alt=\"Configuration SMTP\" width=\"48\" height=\"48\" \/><span class=\"lp-2018-description\">Comment configurer votre serveur SMTP et r\u00e9soudre les probl\u00e8mes courants, avec une liste des codes d&#8217;erreur.<\/span><\/a><\/li>\n<li><a title=\"SMTP pour clients de poste\" href=\"\/fr\/smtp-clients-poste\"><span class=\"lp-2018-title\">SMTP POUR clients de poste<\/span><img decoding=\"async\" class=\"alignnone size-full wp-image-1915\" src=\"\/wp-content\/uploads\/2018\/04\/smtp-for-mail-clients.png\" title=\"SMTP for mail clients\" alt=\"SMTP for mail clients\" width=\"48\" height=\"48\" \/>\u00a0<span class=\"lp-2018-description\">Mise en place d&#8217;un serveur SMTP pour Microsoft Outlook et Mozilla Thunderbird.<\/span><\/a><\/li>\n<li><a title=\"Envoyer courriel\" href=\"\/fr\/envoi-courriel-et-smtp\"><span class=\"lp-2018-title\">ENVOYER UN COURRIEL<\/span><img decoding=\"async\" class=\"alignnone size-full wp-image-1895\" src=\"\/wp-content\/uploads\/2018\/04\/email-sending-technology.png\" title=\"Envoyer courriel\" alt=\"Envoyer courriel\" width=\"48\" height=\"48\" \/> <span class=\"lp-2018-description\">Qu&#8217;est-ce qui se cache derri\u00e8re le bouton &#8220;Envoi&#8221; lorsque vous \u00e9crivez un email, et comment le faire fonctionner parfaitement.<\/span><\/a><\/li>\n<li><a title=\"SMTP et POP\" href=\"\/fr\/smtp-et-pop\"><span class=\"lp-2018-title\">smtp et pop<\/span><img decoding=\"async\" class=\"alignnone size-full wp-image-1910\" src=\"\/wp-content\/uploads\/2018\/04\/pop-and-smtp.png\" title=\"SMTP et POP\" alt=\"SMTP et POP\" width=\"49\" height=\"48\" \/> <span class=\"lp-2018-description\">Qu&#8217;est-ce que SMTP, \u00e0 quoi sert le protocol POP, et comment d\u00e9terminer le serveur SMTP utilis\u00e9.<\/span><\/a><\/li>\n<li><a title=\"SMTP pour OS\" href=\"\/fr\/smtp-pour-os\"><span class=\"lp-2018-title\">SMTP POUR OS<\/span><img decoding=\"async\" class=\"alignnone size-full wp-image-1918\" src=\"\/wp-content\/uploads\/2018\/04\/smtp-for-os.png\" title=\"SMTP pour OS\" alt=\"SMTP pour OS\" width=\"48\" height=\"48\" \/> <span class=\"lp-2018-description\">Comment configurer un serveur sortant pour les syst\u00e8mes d&#8217;exploitation.<\/span><\/a><\/li>\n<\/ul>\n","protected":false},"excerpt":{"rendered":"<p>Tout ce que vous devez savoir sur les param\u00e8tres d&#8217;un serveur SMTP: qu&#8217;est-ce que le protocol SMTP, comment utiliser et configurer un serveur de courrier sortant pour un client de messagerie, qui sont les bases du syst\u00e8me de livraison de courrier \u00e9lectronique, comment mettre en place un serveur de courrier entrant POP, comment interpr\u00e9ter les &#8230; <\/p>\n<p class=\"read-more-container\"><a title=\"Configuration serveur SMTP\ufeff\" class=\"read-more button\" href=\"https:\/\/serversmtp.com\/fr\/configuration-serveur-smtp\/#more-1611\" aria-label=\"En savoir plus sur Configuration serveur SMTP\ufeff\">Discover more<\/a><\/p>\n","protected":false},"author":3,"featured_media":0,"parent":0,"menu_order":0,"comment_status":"closed","ping_status":"closed","template":"","meta":{"_eb_attr":"","inline_featured_image":false,"_monsterinsights_skip_tracking":false,"_monsterinsights_sitenote_active":false,"_monsterinsights_sitenote_note":"","_monsterinsights_sitenote_category":0,"footnotes":""},"class_list":["post-1611","page","type-page","status-publish"],"yoast_head":"<!-- This site is optimized with the Yoast SEO plugin v25.3.1 - https:\/\/yoast.com\/wordpress\/plugins\/seo\/ -->\n<title>Configuration serveur SMTP\ufeff - smtp mail server - professional SMTP service provider<\/title>\n<meta name=\"robots\" content=\"index, follow, max-snippet:-1, max-image-preview:large, max-video-preview:-1\" \/>\n<link rel=\"canonical\" href=\"https:\/\/serversmtp.com\/fr\/configuration-serveur-smtp\/\" \/>\n<meta name=\"twitter:label1\" content=\"Dur\u00e9e de lecture estim\u00e9e\" \/>\n\t<meta name=\"twitter:data1\" content=\"1 minute\" \/>\n<!-- \/ Yoast SEO plugin. -->","yoast_head_json":{"title":"Configuration serveur SMTP\ufeff - smtp mail server - professional SMTP service provider","robots":{"index":"index","follow":"follow","max-snippet":"max-snippet:-1","max-image-preview":"max-image-preview:large","max-video-preview":"max-video-preview:-1"},"canonical":"https:\/\/serversmtp.com\/fr\/configuration-serveur-smtp\/","twitter_misc":{"Dur\u00e9e de lecture estim\u00e9e":"1 minute"},"schema":{"@context":"https:\/\/schema.org","@graph":[{"@type":"WebPage","@id":"https:\/\/serversmtp.com\/fr\/configuration-serveur-smtp\/","url":"https:\/\/serversmtp.com\/fr\/configuration-serveur-smtp\/","name":"Configuration serveur SMTP\ufeff - smtp mail server - professional SMTP service provider","isPartOf":{"@id":"https:\/\/serversmtp.com\/de\/#website"},"datePublished":"2018-03-29T13:38:34+00:00","dateModified":"2018-04-24T10:13:36+00:00","breadcrumb":{"@id":"https:\/\/serversmtp.com\/fr\/configuration-serveur-smtp\/#breadcrumb"},"inLanguage":"fr-FR","potentialAction":[{"@type":"ReadAction","target":["https:\/\/serversmtp.com\/fr\/configuration-serveur-smtp\/"]}]},{"@type":"BreadcrumbList","@id":"https:\/\/serversmtp.com\/fr\/configuration-serveur-smtp\/#breadcrumb","itemListElement":[{"@type":"ListItem","position":1,"name":"Home","item":"https:\/\/serversmtp.com\/fr\/"},{"@type":"ListItem","position":2,"name":"Configuration serveur SMTP\ufeff"}]},{"@type":"WebSite","@id":"https:\/\/serversmtp.com\/de\/#website","url":"https:\/\/serversmtp.com\/de\/","name":"smtp mail server - professional SMTP service provider","description":"smtp mail server - professional SMTP service provider","publisher":{"@id":"https:\/\/serversmtp.com\/de\/#organization"},"potentialAction":[{"@type":"SearchAction","target":{"@type":"EntryPoint","urlTemplate":"https:\/\/serversmtp.com\/de\/?s={search_term_string}"},"query-input":{"@type":"PropertyValueSpecification","valueRequired":true,"valueName":"search_term_string"}}],"inLanguage":"fr-FR"},{"@type":"Organization","@id":"https:\/\/serversmtp.com\/de\/#organization","name":"Delivery Tech","url":"https:\/\/serversmtp.com\/de\/","logo":{"@type":"ImageObject","inLanguage":"fr-FR","@id":"https:\/\/serversmtp.com\/de\/#\/schema\/logo\/image\/","url":"https:\/\/serversmtp.com\/wp-content\/uploads\/2021\/11\/og-image-2.jpg","contentUrl":"https:\/\/serversmtp.com\/wp-content\/uploads\/2021\/11\/og-image-2.jpg","width":1200,"height":1128,"caption":"Delivery Tech"},"image":{"@id":"https:\/\/serversmtp.com\/de\/#\/schema\/logo\/image\/"}}]}},"_links":{"self":[{"href":"https:\/\/serversmtp.com\/fr\/wp-json\/wp\/v2\/pages\/1611"}],"collection":[{"href":"https:\/\/serversmtp.com\/fr\/wp-json\/wp\/v2\/pages"}],"about":[{"href":"https:\/\/serversmtp.com\/fr\/wp-json\/wp\/v2\/types\/page"}],"author":[{"embeddable":true,"href":"https:\/\/serversmtp.com\/fr\/wp-json\/wp\/v2\/users\/3"}],"replies":[{"embeddable":true,"href":"https:\/\/serversmtp.com\/fr\/wp-json\/wp\/v2\/comments?post=1611"}],"version-history":[{"count":13,"href":"https:\/\/serversmtp.com\/fr\/wp-json\/wp\/v2\/pages\/1611\/revisions"}],"predecessor-version":[{"id":2979,"href":"https:\/\/serversmtp.com\/fr\/wp-json\/wp\/v2\/pages\/1611\/revisions\/2979"}],"wp:attachment":[{"href":"https:\/\/serversmtp.com\/fr\/wp-json\/wp\/v2\/media?parent=1611"}],"curies":[{"name":"wp","href":"https:\/\/api.w.org\/{rel}","templated":true}]}}