{"id":1583,"date":"2018-03-28T17:54:34","date_gmt":"2018-03-28T15:54:34","guid":{"rendered":"https:\/\/dev.serversmtp.com\/?page_id=1583"},"modified":"2022-02-10T16:03:46","modified_gmt":"2022-02-10T15:03:46","slug":"remboursement-garanti","status":"publish","type":"page","link":"https:\/\/serversmtp.com\/fr\/remboursement-garanti\/","title":{"rendered":"Remboursement garanti"},"content":{"rendered":"<p>turboSMTP offre une <strong>garantie de satisfaction de 15 jours<\/strong> pour tous les nouveaux clients.<\/p>\n<p>Un remboursement complet sera accord\u00e9 \u00e0 tous les nouveaux comptes de turboSMTP annul\u00e9s dans les 15 premiers jours ou jusqu&#8217;\u00e0 ce que l&#8217;utilisateur a envoy\u00e9 100 messages (selon la premi\u00e8re \u00e9ventualit\u00e9).<\/p>\n<p><img decoding=\"async\" class=\"aligncenter wp-image-577 size-full\" src=\"https:\/\/serversmtp.com\/wp-content\/uploads\/2018\/03\/100-guarantee.jpg\" alt=\"\" width=\"580\" height=\"290\" srcset=\"https:\/\/serversmtp.com\/wp-content\/uploads\/2018\/03\/100-guarantee.jpg 580w, https:\/\/serversmtp.com\/wp-content\/uploads\/2018\/03\/100-guarantee-300x150.jpg 300w, https:\/\/serversmtp.com\/wp-content\/uploads\/2018\/03\/100-guarantee-320x160.jpg 320w, https:\/\/serversmtp.com\/wp-content\/uploads\/2018\/03\/100-guarantee-239x120.jpg 239w\" sizes=\"(max-width: 580px) 100vw, 580px\" \/><br \/>\n&lt;\/<\/p>\n","protected":false},"excerpt":{"rendered":"<p>turboSMTP offre une garantie de satisfaction de 15 jours pour tous les nouveaux clients. Un remboursement complet sera accord\u00e9 \u00e0 tous les nouveaux comptes de turboSMTP annul\u00e9s dans les 15 premiers jours ou jusqu&#8217;\u00e0 ce que l&#8217;utilisateur a envoy\u00e9 100 messages (selon la premi\u00e8re \u00e9ventualit\u00e9). &lt;\/<\/p>\n","protected":false},"author":3,"featured_media":0,"parent":0,"menu_order":0,"comment_status":"closed","ping_status":"closed","template":"","meta":{"_eb_attr":"","inline_featured_image":false,"_monsterinsights_skip_tracking":false,"_monsterinsights_sitenote_active":false,"_monsterinsights_sitenote_note":"","_monsterinsights_sitenote_category":0,"footnotes":""},"class_list":["post-1583","page","type-page","status-publish"],"yoast_head":"<!-- This site is optimized with the Yoast SEO plugin v25.3.1 - https:\/\/yoast.com\/wordpress\/plugins\/seo\/ -->\n<title>Remboursement garanti - smtp mail server - professional SMTP service provider<\/title>\n<meta name=\"robots\" content=\"index, follow, max-snippet:-1, max-image-preview:large, max-video-preview:-1\" \/>\n<link rel=\"canonical\" href=\"https:\/\/serversmtp.com\/fr\/remboursement-garanti\/\" \/>\n<!-- \/ Yoast SEO plugin. -->","yoast_head_json":{"title":"Remboursement garanti - smtp mail server - professional SMTP service provider","robots":{"index":"index","follow":"follow","max-snippet":"max-snippet:-1","max-image-preview":"max-image-preview:large","max-video-preview":"max-video-preview:-1"},"canonical":"https:\/\/serversmtp.com\/fr\/remboursement-garanti\/","schema":{"@context":"https:\/\/schema.org","@graph":[{"@type":"WebPage","@id":"https:\/\/serversmtp.com\/fr\/remboursement-garanti\/","url":"https:\/\/serversmtp.com\/fr\/remboursement-garanti\/","name":"Remboursement garanti - smtp mail server - professional SMTP service provider","isPartOf":{"@id":"https:\/\/serversmtp.com\/fr\/#website"},"primaryImageOfPage":{"@id":"https:\/\/serversmtp.com\/fr\/remboursement-garanti\/#primaryimage"},"image":{"@id":"https:\/\/serversmtp.com\/fr\/remboursement-garanti\/#primaryimage"},"thumbnailUrl":"https:\/\/serversmtp.com\/wp-content\/uploads\/2018\/03\/100-guarantee.jpg","datePublished":"2018-03-28T15:54:34+00:00","dateModified":"2022-02-10T15:03:46+00:00","breadcrumb":{"@id":"https:\/\/serversmtp.com\/fr\/remboursement-garanti\/#breadcrumb"},"inLanguage":"fr-FR","potentialAction":[{"@type":"ReadAction","target":["https:\/\/serversmtp.com\/fr\/remboursement-garanti\/"]}]},{"@type":"ImageObject","inLanguage":"fr-FR","@id":"https:\/\/serversmtp.com\/fr\/remboursement-garanti\/#primaryimage","url":"https:\/\/serversmtp.com\/wp-content\/uploads\/2018\/03\/100-guarantee.jpg","contentUrl":"https:\/\/serversmtp.com\/wp-content\/uploads\/2018\/03\/100-guarantee.jpg"},{"@type":"BreadcrumbList","@id":"https:\/\/serversmtp.com\/fr\/remboursement-garanti\/#breadcrumb","itemListElement":[{"@type":"ListItem","position":1,"name":"Home","item":"https:\/\/serversmtp.com\/fr\/"},{"@type":"ListItem","position":2,"name":"Remboursement garanti"}]},{"@type":"WebSite","@id":"https:\/\/serversmtp.com\/fr\/#website","url":"https:\/\/serversmtp.com\/fr\/","name":"smtp mail server - professional SMTP service provider","description":"smtp mail server - professional SMTP service provider","publisher":{"@id":"https:\/\/serversmtp.com\/fr\/#organization"},"potentialAction":[{"@type":"SearchAction","target":{"@type":"EntryPoint","urlTemplate":"https:\/\/serversmtp.com\/fr\/?s={search_term_string}"},"query-input":{"@type":"PropertyValueSpecification","valueRequired":true,"valueName":"search_term_string"}}],"inLanguage":"fr-FR"},{"@type":"Organization","@id":"https:\/\/serversmtp.com\/fr\/#organization","name":"Delivery Tech","url":"https:\/\/serversmtp.com\/fr\/","logo":{"@type":"ImageObject","inLanguage":"fr-FR","@id":"https:\/\/serversmtp.com\/fr\/#\/schema\/logo\/image\/","url":"https:\/\/serversmtp.com\/wp-content\/uploads\/2021\/11\/og-image-2.jpg","contentUrl":"https:\/\/serversmtp.com\/wp-content\/uploads\/2021\/11\/og-image-2.jpg","width":1200,"height":1128,"caption":"Delivery Tech"},"image":{"@id":"https:\/\/serversmtp.com\/fr\/#\/schema\/logo\/image\/"}}]}},"_links":{"self":[{"href":"https:\/\/serversmtp.com\/fr\/wp-json\/wp\/v2\/pages\/1583"}],"collection":[{"href":"https:\/\/serversmtp.com\/fr\/wp-json\/wp\/v2\/pages"}],"about":[{"href":"https:\/\/serversmtp.com\/fr\/wp-json\/wp\/v2\/types\/page"}],"author":[{"embeddable":true,"href":"https:\/\/serversmtp.com\/fr\/wp-json\/wp\/v2\/users\/3"}],"replies":[{"embeddable":true,"href":"https:\/\/serversmtp.com\/fr\/wp-json\/wp\/v2\/comments?post=1583"}],"version-history":[{"count":2,"href":"https:\/\/serversmtp.com\/fr\/wp-json\/wp\/v2\/pages\/1583\/revisions"}],"predecessor-version":[{"id":1585,"href":"https:\/\/serversmtp.com\/fr\/wp-json\/wp\/v2\/pages\/1583\/revisions\/1585"}],"wp:attachment":[{"href":"https:\/\/serversmtp.com\/fr\/wp-json\/wp\/v2\/media?parent=1583"}],"curies":[{"name":"wp","href":"https:\/\/api.w.org\/{rel}","templated":true}]}}