{"id":1581,"date":"2018-03-28T17:49:46","date_gmt":"2018-03-28T15:49:46","guid":{"rendered":"https:\/\/dev.serversmtp.com\/?page_id=1581"},"modified":"2022-02-10T16:01:38","modified_gmt":"2022-02-10T15:01:38","slug":"plans-services-flexibles","status":"publish","type":"page","link":"https:\/\/serversmtp.com\/fr\/plans-services-flexibles\/","title":{"rendered":"Plans de service flexibles\ufeff"},"content":{"rendered":"<p>Toutes les campagnes de courriel ne sont pas cr\u00e9\u00e9s \u00e9gales! Soit vous avez besoin d&#8217;envoyer un montant unique d&#8217;emails avec un seul paiement, soit vous pr\u00e9f\u00e9rez un abonnement mensuel, turboSMTP vous propose <strong><a title=\"prix turboSMTP\" href=\"\/fr\/cart.php?systpl=turbo-smtp&amp;systpl=turbo-smtp&amp;currency=3\">une vaste gamme de prix<\/a><\/strong> cr\u00e9\u00e9s pour r\u00e9pondre \u00e0 vos besoins.<\/p>\n<p>Par exemple, vous pouvez acheter 10.000 emails par mois &#8211; et ensuite renouveler votre abonnement quand vous pr\u00e9f\u00e9rez &#8211; ou prendre un cr\u00e9dit pr\u00e9pay\u00e9 si vous n&#8217;avez pas besoin du m\u00eame montant pour chaque p\u00e9riode (ou si vous voulez diluer librement vos envois).<\/p>\n<p>En outre, vous pouvez <strong>modifier votre plan<\/strong>\u00a0\u00e0 tout moment en un simple clic, directement dans votre espace client.<\/p>\n<p>Enfin, notre dasbhoard avanc\u00e9e vous permet de d\u00e9finir une alerte qui sera livr\u00e9 \u00e0 votre adresse email <strong>lorsque vous atteignez un certain pourcentage<\/strong> de l&#8217;ensemble du cr\u00e9dit. Donc, vous ne risquerez jamais de manquer de relais dans le milieu d&#8217;un envoi postal.<\/p>\n<p>&lt;\/<\/p>\n","protected":false},"excerpt":{"rendered":"<p>Toutes les campagnes de courriel ne sont pas cr\u00e9\u00e9s \u00e9gales! Soit vous avez besoin d&#8217;envoyer un montant unique d&#8217;emails avec un seul paiement, soit vous pr\u00e9f\u00e9rez un abonnement mensuel, turboSMTP vous propose une vaste gamme de prix cr\u00e9\u00e9s pour r\u00e9pondre \u00e0 vos besoins. Par exemple, vous pouvez acheter 10.000 emails par mois &#8211; et ensuite &#8230; <\/p>\n<p class=\"read-more-container\"><a title=\"Plans de service flexibles\ufeff\" class=\"read-more button\" href=\"https:\/\/serversmtp.com\/fr\/plans-services-flexibles\/#more-1581\" aria-label=\"En savoir plus sur Plans de service flexibles\ufeff\">Discover more<\/a><\/p>\n","protected":false},"author":3,"featured_media":0,"parent":0,"menu_order":0,"comment_status":"closed","ping_status":"closed","template":"","meta":{"_eb_attr":"","inline_featured_image":false,"_monsterinsights_skip_tracking":false,"_monsterinsights_sitenote_active":false,"_monsterinsights_sitenote_note":"","_monsterinsights_sitenote_category":0,"footnotes":""},"class_list":["post-1581","page","type-page","status-publish"],"yoast_head":"<!-- This site is optimized with the Yoast SEO plugin v25.3.1 - https:\/\/yoast.com\/wordpress\/plugins\/seo\/ -->\n<title>Plans de service flexibles\ufeff - smtp mail server - professional SMTP service provider<\/title>\n<meta name=\"robots\" content=\"index, follow, max-snippet:-1, max-image-preview:large, max-video-preview:-1\" \/>\n<link rel=\"canonical\" href=\"https:\/\/serversmtp.com\/fr\/plans-services-flexibles\/\" \/>\n<meta name=\"twitter:label1\" content=\"Dur\u00e9e de lecture estim\u00e9e\" \/>\n\t<meta name=\"twitter:data1\" content=\"1 minute\" \/>\n<!-- \/ Yoast SEO plugin. -->","yoast_head_json":{"title":"Plans de service flexibles\ufeff - smtp mail server - professional SMTP service provider","robots":{"index":"index","follow":"follow","max-snippet":"max-snippet:-1","max-image-preview":"max-image-preview:large","max-video-preview":"max-video-preview:-1"},"canonical":"https:\/\/serversmtp.com\/fr\/plans-services-flexibles\/","twitter_misc":{"Dur\u00e9e de lecture estim\u00e9e":"1 minute"},"schema":{"@context":"https:\/\/schema.org","@graph":[{"@type":"WebPage","@id":"https:\/\/serversmtp.com\/fr\/plans-services-flexibles\/","url":"https:\/\/serversmtp.com\/fr\/plans-services-flexibles\/","name":"Plans de service flexibles\ufeff - smtp mail server - professional SMTP service provider","isPartOf":{"@id":"https:\/\/serversmtp.com\/#website"},"datePublished":"2018-03-28T15:49:46+00:00","dateModified":"2022-02-10T15:01:38+00:00","breadcrumb":{"@id":"https:\/\/serversmtp.com\/fr\/plans-services-flexibles\/#breadcrumb"},"inLanguage":"fr-FR","potentialAction":[{"@type":"ReadAction","target":["https:\/\/serversmtp.com\/fr\/plans-services-flexibles\/"]}]},{"@type":"BreadcrumbList","@id":"https:\/\/serversmtp.com\/fr\/plans-services-flexibles\/#breadcrumb","itemListElement":[{"@type":"ListItem","position":1,"name":"Home","item":"https:\/\/serversmtp.com\/fr\/"},{"@type":"ListItem","position":2,"name":"Plans de service flexibles\ufeff"}]},{"@type":"WebSite","@id":"https:\/\/serversmtp.com\/#website","url":"https:\/\/serversmtp.com\/","name":"smtp mail server - professional SMTP service provider","description":"smtp mail server - professional SMTP service provider","publisher":{"@id":"https:\/\/serversmtp.com\/#organization"},"potentialAction":[{"@type":"SearchAction","target":{"@type":"EntryPoint","urlTemplate":"https:\/\/serversmtp.com\/?s={search_term_string}"},"query-input":{"@type":"PropertyValueSpecification","valueRequired":true,"valueName":"search_term_string"}}],"inLanguage":"fr-FR"},{"@type":"Organization","@id":"https:\/\/serversmtp.com\/#organization","name":"Delivery Tech","url":"https:\/\/serversmtp.com\/","logo":{"@type":"ImageObject","inLanguage":"fr-FR","@id":"https:\/\/serversmtp.com\/#\/schema\/logo\/image\/","url":"https:\/\/serversmtp.com\/wp-content\/uploads\/2021\/11\/og-image-2.jpg","contentUrl":"https:\/\/serversmtp.com\/wp-content\/uploads\/2021\/11\/og-image-2.jpg","width":1200,"height":1128,"caption":"Delivery Tech"},"image":{"@id":"https:\/\/serversmtp.com\/#\/schema\/logo\/image\/"}}]}},"_links":{"self":[{"href":"https:\/\/serversmtp.com\/fr\/wp-json\/wp\/v2\/pages\/1581"}],"collection":[{"href":"https:\/\/serversmtp.com\/fr\/wp-json\/wp\/v2\/pages"}],"about":[{"href":"https:\/\/serversmtp.com\/fr\/wp-json\/wp\/v2\/types\/page"}],"author":[{"embeddable":true,"href":"https:\/\/serversmtp.com\/fr\/wp-json\/wp\/v2\/users\/3"}],"replies":[{"embeddable":true,"href":"https:\/\/serversmtp.com\/fr\/wp-json\/wp\/v2\/comments?post=1581"}],"version-history":[{"count":1,"href":"https:\/\/serversmtp.com\/fr\/wp-json\/wp\/v2\/pages\/1581\/revisions"}],"predecessor-version":[{"id":1582,"href":"https:\/\/serversmtp.com\/fr\/wp-json\/wp\/v2\/pages\/1581\/revisions\/1582"}],"wp:attachment":[{"href":"https:\/\/serversmtp.com\/fr\/wp-json\/wp\/v2\/media?parent=1581"}],"curies":[{"name":"wp","href":"https:\/\/api.w.org\/{rel}","templated":true}]}}