{"id":1579,"date":"2018-03-28T17:46:34","date_gmt":"2018-03-28T15:46:34","guid":{"rendered":"https:\/\/dev.serversmtp.com\/?page_id=1579"},"modified":"2022-02-10T16:00:42","modified_gmt":"2022-02-10T15:00:42","slug":"systeme-sub-account","status":"publish","type":"page","link":"https:\/\/serversmtp.com\/fr\/systeme-sub-account\/","title":{"rendered":"Syst\u00e8me sub account\ufeff"},"content":{"rendered":"<p>Vous voulez acheter une certaine quantit\u00e9 d&#8217;emails et <strong>les revendre au prix que vous d\u00e9cidez<\/strong>, en offrant \u00e0 vos clients un service turboSMTP enti\u00e8rement personnalis\u00e9 avec votre brand?<\/p>\n<p>Vous pouvez d\u00e9marrer cette activit\u00e9 tout de suite en <strong>cr\u00e9ant des sub accouts<\/strong> et leur attribuant le nombre de courriels que vous avez vendus. Chaque client aura acc\u00e8s \u00e0 une page personnelle et pourra utiliser notre service, tandis que vous serez toujours en mesure de <strong>suivre leurs activit\u00e9s<\/strong> et avoir un contr\u00f4le complet de la situation.<\/p>\n<p><img decoding=\"async\" class=\"aligncenter wp-image-365 size-full\" src=\"https:\/\/serversmtp.com\/wp-content\/uploads\/2018\/02\/sub-account-sample-turbosmtp.png\" alt=\"\" width=\"580\" height=\"265\" srcset=\"https:\/\/serversmtp.com\/wp-content\/uploads\/2018\/02\/sub-account-sample-turbosmtp.png 580w, https:\/\/serversmtp.com\/wp-content\/uploads\/2018\/02\/sub-account-sample-turbosmtp-300x137.png 300w, https:\/\/serversmtp.com\/wp-content\/uploads\/2018\/02\/sub-account-sample-turbosmtp-320x146.png 320w, https:\/\/serversmtp.com\/wp-content\/uploads\/2018\/02\/sub-account-sample-turbosmtp-239x109.png 239w\" sizes=\"(max-width: 580px) 100vw, 580px\" \/><\/p>\n<p>Mais la cr\u00e9ation de sub accounts peut \u00eatre aussi un moyen pratique de <strong>diviser parmi vos coll\u00e8gues toute la bande de relais que vous avez achet\u00e9s<\/strong>.<\/p>\n<p>Par exemple, vous pouvez acheter un forfait mensuel de 10.000 emails\u00a0et en donner 2.000 \u00e0 chacun de vos employ\u00e9es. C&#8217;est une fa\u00e7on simple pour distribuer une quantit\u00e9 pr\u00e9cise de messages disponibles et de suivre leur utilisation (\u00e0 savoir par exemple si vous devez en acheter plus, ou moins).<\/p>\n<p>&lt;\/<\/p>\n","protected":false},"excerpt":{"rendered":"<p>Vous voulez acheter une certaine quantit\u00e9 d&#8217;emails et les revendre au prix que vous d\u00e9cidez, en offrant \u00e0 vos clients un service turboSMTP enti\u00e8rement personnalis\u00e9 avec votre brand? Vous pouvez d\u00e9marrer cette activit\u00e9 tout de suite en cr\u00e9ant des sub accouts et leur attribuant le nombre de courriels que vous avez vendus. Chaque client aura &#8230; <\/p>\n<p class=\"read-more-container\"><a title=\"Syst\u00e8me sub account\ufeff\" class=\"read-more button\" href=\"https:\/\/serversmtp.com\/fr\/systeme-sub-account\/#more-1579\" aria-label=\"En savoir plus sur Syst\u00e8me sub account\ufeff\">Discover more<\/a><\/p>\n","protected":false},"author":3,"featured_media":0,"parent":0,"menu_order":0,"comment_status":"closed","ping_status":"closed","template":"","meta":{"_eb_attr":"","inline_featured_image":false,"_monsterinsights_skip_tracking":false,"_monsterinsights_sitenote_active":false,"_monsterinsights_sitenote_note":"","_monsterinsights_sitenote_category":0,"footnotes":""},"class_list":["post-1579","page","type-page","status-publish"],"yoast_head":"<!-- This site is optimized with the Yoast SEO plugin v25.3.1 - https:\/\/yoast.com\/wordpress\/plugins\/seo\/ -->\n<title>Syst\u00e8me sub account\ufeff - smtp mail server - professional SMTP service provider<\/title>\n<meta name=\"robots\" content=\"index, follow, max-snippet:-1, max-image-preview:large, max-video-preview:-1\" \/>\n<link rel=\"canonical\" href=\"https:\/\/serversmtp.com\/fr\/systeme-sub-account\/\" \/>\n<meta name=\"twitter:label1\" content=\"Dur\u00e9e de lecture estim\u00e9e\" \/>\n\t<meta name=\"twitter:data1\" content=\"1 minute\" \/>\n<!-- \/ Yoast SEO plugin. -->","yoast_head_json":{"title":"Syst\u00e8me sub account\ufeff - smtp mail server - professional SMTP service provider","robots":{"index":"index","follow":"follow","max-snippet":"max-snippet:-1","max-image-preview":"max-image-preview:large","max-video-preview":"max-video-preview:-1"},"canonical":"https:\/\/serversmtp.com\/fr\/systeme-sub-account\/","twitter_misc":{"Dur\u00e9e de lecture estim\u00e9e":"1 minute"},"schema":{"@context":"https:\/\/schema.org","@graph":[{"@type":"WebPage","@id":"https:\/\/serversmtp.com\/fr\/systeme-sub-account\/","url":"https:\/\/serversmtp.com\/fr\/systeme-sub-account\/","name":"Syst\u00e8me sub account\ufeff - smtp mail server - professional SMTP service provider","isPartOf":{"@id":"https:\/\/serversmtp.com\/de\/#website"},"primaryImageOfPage":{"@id":"https:\/\/serversmtp.com\/fr\/systeme-sub-account\/#primaryimage"},"image":{"@id":"https:\/\/serversmtp.com\/fr\/systeme-sub-account\/#primaryimage"},"thumbnailUrl":"https:\/\/serversmtp.com\/wp-content\/uploads\/2018\/02\/sub-account-sample-turbosmtp.png","datePublished":"2018-03-28T15:46:34+00:00","dateModified":"2022-02-10T15:00:42+00:00","breadcrumb":{"@id":"https:\/\/serversmtp.com\/fr\/systeme-sub-account\/#breadcrumb"},"inLanguage":"fr-FR","potentialAction":[{"@type":"ReadAction","target":["https:\/\/serversmtp.com\/fr\/systeme-sub-account\/"]}]},{"@type":"ImageObject","inLanguage":"fr-FR","@id":"https:\/\/serversmtp.com\/fr\/systeme-sub-account\/#primaryimage","url":"https:\/\/serversmtp.com\/wp-content\/uploads\/2018\/02\/sub-account-sample-turbosmtp.png","contentUrl":"https:\/\/serversmtp.com\/wp-content\/uploads\/2018\/02\/sub-account-sample-turbosmtp.png"},{"@type":"BreadcrumbList","@id":"https:\/\/serversmtp.com\/fr\/systeme-sub-account\/#breadcrumb","itemListElement":[{"@type":"ListItem","position":1,"name":"Home","item":"https:\/\/serversmtp.com\/fr\/"},{"@type":"ListItem","position":2,"name":"Syst\u00e8me sub account\ufeff"}]},{"@type":"WebSite","@id":"https:\/\/serversmtp.com\/de\/#website","url":"https:\/\/serversmtp.com\/de\/","name":"smtp mail server - professional SMTP service provider","description":"smtp mail server - professional SMTP service provider","publisher":{"@id":"https:\/\/serversmtp.com\/de\/#organization"},"potentialAction":[{"@type":"SearchAction","target":{"@type":"EntryPoint","urlTemplate":"https:\/\/serversmtp.com\/de\/?s={search_term_string}"},"query-input":{"@type":"PropertyValueSpecification","valueRequired":true,"valueName":"search_term_string"}}],"inLanguage":"fr-FR"},{"@type":"Organization","@id":"https:\/\/serversmtp.com\/de\/#organization","name":"Delivery Tech","url":"https:\/\/serversmtp.com\/de\/","logo":{"@type":"ImageObject","inLanguage":"fr-FR","@id":"https:\/\/serversmtp.com\/de\/#\/schema\/logo\/image\/","url":"https:\/\/serversmtp.com\/wp-content\/uploads\/2021\/11\/og-image-2.jpg","contentUrl":"https:\/\/serversmtp.com\/wp-content\/uploads\/2021\/11\/og-image-2.jpg","width":1200,"height":1128,"caption":"Delivery Tech"},"image":{"@id":"https:\/\/serversmtp.com\/de\/#\/schema\/logo\/image\/"}}]}},"_links":{"self":[{"href":"https:\/\/serversmtp.com\/fr\/wp-json\/wp\/v2\/pages\/1579"}],"collection":[{"href":"https:\/\/serversmtp.com\/fr\/wp-json\/wp\/v2\/pages"}],"about":[{"href":"https:\/\/serversmtp.com\/fr\/wp-json\/wp\/v2\/types\/page"}],"author":[{"embeddable":true,"href":"https:\/\/serversmtp.com\/fr\/wp-json\/wp\/v2\/users\/3"}],"replies":[{"embeddable":true,"href":"https:\/\/serversmtp.com\/fr\/wp-json\/wp\/v2\/comments?post=1579"}],"version-history":[{"count":1,"href":"https:\/\/serversmtp.com\/fr\/wp-json\/wp\/v2\/pages\/1579\/revisions"}],"predecessor-version":[{"id":1580,"href":"https:\/\/serversmtp.com\/fr\/wp-json\/wp\/v2\/pages\/1579\/revisions\/1580"}],"wp:attachment":[{"href":"https:\/\/serversmtp.com\/fr\/wp-json\/wp\/v2\/media?parent=1579"}],"curies":[{"name":"wp","href":"https:\/\/api.w.org\/{rel}","templated":true}]}}