{"id":1576,"date":"2018-03-28T17:41:00","date_gmt":"2018-03-28T15:41:00","guid":{"rendered":"https:\/\/dev.serversmtp.com\/?page_id=1576"},"modified":"2018-03-28T18:04:50","modified_gmt":"2018-03-28T16:04:50","slug":"gestion-spam-bouncebacks-desinscriptions","status":"publish","type":"page","link":"https:\/\/serversmtp.com\/fr\/gestion-spam-bouncebacks-desinscriptions\/","title":{"rendered":"Gestion de spam, bouncebacks et d\u00e9sinscriptions\ufeff"},"content":{"rendered":"<p><strong>Garder une liste d&#8217;email propre<\/strong>\u00a0(compos\u00e9 seulement par des adresses actifs) est essentiel pour am\u00e9liorer votre taux de livraison. C&rsquo;est pourquoi turboSMTP offre une gamme compl\u00e8te d&rsquo;outils qui vous aideront \u00e0 le faire: un <strong>syst\u00e8me de suivi des bouncebacks, du spam et des d\u00e9sincriptions<\/strong>.<\/p>\n<p>Avec nos outils avanc\u00e9s, vous garderez une trace de tout \u00e7a, adresse par adresse, avec un flux en temps r\u00e9el \u00e0 port\u00e9e de main:<\/p>\n<p><img loading=\"lazy\" class=\"aligncenter wp-image-357 size-full\" src=\"https:\/\/serversmtp.com\/wp-content\/uploads\/2018\/02\/bounce-email-tracking.jpg\" alt=\"\" width=\"580\" height=\"357\" srcset=\"https:\/\/serversmtp.com\/wp-content\/uploads\/2018\/02\/bounce-email-tracking.jpg 580w, https:\/\/serversmtp.com\/wp-content\/uploads\/2018\/02\/bounce-email-tracking-300x185.jpg 300w, https:\/\/serversmtp.com\/wp-content\/uploads\/2018\/02\/bounce-email-tracking-320x197.jpg 320w, https:\/\/serversmtp.com\/wp-content\/uploads\/2018\/02\/bounce-email-tracking-239x147.jpg 239w\" sizes=\"(max-width: 580px) 100vw, 580px\" \/><\/p>\n<p>De plus, vous pourrez cr\u00e9er et activer un <strong>lien de d\u00e9sabonnement<\/strong> en bas de page de vos emails: l&rsquo;utilisateur qui ne souhaite pas recevoir d&rsquo;autres communications devra simplement cliquer sur le lien et turboSMTP arr\u00eatera <strong>automatiquement<\/strong> l&rsquo;envoi de courriels \u00e0 son adresse.<\/p>\n<p>&lt;\/<\/p>\n","protected":false},"excerpt":{"rendered":"<p>Garder une liste d&#8217;email propre\u00a0(compos\u00e9 seulement par des adresses actifs) est essentiel pour am\u00e9liorer votre taux de livraison. C&rsquo;est pourquoi turboSMTP offre une gamme compl\u00e8te d&rsquo;outils qui vous aideront \u00e0 le faire: un syst\u00e8me de suivi des bouncebacks, du spam et des d\u00e9sincriptions. Avec nos outils avanc\u00e9s, vous garderez une trace de tout \u00e7a, adresse [&hellip;]<\/p>\n","protected":false},"author":3,"featured_media":0,"parent":0,"menu_order":0,"comment_status":"closed","ping_status":"closed","template":"g1_template_page_sidebar_right.php","meta":[],"yoast_head":"<!-- This site is optimized with the Yoast SEO plugin v16.4 - https:\/\/yoast.com\/wordpress\/plugins\/seo\/ -->\n<meta name=\"robots\" content=\"index, follow, max-snippet:-1, max-image-preview:large, max-video-preview:-1\" \/>\n<link rel=\"canonical\" href=\"https:\/\/serversmtp.com\/fr\/gestion-spam-bouncebacks-desinscriptions\/\" \/>\n<meta property=\"og:locale\" content=\"fr_FR\" \/>\n<meta property=\"og:type\" content=\"article\" \/>\n<meta property=\"og:title\" content=\"Gestion de spam, bouncebacks et d\u00e9sinscriptions\ufeff - smtp mail server - professional SMTP service provider\" \/>\n<meta property=\"og:description\" content=\"Garder une liste d&#8217;email propre\u00a0(compos\u00e9 seulement par des adresses actifs) est essentiel pour am\u00e9liorer votre taux de livraison. C&rsquo;est pourquoi turboSMTP offre une gamme compl\u00e8te d&rsquo;outils qui vous aideront \u00e0 le faire: un syst\u00e8me de suivi des bouncebacks, du spam et des d\u00e9sincriptions. Avec nos outils avanc\u00e9s, vous garderez une trace de tout \u00e7a, adresse [&hellip;]\" \/>\n<meta property=\"og:url\" content=\"https:\/\/serversmtp.com\/fr\/gestion-spam-bouncebacks-desinscriptions\/\" \/>\n<meta property=\"og:site_name\" content=\"smtp mail server - professional SMTP service provider\" \/>\n<meta property=\"article:modified_time\" content=\"2018-03-28T16:04:50+00:00\" \/>\n<meta property=\"og:image\" content=\"https:\/\/serversmtp.com\/wp-content\/uploads\/2018\/02\/bounce-email-tracking.jpg\" \/>\n<meta name=\"twitter:card\" content=\"summary_large_image\" \/>\n<meta name=\"twitter:label1\" content=\"Dur\u00e9e de lecture est.\" \/>\n\t<meta name=\"twitter:data1\" content=\"1 minute\" \/>\n<script type=\"application\/ld+json\" class=\"yoast-schema-graph\">{\"@context\":\"https:\/\/schema.org\",\"@graph\":[{\"@type\":\"WebSite\",\"@id\":\"https:\/\/serversmtp.com\/#website\",\"url\":\"https:\/\/serversmtp.com\/\",\"name\":\"smtp mail server - professional SMTP service provider\",\"description\":\"smtp mail server - professional SMTP service provider \",\"potentialAction\":[{\"@type\":\"SearchAction\",\"target\":\"https:\/\/serversmtp.com\/?s={search_term_string}\",\"query-input\":\"required name=search_term_string\"}],\"inLanguage\":\"fr-FR\"},{\"@type\":\"ImageObject\",\"@id\":\"https:\/\/serversmtp.com\/fr\/gestion-spam-bouncebacks-desinscriptions\/#primaryimage\",\"inLanguage\":\"fr-FR\",\"url\":\"https:\/\/serversmtp.com\/wp-content\/uploads\/2018\/02\/bounce-email-tracking.jpg\",\"contentUrl\":\"https:\/\/serversmtp.com\/wp-content\/uploads\/2018\/02\/bounce-email-tracking.jpg\",\"width\":580,\"height\":357},{\"@type\":\"WebPage\",\"@id\":\"https:\/\/serversmtp.com\/fr\/gestion-spam-bouncebacks-desinscriptions\/#webpage\",\"url\":\"https:\/\/serversmtp.com\/fr\/gestion-spam-bouncebacks-desinscriptions\/\",\"name\":\"Gestion de spam, bouncebacks et d\\u00e9sinscriptions\\ufeff - smtp mail server - professional SMTP service provider\",\"isPartOf\":{\"@id\":\"https:\/\/serversmtp.com\/#website\"},\"primaryImageOfPage\":{\"@id\":\"https:\/\/serversmtp.com\/fr\/gestion-spam-bouncebacks-desinscriptions\/#primaryimage\"},\"datePublished\":\"2018-03-28T15:41:00+00:00\",\"dateModified\":\"2018-03-28T16:04:50+00:00\",\"breadcrumb\":{\"@id\":\"https:\/\/serversmtp.com\/fr\/gestion-spam-bouncebacks-desinscriptions\/#breadcrumb\"},\"inLanguage\":\"fr-FR\",\"potentialAction\":[{\"@type\":\"ReadAction\",\"target\":[\"https:\/\/serversmtp.com\/fr\/gestion-spam-bouncebacks-desinscriptions\/\"]}]},{\"@type\":\"BreadcrumbList\",\"@id\":\"https:\/\/serversmtp.com\/fr\/gestion-spam-bouncebacks-desinscriptions\/#breadcrumb\",\"itemListElement\":[{\"@type\":\"ListItem\",\"position\":1,\"item\":{\"@type\":\"WebPage\",\"@id\":\"https:\/\/serversmtp.com\/fr\/\",\"url\":\"https:\/\/serversmtp.com\/fr\/\",\"name\":\"Home\"}},{\"@type\":\"ListItem\",\"position\":2,\"item\":{\"@id\":\"https:\/\/serversmtp.com\/fr\/gestion-spam-bouncebacks-desinscriptions\/#webpage\"}}]}]}<\/script>\n<!-- \/ Yoast SEO plugin. -->","_links":{"self":[{"href":"https:\/\/serversmtp.com\/fr\/wp-json\/wp\/v2\/pages\/1576"}],"collection":[{"href":"https:\/\/serversmtp.com\/fr\/wp-json\/wp\/v2\/pages"}],"about":[{"href":"https:\/\/serversmtp.com\/fr\/wp-json\/wp\/v2\/types\/page"}],"author":[{"embeddable":true,"href":"https:\/\/serversmtp.com\/fr\/wp-json\/wp\/v2\/users\/3"}],"replies":[{"embeddable":true,"href":"https:\/\/serversmtp.com\/fr\/wp-json\/wp\/v2\/comments?post=1576"}],"version-history":[{"count":2,"href":"https:\/\/serversmtp.com\/fr\/wp-json\/wp\/v2\/pages\/1576\/revisions"}],"predecessor-version":[{"id":1578,"href":"https:\/\/serversmtp.com\/fr\/wp-json\/wp\/v2\/pages\/1576\/revisions\/1578"}],"wp:attachment":[{"href":"https:\/\/serversmtp.com\/fr\/wp-json\/wp\/v2\/media?parent=1576"}],"curies":[{"name":"wp","href":"https:\/\/api.w.org\/{rel}","templated":true}]}}