{"id":1573,"date":"2018-03-28T17:35:27","date_gmt":"2018-03-28T15:35:27","guid":{"rendered":"https:\/\/dev.serversmtp.com\/?page_id=1573"},"modified":"2022-02-10T15:58:41","modified_gmt":"2022-02-10T14:58:41","slug":"serveurs-fiables-relation-fai","status":"publish","type":"page","link":"https:\/\/serversmtp.com\/fr\/serveurs-fiables-relation-fai\/","title":{"rendered":"Serveurs fiables et relations avec les FAI\ufeff"},"content":{"rendered":"<p>Nous maintenons une <strong>communication continue<\/strong> avec les meilleurs fournisseurs d&#8217;acc\u00e8s \u00e0 internet afin <strong>d&#8217;\u00e9viter tout type de probl\u00e8me de d\u00e9livrabilit\u00e9<\/strong>: nos serveurs fiables vont augmenter au maximum votre taux de livraison de courriels, en r\u00e9duisant une fois pour toutes le nombre des messages filtr\u00e9s.<\/p>\n<p>Aussi, turboSMTP fournit une <strong>certification DKIM <\/strong>(\u00e0 ajouter dans votre domaine) qui garantit aux serveurs des destinataires\u00a0que tout message envoy\u00e9 et authentifi\u00e9 et a une origine l\u00e9gitime.<\/p>\n<p><img decoding=\"async\" class=\"aligncenter wp-image-445 size-full\" src=\"https:\/\/serversmtp.com\/wp-content\/uploads\/2018\/02\/what-is-smtp.png\" alt=\"\" width=\"580\" height=\"372\" srcset=\"https:\/\/serversmtp.com\/wp-content\/uploads\/2018\/02\/what-is-smtp.png 580w, https:\/\/serversmtp.com\/wp-content\/uploads\/2018\/02\/what-is-smtp-300x192.png 300w, https:\/\/serversmtp.com\/wp-content\/uploads\/2018\/02\/what-is-smtp-320x205.png 320w, https:\/\/serversmtp.com\/wp-content\/uploads\/2018\/02\/what-is-smtp-239x153.png 239w\" sizes=\"(max-width: 580px) 100vw, 580px\" \/><\/p>\n<p>L&#8217;ensemble du syst\u00e8me permettra d&#8217;<strong>assurer la livraison la plus \u00e9lev\u00e9e<\/strong> pour vos messages, afin que vous puissiez profiter au maximum de toute campagne d&#8217;emai marketing.<\/p>\n<p>&lt;\/<\/p>\n","protected":false},"excerpt":{"rendered":"<p>Nous maintenons une communication continue avec les meilleurs fournisseurs d&#8217;acc\u00e8s \u00e0 internet afin d&#8217;\u00e9viter tout type de probl\u00e8me de d\u00e9livrabilit\u00e9: nos serveurs fiables vont augmenter au maximum votre taux de livraison de courriels, en r\u00e9duisant une fois pour toutes le nombre des messages filtr\u00e9s. Aussi, turboSMTP fournit une certification DKIM (\u00e0 ajouter dans votre domaine) &#8230; <\/p>\n<p class=\"read-more-container\"><a title=\"Serveurs fiables et relations avec les FAI\ufeff\" class=\"read-more button\" href=\"https:\/\/serversmtp.com\/fr\/serveurs-fiables-relation-fai\/#more-1573\" aria-label=\"En savoir plus sur Serveurs fiables et relations avec les FAI\ufeff\">Discover more<\/a><\/p>\n","protected":false},"author":3,"featured_media":0,"parent":0,"menu_order":0,"comment_status":"closed","ping_status":"closed","template":"","meta":{"_eb_attr":"","inline_featured_image":false,"_monsterinsights_skip_tracking":false,"_monsterinsights_sitenote_active":false,"_monsterinsights_sitenote_note":"","_monsterinsights_sitenote_category":0,"footnotes":""},"class_list":["post-1573","page","type-page","status-publish"],"yoast_head":"<!-- This site is optimized with the Yoast SEO plugin v25.3.1 - https:\/\/yoast.com\/wordpress\/plugins\/seo\/ -->\n<title>Serveurs fiables et relations avec les FAI\ufeff - smtp mail server - professional SMTP service provider<\/title>\n<meta name=\"robots\" content=\"index, follow, max-snippet:-1, max-image-preview:large, max-video-preview:-1\" \/>\n<link rel=\"canonical\" href=\"https:\/\/serversmtp.com\/fr\/serveurs-fiables-relation-fai\/\" \/>\n<meta name=\"twitter:label1\" content=\"Dur\u00e9e de lecture estim\u00e9e\" \/>\n\t<meta name=\"twitter:data1\" content=\"1 minute\" \/>\n<!-- \/ Yoast SEO plugin. -->","yoast_head_json":{"title":"Serveurs fiables et relations avec les FAI\ufeff - smtp mail server - professional SMTP service provider","robots":{"index":"index","follow":"follow","max-snippet":"max-snippet:-1","max-image-preview":"max-image-preview:large","max-video-preview":"max-video-preview:-1"},"canonical":"https:\/\/serversmtp.com\/fr\/serveurs-fiables-relation-fai\/","twitter_misc":{"Dur\u00e9e de lecture estim\u00e9e":"1 minute"},"schema":{"@context":"https:\/\/schema.org","@graph":[{"@type":"WebPage","@id":"https:\/\/serversmtp.com\/fr\/serveurs-fiables-relation-fai\/","url":"https:\/\/serversmtp.com\/fr\/serveurs-fiables-relation-fai\/","name":"Serveurs fiables et relations avec les FAI\ufeff - smtp mail server - professional SMTP service provider","isPartOf":{"@id":"https:\/\/serversmtp.com\/de\/#website"},"primaryImageOfPage":{"@id":"https:\/\/serversmtp.com\/fr\/serveurs-fiables-relation-fai\/#primaryimage"},"image":{"@id":"https:\/\/serversmtp.com\/fr\/serveurs-fiables-relation-fai\/#primaryimage"},"thumbnailUrl":"https:\/\/serversmtp.com\/wp-content\/uploads\/2018\/02\/what-is-smtp.png","datePublished":"2018-03-28T15:35:27+00:00","dateModified":"2022-02-10T14:58:41+00:00","breadcrumb":{"@id":"https:\/\/serversmtp.com\/fr\/serveurs-fiables-relation-fai\/#breadcrumb"},"inLanguage":"fr-FR","potentialAction":[{"@type":"ReadAction","target":["https:\/\/serversmtp.com\/fr\/serveurs-fiables-relation-fai\/"]}]},{"@type":"ImageObject","inLanguage":"fr-FR","@id":"https:\/\/serversmtp.com\/fr\/serveurs-fiables-relation-fai\/#primaryimage","url":"https:\/\/serversmtp.com\/wp-content\/uploads\/2018\/02\/what-is-smtp.png","contentUrl":"https:\/\/serversmtp.com\/wp-content\/uploads\/2018\/02\/what-is-smtp.png"},{"@type":"BreadcrumbList","@id":"https:\/\/serversmtp.com\/fr\/serveurs-fiables-relation-fai\/#breadcrumb","itemListElement":[{"@type":"ListItem","position":1,"name":"Home","item":"https:\/\/serversmtp.com\/fr\/"},{"@type":"ListItem","position":2,"name":"Serveurs fiables et relations avec les FAI\ufeff"}]},{"@type":"WebSite","@id":"https:\/\/serversmtp.com\/de\/#website","url":"https:\/\/serversmtp.com\/de\/","name":"smtp mail server - professional SMTP service provider","description":"smtp mail server - professional SMTP service provider","publisher":{"@id":"https:\/\/serversmtp.com\/de\/#organization"},"potentialAction":[{"@type":"SearchAction","target":{"@type":"EntryPoint","urlTemplate":"https:\/\/serversmtp.com\/de\/?s={search_term_string}"},"query-input":{"@type":"PropertyValueSpecification","valueRequired":true,"valueName":"search_term_string"}}],"inLanguage":"fr-FR"},{"@type":"Organization","@id":"https:\/\/serversmtp.com\/de\/#organization","name":"Delivery Tech","url":"https:\/\/serversmtp.com\/de\/","logo":{"@type":"ImageObject","inLanguage":"fr-FR","@id":"https:\/\/serversmtp.com\/de\/#\/schema\/logo\/image\/","url":"https:\/\/serversmtp.com\/wp-content\/uploads\/2021\/11\/og-image-2.jpg","contentUrl":"https:\/\/serversmtp.com\/wp-content\/uploads\/2021\/11\/og-image-2.jpg","width":1200,"height":1128,"caption":"Delivery Tech"},"image":{"@id":"https:\/\/serversmtp.com\/de\/#\/schema\/logo\/image\/"}}]}},"_links":{"self":[{"href":"https:\/\/serversmtp.com\/fr\/wp-json\/wp\/v2\/pages\/1573"}],"collection":[{"href":"https:\/\/serversmtp.com\/fr\/wp-json\/wp\/v2\/pages"}],"about":[{"href":"https:\/\/serversmtp.com\/fr\/wp-json\/wp\/v2\/types\/page"}],"author":[{"embeddable":true,"href":"https:\/\/serversmtp.com\/fr\/wp-json\/wp\/v2\/users\/3"}],"replies":[{"embeddable":true,"href":"https:\/\/serversmtp.com\/fr\/wp-json\/wp\/v2\/comments?post=1573"}],"version-history":[{"count":2,"href":"https:\/\/serversmtp.com\/fr\/wp-json\/wp\/v2\/pages\/1573\/revisions"}],"predecessor-version":[{"id":1575,"href":"https:\/\/serversmtp.com\/fr\/wp-json\/wp\/v2\/pages\/1573\/revisions\/1575"}],"wp:attachment":[{"href":"https:\/\/serversmtp.com\/fr\/wp-json\/wp\/v2\/media?parent=1573"}],"curies":[{"name":"wp","href":"https:\/\/api.w.org\/{rel}","templated":true}]}}