{"id":1569,"date":"2018-03-28T17:30:48","date_gmt":"2018-03-28T15:30:48","guid":{"rendered":"https:\/\/dev.serversmtp.com\/?page_id=1569"},"modified":"2018-03-28T18:10:01","modified_gmt":"2018-03-28T16:10:01","slug":"livraison-rapide-partout","status":"publish","type":"page","link":"https:\/\/serversmtp.com\/fr\/livraison-rapide-partout\/","title":{"rendered":"Livraison rapide, partout et quand vous voulez\ufeff"},"content":{"rendered":"<p><img loading=\"lazy\" class=\"aligncenter wp-image-347 size-full\" src=\"https:\/\/serversmtp.com\/wp-content\/uploads\/2018\/02\/turboSMTP-high-speed-delivery.jpg\" alt=\"\" width=\"580\" height=\"148\" srcset=\"https:\/\/serversmtp.com\/wp-content\/uploads\/2018\/02\/turboSMTP-high-speed-delivery.jpg 580w, https:\/\/serversmtp.com\/wp-content\/uploads\/2018\/02\/turboSMTP-high-speed-delivery-300x77.jpg 300w, https:\/\/serversmtp.com\/wp-content\/uploads\/2018\/02\/turboSMTP-high-speed-delivery-320x82.jpg 320w, https:\/\/serversmtp.com\/wp-content\/uploads\/2018\/02\/turboSMTP-high-speed-delivery-239x61.jpg 239w\" sizes=\"(max-width: 580px) 100vw, 580px\" \/><\/p>\n<p>Pour <strong>envoyer un email en masse<\/strong>, les serveurs SMTP plus communs ne sont pas le choix id\u00e9ale &#8211; aussi parce-qu&rsquo;il vous faudra beaucoup de temps.<\/p>\n<p><a title=\"try turboSMTP\" href=\"\/fr\/tsmtpregistration1.php\">turboSMTP<\/a>, au contraire, vous offre une <strong>livraison rapide\u00a0<\/strong>qui rendra le proc\u00e8s beaucoup plus simple.<\/p>\n<p>Aussi, turboSMTP fonctionne avec <strong>n&rsquo;importe quel FAI<\/strong> dans le monde, y compris tous les grands r\u00e9seaux \u00e0 large bande et hotspots Wi-Fi publics: si vous avez besoin d&rsquo;envoyer vos emails sur le pouce, il n&rsquo;y a pas de probl\u00e8me &#8211; et vous n&rsquo;avez pas avoir \u00e0 changer vos param\u00e8tres SMTP.<\/p>\n<p>&lt;\/<\/p>\n","protected":false},"excerpt":{"rendered":"<p>Pour envoyer un email en masse, les serveurs SMTP plus communs ne sont pas le choix id\u00e9ale &#8211; aussi parce-qu&rsquo;il vous faudra beaucoup de temps. turboSMTP, au contraire, vous offre une livraison rapide\u00a0qui rendra le proc\u00e8s beaucoup plus simple. Aussi, turboSMTP fonctionne avec n&rsquo;importe quel FAI dans le monde, y compris tous les grands r\u00e9seaux [&hellip;]<\/p>\n","protected":false},"author":3,"featured_media":0,"parent":0,"menu_order":0,"comment_status":"closed","ping_status":"closed","template":"g1_template_page_sidebar_right.php","meta":[],"yoast_head":"<!-- This site is optimized with the Yoast SEO plugin v16.4 - https:\/\/yoast.com\/wordpress\/plugins\/seo\/ -->\n<meta name=\"robots\" content=\"index, follow, max-snippet:-1, max-image-preview:large, max-video-preview:-1\" \/>\n<link rel=\"canonical\" href=\"https:\/\/serversmtp.com\/fr\/livraison-rapide-partout\/\" \/>\n<meta property=\"og:locale\" content=\"fr_FR\" \/>\n<meta property=\"og:type\" content=\"article\" \/>\n<meta property=\"og:title\" content=\"Livraison rapide, partout et quand vous voulez\ufeff - smtp mail server - professional SMTP service provider\" \/>\n<meta property=\"og:description\" content=\"Pour envoyer un email en masse, les serveurs SMTP plus communs ne sont pas le choix id\u00e9ale &#8211; aussi parce-qu&rsquo;il vous faudra beaucoup de temps. turboSMTP, au contraire, vous offre une livraison rapide\u00a0qui rendra le proc\u00e8s beaucoup plus simple. Aussi, turboSMTP fonctionne avec n&rsquo;importe quel FAI dans le monde, y compris tous les grands r\u00e9seaux [&hellip;]\" \/>\n<meta property=\"og:url\" content=\"https:\/\/serversmtp.com\/fr\/livraison-rapide-partout\/\" \/>\n<meta property=\"og:site_name\" content=\"smtp mail server - professional SMTP service provider\" \/>\n<meta property=\"article:modified_time\" content=\"2018-03-28T16:10:01+00:00\" \/>\n<meta property=\"og:image\" content=\"https:\/\/serversmtp.com\/wp-content\/uploads\/2018\/02\/turboSMTP-high-speed-delivery.jpg\" \/>\n<meta name=\"twitter:card\" content=\"summary_large_image\" \/>\n<script type=\"application\/ld+json\" class=\"yoast-schema-graph\">{\"@context\":\"https:\/\/schema.org\",\"@graph\":[{\"@type\":\"WebSite\",\"@id\":\"https:\/\/serversmtp.com\/#website\",\"url\":\"https:\/\/serversmtp.com\/\",\"name\":\"smtp mail server - professional SMTP service provider\",\"description\":\"smtp mail server - professional SMTP service provider \",\"potentialAction\":[{\"@type\":\"SearchAction\",\"target\":\"https:\/\/serversmtp.com\/?s={search_term_string}\",\"query-input\":\"required name=search_term_string\"}],\"inLanguage\":\"fr-FR\"},{\"@type\":\"ImageObject\",\"@id\":\"https:\/\/serversmtp.com\/fr\/livraison-rapide-partout\/#primaryimage\",\"inLanguage\":\"fr-FR\",\"url\":\"https:\/\/serversmtp.com\/wp-content\/uploads\/2018\/02\/turboSMTP-high-speed-delivery.jpg\",\"contentUrl\":\"https:\/\/serversmtp.com\/wp-content\/uploads\/2018\/02\/turboSMTP-high-speed-delivery.jpg\",\"width\":580,\"height\":148},{\"@type\":\"WebPage\",\"@id\":\"https:\/\/serversmtp.com\/fr\/livraison-rapide-partout\/#webpage\",\"url\":\"https:\/\/serversmtp.com\/fr\/livraison-rapide-partout\/\",\"name\":\"Livraison rapide, partout et quand vous voulez\\ufeff - smtp mail server - professional SMTP service provider\",\"isPartOf\":{\"@id\":\"https:\/\/serversmtp.com\/#website\"},\"primaryImageOfPage\":{\"@id\":\"https:\/\/serversmtp.com\/fr\/livraison-rapide-partout\/#primaryimage\"},\"datePublished\":\"2018-03-28T15:30:48+00:00\",\"dateModified\":\"2018-03-28T16:10:01+00:00\",\"breadcrumb\":{\"@id\":\"https:\/\/serversmtp.com\/fr\/livraison-rapide-partout\/#breadcrumb\"},\"inLanguage\":\"fr-FR\",\"potentialAction\":[{\"@type\":\"ReadAction\",\"target\":[\"https:\/\/serversmtp.com\/fr\/livraison-rapide-partout\/\"]}]},{\"@type\":\"BreadcrumbList\",\"@id\":\"https:\/\/serversmtp.com\/fr\/livraison-rapide-partout\/#breadcrumb\",\"itemListElement\":[{\"@type\":\"ListItem\",\"position\":1,\"item\":{\"@type\":\"WebPage\",\"@id\":\"https:\/\/serversmtp.com\/fr\/\",\"url\":\"https:\/\/serversmtp.com\/fr\/\",\"name\":\"Home\"}},{\"@type\":\"ListItem\",\"position\":2,\"item\":{\"@id\":\"https:\/\/serversmtp.com\/fr\/livraison-rapide-partout\/#webpage\"}}]}]}<\/script>\n<!-- \/ Yoast SEO plugin. -->","_links":{"self":[{"href":"https:\/\/serversmtp.com\/fr\/wp-json\/wp\/v2\/pages\/1569"}],"collection":[{"href":"https:\/\/serversmtp.com\/fr\/wp-json\/wp\/v2\/pages"}],"about":[{"href":"https:\/\/serversmtp.com\/fr\/wp-json\/wp\/v2\/types\/page"}],"author":[{"embeddable":true,"href":"https:\/\/serversmtp.com\/fr\/wp-json\/wp\/v2\/users\/3"}],"replies":[{"embeddable":true,"href":"https:\/\/serversmtp.com\/fr\/wp-json\/wp\/v2\/comments?post=1569"}],"version-history":[{"count":2,"href":"https:\/\/serversmtp.com\/fr\/wp-json\/wp\/v2\/pages\/1569\/revisions"}],"predecessor-version":[{"id":1571,"href":"https:\/\/serversmtp.com\/fr\/wp-json\/wp\/v2\/pages\/1569\/revisions\/1571"}],"wp:attachment":[{"href":"https:\/\/serversmtp.com\/fr\/wp-json\/wp\/v2\/media?parent=1569"}],"curies":[{"name":"wp","href":"https:\/\/api.w.org\/{rel}","templated":true}]}}