{"id":1567,"date":"2018-03-28T17:26:29","date_gmt":"2018-03-28T15:26:29","guid":{"rendered":"https:\/\/dev.serversmtp.com\/?page_id=1567"},"modified":"2022-02-10T15:56:55","modified_gmt":"2022-02-10T14:56:55","slug":"compatible-avec-clients-messagerie","status":"publish","type":"page","link":"https:\/\/serversmtp.com\/fr\/compatible-avec-clients-messagerie\/","title":{"rendered":"Compatible avec les principaux clients de messagerie"},"content":{"rendered":"<p>Soit vous travaillez avec un <strong>client de poste classique<\/strong> ou un <strong>outil professionnel d&#8217;email marketing<\/strong>, turboSMTP vous offre le m\u00eame service sans aucun probl\u00e8me.<\/p>\n<p>En fait, notre syst\u00e8me est <strong>compatible avec tous les principaux clients de messagerie<\/strong> &#8211; comme Mozilla Thunderbird, Windows Mail, Apple Mail, Microsoft Outlook Express, SendBlaster, GroupMail, Mailer atomique et beaucoup d&#8217;autres.<\/p>\n<p>Et gr\u00e2ce \u00e0 notre <strong>dashboard avanc\u00e9e<\/strong>, vous obtiendrez gratuitement de nombreuses autres fonctions que les logiciels de courriel ne fournissent pas: comme des statistiques en temps r\u00e9el sur les ouvertures et les clics, un syst\u00e8me de gestion de bouncebacks, et d&#8217;autres outils encore.<\/p>\n<p><img decoding=\"async\" class=\"aligncenter wp-image-342 size-full\" src=\"https:\/\/serversmtp.com\/wp-content\/uploads\/2018\/02\/smtp-compatible-client.png\" alt=\"\" width=\"580\" height=\"254\" srcset=\"https:\/\/serversmtp.com\/wp-content\/uploads\/2018\/02\/smtp-compatible-client.png 580w, https:\/\/serversmtp.com\/wp-content\/uploads\/2018\/02\/smtp-compatible-client-300x131.png 300w, https:\/\/serversmtp.com\/wp-content\/uploads\/2018\/02\/smtp-compatible-client-320x140.png 320w, https:\/\/serversmtp.com\/wp-content\/uploads\/2018\/02\/smtp-compatible-client-239x105.png 239w\" sizes=\"(max-width: 580px) 100vw, 580px\" \/><\/p>\n<p>De plus, turboSMTP est <strong>extr\u00eamement facile \u00e0 installer<\/strong>. Il n&#8217;y a pas de software \u00e0 t\u00e9l\u00e9charger; il vous suffit de <a href=\"\/fr\/tsmtpregistration1.php\">vous inscrire \u00e0 notre site<\/a>, choisir votre plan en fonction de vos besoins, configurer votre client de messagerie et voil\u00e0 &#8211; c&#8217;est fait.<\/p>\n","protected":false},"excerpt":{"rendered":"<p>Soit vous travaillez avec un client de poste classique ou un outil professionnel d&#8217;email marketing, turboSMTP vous offre le m\u00eame service sans aucun probl\u00e8me. En fait, notre syst\u00e8me est compatible avec tous les principaux clients de messagerie &#8211; comme Mozilla Thunderbird, Windows Mail, Apple Mail, Microsoft Outlook Express, SendBlaster, GroupMail, Mailer atomique et beaucoup d&#8217;autres. &#8230; <\/p>\n<p class=\"read-more-container\"><a title=\"Compatible avec les principaux clients de messagerie\" class=\"read-more button\" href=\"https:\/\/serversmtp.com\/fr\/compatible-avec-clients-messagerie\/#more-1567\" aria-label=\"En savoir plus sur Compatible avec les principaux clients de messagerie\">Discover more<\/a><\/p>\n","protected":false},"author":3,"featured_media":0,"parent":0,"menu_order":0,"comment_status":"closed","ping_status":"closed","template":"","meta":{"_eb_attr":"","inline_featured_image":false,"_monsterinsights_skip_tracking":false,"_monsterinsights_sitenote_active":false,"_monsterinsights_sitenote_note":"","_monsterinsights_sitenote_category":0,"footnotes":""},"class_list":["post-1567","page","type-page","status-publish"],"yoast_head":"<!-- This site is optimized with the Yoast SEO plugin v25.3.1 - https:\/\/yoast.com\/wordpress\/plugins\/seo\/ -->\n<title>Compatible avec les principaux clients de messagerie - smtp mail server - professional SMTP service provider<\/title>\n<meta name=\"robots\" content=\"index, follow, max-snippet:-1, max-image-preview:large, max-video-preview:-1\" \/>\n<link rel=\"canonical\" href=\"https:\/\/serversmtp.com\/fr\/compatible-avec-clients-messagerie\/\" \/>\n<meta name=\"twitter:label1\" content=\"Dur\u00e9e de lecture estim\u00e9e\" \/>\n\t<meta name=\"twitter:data1\" content=\"1 minute\" \/>\n<!-- \/ Yoast SEO plugin. -->","yoast_head_json":{"title":"Compatible avec les principaux clients de messagerie - smtp mail server - professional SMTP service provider","robots":{"index":"index","follow":"follow","max-snippet":"max-snippet:-1","max-image-preview":"max-image-preview:large","max-video-preview":"max-video-preview:-1"},"canonical":"https:\/\/serversmtp.com\/fr\/compatible-avec-clients-messagerie\/","twitter_misc":{"Dur\u00e9e de lecture estim\u00e9e":"1 minute"},"schema":{"@context":"https:\/\/schema.org","@graph":[{"@type":"WebPage","@id":"https:\/\/serversmtp.com\/fr\/compatible-avec-clients-messagerie\/","url":"https:\/\/serversmtp.com\/fr\/compatible-avec-clients-messagerie\/","name":"Compatible avec les principaux clients de messagerie - smtp mail server - professional SMTP service provider","isPartOf":{"@id":"https:\/\/serversmtp.com\/de\/#website"},"primaryImageOfPage":{"@id":"https:\/\/serversmtp.com\/fr\/compatible-avec-clients-messagerie\/#primaryimage"},"image":{"@id":"https:\/\/serversmtp.com\/fr\/compatible-avec-clients-messagerie\/#primaryimage"},"thumbnailUrl":"https:\/\/serversmtp.com\/wp-content\/uploads\/2018\/02\/smtp-compatible-client.png","datePublished":"2018-03-28T15:26:29+00:00","dateModified":"2022-02-10T14:56:55+00:00","breadcrumb":{"@id":"https:\/\/serversmtp.com\/fr\/compatible-avec-clients-messagerie\/#breadcrumb"},"inLanguage":"fr-FR","potentialAction":[{"@type":"ReadAction","target":["https:\/\/serversmtp.com\/fr\/compatible-avec-clients-messagerie\/"]}]},{"@type":"ImageObject","inLanguage":"fr-FR","@id":"https:\/\/serversmtp.com\/fr\/compatible-avec-clients-messagerie\/#primaryimage","url":"https:\/\/serversmtp.com\/wp-content\/uploads\/2018\/02\/smtp-compatible-client.png","contentUrl":"https:\/\/serversmtp.com\/wp-content\/uploads\/2018\/02\/smtp-compatible-client.png"},{"@type":"BreadcrumbList","@id":"https:\/\/serversmtp.com\/fr\/compatible-avec-clients-messagerie\/#breadcrumb","itemListElement":[{"@type":"ListItem","position":1,"name":"Home","item":"https:\/\/serversmtp.com\/fr\/"},{"@type":"ListItem","position":2,"name":"Compatible avec les principaux clients de messagerie"}]},{"@type":"WebSite","@id":"https:\/\/serversmtp.com\/de\/#website","url":"https:\/\/serversmtp.com\/de\/","name":"smtp mail server - professional SMTP service provider","description":"smtp mail server - professional SMTP service provider","publisher":{"@id":"https:\/\/serversmtp.com\/de\/#organization"},"potentialAction":[{"@type":"SearchAction","target":{"@type":"EntryPoint","urlTemplate":"https:\/\/serversmtp.com\/de\/?s={search_term_string}"},"query-input":{"@type":"PropertyValueSpecification","valueRequired":true,"valueName":"search_term_string"}}],"inLanguage":"fr-FR"},{"@type":"Organization","@id":"https:\/\/serversmtp.com\/de\/#organization","name":"Delivery Tech","url":"https:\/\/serversmtp.com\/de\/","logo":{"@type":"ImageObject","inLanguage":"fr-FR","@id":"https:\/\/serversmtp.com\/de\/#\/schema\/logo\/image\/","url":"https:\/\/serversmtp.com\/wp-content\/uploads\/2021\/11\/og-image-2.jpg","contentUrl":"https:\/\/serversmtp.com\/wp-content\/uploads\/2021\/11\/og-image-2.jpg","width":1200,"height":1128,"caption":"Delivery Tech"},"image":{"@id":"https:\/\/serversmtp.com\/de\/#\/schema\/logo\/image\/"}}]}},"_links":{"self":[{"href":"https:\/\/serversmtp.com\/fr\/wp-json\/wp\/v2\/pages\/1567"}],"collection":[{"href":"https:\/\/serversmtp.com\/fr\/wp-json\/wp\/v2\/pages"}],"about":[{"href":"https:\/\/serversmtp.com\/fr\/wp-json\/wp\/v2\/types\/page"}],"author":[{"embeddable":true,"href":"https:\/\/serversmtp.com\/fr\/wp-json\/wp\/v2\/users\/3"}],"replies":[{"embeddable":true,"href":"https:\/\/serversmtp.com\/fr\/wp-json\/wp\/v2\/comments?post=1567"}],"version-history":[{"count":3,"href":"https:\/\/serversmtp.com\/fr\/wp-json\/wp\/v2\/pages\/1567\/revisions"}],"predecessor-version":[{"id":1610,"href":"https:\/\/serversmtp.com\/fr\/wp-json\/wp\/v2\/pages\/1567\/revisions\/1610"}],"wp:attachment":[{"href":"https:\/\/serversmtp.com\/fr\/wp-json\/wp\/v2\/media?parent=1567"}],"curies":[{"name":"wp","href":"https:\/\/api.w.org\/{rel}","templated":true}]}}