{"id":1565,"date":"2018-03-28T17:22:26","date_gmt":"2018-03-28T15:22:26","guid":{"rendered":"https:\/\/dev.serversmtp.com\/?page_id=1565"},"modified":"2022-02-10T15:56:03","modified_gmt":"2022-02-10T14:56:03","slug":"services-clients-multilingue-24-7","status":"publish","type":"page","link":"https:\/\/serversmtp.com\/fr\/services-clients-multilingue-24-7\/","title":{"rendered":"Service clients multilingue et 24\/7\ufeff"},"content":{"rendered":"<p><img decoding=\"async\" class=\"aligncenter wp-image-335 size-full\" src=\"https:\/\/serversmtp.com\/wp-content\/uploads\/2018\/02\/multilanguage.jpg\" alt=\"\" width=\"580\" height=\"148\" srcset=\"https:\/\/serversmtp.com\/wp-content\/uploads\/2018\/02\/multilanguage.jpg 580w, https:\/\/serversmtp.com\/wp-content\/uploads\/2018\/02\/multilanguage-300x77.jpg 300w, https:\/\/serversmtp.com\/wp-content\/uploads\/2018\/02\/multilanguage-320x82.jpg 320w, https:\/\/serversmtp.com\/wp-content\/uploads\/2018\/02\/multilanguage-239x61.jpg 239w\" sizes=\"(max-width: 580px) 100vw, 580px\" \/><\/p>\n<p>turboSMTP consid\u00e8re le <strong>support \u00e0 la client\u00e8le<\/strong> comme une ressource essentielle: c&#8217;est pourquoi nous avons une \u00e9quipe d\u00e9di\u00e9e de professionnels qui vous aideront \u00e0 r\u00e9soudre tous les probl\u00e8mes, disponible <strong>24h par jour et 7 jours par semaine<\/strong>.<\/p>\n<p>De plus, le support de turboSMTP est <strong>multilingue<\/strong>: vous pouvez soumettre vos questions en anglais, italien, allemand, arabe, fran\u00e7ais, russe, espagnol, roumain, le serbe et le portugais.<\/p>\n<p>Alors n&#8217;h\u00e9sitez pas \u00e0 demander \u00e0 notre \u00e9quipe afin de vous aider pour les questions techniques, commerciales ou g\u00e9n\u00e9rale quand vous le voulez, en choisissant le canal que vous pr\u00e9f\u00e9rez:<\/p>\n<ul>\n<li>par chat en ouvrant\u00a0<strong><a href=\"http:\/\/messenger.providesupport.com\/messenger\/0wa5ee8xj99dv190x9q6s2yty8.html\">ce fen\u00eatre<\/a><\/strong><\/li>\n<li>par email, avec un<strong><a href=\"https:\/\/admin.serversmtp.com\/fr\/submitticket.php?step=2&amp;deptid=7\">\u00a0ticket<\/a><\/strong><\/li>\n<li>par Skype, <strong><a href=\"skype:contacturbo?call\">en nous contactant directement<\/a><\/strong><\/li>\n<\/ul>\n<p>&lt;\/<\/p>\n","protected":false},"excerpt":{"rendered":"<p>turboSMTP consid\u00e8re le support \u00e0 la client\u00e8le comme une ressource essentielle: c&#8217;est pourquoi nous avons une \u00e9quipe d\u00e9di\u00e9e de professionnels qui vous aideront \u00e0 r\u00e9soudre tous les probl\u00e8mes, disponible 24h par jour et 7 jours par semaine. De plus, le support de turboSMTP est multilingue: vous pouvez soumettre vos questions en anglais, italien, allemand, arabe, &#8230; <\/p>\n<p class=\"read-more-container\"><a title=\"Service clients multilingue et 24\/7\ufeff\" class=\"read-more button\" href=\"https:\/\/serversmtp.com\/fr\/services-clients-multilingue-24-7\/#more-1565\" aria-label=\"En savoir plus sur Service clients multilingue et 24\/7\ufeff\">Discover more<\/a><\/p>\n","protected":false},"author":3,"featured_media":0,"parent":0,"menu_order":0,"comment_status":"closed","ping_status":"closed","template":"","meta":{"_eb_attr":"","inline_featured_image":false,"_monsterinsights_skip_tracking":false,"_monsterinsights_sitenote_active":false,"_monsterinsights_sitenote_note":"","_monsterinsights_sitenote_category":0,"footnotes":""},"class_list":["post-1565","page","type-page","status-publish"],"yoast_head":"<!-- This site is optimized with the Yoast SEO plugin v25.3.1 - https:\/\/yoast.com\/wordpress\/plugins\/seo\/ -->\n<title>Service clients multilingue et 24\/7\ufeff - smtp mail server - professional SMTP service provider<\/title>\n<meta name=\"robots\" content=\"index, follow, max-snippet:-1, max-image-preview:large, max-video-preview:-1\" \/>\n<link rel=\"canonical\" href=\"https:\/\/serversmtp.com\/fr\/services-clients-multilingue-24-7\/\" \/>\n<meta name=\"twitter:label1\" content=\"Dur\u00e9e de lecture estim\u00e9e\" \/>\n\t<meta name=\"twitter:data1\" content=\"1 minute\" \/>\n<!-- \/ Yoast SEO plugin. -->","yoast_head_json":{"title":"Service clients multilingue et 24\/7\ufeff - smtp mail server - professional SMTP service provider","robots":{"index":"index","follow":"follow","max-snippet":"max-snippet:-1","max-image-preview":"max-image-preview:large","max-video-preview":"max-video-preview:-1"},"canonical":"https:\/\/serversmtp.com\/fr\/services-clients-multilingue-24-7\/","twitter_misc":{"Dur\u00e9e de lecture estim\u00e9e":"1 minute"},"schema":{"@context":"https:\/\/schema.org","@graph":[{"@type":"WebPage","@id":"https:\/\/serversmtp.com\/fr\/services-clients-multilingue-24-7\/","url":"https:\/\/serversmtp.com\/fr\/services-clients-multilingue-24-7\/","name":"Service clients multilingue et 24\/7\ufeff - smtp mail server - professional SMTP service provider","isPartOf":{"@id":"https:\/\/serversmtp.com\/#website"},"primaryImageOfPage":{"@id":"https:\/\/serversmtp.com\/fr\/services-clients-multilingue-24-7\/#primaryimage"},"image":{"@id":"https:\/\/serversmtp.com\/fr\/services-clients-multilingue-24-7\/#primaryimage"},"thumbnailUrl":"https:\/\/serversmtp.com\/wp-content\/uploads\/2018\/02\/multilanguage.jpg","datePublished":"2018-03-28T15:22:26+00:00","dateModified":"2022-02-10T14:56:03+00:00","breadcrumb":{"@id":"https:\/\/serversmtp.com\/fr\/services-clients-multilingue-24-7\/#breadcrumb"},"inLanguage":"fr-FR","potentialAction":[{"@type":"ReadAction","target":["https:\/\/serversmtp.com\/fr\/services-clients-multilingue-24-7\/"]}]},{"@type":"ImageObject","inLanguage":"fr-FR","@id":"https:\/\/serversmtp.com\/fr\/services-clients-multilingue-24-7\/#primaryimage","url":"https:\/\/serversmtp.com\/wp-content\/uploads\/2018\/02\/multilanguage.jpg","contentUrl":"https:\/\/serversmtp.com\/wp-content\/uploads\/2018\/02\/multilanguage.jpg"},{"@type":"BreadcrumbList","@id":"https:\/\/serversmtp.com\/fr\/services-clients-multilingue-24-7\/#breadcrumb","itemListElement":[{"@type":"ListItem","position":1,"name":"Home","item":"https:\/\/serversmtp.com\/fr\/"},{"@type":"ListItem","position":2,"name":"Service clients multilingue et 24\/7\ufeff"}]},{"@type":"WebSite","@id":"https:\/\/serversmtp.com\/#website","url":"https:\/\/serversmtp.com\/","name":"smtp mail server - professional SMTP service provider","description":"smtp mail server - professional SMTP service provider","publisher":{"@id":"https:\/\/serversmtp.com\/#organization"},"potentialAction":[{"@type":"SearchAction","target":{"@type":"EntryPoint","urlTemplate":"https:\/\/serversmtp.com\/?s={search_term_string}"},"query-input":{"@type":"PropertyValueSpecification","valueRequired":true,"valueName":"search_term_string"}}],"inLanguage":"fr-FR"},{"@type":"Organization","@id":"https:\/\/serversmtp.com\/#organization","name":"Delivery Tech","url":"https:\/\/serversmtp.com\/","logo":{"@type":"ImageObject","inLanguage":"fr-FR","@id":"https:\/\/serversmtp.com\/#\/schema\/logo\/image\/","url":"https:\/\/serversmtp.com\/wp-content\/uploads\/2021\/11\/og-image-2.jpg","contentUrl":"https:\/\/serversmtp.com\/wp-content\/uploads\/2021\/11\/og-image-2.jpg","width":1200,"height":1128,"caption":"Delivery Tech"},"image":{"@id":"https:\/\/serversmtp.com\/#\/schema\/logo\/image\/"}}]}},"_links":{"self":[{"href":"https:\/\/serversmtp.com\/fr\/wp-json\/wp\/v2\/pages\/1565"}],"collection":[{"href":"https:\/\/serversmtp.com\/fr\/wp-json\/wp\/v2\/pages"}],"about":[{"href":"https:\/\/serversmtp.com\/fr\/wp-json\/wp\/v2\/types\/page"}],"author":[{"embeddable":true,"href":"https:\/\/serversmtp.com\/fr\/wp-json\/wp\/v2\/users\/3"}],"replies":[{"embeddable":true,"href":"https:\/\/serversmtp.com\/fr\/wp-json\/wp\/v2\/comments?post=1565"}],"version-history":[{"count":1,"href":"https:\/\/serversmtp.com\/fr\/wp-json\/wp\/v2\/pages\/1565\/revisions"}],"predecessor-version":[{"id":1566,"href":"https:\/\/serversmtp.com\/fr\/wp-json\/wp\/v2\/pages\/1565\/revisions\/1566"}],"wp:attachment":[{"href":"https:\/\/serversmtp.com\/fr\/wp-json\/wp\/v2\/media?parent=1565"}],"curies":[{"name":"wp","href":"https:\/\/api.w.org\/{rel}","templated":true}]}}