{"id":1562,"date":"2018-03-28T17:18:14","date_gmt":"2018-03-28T15:18:14","guid":{"rendered":"https:\/\/dev.serversmtp.com\/?page_id=1562"},"modified":"2022-02-10T15:49:18","modified_gmt":"2022-02-10T14:49:18","slug":"suivi-temps-reel-clics-ouvertures","status":"publish","type":"page","link":"https:\/\/serversmtp.com\/fr\/suivi-temps-reel-clics-ouvertures\/","title":{"rendered":"Suivi en temps r\u00e9el des clics et ouvertures\ufeff"},"content":{"rendered":"<p>Quand on organise une campagne de marketing par courriel, il est extr\u00eamement important d&#8217;avoir un <strong>contr\u00f4le complet<\/strong> sur les interactions que chaque utilisateur fait avec vos messages, pour v\u00e9rifier l&#8217;efficacit\u00e9 de l&#8217;ensemble de la strategie.<\/p>\n<p>C&#8217;est pourquoi turboSMTP fournit un <strong>suivi en temps r\u00e9el des clics et des ouvertures<\/strong> &#8211; en vous donnant \u00e0 la fois les taux g\u00e9n\u00e9raux et le statut de chaque destinataire. En vous permettant ainsi de savoir \u00e0 chaque fois qui et quand a interagi avec votre email:<\/p>\n<p><img decoding=\"async\" class=\"aligncenter wp-image-326 size-full\" src=\"https:\/\/serversmtp.com\/wp-content\/uploads\/2018\/02\/email-click-tracking.jpg\" alt=\"\" width=\"580\" height=\"357\" srcset=\"https:\/\/serversmtp.com\/wp-content\/uploads\/2018\/02\/email-click-tracking.jpg 580w, https:\/\/serversmtp.com\/wp-content\/uploads\/2018\/02\/email-click-tracking-300x185.jpg 300w, https:\/\/serversmtp.com\/wp-content\/uploads\/2018\/02\/email-click-tracking-320x197.jpg 320w, https:\/\/serversmtp.com\/wp-content\/uploads\/2018\/02\/email-click-tracking-239x147.jpg 239w\" sizes=\"(max-width: 580px) 100vw, 580px\" \/><\/p>\n<p style=\"text-align: left;\">C&#8217;est un outil tr\u00e8s important si vous envoyez:<\/p>\n<ul style=\"text-align: left;\">\n<li><strong>Emails transactionnels<\/strong>: il est essentiel d&#8217;avoir des statistiques sur les messages automatiques comme les emails de confirmation, les messages personnalis\u00e9s, les emails de payment etc.<\/li>\n<li><strong>DEM et newsletters<\/strong>: l&#8217;efficacit\u00e9 d&#8217;une campagne de newsletter d\u00e9pend strictement du nombre de personnes qui ont re\u00e7u et lu votre email.<\/li>\n<li><strong>Emails personnels<\/strong>: comme chaque adolescent peut vous confirmer, il serait merveilleux de savoir si une lettre d&#8217;amour a \u00e9t\u00e9 lue&#8230; Maintenant vous pouvez!<\/li>\n<li><strong>Emails de business<\/strong>: chaque email de travail (un offre, un cv, une question): les suivre peut vous aider pour comprendre, par exemple, pourquoi vous n&#8217;avez pas re\u00e7u une r\u00e9ponse.<\/li>\n<\/ul>\n<p>Notre syst\u00e8me de tracking <strong>marche avec n&#8217;importe quel client de poste<\/strong>: vous deve seulment vous\u00a0<a title=\"turboSMTP\" href=\"\/fr\/tsmtpregistration1.php\" target=\"_blank\" rel=\"noopener\">registrer<\/a>, et vous aurez un acc\u00e8s imm\u00e9diat \u00e0 notre tableau de statistiques.<\/p>\n<p><img decoding=\"async\" class=\"wp-image-329 size-full aligncenter\" src=\"https:\/\/serversmtp.com\/wp-content\/uploads\/2018\/02\/email-delivery-tracking.jpg\" alt=\"\" width=\"580\" height=\"329\" srcset=\"https:\/\/serversmtp.com\/wp-content\/uploads\/2018\/02\/email-delivery-tracking.jpg 580w, https:\/\/serversmtp.com\/wp-content\/uploads\/2018\/02\/email-delivery-tracking-300x170.jpg 300w, https:\/\/serversmtp.com\/wp-content\/uploads\/2018\/02\/email-delivery-tracking-320x182.jpg 320w, https:\/\/serversmtp.com\/wp-content\/uploads\/2018\/02\/email-delivery-tracking-239x136.jpg 239w\" sizes=\"(max-width: 580px) 100vw, 580px\" \/><\/p>\n<p>&lt;\/<\/p>\n","protected":false},"excerpt":{"rendered":"<p>Quand on organise une campagne de marketing par courriel, il est extr\u00eamement important d&#8217;avoir un contr\u00f4le complet sur les interactions que chaque utilisateur fait avec vos messages, pour v\u00e9rifier l&#8217;efficacit\u00e9 de l&#8217;ensemble de la strategie. C&#8217;est pourquoi turboSMTP fournit un suivi en temps r\u00e9el des clics et des ouvertures &#8211; en vous donnant \u00e0 la &#8230; <\/p>\n<p class=\"read-more-container\"><a title=\"Suivi en temps r\u00e9el des clics et ouvertures\ufeff\" class=\"read-more button\" href=\"https:\/\/serversmtp.com\/fr\/suivi-temps-reel-clics-ouvertures\/#more-1562\" aria-label=\"En savoir plus sur Suivi en temps r\u00e9el des clics et ouvertures\ufeff\">Discover more<\/a><\/p>\n","protected":false},"author":3,"featured_media":0,"parent":0,"menu_order":0,"comment_status":"closed","ping_status":"closed","template":"","meta":{"_eb_attr":"","inline_featured_image":false,"_monsterinsights_skip_tracking":false,"_monsterinsights_sitenote_active":false,"_monsterinsights_sitenote_note":"","_monsterinsights_sitenote_category":0,"footnotes":""},"class_list":["post-1562","page","type-page","status-publish"],"yoast_head":"<!-- This site is optimized with the Yoast SEO plugin v25.3.1 - https:\/\/yoast.com\/wordpress\/plugins\/seo\/ -->\n<title>Suivi en temps r\u00e9el des clics et ouvertures\ufeff - smtp mail server - professional SMTP service provider<\/title>\n<meta name=\"robots\" content=\"index, follow, max-snippet:-1, max-image-preview:large, max-video-preview:-1\" \/>\n<link rel=\"canonical\" href=\"https:\/\/serversmtp.com\/fr\/suivi-temps-reel-clics-ouvertures\/\" \/>\n<meta name=\"twitter:label1\" content=\"Dur\u00e9e de lecture estim\u00e9e\" \/>\n\t<meta name=\"twitter:data1\" content=\"1 minute\" \/>\n<!-- \/ Yoast SEO plugin. -->","yoast_head_json":{"title":"Suivi en temps r\u00e9el des clics et ouvertures\ufeff - smtp mail server - professional SMTP service provider","robots":{"index":"index","follow":"follow","max-snippet":"max-snippet:-1","max-image-preview":"max-image-preview:large","max-video-preview":"max-video-preview:-1"},"canonical":"https:\/\/serversmtp.com\/fr\/suivi-temps-reel-clics-ouvertures\/","twitter_misc":{"Dur\u00e9e de lecture estim\u00e9e":"1 minute"},"schema":{"@context":"https:\/\/schema.org","@graph":[{"@type":"WebPage","@id":"https:\/\/serversmtp.com\/fr\/suivi-temps-reel-clics-ouvertures\/","url":"https:\/\/serversmtp.com\/fr\/suivi-temps-reel-clics-ouvertures\/","name":"Suivi en temps r\u00e9el des clics et ouvertures\ufeff - smtp mail server - professional SMTP service provider","isPartOf":{"@id":"https:\/\/serversmtp.com\/de\/#website"},"primaryImageOfPage":{"@id":"https:\/\/serversmtp.com\/fr\/suivi-temps-reel-clics-ouvertures\/#primaryimage"},"image":{"@id":"https:\/\/serversmtp.com\/fr\/suivi-temps-reel-clics-ouvertures\/#primaryimage"},"thumbnailUrl":"https:\/\/serversmtp.com\/wp-content\/uploads\/2018\/02\/email-click-tracking.jpg","datePublished":"2018-03-28T15:18:14+00:00","dateModified":"2022-02-10T14:49:18+00:00","breadcrumb":{"@id":"https:\/\/serversmtp.com\/fr\/suivi-temps-reel-clics-ouvertures\/#breadcrumb"},"inLanguage":"fr-FR","potentialAction":[{"@type":"ReadAction","target":["https:\/\/serversmtp.com\/fr\/suivi-temps-reel-clics-ouvertures\/"]}]},{"@type":"ImageObject","inLanguage":"fr-FR","@id":"https:\/\/serversmtp.com\/fr\/suivi-temps-reel-clics-ouvertures\/#primaryimage","url":"https:\/\/serversmtp.com\/wp-content\/uploads\/2018\/02\/email-click-tracking.jpg","contentUrl":"https:\/\/serversmtp.com\/wp-content\/uploads\/2018\/02\/email-click-tracking.jpg"},{"@type":"BreadcrumbList","@id":"https:\/\/serversmtp.com\/fr\/suivi-temps-reel-clics-ouvertures\/#breadcrumb","itemListElement":[{"@type":"ListItem","position":1,"name":"Home","item":"https:\/\/serversmtp.com\/fr\/"},{"@type":"ListItem","position":2,"name":"Suivi en temps r\u00e9el des clics et ouvertures\ufeff"}]},{"@type":"WebSite","@id":"https:\/\/serversmtp.com\/de\/#website","url":"https:\/\/serversmtp.com\/de\/","name":"smtp mail server - professional SMTP service provider","description":"smtp mail server - professional SMTP service provider","publisher":{"@id":"https:\/\/serversmtp.com\/de\/#organization"},"potentialAction":[{"@type":"SearchAction","target":{"@type":"EntryPoint","urlTemplate":"https:\/\/serversmtp.com\/de\/?s={search_term_string}"},"query-input":{"@type":"PropertyValueSpecification","valueRequired":true,"valueName":"search_term_string"}}],"inLanguage":"fr-FR"},{"@type":"Organization","@id":"https:\/\/serversmtp.com\/de\/#organization","name":"Delivery Tech","url":"https:\/\/serversmtp.com\/de\/","logo":{"@type":"ImageObject","inLanguage":"fr-FR","@id":"https:\/\/serversmtp.com\/de\/#\/schema\/logo\/image\/","url":"https:\/\/serversmtp.com\/wp-content\/uploads\/2021\/11\/og-image-2.jpg","contentUrl":"https:\/\/serversmtp.com\/wp-content\/uploads\/2021\/11\/og-image-2.jpg","width":1200,"height":1128,"caption":"Delivery Tech"},"image":{"@id":"https:\/\/serversmtp.com\/de\/#\/schema\/logo\/image\/"}}]}},"_links":{"self":[{"href":"https:\/\/serversmtp.com\/fr\/wp-json\/wp\/v2\/pages\/1562"}],"collection":[{"href":"https:\/\/serversmtp.com\/fr\/wp-json\/wp\/v2\/pages"}],"about":[{"href":"https:\/\/serversmtp.com\/fr\/wp-json\/wp\/v2\/types\/page"}],"author":[{"embeddable":true,"href":"https:\/\/serversmtp.com\/fr\/wp-json\/wp\/v2\/users\/3"}],"replies":[{"embeddable":true,"href":"https:\/\/serversmtp.com\/fr\/wp-json\/wp\/v2\/comments?post=1562"}],"version-history":[{"count":3,"href":"https:\/\/serversmtp.com\/fr\/wp-json\/wp\/v2\/pages\/1562\/revisions"}],"predecessor-version":[{"id":1587,"href":"https:\/\/serversmtp.com\/fr\/wp-json\/wp\/v2\/pages\/1562\/revisions\/1587"}],"wp:attachment":[{"href":"https:\/\/serversmtp.com\/fr\/wp-json\/wp\/v2\/media?parent=1562"}],"curies":[{"name":"wp","href":"https:\/\/api.w.org\/{rel}","templated":true}]}}