{"id":1560,"date":"2018-03-28T17:09:34","date_gmt":"2018-03-28T15:09:34","guid":{"rendered":"https:\/\/dev.serversmtp.com\/?page_id=1560"},"modified":"2023-07-22T17:27:39","modified_gmt":"2023-07-22T15:27:39","slug":"fonctionnalites%ef%bb%bf","status":"publish","type":"page","link":"https:\/\/serversmtp.com\/fr\/fonctionnalites%ef%bb%bf\/","title":{"rendered":"Fonctionnalit\u00e9s\ufeff"},"content":{"rendered":"<p>turboSMTP est un service id\u00e9ale pour qui veut envoyer des emails en nombre en obtenant le meilleur taux de livraison.<\/p>\n<ul class=\"featuresBoxes\">\n<li class=\"doubleli-box\"><a title=\"SUIVI TEMPS REEL CLICS OUVERTURES\" href=\"\/fr\/suivi-temps-reel-clics-ouvertures\"><span class=\"features-rev2018-title\">SUIVI EN TEMPS R\u00c9EL DES CLICS ET OUVERTURES<\/span><br \/>\n\t\t<span class=\"features-rev2018-description\"><img decoding=\"async\" class=\"wp-image-1710\" src=\"https:\/\/serversmtp.com\/wp-content\/uploads\/2018\/03\/real-time-click-open-tracking.png\" alt=\"REAL TIME CLICK AND OPEN TRACKING\" width=\"50\" height=\"50\" \/>turboSMTP vous permet de controler avec precision &#8211; et en temps r\u00e9el &#8211; si e quando vos destinataires ont ouvert les mails ou cliqu\u00e9 sur un link. C&#8217;est un outil essentiel pour chaque campagne d&#8217;email marketing professionnel.<\/span><\/a><\/li>\n<li class=\"half-leftli-box\"><a title=\"SERVICE CLIENTS MULTILINGUE ET 24\/7\" href=\"\/fr\/services-clients-multilingue-24-7\"><span class=\"features-rev2018-title\">SERVICE CLIENTS MULTILINGUE ET 24\/7<\/span><br \/>\n\t\t<span class=\"features-rev2018-description\"><img decoding=\"async\" class=\"wp-image-1704\" src=\"https:\/\/serversmtp.com\/wp-content\/uploads\/2018\/03\/multilanguage-customer-support.png\" alt=\"24\/7 AND MULTI-LANGUAGE CUSTOMER SUPPORT\" width=\"50\" height=\"50\" \/>Un team des professionnels est l\u00e0 pour vous aider et r\u00e9soudre n&#8217;importe quel probl\u00e8me, 24h par jour, 7 jour par semaine, dans votre langue.<\/span><\/a><\/li>\n<li class=\"half-rightli-box\"><a title=\"COMPATIBLE AVEC LES PRINCIPAUX CLIENTS DE MESSAGERIE\" href=\"\/fr\/compatible-avec-clients-messagerie\"><span class=\"features-rev2018-title\">COMPATIBLE AVEC LES PRINCIPAUX CLIENTS<\/span><br \/>\n\t\t<span class=\"features-rev2018-description\"><img decoding=\"async\" class=\"wp-image-1692\" src=\"https:\/\/serversmtp.com\/wp-content\/uploads\/2018\/03\/compatible-with-all-major-clients.png\" alt=\"COMPATIBLE WITH ALL MAJOR MAIL CLIENTS\" width=\"50\" height=\"50\" \/> turboSMTP marche soit avec clients de messagerie soit avec outils d&#8217;email marketing: Mozilla Thunderbird, Windows Mail, SendBlaster, GroupMail etc.<\/span><\/a><\/li>\n<li class=\"half-leftli-box\"><a title=\"LIVRAISON RAPIDE\" href=\"\/fr\/livraison-rapide-partout\"><span class=\"features-rev2018-title\">LIVRAISON RAPIDE, PARTOUT ET QUAND VOUS VOULEZ<\/span><br \/>\n\t\t<span class=\"features-rev2018-description\"><img decoding=\"async\" class=\"wp-image-1698\" src=\"https:\/\/serversmtp.com\/wp-content\/uploads\/2018\/03\/high-speed-delivery.png\" alt=\"HIGH SPEED DELIVERY, ANYTIME &amp; FROM ANYWHERE\" width=\"50\" height=\"50\" \/>Avec turboSMTP vos emails seront envoy\u00e9s et livr\u00e9s rapidement avec n&#8217;importe quel Fournisseur d&#8217;Acc\u00e8s \u00e0 Internet.<\/span><\/a><\/li>\n<li class=\"half-rightli-box\"><a title=\"SERVEURS FIABLES RELATION FAI\" href=\"\/fr\/serveurs-fiables-relation-fai\"> <span class=\"features-rev2018-title\">SERVEURS FIABLES ET RELATIONS AVEC LES FAI<\/span><br \/>\n\t\t<span class=\"features-rev2018-description\"><img decoding=\"async\" class=\"wp-image-1713\" src=\"https:\/\/serversmtp.com\/wp-content\/uploads\/2018\/03\/reliable-servers-ISP-relationships.png\" alt=\"TRULY RELIABLE SERVERS WITH ISP RELATIONSHIPS\" width=\"50\" height=\"50\" \/>Nos serveurs fiables et white-listed vont assurer un taux de livraison maximal pour vos emails.<\/span> <\/a><\/li>\n<li class=\"half-leftli-box\"><a title=\"GESTION SPAM BOUNCEBACKS DESINSCRIPTIONS\" href=\"\/fr\/gestion-spam-bouncebacks-desinscriptions\"> <span class=\"features-rev2018-title\">GESTION DE SPAM, BOUNCES ET D\u00c9SINSCRIPTIONS<\/span><br \/>\n\t\t<span class=\"features-rev2018-description\"><img decoding=\"async\" class=\"wp-image-1689\" src=\"https:\/\/serversmtp.com\/wp-content\/uploads\/2018\/03\/bounce-spam-unsubscribe-management.png\" alt=\"BOUNCE, SPAM AND UNSUBSCRIBE MANAGEMENT\" width=\"50\" height=\"50\" \/>Vous pourrez g\u00e9rer les bouncebacks, le spam, et effacer les adresses des d\u00e9sabonn\u00e9s.<\/span> <\/a><\/li>\n<li class=\"half-rightli-box\"><a title=\"SYSTEME SUB ACCOUNT ET WHITE LABEL\" href=\"\/fr\/systeme-sub-account\"> <span class=\"features-rev2018-title\">SYST\u00c8ME SUB ACCOUNT ET WHITE LABEL<\/span><br \/>\n\t\t<span class=\"features-rev2018-description\"><img decoding=\"async\" class=\"wp-image-1719\" src=\"https:\/\/serversmtp.com\/wp-content\/uploads\/2018\/03\/sub-account-system.png\" alt=\"SUB ACCOUNT &amp; WHITE LABEL SYSTEM\" width=\"50\" height=\"50\" \/>En creat des sub accounts vous pourrez s\u00e9parer vos relais avec les coll\u00e8gues, ou bien les revendre \u00e0 vos clients.<\/span> <\/a><\/li>\n<li class=\"half-leftli-box\"><a title=\"PLANS SERVICES FLEXIBLES\" href=\"\/fr\/plans-services-flexibles\"> <span class=\"features-rev2018-title\">PLANS DE SERVICE FLEXIBLES<\/span><br \/>\n\t\t<span class=\"features-rev2018-description\"><img decoding=\"async\" class=\"wp-image-1695\" src=\"https:\/\/serversmtp.com\/wp-content\/uploads\/2018\/03\/flexible-service-plans.png\" alt=\"FLEXIBLE SERVICE PLANS\" width=\"50\" height=\"50\" \/>Avez vous besoin seulement d&#8217;un cr\u00e9dit pr\u00e9pay\u00e9 ous preferez-vous un forfait mensuel? Nous vous offrons un vaste choix de solutions.<\/span> <\/a><\/li>\n<li class=\"half-rightli-box\"><a title=\"REMBOURSEMENT GARANTI\" href=\"\/fr\/remboursement-garanti\"> <span class=\"features-rev2018-title\">REMBOURSEMENT GARANTI<\/span><br \/>\n\t\t<span class=\"features-rev2018-description\"><img decoding=\"async\" class=\"wp-image-1701\" src=\"https:\/\/serversmtp.com\/wp-content\/uploads\/2018\/03\/money-back-guarantee.png\" alt=\"MONEY BACK GUARANTEE\" width=\"50\" height=\"50\" \/>Dans 15 jours ou jusqu&#8217;\u00e0 vous avez envoy\u00e9 100 messages (selon ce qui se passe d&#8217;abord) vous pouvez demander un remboursement complet.<\/span> <\/a><\/li>\n<li class=\"half-leftli-box\"><a title=\"Custom Tracking Domain\" href=\"\/fr\/custom-tracking-domain-avantages-et-utilite\/\"><span class=\"features-rev2018-title\">CUSTOM TRACKING DOMAIN<\/span><span class=\"new\">NEW<\/span><br \/>\n<span class=\"features-rev2018-description\"><img decoding=\"async\" class=\"wp-image-5701\" src=\"https:\/\/serversmtp.com\/wp-content\/uploads\/2023\/07\/custon-tracking-domains.png\" alt=\"Custom Tracking Domain\" width=\"50\" height=\"50\" \/>Configure ton propre domaine de suivi personnalis\u00e9 et optimise tes taux de livraison avec un impact positif sur tes statistiques.<\/span><br \/>\n<\/a><\/li>\n<\/ul>\n","protected":false},"excerpt":{"rendered":"<p>turboSMTP est un service id\u00e9ale pour qui veut envoyer des emails en nombre en obtenant le meilleur taux de livraison. SUIVI EN TEMPS R\u00c9EL DES CLICS ET OUVERTURES turboSMTP vous permet de controler avec precision &#8211; et en temps r\u00e9el &#8211; si e quando vos destinataires ont ouvert les mails ou cliqu\u00e9 sur un link. &#8230; <\/p>\n<p class=\"read-more-container\"><a title=\"Fonctionnalit\u00e9s\ufeff\" class=\"read-more button\" href=\"https:\/\/serversmtp.com\/fr\/fonctionnalites%ef%bb%bf\/#more-1560\" aria-label=\"En savoir plus sur Fonctionnalit\u00e9s\ufeff\">Discover more<\/a><\/p>\n","protected":false},"author":3,"featured_media":0,"parent":0,"menu_order":0,"comment_status":"closed","ping_status":"closed","template":"","meta":{"_eb_attr":"","inline_featured_image":false,"_monsterinsights_skip_tracking":false,"_monsterinsights_sitenote_active":false,"_monsterinsights_sitenote_note":"","_monsterinsights_sitenote_category":0,"footnotes":""},"class_list":["post-1560","page","type-page","status-publish"],"yoast_head":"<!-- This site is optimized with the Yoast SEO plugin v25.3.1 - https:\/\/yoast.com\/wordpress\/plugins\/seo\/ -->\n<title>Fonctionnalit\u00e9s\ufeff - smtp mail server - professional SMTP service provider<\/title>\n<meta name=\"robots\" content=\"index, follow, max-snippet:-1, max-image-preview:large, max-video-preview:-1\" \/>\n<link rel=\"canonical\" href=\"https:\/\/serversmtp.com\/fr\/fonctionnalites\ufeff\/\" \/>\n<meta name=\"twitter:label1\" content=\"Dur\u00e9e de lecture estim\u00e9e\" \/>\n\t<meta name=\"twitter:data1\" content=\"3 minutes\" \/>\n<!-- \/ Yoast SEO plugin. -->","yoast_head_json":{"title":"Fonctionnalit\u00e9s\ufeff - smtp mail server - professional SMTP service provider","robots":{"index":"index","follow":"follow","max-snippet":"max-snippet:-1","max-image-preview":"max-image-preview:large","max-video-preview":"max-video-preview:-1"},"canonical":"https:\/\/serversmtp.com\/fr\/fonctionnalites\ufeff\/","twitter_misc":{"Dur\u00e9e de lecture estim\u00e9e":"3 minutes"},"schema":{"@context":"https:\/\/schema.org","@graph":[{"@type":"WebPage","@id":"https:\/\/serversmtp.com\/fr\/fonctionnalites%ef%bb%bf\/","url":"https:\/\/serversmtp.com\/fr\/fonctionnalites%ef%bb%bf\/","name":"Fonctionnalit\u00e9s\ufeff - smtp mail server - professional SMTP service provider","isPartOf":{"@id":"https:\/\/serversmtp.com\/it\/#website"},"primaryImageOfPage":{"@id":"https:\/\/serversmtp.com\/fr\/fonctionnalites%ef%bb%bf\/#primaryimage"},"image":{"@id":"https:\/\/serversmtp.com\/fr\/fonctionnalites%ef%bb%bf\/#primaryimage"},"thumbnailUrl":"https:\/\/serversmtp.com\/wp-content\/uploads\/2018\/03\/real-time-click-open-tracking.png","datePublished":"2018-03-28T15:09:34+00:00","dateModified":"2023-07-22T15:27:39+00:00","breadcrumb":{"@id":"https:\/\/serversmtp.com\/fr\/fonctionnalites%ef%bb%bf\/#breadcrumb"},"inLanguage":"fr-FR","potentialAction":[{"@type":"ReadAction","target":["https:\/\/serversmtp.com\/fr\/fonctionnalites%ef%bb%bf\/"]}]},{"@type":"ImageObject","inLanguage":"fr-FR","@id":"https:\/\/serversmtp.com\/fr\/fonctionnalites%ef%bb%bf\/#primaryimage","url":"https:\/\/serversmtp.com\/wp-content\/uploads\/2018\/03\/real-time-click-open-tracking.png","contentUrl":"https:\/\/serversmtp.com\/wp-content\/uploads\/2018\/03\/real-time-click-open-tracking.png"},{"@type":"BreadcrumbList","@id":"https:\/\/serversmtp.com\/fr\/fonctionnalites%ef%bb%bf\/#breadcrumb","itemListElement":[{"@type":"ListItem","position":1,"name":"Home","item":"https:\/\/serversmtp.com\/fr\/"},{"@type":"ListItem","position":2,"name":"Fonctionnalit\u00e9s\ufeff"}]},{"@type":"WebSite","@id":"https:\/\/serversmtp.com\/it\/#website","url":"https:\/\/serversmtp.com\/it\/","name":"smtp mail server - professional SMTP service provider","description":"smtp mail server - professional SMTP service provider","publisher":{"@id":"https:\/\/serversmtp.com\/it\/#organization"},"potentialAction":[{"@type":"SearchAction","target":{"@type":"EntryPoint","urlTemplate":"https:\/\/serversmtp.com\/it\/?s={search_term_string}"},"query-input":{"@type":"PropertyValueSpecification","valueRequired":true,"valueName":"search_term_string"}}],"inLanguage":"fr-FR"},{"@type":"Organization","@id":"https:\/\/serversmtp.com\/it\/#organization","name":"Delivery Tech","url":"https:\/\/serversmtp.com\/it\/","logo":{"@type":"ImageObject","inLanguage":"fr-FR","@id":"https:\/\/serversmtp.com\/it\/#\/schema\/logo\/image\/","url":"https:\/\/serversmtp.com\/wp-content\/uploads\/2021\/11\/og-image-2.jpg","contentUrl":"https:\/\/serversmtp.com\/wp-content\/uploads\/2021\/11\/og-image-2.jpg","width":1200,"height":1128,"caption":"Delivery Tech"},"image":{"@id":"https:\/\/serversmtp.com\/it\/#\/schema\/logo\/image\/"}}]}},"_links":{"self":[{"href":"https:\/\/serversmtp.com\/fr\/wp-json\/wp\/v2\/pages\/1560"}],"collection":[{"href":"https:\/\/serversmtp.com\/fr\/wp-json\/wp\/v2\/pages"}],"about":[{"href":"https:\/\/serversmtp.com\/fr\/wp-json\/wp\/v2\/types\/page"}],"author":[{"embeddable":true,"href":"https:\/\/serversmtp.com\/fr\/wp-json\/wp\/v2\/users\/3"}],"replies":[{"embeddable":true,"href":"https:\/\/serversmtp.com\/fr\/wp-json\/wp\/v2\/comments?post=1560"}],"version-history":[{"count":9,"href":"https:\/\/serversmtp.com\/fr\/wp-json\/wp\/v2\/pages\/1560\/revisions"}],"predecessor-version":[{"id":16100,"href":"https:\/\/serversmtp.com\/fr\/wp-json\/wp\/v2\/pages\/1560\/revisions\/16100"}],"wp:attachment":[{"href":"https:\/\/serversmtp.com\/fr\/wp-json\/wp\/v2\/media?parent=1560"}],"curies":[{"name":"wp","href":"https:\/\/api.w.org\/{rel}","templated":true}]}}