{"id":1410,"date":"2018-03-27T11:59:45","date_gmt":"2018-03-27T09:59:45","guid":{"rendered":"https:\/\/dev.serversmtp.com\/?page_id=1410"},"modified":"2025-10-22T14:28:03","modified_gmt":"2025-10-22T12:28:03","slug":"serveur-smtp-thunderbird","status":"publish","type":"page","link":"https:\/\/serversmtp.com\/fr\/serveur-smtp-thunderbird\/","title":{"rendered":"Serveur SMTP pour Thunderbird"},"content":{"rendered":"<p>Si vous utilisez <strong>Mozilla Thunderbird<\/strong> comme client de messagerie, il est essentiel de configurer vos <strong>param\u00e8tres SMTP<\/strong> pour envoyer correctement des courriels.<\/p>\n<p>Un <strong>serveur SMTP<\/strong> est tout simplement la machine qui prend en charge le processus de livraison des courriers \u00e9lectroniques: chaque fournisseur a son propre, avec un nom et une adresse sp\u00e9cifique.<\/p>\n<p>Ainsi, quand vous utilisez Thunderbird pour envoyer des messages vous devez donner ces instructions au logiciel, pour lui faire employer le <strong><a title=\"serveur sortant\" href=\"\/fr\/liste-serveur-smtp\">serveur sortant correct<\/a><\/strong>.<\/p>\n<p>Rappelez-vous cependant que seul un <strong><a title=\"Service SMTP\" href=\"\/fr\/tsmtpregistration1.php\">service SMTP professionnel<\/a><\/strong>\u00a0peut vous garantir un <strong>taux de transfert tr\u00e8s \u00e9lev\u00e9<\/strong>: avec un serveur normal comme ceux associ\u00e9s au fournisser gratuits (Gmail, Hotmail, Voila etc.) pas tout courriel envoy\u00e9 est automatiquement livr\u00e9, en raison de filtres anti-spam ou d&#8217;une mauvaise r\u00e9putation IP.<\/p>\n<p>Voici donc la proc\u00e9dure pour <strong>configurer un serveur SMTP pour Thunderbird<\/strong>: ouvrez le client, s\u00e9lectionnez &#8220;Param\u00e8tres du compte&#8221; dans le &#8220;Menu Outils&#8221; et cliquez sur &#8220;Serveur sortant (SMTP)&#8221;; puis cliquez sur &#8220;Ajouter&#8221;. Le logiciel affichera cette fen\u00eatre:<\/p>\n<p><img decoding=\"async\" class=\"aligncenter wp-image-1952 size-full\" src=\"https:\/\/serversmtp.com\/wp-content\/uploads\/2018\/04\/smtp-thunderbird-french.png\" alt=\"\" width=\"476\" height=\"310\" srcset=\"https:\/\/serversmtp.com\/wp-content\/uploads\/2018\/04\/smtp-thunderbird-french.png 476w, https:\/\/serversmtp.com\/wp-content\/uploads\/2018\/04\/smtp-thunderbird-french-300x195.png 300w, https:\/\/serversmtp.com\/wp-content\/uploads\/2018\/04\/smtp-thunderbird-french-320x208.png 320w, https:\/\/serversmtp.com\/wp-content\/uploads\/2018\/04\/smtp-thunderbird-french-239x156.png 239w\" sizes=\"(max-width: 476px) 100vw, 476px\" \/><br \/>\nEt remplissez les champs avec ces param\u00e8tres:<\/p>\n<ul>\n<li><strong>Description<\/strong>: entrez un nom g\u00e9n\u00e9ral pour votre serveur SMTP.<\/li>\n<li><strong>Nom du serveur<\/strong>: votre adresse. Vous pouvez consulter notre liste des serveurs SMTP pour trouver le v\u00f4tre.<\/li>\n<li><strong>Port<\/strong>: SMTP utilise par d\u00e9faut le port 25, mais vous pouvez en choisir d&#8217;autres. &#8220;S\u00e9curit\u00e9 de la connexion&#8221;: aucune ou via SSL.<\/li>\n<li><strong>M\u00e9thode d&#8217;authentification<\/strong>: vous pouvez choisir parmi les diff\u00e9rentes options si vous voulez prot\u00e9ger vos emails avec un mot de passe.<\/li>\n<li><strong>Nom d&#8217;utilisateur<\/strong>: votre adresse email (si vous utilisez turboSMTP, vous devez entrer \u00e0 la place votre Consumer Key \u2014 <a href=\"https:\/\/serversmtp.com\/fr\/quest-ce-que-les-cles-api-et-comment-les-creer-avec-turbosmtp-un-guide-complet\/\" title=\"Comment cr\u00e9er vos API Keys\" target=\"_blank\" rel=\"noopener\">voir comment cr\u00e9er vos API Keys<\/a>).<\/li>\n<\/ul>\n","protected":false},"excerpt":{"rendered":"<p>Si vous utilisez Mozilla Thunderbird comme client de messagerie, il est essentiel de configurer vos param\u00e8tres SMTP pour envoyer correctement des courriels. Un serveur SMTP est tout simplement la machine qui prend en charge le processus de livraison des courriers \u00e9lectroniques: chaque fournisseur a son propre, avec un nom et une adresse sp\u00e9cifique. Ainsi, quand &#8230; <\/p>\n<p class=\"read-more-container\"><a title=\"Serveur SMTP pour Thunderbird\" class=\"read-more button\" href=\"https:\/\/serversmtp.com\/fr\/serveur-smtp-thunderbird\/#more-1410\" aria-label=\"En savoir plus sur Serveur SMTP pour Thunderbird\">Discover more<\/a><\/p>\n","protected":false},"author":3,"featured_media":0,"parent":0,"menu_order":0,"comment_status":"closed","ping_status":"closed","template":"","meta":{"_eb_attr":"","inline_featured_image":false,"_monsterinsights_skip_tracking":false,"_monsterinsights_sitenote_active":false,"_monsterinsights_sitenote_note":"","_monsterinsights_sitenote_category":0,"footnotes":""},"class_list":["post-1410","page","type-page","status-publish"],"yoast_head":"<!-- This site is optimized with the Yoast SEO plugin v25.3.1 - https:\/\/yoast.com\/wordpress\/plugins\/seo\/ -->\n<title>Serveur SMTP pour Thunderbird - smtp mail server - professional SMTP service provider<\/title>\n<meta name=\"robots\" content=\"index, follow, max-snippet:-1, max-image-preview:large, max-video-preview:-1\" \/>\n<link rel=\"canonical\" href=\"https:\/\/serversmtp.com\/fr\/serveur-smtp-thunderbird\/\" \/>\n<meta name=\"twitter:label1\" content=\"Dur\u00e9e de lecture estim\u00e9e\" \/>\n\t<meta name=\"twitter:data1\" content=\"2 minutes\" \/>\n<!-- \/ Yoast SEO plugin. -->","yoast_head_json":{"title":"Serveur SMTP pour Thunderbird - smtp mail server - professional SMTP service provider","robots":{"index":"index","follow":"follow","max-snippet":"max-snippet:-1","max-image-preview":"max-image-preview:large","max-video-preview":"max-video-preview:-1"},"canonical":"https:\/\/serversmtp.com\/fr\/serveur-smtp-thunderbird\/","twitter_misc":{"Dur\u00e9e de lecture estim\u00e9e":"2 minutes"},"schema":{"@context":"https:\/\/schema.org","@graph":[{"@type":"WebPage","@id":"https:\/\/serversmtp.com\/fr\/serveur-smtp-thunderbird\/","url":"https:\/\/serversmtp.com\/fr\/serveur-smtp-thunderbird\/","name":"Serveur SMTP pour Thunderbird - smtp mail server - professional SMTP service provider","isPartOf":{"@id":"https:\/\/serversmtp.com\/de\/#website"},"primaryImageOfPage":{"@id":"https:\/\/serversmtp.com\/fr\/serveur-smtp-thunderbird\/#primaryimage"},"image":{"@id":"https:\/\/serversmtp.com\/fr\/serveur-smtp-thunderbird\/#primaryimage"},"thumbnailUrl":"https:\/\/serversmtp.com\/wp-content\/uploads\/2018\/04\/smtp-thunderbird-french.png","datePublished":"2018-03-27T09:59:45+00:00","dateModified":"2025-10-22T12:28:03+00:00","breadcrumb":{"@id":"https:\/\/serversmtp.com\/fr\/serveur-smtp-thunderbird\/#breadcrumb"},"inLanguage":"fr-FR","potentialAction":[{"@type":"ReadAction","target":["https:\/\/serversmtp.com\/fr\/serveur-smtp-thunderbird\/"]}]},{"@type":"ImageObject","inLanguage":"fr-FR","@id":"https:\/\/serversmtp.com\/fr\/serveur-smtp-thunderbird\/#primaryimage","url":"https:\/\/serversmtp.com\/wp-content\/uploads\/2018\/04\/smtp-thunderbird-french.png","contentUrl":"https:\/\/serversmtp.com\/wp-content\/uploads\/2018\/04\/smtp-thunderbird-french.png"},{"@type":"BreadcrumbList","@id":"https:\/\/serversmtp.com\/fr\/serveur-smtp-thunderbird\/#breadcrumb","itemListElement":[{"@type":"ListItem","position":1,"name":"Home","item":"https:\/\/serversmtp.com\/fr\/"},{"@type":"ListItem","position":2,"name":"Serveur SMTP pour Thunderbird"}]},{"@type":"WebSite","@id":"https:\/\/serversmtp.com\/de\/#website","url":"https:\/\/serversmtp.com\/de\/","name":"smtp mail server - professional SMTP service provider","description":"smtp mail server - professional SMTP service provider","publisher":{"@id":"https:\/\/serversmtp.com\/de\/#organization"},"potentialAction":[{"@type":"SearchAction","target":{"@type":"EntryPoint","urlTemplate":"https:\/\/serversmtp.com\/de\/?s={search_term_string}"},"query-input":{"@type":"PropertyValueSpecification","valueRequired":true,"valueName":"search_term_string"}}],"inLanguage":"fr-FR"},{"@type":"Organization","@id":"https:\/\/serversmtp.com\/de\/#organization","name":"Delivery Tech","url":"https:\/\/serversmtp.com\/de\/","logo":{"@type":"ImageObject","inLanguage":"fr-FR","@id":"https:\/\/serversmtp.com\/de\/#\/schema\/logo\/image\/","url":"https:\/\/serversmtp.com\/wp-content\/uploads\/2021\/11\/og-image-2.jpg","contentUrl":"https:\/\/serversmtp.com\/wp-content\/uploads\/2021\/11\/og-image-2.jpg","width":1200,"height":1128,"caption":"Delivery Tech"},"image":{"@id":"https:\/\/serversmtp.com\/de\/#\/schema\/logo\/image\/"}}]}},"_links":{"self":[{"href":"https:\/\/serversmtp.com\/fr\/wp-json\/wp\/v2\/pages\/1410"}],"collection":[{"href":"https:\/\/serversmtp.com\/fr\/wp-json\/wp\/v2\/pages"}],"about":[{"href":"https:\/\/serversmtp.com\/fr\/wp-json\/wp\/v2\/types\/page"}],"author":[{"embeddable":true,"href":"https:\/\/serversmtp.com\/fr\/wp-json\/wp\/v2\/users\/3"}],"replies":[{"embeddable":true,"href":"https:\/\/serversmtp.com\/fr\/wp-json\/wp\/v2\/comments?post=1410"}],"version-history":[{"count":7,"href":"https:\/\/serversmtp.com\/fr\/wp-json\/wp\/v2\/pages\/1410\/revisions"}],"predecessor-version":[{"id":22543,"href":"https:\/\/serversmtp.com\/fr\/wp-json\/wp\/v2\/pages\/1410\/revisions\/22543"}],"wp:attachment":[{"href":"https:\/\/serversmtp.com\/fr\/wp-json\/wp\/v2\/media?parent=1410"}],"curies":[{"name":"wp","href":"https:\/\/api.w.org\/{rel}","templated":true}]}}