{"id":11256,"date":"2021-01-12T14:53:26","date_gmt":"2021-01-12T13:53:26","guid":{"rendered":"https:\/\/www.serversmtp.com\/?page_id=11256"},"modified":"2021-01-12T15:12:27","modified_gmt":"2021-01-12T14:12:27","slug":"api-de-messagerie-pour-les-developpeurs-smart","status":"publish","type":"page","link":"https:\/\/serversmtp.com\/fr\/api-de-messagerie-pour-les-developpeurs-smart\/","title":{"rendered":"API de messagerie pour les d\u00e9veloppeurs smart"},"content":{"rendered":"<style type=\"text\/css\">\n#landing_top {\n    background-size: cover;\n}\n#get-it-free.g1-button {\n    color: #ffffff;\n    background-color: #93ba19;\n    border-color: #93ba19;\n    font-weight: 600;\n}\n.g1-section h2 {\n    font-weight: 600;\n}\n.g1-section h3 {\n    font-weight: 600;\n    font-size: 20px;\n}\n.g1-list--icon li {\n    border-style: none;\n}\n<\/style>\n<div id=\"landing_top\" class=\"g1-section gb-container \"  style=\"background-image:url(https:\/\/serversmtp.com\/wp-content\/uploads\/2018\/02\/background-turbosmtp-2017.png); background-repeat:no-repeat; background-position:center top; background-attachment:static; padding-bottom:40px; padding-top:50px;\"><div class=\"g1-layout-inner\">\n<h1 style=\"text-align: center; color: #fff; font-size: 3.4em; margin-bottom: 0.2em; font-weight: 600;\">API de messagerie pour les d\u00e9veloppeurs smart<\/h1>\n<h2 style=\"text-align: center; color: #fff; font-size: 2em; margin-bottom: 0.6em; font-weight: 300;\">Envoyez des newsletters et des emails transactionnels directement depuis votre site avec l&#8217;API turboSMTP<\/h2>\n<p style=\"margin-bottom: 0.4em; text-align: center;\"><a class=\"g1-button g1-button--medium g1-button--solid\" style=\"color: #ffffff; background-color: #93ba19; border-color: #93ba19; margin: 0.5em; padding: 1em 2em;\" href=\"https:\/\/serversmtp.com\/fr\/signup\" title=\"Commencez votre essai gratuit \">COMMENCEZ VOTRE ESSAI GRATUIT<\/a><a class=\"g1-button g1-button--medium g1-button--solid\" style=\"color: #ffffff; background-color: #f09e00; border-color: #f09e00;  margin: 0.5em; padding: 1em 2em;\" href=\"https:\/\/serversmtp.com\/fr\/cart.php?carttpl=2clic\" title=\"D\u00e9couvrez nos plans\">D\u00c9COUVREZ NOS PLANS<\/a><\/p>\n<p style=\"margin-bottom: 0.4em; text-align: center; font-size: 14px; color: #fff;\">Vous avez des demandes particuli\u00e8res ? <a href=\"https:\/\/serversmtp.com\/fr\/contact.php\" title=\"Contactez-nous\">Contactez-nous<\/a><\/p>\n<\/div><\/div>\n<div id=\"\" class=\"g1-section gb-container \"  style=\"background-repeat:no-repeat; background-position:center top; background-attachment:static; padding-bottom:40px; padding-top:40px;\"><div class=\"g1-layout-inner\">\n<p>Nous comprenons bien \u00e0 quel point il est difficile de g\u00e9rer les emails depuis votre serveur, surtout si vous vous concentrez sur le d\u00e9veloppement de votre application ou de votre site web?<\/p>\n<p>En tenant compte des v\u00f4tres besoins comme d\u00e9veloppeur, nous avons cr\u00e9\u00e9 la solution id\u00e9ale pour une gestion sans souci des emails pour votre site web, votre e-commerce, vos logiciels CMS et CRM ou tout autre type d&#8217;application. Gr\u00e2ce \u00e0 nos <strong>API<\/strong>, vous pouvez int\u00e9grer l&#8217;infrastructure de messagerie turboSMTP dans votre plateforme. Vous ne devrez plus vous pr\u00e9occuper de la <strong>d\u00e9livrabilit\u00e9 <\/strong>et de tous les autres probl\u00e8mes de gestion des emails!<\/p>\n<div class=\"g1-space\" style=\"height: 30px;\"><\/div>\n<h2>Configurer votre service API de messagerie<\/h2>\n<p>Int\u00e9grez un <strong>smarthost de messagerie \u00e9volutif<\/strong> dans votre application. En synchronisant notre application avec votre site Web gr\u00e2ce \u00e0 notre fournisseur d&#8217;API, vous pouvez::<\/p>\n\n<ul id=\"\" class=\"g1-list g1-list--icon g1-list--simple \">\n<li><i class=\"fa fa-check g1-list__icon\"><\/i>faire une int\u00e9gration compl\u00e8te avec votre syst\u00e8me de back-office et g\u00e9rer les abonnements \u00e0 votre liste de diffusion en ajoutant de nouveaux abonn\u00e9s et en visualisant leurs donn\u00e9es<\/li>\n<li><i class=\"fa fa-check g1-list__icon\"><\/i>envoyez vos <strong>emails transactionnels<\/strong> directement via votre site web ou votre application et suivez vos r\u00e9sultats<\/li>\n<li><i class=\"fa fa-check g1-list__icon\"><\/i>Envoyez des <strong>newsletters <\/strong>personnalis\u00e9es via votre site web ou votre application et suivez les r\u00e9sultats.<\/li>\n<\/ul>\n\n<div class=\"g1-space\" style=\"height: 30px;\"><\/div>\n<h2>Envoyez un email directement depuis votre site Web et&#8230;<\/h2>\n<h3>1. &#8230;Obtenez votre laissez-passer pour la bo\u00eete de r\u00e9ception!<\/h3>\n<p><img decoding=\"async\" src=\"https:\/\/serversmtp.com\/wp-content\/uploads\/2020\/11\/email-api-per-sviluppatori-smart.jpg\" alt=\"Obtenez votre laissez-passer pour la bo\u00eete de r\u00e9ception!\" width=\"600\" height=\"276\"><\/p>\n<p>Votre <strong>d\u00e9livrabilit\u00e9 <\/strong>est notre objectif. Chaque email envoy\u00e9 compte et nous souhaitons qu&#8217;il atteigne autant de contacts que possible, quel que soit le type d&#8217;email que vous devez envoyer (transactionnel ou commercial). Il n&#8217;est pas facile d&#8217;acc\u00e9der aux bo\u00eetes de r\u00e9ception de vos destinataires mais, surprise, nous avons les cl\u00e9s!<\/p>\n\n<ol id=\"\" class=\"g1-list g1-list--icon g1-list--simple \">\n<li><i class=\"fa fa-check g1-list__icon\"><\/i>Envoyez des emails depuis votre domaine et am\u00e9liorez votre r\u00e9putation gr\u00e2ce aux enregistrements SPF, DKIM et DMARC<\/li>\n<li><i class=\"fa fa-check g1-list__icon\"><\/i>Laissez-nous g\u00e9rer les feedback loops et entretenir de bonnes relations avec les principaux fournisseurs de messagerie<\/li>\n<li><i class=\"fa fa-check g1-list__icon\"><\/i>Peu importe le nombre d&#8217;emails que vous devez envoyer, nos API sont fiables et \u00e9volutives<\/li>\n<li><i class=\"fa fa-check g1-list__icon\"><\/i>Planifiez une consultation avec nos experts pour \u00e9tudier un plan sp\u00e9cifique pour votre entreprise<\/li>\n<\/ol>\n\n<div class=\"g1-space\" style=\"height: 20px;\"><\/div>\n<h3>2. Surveillez vos r\u00e9sultats<\/h3>\n<p><img decoding=\"async\" src=\"https:\/\/serversmtp.com\/wp-content\/uploads\/2020\/11\/email-api-per-sviluppatori-smart-2.jpg\" alt=\"Surveillez vos r\u00e9sultats\" width=\"600\" height=\"276\"><\/p>\n<p>Soyez toujours attentif \u00e0 la performance de vos emails. En int\u00e9grant nos API, vous pouvez surveiller votre flux de messagerie directement depuis votre application ou votre site web. Gr\u00e2ce \u00e0 notre service professionnel d&#8217;analyse de messagerie, vous pouvez consulter des <strong>statistiques d\u00e9taill\u00e9es<\/strong> sur:<\/p>\n\n<ul id=\"\" class=\"g1-list g1-list--icon g1-list--simple \">\n<li><i class=\"fa fa-check g1-list__icon\"><\/i>taux d&#8217;ouverture<\/li>\n<li><i class=\"fa fa-check g1-list__icon\"><\/i>taux de livraison<\/li>\n<li><i class=\"fa fa-check g1-list__icon\"><\/i>taux de clics<\/li>\n<li><i class=\"fa fa-check g1-list__icon\"><\/i>CTR<\/li>\n<li><i class=\"fa fa-check g1-list__icon\"><\/i>Taux de rebond<\/li>\n<li><i class=\"fa fa-check g1-list__icon\"><\/i>score de spam<\/li>\n<\/ul>\n\n<p>Vous pouvez \u00e9galement savoir quand et combien de fois vos emails sont lus, \u00e0 quelle heure et sur quel appareil. Toutes ces informations vous aideront \u00e0 \u00e9tudier la meilleure strat\u00e9gie de messagerie pour atteindre vos abonn\u00e9s.<\/p>\n<p>En tant que d\u00e9veloppeur, vous savez que des erreurs et des pannes se produisent, m\u00eame dans le domaine du marketing par email. En choisissant d&#8217;int\u00e9grer votre application avec nos API, vous pourrez apprendre plus rapidement les probl\u00e8mes de d\u00e9livrabilit\u00e9 et de les corriger plus rapidement.<\/p>\n<div class=\"g1-space\" style=\"height: 20px;\"><\/div>\n<h3>3. Faites confiance au service client\u00e8le qui parle votre langue<\/h3>\n<p><img decoding=\"async\" src=\"https:\/\/serversmtp.com\/wp-content\/uploads\/2020\/11\/email-api-per-sviluppatori-smart-3.jpg\" alt=\"Faites confiance au service client\u00e8le qui parle votre langue\" width=\"600\" height=\"330\"><\/p>\n<p>Notre \u00e9quipe technique est compos\u00e9e d&#8217;un personnel hautement sp\u00e9cialis\u00e9, disponible 24 heures sur 24 et 7 jours sur 7 pour r\u00e9soudre vos probl\u00e8mes. En tant que d\u00e9veloppeur, nous savons que vous avez besoin des indications sp\u00e9cifiques pour votre cas. Notre \u00e9quipe de d\u00e9livrabilit\u00e9 s&#8217;occupe de la gestion IP, des files d&#8217;attente, des boucles de retour d&#8217;information et du suivi.<\/p>\n<p>Comme nos clients exigent analyses sectorielles et personnalis\u00e9es, <strong>notre \u00e9quipe de consultants<\/strong> fait partie de la structure technique et <strong>parle votre langage de programmation<\/strong>. Nos experts vous offrent des conseils en mati\u00e8re de d\u00e9livrabilit\u00e9 et de bonnes astuces pour optimiser vos r\u00e9sultats.<\/p>\n<p>En vous appuyant sur un service externe pour r\u00e9soudre le probl\u00e8me de messagerie, vous aurez plus de temps \u00e0 consacrer \u00e0 la fois au d\u00e9veloppement de votre application et \u00e0 votre site au choix et \u00e0 la gestion de votre strat\u00e9gie de communication par courrier \u00e9lectronique.<\/p>\n<div class=\"g1-space\" style=\"height: 30px;\"><\/div>\n<h2 style=\"text-align: center;\">Devenez un meilleur d\u00e9veloppeur<\/h2>\n<h3 style=\"text-align: center; font-weight: 500;\">Laissez-nous g\u00e9rer votre flux de messagerie transactionnel et commercial<\/h3>\n<p style=\"margin-bottom: 0.4em; text-align: center;\"><a class=\"g1-button g1-button--medium g1-button--solid\" style=\"color: #ffffff; background-color: #93ba19; border-color: #93ba19; margin: 0.5em; padding: 1em 2em;\" href=\"https:\/\/serversmtp.com\/fr\/signup\" title=\"Essayez les API turboSMTP\">ESSAYEZ LES API TURBOSMTP<\/a><\/p>\n<\/div><\/div>\n","protected":false},"excerpt":{"rendered":"","protected":false},"author":8,"featured_media":0,"parent":0,"menu_order":0,"comment_status":"closed","ping_status":"closed","template":"g1_template_page_full_sections.php","meta":{"_eb_attr":"","inline_featured_image":false,"_monsterinsights_skip_tracking":false,"_monsterinsights_sitenote_active":false,"_monsterinsights_sitenote_note":"","_monsterinsights_sitenote_category":0,"footnotes":""},"class_list":["post-11256","page","type-page","status-publish"],"yoast_head":"<!-- This site is optimized with the Yoast SEO plugin v25.3.1 - https:\/\/yoast.com\/wordpress\/plugins\/seo\/ -->\n<title>API de messagerie pour les d\u00e9veloppeurs - Essai gratuit<\/title>\n<meta name=\"description\" content=\"Envoyez et suivez vos messages transactionnels et commerciaux directement via votre site web gr\u00e2ce \u00e0 nos API de email intelligent con\u00e7ues pour les d\u00e9veloppeurs\" \/>\n<meta name=\"robots\" content=\"index, follow, max-snippet:-1, max-image-preview:large, max-video-preview:-1\" \/>\n<link rel=\"canonical\" href=\"https:\/\/serversmtp.com\/fr\/api-de-messagerie-pour-les-developpeurs-smart\/\" \/>\n<meta name=\"twitter:label1\" content=\"Dur\u00e9e de lecture estim\u00e9e\" \/>\n\t<meta name=\"twitter:data1\" content=\"4 minutes\" \/>\n<!-- \/ Yoast SEO plugin. -->","yoast_head_json":{"title":"API de messagerie pour les d\u00e9veloppeurs - Essai gratuit","description":"Envoyez et suivez vos messages transactionnels et commerciaux directement via votre site web gr\u00e2ce \u00e0 nos API de email intelligent con\u00e7ues pour les d\u00e9veloppeurs","robots":{"index":"index","follow":"follow","max-snippet":"max-snippet:-1","max-image-preview":"max-image-preview:large","max-video-preview":"max-video-preview:-1"},"canonical":"https:\/\/serversmtp.com\/fr\/api-de-messagerie-pour-les-developpeurs-smart\/","twitter_misc":{"Dur\u00e9e de lecture estim\u00e9e":"4 minutes"},"schema":{"@context":"https:\/\/schema.org","@graph":[{"@type":"WebPage","@id":"https:\/\/serversmtp.com\/fr\/api-de-messagerie-pour-les-developpeurs-smart\/","url":"https:\/\/serversmtp.com\/fr\/api-de-messagerie-pour-les-developpeurs-smart\/","name":"API de messagerie pour les d\u00e9veloppeurs - Essai gratuit","isPartOf":{"@id":"https:\/\/serversmtp.com\/#website"},"primaryImageOfPage":{"@id":"https:\/\/serversmtp.com\/fr\/api-de-messagerie-pour-les-developpeurs-smart\/#primaryimage"},"image":{"@id":"https:\/\/serversmtp.com\/fr\/api-de-messagerie-pour-les-developpeurs-smart\/#primaryimage"},"thumbnailUrl":"https:\/\/www.serversmtp.com\/wp-content\/uploads\/2020\/11\/email-api-per-sviluppatori-smart.jpg","datePublished":"2021-01-12T13:53:26+00:00","dateModified":"2021-01-12T14:12:27+00:00","description":"Envoyez et suivez vos messages transactionnels et commerciaux directement via votre site web gr\u00e2ce \u00e0 nos API de email intelligent con\u00e7ues pour les d\u00e9veloppeurs","breadcrumb":{"@id":"https:\/\/serversmtp.com\/fr\/api-de-messagerie-pour-les-developpeurs-smart\/#breadcrumb"},"inLanguage":"fr-FR","potentialAction":[{"@type":"ReadAction","target":["https:\/\/serversmtp.com\/fr\/api-de-messagerie-pour-les-developpeurs-smart\/"]}]},{"@type":"ImageObject","inLanguage":"fr-FR","@id":"https:\/\/serversmtp.com\/fr\/api-de-messagerie-pour-les-developpeurs-smart\/#primaryimage","url":"https:\/\/www.serversmtp.com\/wp-content\/uploads\/2020\/11\/email-api-per-sviluppatori-smart.jpg","contentUrl":"https:\/\/www.serversmtp.com\/wp-content\/uploads\/2020\/11\/email-api-per-sviluppatori-smart.jpg"},{"@type":"BreadcrumbList","@id":"https:\/\/serversmtp.com\/fr\/api-de-messagerie-pour-les-developpeurs-smart\/#breadcrumb","itemListElement":[{"@type":"ListItem","position":1,"name":"Home","item":"https:\/\/serversmtp.com\/fr\/"},{"@type":"ListItem","position":2,"name":"API de messagerie pour les d\u00e9veloppeurs smart"}]},{"@type":"WebSite","@id":"https:\/\/serversmtp.com\/#website","url":"https:\/\/serversmtp.com\/","name":"smtp mail server - professional SMTP service provider","description":"smtp mail server - professional SMTP service provider","publisher":{"@id":"https:\/\/serversmtp.com\/#organization"},"potentialAction":[{"@type":"SearchAction","target":{"@type":"EntryPoint","urlTemplate":"https:\/\/serversmtp.com\/?s={search_term_string}"},"query-input":{"@type":"PropertyValueSpecification","valueRequired":true,"valueName":"search_term_string"}}],"inLanguage":"fr-FR"},{"@type":"Organization","@id":"https:\/\/serversmtp.com\/#organization","name":"Delivery Tech","url":"https:\/\/serversmtp.com\/","logo":{"@type":"ImageObject","inLanguage":"fr-FR","@id":"https:\/\/serversmtp.com\/#\/schema\/logo\/image\/","url":"https:\/\/serversmtp.com\/wp-content\/uploads\/2021\/11\/og-image-2.jpg","contentUrl":"https:\/\/serversmtp.com\/wp-content\/uploads\/2021\/11\/og-image-2.jpg","width":1200,"height":1128,"caption":"Delivery Tech"},"image":{"@id":"https:\/\/serversmtp.com\/#\/schema\/logo\/image\/"}}]}},"_links":{"self":[{"href":"https:\/\/serversmtp.com\/fr\/wp-json\/wp\/v2\/pages\/11256"}],"collection":[{"href":"https:\/\/serversmtp.com\/fr\/wp-json\/wp\/v2\/pages"}],"about":[{"href":"https:\/\/serversmtp.com\/fr\/wp-json\/wp\/v2\/types\/page"}],"author":[{"embeddable":true,"href":"https:\/\/serversmtp.com\/fr\/wp-json\/wp\/v2\/users\/8"}],"replies":[{"embeddable":true,"href":"https:\/\/serversmtp.com\/fr\/wp-json\/wp\/v2\/comments?post=11256"}],"version-history":[{"count":4,"href":"https:\/\/serversmtp.com\/fr\/wp-json\/wp\/v2\/pages\/11256\/revisions"}],"predecessor-version":[{"id":11264,"href":"https:\/\/serversmtp.com\/fr\/wp-json\/wp\/v2\/pages\/11256\/revisions\/11264"}],"wp:attachment":[{"href":"https:\/\/serversmtp.com\/fr\/wp-json\/wp\/v2\/media?parent=11256"}],"curies":[{"name":"wp","href":"https:\/\/api.w.org\/{rel}","templated":true}]}}