{"id":5694,"date":"2019-11-28T16:46:41","date_gmt":"2019-11-28T15:46:41","guid":{"rendered":"https:\/\/serversmtp.com\/?page_id=5694"},"modified":"2022-02-11T09:31:55","modified_gmt":"2022-02-11T08:31:55","slug":"el-informe-de-actividades-regulares-enviado-por-correo-electronico","status":"publish","type":"page","link":"https:\/\/serversmtp.com\/es\/el-informe-de-actividades-regulares-enviado-por-correo-electronico\/","title":{"rendered":"El informe de actividades regulares enviado por correo electr\u00f3nico"},"content":{"rendered":"<h4><em>Con turboSMTP, se beneficia de nuestro panel avanzado que proporciona estad\u00edsticas precisas en tiempo real de clics y aperturas. Siempre sabr\u00e1 qui\u00e9n y cu\u00e1ndo ha interactuado con sus correos electr\u00f3nicos.Siempre sabr\u00e1 qui\u00e9n y cu\u00e1ndo ha interactuado con sus correos electr\u00f3nicos.<\/em><\/h4>\n<p>Pero hay m\u00e1s.<\/p>\n<p>Puede <strong>recibir las actualizaciones de las actividades<\/strong> de su cuenta directamente a su bandeja de entrada. El informe incluir\u00e1 <strong>todos los datos sobre el rendimiento de su correo electr\u00f3nico<\/strong>, es decir, el volumen de mensajes enviados, entregados, abiertos, clicados en CTA, devueltos, unsubscribed y etiquetados como spam.<\/p>\n<p><strong>Puede descargar<\/strong> el informe en formato CSV o consultar directamente las listas de destinatarios que interactuaron con sus correos electr\u00f3nicos. Todo esto se le entregar\u00e1 con una mesa ordenada y llamativa como la siguiente:<\/p>\n<p><a href=\"https:\/\/serversmtp.com\/wp-content\/uploads\/2019\/11\/reports-en.jpg\"><img decoding=\"async\" class=\"aligncenter wp-image-5668 size-full\" src=\"https:\/\/serversmtp.com\/wp-content\/uploads\/2019\/11\/reports-en.jpg\" alt=\"\" width=\"900\" height=\"649\" srcset=\"https:\/\/serversmtp.com\/wp-content\/uploads\/2019\/11\/reports-en.jpg 900w, https:\/\/serversmtp.com\/wp-content\/uploads\/2019\/11\/reports-en-300x216.jpg 300w, https:\/\/serversmtp.com\/wp-content\/uploads\/2019\/11\/reports-en-768x554.jpg 768w, https:\/\/serversmtp.com\/wp-content\/uploads\/2019\/11\/reports-en-636x459.jpg 636w, https:\/\/serversmtp.com\/wp-content\/uploads\/2019\/11\/reports-en-320x231.jpg 320w, https:\/\/serversmtp.com\/wp-content\/uploads\/2019\/11\/reports-en-239x172.jpg 239w\" sizes=\"(max-width: 900px) 100vw, 900px\" \/><\/a><\/p>\n<p>Busque en el men\u00fa &#8220;Herramientas&#8221; para activar esta funci\u00f3n. <strong>Puede establecer la fecha de inicio<\/strong> del per\u00edodo en el que desea recibir los informes. Se le <strong>entregar\u00e1n diariamente, semanalmente o mensualmente<\/strong> a su elecci\u00f3n.<\/p>\n<h3><em>Mantener los resultados de sus actividades de correo bajo control nunca ha sido tan f\u00e1cil.<\/em><\/h3>\n<p><iframe title=\"Regular activities\u2019 report\" width=\"1200\" height=\"675\" src=\"https:\/\/www.youtube.com\/embed\/5KFA_yzsuxE?feature=oembed\" frameborder=\"0\" allow=\"accelerometer; autoplay; clipboard-write; encrypted-media; gyroscope; picture-in-picture\" allowfullscreen><\/iframe><\/p>\n","protected":false},"excerpt":{"rendered":"<p>Con turboSMTP, se beneficia de nuestro panel avanzado que proporciona estad\u00edsticas precisas en tiempo real de clics y aperturas. Siempre sabr\u00e1 qui\u00e9n y cu\u00e1ndo ha interactuado con sus correos electr\u00f3nicos.Siempre sabr\u00e1 qui\u00e9n y cu\u00e1ndo ha interactuado con sus correos electr\u00f3nicos. Pero hay m\u00e1s. Puede recibir las actualizaciones de las actividades de su cuenta directamente a &#8230; <\/p>\n<p class=\"read-more-container\"><a title=\"El informe de actividades regulares enviado por correo electr\u00f3nico\" class=\"read-more button\" href=\"https:\/\/serversmtp.com\/es\/el-informe-de-actividades-regulares-enviado-por-correo-electronico\/#more-5694\" aria-label=\"Leer m\u00e1s sobre El informe de actividades regulares enviado por correo electr\u00f3nico\">Discover more<\/a><\/p>\n","protected":false},"author":2,"featured_media":0,"parent":0,"menu_order":0,"comment_status":"closed","ping_status":"closed","template":"","meta":{"_eb_attr":"","inline_featured_image":false,"_monsterinsights_skip_tracking":false,"_monsterinsights_sitenote_active":false,"_monsterinsights_sitenote_note":"","_monsterinsights_sitenote_category":0,"footnotes":""},"class_list":["post-5694","page","type-page","status-publish"],"yoast_head":"<!-- This site is optimized with the Yoast SEO plugin v25.3.1 - https:\/\/yoast.com\/wordpress\/plugins\/seo\/ -->\n<title>El informe de actividades regulares enviado por correo electr\u00f3nico - smtp mail server - professional SMTP service provider<\/title>\n<meta name=\"robots\" content=\"index, follow, max-snippet:-1, max-image-preview:large, max-video-preview:-1\" \/>\n<link rel=\"canonical\" href=\"https:\/\/serversmtp.com\/es\/el-informe-de-actividades-regulares-enviado-por-correo-electronico\/\" \/>\n<meta name=\"twitter:label1\" content=\"Tiempo de lectura\" \/>\n\t<meta name=\"twitter:data1\" content=\"1 minuto\" \/>\n<!-- \/ Yoast SEO plugin. -->","yoast_head_json":{"title":"El informe de actividades regulares enviado por correo electr\u00f3nico - smtp mail server - professional SMTP service provider","robots":{"index":"index","follow":"follow","max-snippet":"max-snippet:-1","max-image-preview":"max-image-preview:large","max-video-preview":"max-video-preview:-1"},"canonical":"https:\/\/serversmtp.com\/es\/el-informe-de-actividades-regulares-enviado-por-correo-electronico\/","twitter_misc":{"Tiempo de lectura":"1 minuto"},"schema":{"@context":"https:\/\/schema.org","@graph":[{"@type":"WebPage","@id":"https:\/\/serversmtp.com\/es\/el-informe-de-actividades-regulares-enviado-por-correo-electronico\/","url":"https:\/\/serversmtp.com\/es\/el-informe-de-actividades-regulares-enviado-por-correo-electronico\/","name":"El informe de actividades regulares enviado por correo electr\u00f3nico - smtp mail server - professional SMTP service provider","isPartOf":{"@id":"https:\/\/serversmtp.com\/fr\/#website"},"primaryImageOfPage":{"@id":"https:\/\/serversmtp.com\/es\/el-informe-de-actividades-regulares-enviado-por-correo-electronico\/#primaryimage"},"image":{"@id":"https:\/\/serversmtp.com\/es\/el-informe-de-actividades-regulares-enviado-por-correo-electronico\/#primaryimage"},"thumbnailUrl":"https:\/\/serversmtp.com\/wp-content\/uploads\/2019\/11\/reports-en.jpg","datePublished":"2019-11-28T15:46:41+00:00","dateModified":"2022-02-11T08:31:55+00:00","breadcrumb":{"@id":"https:\/\/serversmtp.com\/es\/el-informe-de-actividades-regulares-enviado-por-correo-electronico\/#breadcrumb"},"inLanguage":"es","potentialAction":[{"@type":"ReadAction","target":["https:\/\/serversmtp.com\/es\/el-informe-de-actividades-regulares-enviado-por-correo-electronico\/"]}]},{"@type":"ImageObject","inLanguage":"es","@id":"https:\/\/serversmtp.com\/es\/el-informe-de-actividades-regulares-enviado-por-correo-electronico\/#primaryimage","url":"https:\/\/serversmtp.com\/wp-content\/uploads\/2019\/11\/reports-en.jpg","contentUrl":"https:\/\/serversmtp.com\/wp-content\/uploads\/2019\/11\/reports-en.jpg"},{"@type":"BreadcrumbList","@id":"https:\/\/serversmtp.com\/es\/el-informe-de-actividades-regulares-enviado-por-correo-electronico\/#breadcrumb","itemListElement":[{"@type":"ListItem","position":1,"name":"Home","item":"https:\/\/serversmtp.com\/es\/"},{"@type":"ListItem","position":2,"name":"El informe de actividades regulares enviado por correo electr\u00f3nico"}]},{"@type":"WebSite","@id":"https:\/\/serversmtp.com\/fr\/#website","url":"https:\/\/serversmtp.com\/fr\/","name":"smtp mail server - professional SMTP service provider","description":"smtp mail server - professional SMTP service provider","publisher":{"@id":"https:\/\/serversmtp.com\/fr\/#organization"},"potentialAction":[{"@type":"SearchAction","target":{"@type":"EntryPoint","urlTemplate":"https:\/\/serversmtp.com\/fr\/?s={search_term_string}"},"query-input":{"@type":"PropertyValueSpecification","valueRequired":true,"valueName":"search_term_string"}}],"inLanguage":"es"},{"@type":"Organization","@id":"https:\/\/serversmtp.com\/fr\/#organization","name":"Delivery Tech","url":"https:\/\/serversmtp.com\/fr\/","logo":{"@type":"ImageObject","inLanguage":"es","@id":"https:\/\/serversmtp.com\/fr\/#\/schema\/logo\/image\/","url":"https:\/\/serversmtp.com\/wp-content\/uploads\/2021\/11\/og-image-2.jpg","contentUrl":"https:\/\/serversmtp.com\/wp-content\/uploads\/2021\/11\/og-image-2.jpg","width":1200,"height":1128,"caption":"Delivery Tech"},"image":{"@id":"https:\/\/serversmtp.com\/fr\/#\/schema\/logo\/image\/"}}]}},"_links":{"self":[{"href":"https:\/\/serversmtp.com\/es\/wp-json\/wp\/v2\/pages\/5694"}],"collection":[{"href":"https:\/\/serversmtp.com\/es\/wp-json\/wp\/v2\/pages"}],"about":[{"href":"https:\/\/serversmtp.com\/es\/wp-json\/wp\/v2\/types\/page"}],"author":[{"embeddable":true,"href":"https:\/\/serversmtp.com\/es\/wp-json\/wp\/v2\/users\/2"}],"replies":[{"embeddable":true,"href":"https:\/\/serversmtp.com\/es\/wp-json\/wp\/v2\/comments?post=5694"}],"version-history":[{"count":6,"href":"https:\/\/serversmtp.com\/es\/wp-json\/wp\/v2\/pages\/5694\/revisions"}],"predecessor-version":[{"id":5735,"href":"https:\/\/serversmtp.com\/es\/wp-json\/wp\/v2\/pages\/5694\/revisions\/5735"}],"wp:attachment":[{"href":"https:\/\/serversmtp.com\/es\/wp-json\/wp\/v2\/media?parent=5694"}],"curies":[{"name":"wp","href":"https:\/\/api.w.org\/{rel}","templated":true}]}}