{"id":5121,"date":"2018-10-01T15:31:08","date_gmt":"2018-10-01T13:31:08","guid":{"rendered":"https:\/\/serversmtp.com\/?page_id=5121"},"modified":"2018-10-01T15:31:53","modified_gmt":"2018-10-01T13:31:53","slug":"turbosmtp-servicio-smtp","status":"publish","type":"page","link":"https:\/\/serversmtp.com\/es\/turbosmtp-servicio-smtp\/","title":{"rendered":"turboSMTP &#8211; El mejor servicio SMTP profesional"},"content":{"rendered":"<p><img decoding=\"async\" class=\"aligncenter size-full wp-image-5117\" src=\"https:\/\/serversmtp.com\/wp-content\/uploads\/2018\/10\/turboSMTP-server.png\" alt=\"\" width=\"580\" height=\"99\" srcset=\"https:\/\/serversmtp.com\/wp-content\/uploads\/2018\/10\/turboSMTP-server.png 580w, https:\/\/serversmtp.com\/wp-content\/uploads\/2018\/10\/turboSMTP-server-300x51.png 300w, https:\/\/serversmtp.com\/wp-content\/uploads\/2018\/10\/turboSMTP-server-320x55.png 320w, https:\/\/serversmtp.com\/wp-content\/uploads\/2018\/10\/turboSMTP-server-239x41.png 239w\" sizes=\"(max-width: 580px) 100vw, 580px\" \/><\/p>\n<p>&nbsp;<\/p>\n<p><strong>turboSMTP<\/strong> es un <strong>servicio SMTP<\/strong> potente y fiable, ideal para el email marketing, los boletines y los mensajes transaccionales. Con turboSMTP podr\u00e1s <strong>aprovechar al m\u00e1ximo la capacidad de entrega<\/strong> de todos sus emails, garantizando la entrega de los emails en todas las bandejas de entrada de los destinatarios.<\/p>\n<p>De hecho, un servidor SMTP com\u00fan como los asociados a los proveedores de emails gratuitos (como Gmail o Yahoo) no pueden soportar grandes env\u00edos. La posibilidad de ser filtrados por los ISP (proveedores de Internet) es muy alto, y por lo general hay un <strong>l\u00edmite al n\u00famero de destinatarios<\/strong> que se pueden controlar por cada mensaje (con el fin de disuadir a los spammers).<\/p>\n<p>turboSMTP resuelve estos problemas de una vez por todas, lo que garantiza la posibilidad de enviar <strong>emails ilimitados<\/strong> con la<strong> m\u00e1s alta tasa de entrega<\/strong>. No m\u00e1s problemas con los envios!<\/p>\n<p>Adem\u00e1s, turboSMTP es <strong>extremadamente f\u00e1cil de configurar<\/strong> y proporciona un completo conjunto de <strong>herramientas de an\u00e1lisis<\/strong> para medir su campa\u00f1a de email y obtener informaci\u00f3n en tiempo real acerca de la tasa de apertura, la tasa de click-through y otras m\u00e9tricas importantes.<\/p>\n<p>turboSMTP ofrece una amplia gama de <a href=\"\/es\/cart.php\">cr\u00e9ditos de prepago y de suscripciones mensuales<\/a>. Usted puede comenzar de inmediato con <a href=\"\/es\/signup\">6.000 emails gratuito al mes<\/a> para siempre, y luego elegir el plan que mejor se adapte a sus necesidades.<\/p>\n","protected":false},"excerpt":{"rendered":"<p>&nbsp; turboSMTP es un servicio SMTP potente y fiable, ideal para el email marketing, los boletines y los mensajes transaccionales. Con turboSMTP podr\u00e1s aprovechar al m\u00e1ximo la capacidad de entrega de todos sus emails, garantizando la entrega de los emails en todas las bandejas de entrada de los destinatarios. De hecho, un servidor SMTP com\u00fan &#8230; <\/p>\n<p class=\"read-more-container\"><a title=\"turboSMTP &#8211; El mejor servicio SMTP profesional\" class=\"read-more button\" href=\"https:\/\/serversmtp.com\/es\/turbosmtp-servicio-smtp\/#more-5121\" aria-label=\"Leer m\u00e1s sobre turboSMTP &#8211; El mejor servicio SMTP profesional\">Discover more<\/a><\/p>\n","protected":false},"author":2,"featured_media":0,"parent":0,"menu_order":0,"comment_status":"closed","ping_status":"closed","template":"g1_template_page_sidebar_right.php","meta":{"_eb_attr":"","inline_featured_image":false,"_monsterinsights_skip_tracking":false,"_monsterinsights_sitenote_active":false,"_monsterinsights_sitenote_note":"","_monsterinsights_sitenote_category":0,"footnotes":""},"class_list":["post-5121","page","type-page","status-publish"],"yoast_head":"<!-- This site is optimized with the Yoast SEO plugin v25.3.1 - https:\/\/yoast.com\/wordpress\/plugins\/seo\/ -->\n<title>turboSMTP - El mejor servicio SMTP profesional - smtp mail server - professional SMTP service provider<\/title>\n<meta name=\"robots\" content=\"index, follow, max-snippet:-1, max-image-preview:large, max-video-preview:-1\" \/>\n<link rel=\"canonical\" href=\"https:\/\/serversmtp.com\/es\/turbosmtp-servicio-smtp\/\" \/>\n<meta name=\"twitter:label1\" content=\"Tiempo de lectura\" \/>\n\t<meta name=\"twitter:data1\" content=\"1 minuto\" \/>\n<!-- \/ Yoast SEO plugin. -->","yoast_head_json":{"title":"turboSMTP - El mejor servicio SMTP profesional - smtp mail server - professional SMTP service provider","robots":{"index":"index","follow":"follow","max-snippet":"max-snippet:-1","max-image-preview":"max-image-preview:large","max-video-preview":"max-video-preview:-1"},"canonical":"https:\/\/serversmtp.com\/es\/turbosmtp-servicio-smtp\/","twitter_misc":{"Tiempo de lectura":"1 minuto"},"schema":{"@context":"https:\/\/schema.org","@graph":[{"@type":"WebPage","@id":"https:\/\/serversmtp.com\/es\/turbosmtp-servicio-smtp\/","url":"https:\/\/serversmtp.com\/es\/turbosmtp-servicio-smtp\/","name":"turboSMTP - El mejor servicio SMTP profesional - smtp mail server - professional SMTP service provider","isPartOf":{"@id":"https:\/\/serversmtp.com\/de\/#website"},"primaryImageOfPage":{"@id":"https:\/\/serversmtp.com\/es\/turbosmtp-servicio-smtp\/#primaryimage"},"image":{"@id":"https:\/\/serversmtp.com\/es\/turbosmtp-servicio-smtp\/#primaryimage"},"thumbnailUrl":"https:\/\/serversmtp.com\/wp-content\/uploads\/2018\/10\/turboSMTP-server.png","datePublished":"2018-10-01T13:31:08+00:00","dateModified":"2018-10-01T13:31:53+00:00","breadcrumb":{"@id":"https:\/\/serversmtp.com\/es\/turbosmtp-servicio-smtp\/#breadcrumb"},"inLanguage":"es","potentialAction":[{"@type":"ReadAction","target":["https:\/\/serversmtp.com\/es\/turbosmtp-servicio-smtp\/"]}]},{"@type":"ImageObject","inLanguage":"es","@id":"https:\/\/serversmtp.com\/es\/turbosmtp-servicio-smtp\/#primaryimage","url":"https:\/\/serversmtp.com\/wp-content\/uploads\/2018\/10\/turboSMTP-server.png","contentUrl":"https:\/\/serversmtp.com\/wp-content\/uploads\/2018\/10\/turboSMTP-server.png"},{"@type":"BreadcrumbList","@id":"https:\/\/serversmtp.com\/es\/turbosmtp-servicio-smtp\/#breadcrumb","itemListElement":[{"@type":"ListItem","position":1,"name":"Home","item":"https:\/\/serversmtp.com\/es\/"},{"@type":"ListItem","position":2,"name":"turboSMTP &#8211; El mejor servicio SMTP profesional"}]},{"@type":"WebSite","@id":"https:\/\/serversmtp.com\/de\/#website","url":"https:\/\/serversmtp.com\/de\/","name":"smtp mail server - professional SMTP service provider","description":"smtp mail server - professional SMTP service provider","publisher":{"@id":"https:\/\/serversmtp.com\/de\/#organization"},"potentialAction":[{"@type":"SearchAction","target":{"@type":"EntryPoint","urlTemplate":"https:\/\/serversmtp.com\/de\/?s={search_term_string}"},"query-input":{"@type":"PropertyValueSpecification","valueRequired":true,"valueName":"search_term_string"}}],"inLanguage":"es"},{"@type":"Organization","@id":"https:\/\/serversmtp.com\/de\/#organization","name":"Delivery Tech","url":"https:\/\/serversmtp.com\/de\/","logo":{"@type":"ImageObject","inLanguage":"es","@id":"https:\/\/serversmtp.com\/de\/#\/schema\/logo\/image\/","url":"https:\/\/serversmtp.com\/wp-content\/uploads\/2021\/11\/og-image-2.jpg","contentUrl":"https:\/\/serversmtp.com\/wp-content\/uploads\/2021\/11\/og-image-2.jpg","width":1200,"height":1128,"caption":"Delivery Tech"},"image":{"@id":"https:\/\/serversmtp.com\/de\/#\/schema\/logo\/image\/"}}]}},"_links":{"self":[{"href":"https:\/\/serversmtp.com\/es\/wp-json\/wp\/v2\/pages\/5121"}],"collection":[{"href":"https:\/\/serversmtp.com\/es\/wp-json\/wp\/v2\/pages"}],"about":[{"href":"https:\/\/serversmtp.com\/es\/wp-json\/wp\/v2\/types\/page"}],"author":[{"embeddable":true,"href":"https:\/\/serversmtp.com\/es\/wp-json\/wp\/v2\/users\/2"}],"replies":[{"embeddable":true,"href":"https:\/\/serversmtp.com\/es\/wp-json\/wp\/v2\/comments?post=5121"}],"version-history":[{"count":2,"href":"https:\/\/serversmtp.com\/es\/wp-json\/wp\/v2\/pages\/5121\/revisions"}],"predecessor-version":[{"id":5123,"href":"https:\/\/serversmtp.com\/es\/wp-json\/wp\/v2\/pages\/5121\/revisions\/5123"}],"wp:attachment":[{"href":"https:\/\/serversmtp.com\/es\/wp-json\/wp\/v2\/media?parent=5121"}],"curies":[{"name":"wp","href":"https:\/\/api.w.org\/{rel}","templated":true}]}}