{"id":4203,"date":"2018-06-26T18:03:27","date_gmt":"2018-06-26T16:03:27","guid":{"rendered":"https:\/\/serversmtp.com\/?page_id=4203"},"modified":"2026-01-15T14:59:36","modified_gmt":"2026-01-15T13:59:36","slug":"seguridad","status":"publish","type":"page","link":"https:\/\/serversmtp.com\/es\/politica-de-privacidad-regulacion-ue-2016-79-gdpr\/seguridad\/","title":{"rendered":"Seguridad"},"content":{"rendered":"<p><img decoding=\"async\" class=\"noBorders aligncenter wp-image-7025 size-full\" src=\"https:\/\/emailchef.com\/wp-content\/uploads\/2018\/05\/gdpr-protect.png\" alt=\"\" width=\"1280\" height=\"700\" \/><\/p>\n<ul class=\"g1-grid\"><li class=\"g1-column g1-one-fourth g1-valign-top\">\n<h4>Medidas t\u00e9cnicas<\/h4>\n<\/li><!-- -->\n<li class=\"g1-column g1-three-fourth g1-valign-top\">\n<p>eDisplay Srl concede la m\u00e1xima importancia a la seguridad y a la integridad de tus datos personales.<br \/>\nDe conformidad con el RGPD, nos comprometemos diariamente a adoptar todas las precauciones necesarias para preservar la seguridad de tus datos y, en particular, a protegerlos frente a:<\/p>\n\n<ul id=\"\" class=\"g1-list g1-list--upper-alpha g1-list--none \">\n<li>destrucci\u00f3n accidental o il\u00edcita;<\/li>\n<li>p\u00e9rdida accidental o il\u00edcita;<\/li>\n<li>alteraci\u00f3n o corrupci\u00f3n accidental o il\u00edcita;<\/li>\n<li>circulaci\u00f3n o divulgaci\u00f3n a personas no autorizadas;<\/li>\n<li>acceso no autorizado;<\/li>\n<li>tratamiento il\u00edcito.<\/li>\n<\/ul>\n\n<p>A tal efecto, hemos adoptado medidas t\u00e9cnicas de seguridad est\u00e1ndar del sector:<\/p>\n\n<ul id=\"\" class=\"g1-list g1-list--upper-alpha g1-list--none \">\n<li>firewalls multinivel;<\/li>\n<li>antivirus de eficacia probada y detecci\u00f3n de intentos de intrusi\u00f3n;<\/li>\n<li>transmisi\u00f3n cifrada de los datos mediante tecnolog\u00edas SSL\/https\/VPN.<\/li>\n<\/ul>\n\n<p>Para proteger los datos personales frente a divulgaciones no autorizadas, hemos utilizado m\u00e9todos de codificaci\u00f3n espec\u00edficamente desarrollados, adem\u00e1s de algoritmos que garantizan la seguridad de las transacciones, de los accesos y de las copias de seguridad de los datos.<br \/>\nGarantizamos la exactitud y el uso correcto de los datos:<\/p>\n\n<ul id=\"\" class=\"g1-list g1-list--upper-alpha g1-list--none \">\n<li>mediante procedimientos electr\u00f3nicos, f\u00edsicos y de gesti\u00f3n adecuados, con el fin de salvaguardar y preservar los datos recopilados a trav\u00e9s de nuestros servicios;<\/li>\n<li>mediante la formaci\u00f3n adecuada de nuestro personal, que ha recibido instrucciones espec\u00edficas para acceder a los datos, de conformidad con lo previsto por el RGPD.<\/li>\n<\/ul>\n\n<p>No obstante, recuerda que a d\u00eda de hoy no existe una defensa absoluta frente a ataques de pirater\u00eda o hackers. En caso de que se produjera una violaci\u00f3n de la seguridad (data breach), nos comprometemos a informarte sin dilaciones indebidas y a actuar con la m\u00e1xima diligencia para neutralizar la intrusi\u00f3n y minimizar su impacto. En caso de que sufras una p\u00e9rdida a causa de una violaci\u00f3n de la seguridad, nos comprometemos a proporcionarte toda la asistencia necesaria para que puedas hacer valer tus derechos.<br \/>\nSi, en un caso excepcional, la p\u00e9rdida sufrida se debiera a una grave negligencia de eDisplay Srl, procederemos a la indemnizaci\u00f3n dentro de los l\u00edmites de responsabilidad previstos en nuestras Condiciones Generales de Uso.<br \/>\nSi un usuario, un suscriptor de listas de contactos o un hacker detecta y se aprovecha de una violaci\u00f3n de la seguridad, ser\u00e1 responsable de una acci\u00f3n penal. eDisplay Srl adoptar\u00e1 todas las medidas necesarias, incluida la presentaci\u00f3n de una reclamaci\u00f3n y\/o el ejercicio de acciones legales, para proteger los datos y los derechos de sus usuarios y los propios, as\u00ed como para limitar los posibles impactos.<br \/>\nLas medidas anteriormente descritas son las que adoptamos para la protecci\u00f3n de tus datos; no obstante, en calidad de usuario de nuestros servicios, aplicaciones o software, deber\u00e1s llevar a cabo las siguientes acciones:<\/p>\n\n<ul id=\"\" class=\"g1-list g1-list--upper-alpha g1-list--none \">\n<li>controlar la autenticaci\u00f3n de las personas que acceden a los datos;<\/li>\n<li>utilizar una contrase\u00f1a individual y suficientemente segura, recordando cambiarla peri\u00f3dicamente y no dejarla desatendida;<\/li>\n<li>asegurarte de adoptar medidas de seguridad para los datos que transmitas a trav\u00e9s de canales de comunicaci\u00f3n no protegidos y que sean objeto de tratamiento por parte de eDisplay Srl.<\/li>\n<\/ul>\n\n<p>La finalidad de estas medidas t\u00e9cnicas es hacer que tus datos resulten incomprensibles o inaccesibles para personas no autorizadas.<br \/>\nPara cualquier consulta relativa a la seguridad de nuestros servicios, aplicaciones y software, te invitamos a ponerte en contacto con nuestro personal de soporte t\u00e9cnico, disponible a trav\u00e9s de nuestros canales oficiales: correo electr\u00f3nico, chat en l\u00ednea y tel\u00e9fono.<\/p>\n<\/li><!-- --><\/ul>\n<div  class=\"g1-divider g1-divider--none g1-divider--noicon \"><\/div>\n<ul class=\"g1-grid\"><li class=\"g1-column g1-one-fourth g1-valign-top\">\n<h4>Gesti\u00f3n de la violaci\u00f3n de datos <em>(data breach)<\/em><\/h4>\n<\/li><!-- -->\n<li class=\"g1-column g1-three-fourth g1-valign-top\">\n<p>El art. 33 del RGPD impone al responsable del tratamiento la obligaci\u00f3n de notificar a la autoridad de control una violaci\u00f3n de datos personales (data breach) en un plazo de setenta y dos horas desde el momento en que tenga conocimiento de la misma.<\/p>\n<p>Pueden distinguirse tres tipos de violaciones:<\/p>\n\n<ul id=\"\" class=\"g1-list g1-list--upper-alpha g1-list--none \">\n<li>violaci\u00f3n de la confidencialidad, cuando se produce una divulgaci\u00f3n o un acceso no autorizado o accidental a datos personales;<\/li>\n<li>violaci\u00f3n de la integridad, cuando se produce una alteraci\u00f3n no autorizada o accidental de datos personales;<\/li>\n<li>violaci\u00f3n de la disponibilidad, cuando se produce la p\u00e9rdida, inaccesibilidad o destrucci\u00f3n accidental o no autorizada de datos personales.<\/li>\n<\/ul>\n\n<p>Si la eventual violaci\u00f3n afectara tambi\u00e9n a tus datos, eDisplay Srl, en calidad de encargado del tratamiento, te informar\u00e1 de las siguientes formas:<\/p>\n\n<ul id=\"\" class=\"g1-list g1-list--upper-alpha g1-list--none \">\n<li>de manera personal y directa;<\/li>\n<li>mediante una comunicaci\u00f3n p\u00fablica o una medida similar y eficaz, en caso de que una comunicaci\u00f3n directa y personal suponga esfuerzos desproporcionados.<\/li>\n<\/ul>\n\n<p>Ten siempre presente que t\u00fa, en calidad de usuario, eres el responsable del tratamiento de los datos; por lo tanto, te corresponder\u00e1 informar oportunamente de la violaci\u00f3n a los suscriptores de tus listas de contactos.<br \/>\nEn este caso, podr\u00e1s comunicar la violaci\u00f3n producida de las siguientes maneras:<\/p>\n\n<ul id=\"\" class=\"g1-list g1-list--upper-alpha g1-list--none \">\n<li>de forma personal y directa a tus suscriptores;<\/li>\n<li>mediante una comunicaci\u00f3n p\u00fablica o igualmente eficaz, capaz de llegar a todos los contactos afectados por el data breach.<\/li>\n<\/ul>\n\n<p>La comunicaci\u00f3n directa a tus suscriptores deber\u00e1 ser claramente distinguible de las dem\u00e1s que suelas enviar: el aviso de la violaci\u00f3n debe ser claro, inequ\u00edvoco y captar la atenci\u00f3n del interesado.<br \/>\nEn particular, son fundamentales los arts. 24 y 32 del RGPD, que obligan al responsable del tratamiento a:<\/p>\n\n<ul id=\"\" class=\"g1-list g1-list--upper-alpha g1-list--none \">\n<li>aplicar medidas t\u00e9cnicas y organizativas adecuadas para garantizar el cumplimiento del RGPD;<\/li>\n<li>ser capaz de demostrar que el tratamiento de los datos se ha realizado de conformidad con lo previsto por el RGPD;<\/li>\n<li>revisar y actualizar las medidas mencionadas cuando sea necesario;<\/li>\n<li>garantizar un nivel de seguridad adecuado al riesgo.<\/li>\n<\/ul>\n\n<\/li><!-- --><\/ul>\n<div  class=\"g1-divider g1-divider--none g1-divider--noicon \"><\/div>\n<ul class=\"g1-grid\"><li class=\"g1-column g1-one-fourth g1-valign-top\">\n<h4>Acceso autorizado a los datos para atenci\u00f3n al cliente y asistencia t\u00e9cnica<\/h4>\n<\/li><!-- -->\n<li class=\"g1-column g1-three-fourth g1-valign-top\">\n<p>Los datos recopilados se utilizar\u00e1n cuando sea necesario o instrumental para la ejecuci\u00f3n de las siguientes finalidades:<\/p>\n\n<ul id=\"\" class=\"g1-list g1-list--upper-alpha g1-list--none \">\n<li>asistencia t\u00e9cnica a los usuarios, para los servicios prestados por eDisplay Srl que afecten a los responsables del tratamiento o a sus listas de contactos;<\/li>\n<li>llamadas telef\u00f3nicas o correos electr\u00f3nicos para concluir negociaciones comerciales;<\/li>\n<li>asesoramiento comercial directo o indirecto.<\/li>\n<\/ul>\n\n<p>Tus datos podr\u00e1n ser tratados por empleados de eDisplay Srl o por terceros, que ser\u00e1n designados como encargados externos del tratamiento seg\u00fan los casos. El propietario o el responsable de los datos personales ser\u00e1 informado en cada ocasi\u00f3n sobre las modalidades de tratamiento.<\/p>\n<\/li><!-- --><\/ul>\n<div  class=\"g1-divider g1-divider--none g1-divider--noicon \"><\/div>\n<ul class=\"g1-grid\"><li class=\"g1-column g1-one-fourth g1-valign-top\">\n<h4>Minimizaci\u00f3n de los datos tratados y conservaci\u00f3n<\/h4>\n<\/li><!-- -->\n<li class=\"g1-column g1-three-fourth g1-valign-top\">\n<p>Hemos adoptado medidas t\u00e9cnicas y organizativas para garantizar el principio de minimizaci\u00f3n de los datos tratados, que ser\u00e1n siempre adecuados, pertinentes y limitados a lo necesario para el cumplimiento de las finalidades declaradas.<br \/>\nEl tratamiento de los datos con fines estad\u00edsticos, de archivo en inter\u00e9s p\u00fablico, de investigaci\u00f3n cient\u00edfica o hist\u00f3rica est\u00e1 sujeto a garant\u00edas adecuadas para los derechos y libertades del interesado, de conformidad con lo previsto por el RGPD.<\/p>\n<\/li><!-- --><\/ul>\n","protected":false},"excerpt":{"rendered":"","protected":false},"author":2,"featured_media":0,"parent":4178,"menu_order":5,"comment_status":"closed","ping_status":"closed","template":"","meta":{"_eb_attr":"","inline_featured_image":false,"_monsterinsights_skip_tracking":false,"_monsterinsights_sitenote_active":false,"_monsterinsights_sitenote_note":"","_monsterinsights_sitenote_category":0,"footnotes":""},"class_list":["post-4203","page","type-page","status-publish"],"yoast_head":"<!-- This site is optimized with the Yoast SEO plugin v25.3.1 - https:\/\/yoast.com\/wordpress\/plugins\/seo\/ -->\n<title>Seguridad - smtp mail server - professional SMTP service provider<\/title>\n<meta name=\"robots\" content=\"index, follow, max-snippet:-1, max-image-preview:large, max-video-preview:-1\" \/>\n<link rel=\"canonical\" href=\"https:\/\/serversmtp.com\/es\/politica-de-privacidad-regulacion-ue-2016-79-gdpr\/seguridad\/\" \/>\n<meta name=\"twitter:label1\" content=\"Tiempo de lectura\" \/>\n\t<meta name=\"twitter:data1\" content=\"4 minutos\" \/>\n<!-- \/ Yoast SEO plugin. -->","yoast_head_json":{"title":"Seguridad - smtp mail server - professional SMTP service provider","robots":{"index":"index","follow":"follow","max-snippet":"max-snippet:-1","max-image-preview":"max-image-preview:large","max-video-preview":"max-video-preview:-1"},"canonical":"https:\/\/serversmtp.com\/es\/politica-de-privacidad-regulacion-ue-2016-79-gdpr\/seguridad\/","twitter_misc":{"Tiempo de lectura":"4 minutos"},"schema":{"@context":"https:\/\/schema.org","@graph":[{"@type":"WebPage","@id":"https:\/\/serversmtp.com\/es\/politica-de-privacidad-regulacion-ue-2016-79-gdpr\/seguridad\/","url":"https:\/\/serversmtp.com\/es\/politica-de-privacidad-regulacion-ue-2016-79-gdpr\/seguridad\/","name":"Seguridad - smtp mail server - professional SMTP service provider","isPartOf":{"@id":"https:\/\/serversmtp.com\/#website"},"primaryImageOfPage":{"@id":"https:\/\/serversmtp.com\/es\/politica-de-privacidad-regulacion-ue-2016-79-gdpr\/seguridad\/#primaryimage"},"image":{"@id":"https:\/\/serversmtp.com\/es\/politica-de-privacidad-regulacion-ue-2016-79-gdpr\/seguridad\/#primaryimage"},"thumbnailUrl":"https:\/\/emailchef.com\/wp-content\/uploads\/2018\/05\/gdpr-protect.png","datePublished":"2018-06-26T16:03:27+00:00","dateModified":"2026-01-15T13:59:36+00:00","breadcrumb":{"@id":"https:\/\/serversmtp.com\/es\/politica-de-privacidad-regulacion-ue-2016-79-gdpr\/seguridad\/#breadcrumb"},"inLanguage":"es","potentialAction":[{"@type":"ReadAction","target":["https:\/\/serversmtp.com\/es\/politica-de-privacidad-regulacion-ue-2016-79-gdpr\/seguridad\/"]}]},{"@type":"ImageObject","inLanguage":"es","@id":"https:\/\/serversmtp.com\/es\/politica-de-privacidad-regulacion-ue-2016-79-gdpr\/seguridad\/#primaryimage","url":"https:\/\/emailchef.com\/wp-content\/uploads\/2018\/05\/gdpr-protect.png","contentUrl":"https:\/\/emailchef.com\/wp-content\/uploads\/2018\/05\/gdpr-protect.png"},{"@type":"BreadcrumbList","@id":"https:\/\/serversmtp.com\/es\/politica-de-privacidad-regulacion-ue-2016-79-gdpr\/seguridad\/#breadcrumb","itemListElement":[{"@type":"ListItem","position":1,"name":"Home","item":"https:\/\/serversmtp.com\/es\/"},{"@type":"ListItem","position":2,"name":"GDPR: Introducci\u00f3n &#8211; Objetivos","item":"https:\/\/serversmtp.com\/es\/politica-de-privacidad-regulacion-ue-2016-79-gdpr\/"},{"@type":"ListItem","position":3,"name":"Seguridad"}]},{"@type":"WebSite","@id":"https:\/\/serversmtp.com\/#website","url":"https:\/\/serversmtp.com\/","name":"smtp mail server - professional SMTP service provider","description":"smtp mail server - professional SMTP service provider","publisher":{"@id":"https:\/\/serversmtp.com\/#organization"},"potentialAction":[{"@type":"SearchAction","target":{"@type":"EntryPoint","urlTemplate":"https:\/\/serversmtp.com\/?s={search_term_string}"},"query-input":{"@type":"PropertyValueSpecification","valueRequired":true,"valueName":"search_term_string"}}],"inLanguage":"es"},{"@type":"Organization","@id":"https:\/\/serversmtp.com\/#organization","name":"Delivery Tech","url":"https:\/\/serversmtp.com\/","logo":{"@type":"ImageObject","inLanguage":"es","@id":"https:\/\/serversmtp.com\/#\/schema\/logo\/image\/","url":"https:\/\/serversmtp.com\/wp-content\/uploads\/2021\/11\/og-image-2.jpg","contentUrl":"https:\/\/serversmtp.com\/wp-content\/uploads\/2021\/11\/og-image-2.jpg","width":1200,"height":1128,"caption":"Delivery Tech"},"image":{"@id":"https:\/\/serversmtp.com\/#\/schema\/logo\/image\/"}}]}},"_links":{"self":[{"href":"https:\/\/serversmtp.com\/es\/wp-json\/wp\/v2\/pages\/4203"}],"collection":[{"href":"https:\/\/serversmtp.com\/es\/wp-json\/wp\/v2\/pages"}],"about":[{"href":"https:\/\/serversmtp.com\/es\/wp-json\/wp\/v2\/types\/page"}],"author":[{"embeddable":true,"href":"https:\/\/serversmtp.com\/es\/wp-json\/wp\/v2\/users\/2"}],"replies":[{"embeddable":true,"href":"https:\/\/serversmtp.com\/es\/wp-json\/wp\/v2\/comments?post=4203"}],"version-history":[{"count":4,"href":"https:\/\/serversmtp.com\/es\/wp-json\/wp\/v2\/pages\/4203\/revisions"}],"predecessor-version":[{"id":23031,"href":"https:\/\/serversmtp.com\/es\/wp-json\/wp\/v2\/pages\/4203\/revisions\/23031"}],"up":[{"embeddable":true,"href":"https:\/\/serversmtp.com\/es\/wp-json\/wp\/v2\/pages\/4178"}],"wp:attachment":[{"href":"https:\/\/serversmtp.com\/es\/wp-json\/wp\/v2\/media?parent=4203"}],"curies":[{"name":"wp","href":"https:\/\/api.w.org\/{rel}","templated":true}]}}