{"id":4202,"date":"2018-06-26T18:02:57","date_gmt":"2018-06-26T16:02:57","guid":{"rendered":"https:\/\/serversmtp.com\/?page_id=4202"},"modified":"2026-01-15T14:57:33","modified_gmt":"2026-01-15T13:57:33","slug":"acceso-exportacion-modificacion-y-remocion-de-la-informacion","status":"publish","type":"page","link":"https:\/\/serversmtp.com\/es\/politica-de-privacidad-regulacion-ue-2016-79-gdpr\/acceso-exportacion-modificacion-y-remocion-de-la-informacion\/","title":{"rendered":"Acceso, exportaci\u00f3n, modificaci\u00f3n y remoci\u00f3n de la informaci\u00f3n"},"content":{"rendered":"<p><img decoding=\"async\" class=\"aligncenter size-full wp-image-4044\" src=\"https:\/\/serversmtp.com\/wp-content\/uploads\/2018\/06\/gdpr-esporta.png\" alt=\"\" width=\"1280\" height=\"700\" srcset=\"https:\/\/serversmtp.com\/wp-content\/uploads\/2018\/06\/gdpr-esporta.png 1280w, https:\/\/serversmtp.com\/wp-content\/uploads\/2018\/06\/gdpr-esporta-300x164.png 300w, https:\/\/serversmtp.com\/wp-content\/uploads\/2018\/06\/gdpr-esporta-768x420.png 768w, https:\/\/serversmtp.com\/wp-content\/uploads\/2018\/06\/gdpr-esporta-1024x560.png 1024w, https:\/\/serversmtp.com\/wp-content\/uploads\/2018\/06\/gdpr-esporta-968x529.png 968w, https:\/\/serversmtp.com\/wp-content\/uploads\/2018\/06\/gdpr-esporta-636x348.png 636w, https:\/\/serversmtp.com\/wp-content\/uploads\/2018\/06\/gdpr-esporta-320x175.png 320w, https:\/\/serversmtp.com\/wp-content\/uploads\/2018\/06\/gdpr-esporta-239x131.png 239w\" sizes=\"(max-width: 1280px) 100vw, 1280px\" \/><\/p>\n<ul class=\"g1-grid\"><li class=\"g1-column g1-one-fourth g1-valign-top\">\n<h4>Derecho de acceso, rectificaci\u00f3n y oposici\u00f3n<\/h4>\n<\/li><!-- -->\n<li class=\"g1-column g1-three-fourth g1-valign-top\">\n<p>Hemos establecido mecanismos y procedimientos que, en cualquier momento y por motivos leg\u00edtimos, te garantizan la posibilidad de:<\/p>\n\n<ul id=\"\" class=\"g1-list g1-list--upper-alpha g1-list--none \">\n<li>oponerte al tratamiento de los datos;<\/li>\n<li>solicitar la supresi\u00f3n, la modificaci\u00f3n o la actualizaci\u00f3n de toda tu informaci\u00f3n personal en nuestro poder.<\/li>\n<\/ul>\n\n<p>eDisplay Srl te permite modificar tus datos cuando lo desees, accediendo a tu propio perfil a trav\u00e9s de nuestros portales o contact\u00e1ndonos en la direcci\u00f3n de correo electr\u00f3nico indicada en la secci\u00f3n de privacidad del sitio web al que hace referencia el servicio espec\u00edfico.<br \/>\nPodr\u00e1s darte de baja de nuestra newsletter o elegir no recibir m\u00e1s comunicaciones comerciales por correo electr\u00f3nico: basta con utilizar el enlace de baja presente en cada una de ellas.<br \/>\nTambi\u00e9n podr\u00e1s enviar solicitudes de supresi\u00f3n, modificaci\u00f3n o actualizaci\u00f3n de toda tu informaci\u00f3n personal por v\u00eda electr\u00f3nica, utilizando los formularios correspondientes o inform\u00e1ndonos por correo electr\u00f3nico.<br \/>\nDichas solicitudes se tramitar\u00e1n en un plazo m\u00e1ximo de 30 d\u00edas, sin dilaci\u00f3n indebida, y motivando nuestra eventual decisi\u00f3n de no atenderlas.<br \/>\nEn el caso de que eDisplay Srl sea responsable del tratamiento de los datos, en virtud del principio de cooperaci\u00f3n, ayudaremos al responsable del tratamiento a atender las solicitudes mencionadas.<\/p>\n<\/li><!-- --><\/ul>\n<div  class=\"g1-divider g1-divider--none g1-divider--noicon \"><\/div>\n<ul class=\"g1-grid\"><li class=\"g1-column g1-one-fourth g1-valign-top\">\n<h4>Derecho al olvido<\/h4>\n<\/li><!-- -->\n<li class=\"g1-column g1-three-fourth g1-valign-top\">\n<p>Hemos desarrollado todos los procedimientos necesarios para garantizar tu derecho al olvido, que te permite obtener la supresi\u00f3n de tus datos personales.<br \/>\nA petici\u00f3n tuya y de forma leg\u00edtima, procederemos a eliminar tus datos, que ya no ser\u00e1n objeto de ning\u00fan tipo de tratamiento ni ser\u00e1n necesarios para las finalidades para las que fueron recopilados o tratados anteriormente.<br \/>\nTienes la posibilidad de retirar tu consentimiento u oponerte al tratamiento de los datos si consideras que este \u00faltimo no se ajusta al presente reglamento.<br \/>\nPara ejercer este derecho, deber\u00e1s demostrar que eres realmente t\u00fa quien realiza la solicitud, envi\u00e1ndonos documentos que acrediten tu identidad; adem\u00e1s, recuerda motivar tu decisi\u00f3n.<br \/>\nUna vez recibida tu comunicaci\u00f3n, te confirmaremos y acreditaremos, en el menor tiempo posible, la supresi\u00f3n efectiva de tus datos.<\/p>\n<\/li><!-- --><\/ul>\n<div  class=\"g1-divider g1-divider--none g1-divider--noicon \"><\/div>\n<ul class=\"g1-grid\"><li class=\"g1-column g1-one-fourth g1-valign-top\">\n<h4>Derecho a la portabilidad de los datos<\/h4>\n<\/li><!-- -->\n<li class=\"g1-column g1-three-fourth g1-valign-top\">\n<p>Para reforzar a\u00fan m\u00e1s el control sobre tus datos, en caso de que sean tratados por medios automatizados, tendr\u00e1s la posibilidad de descargarlos desde nuestras aplicaciones.<br \/>\nLos datos estar\u00e1n disponibles en un formato estructurado, de uso com\u00fan y legible por m\u00e1quina (por ejemplo, ordenador, smartphone, tablet, etc.).<br \/>\nDe este modo, los archivos con tus datos personales podr\u00e1n transmitirse a otro responsable del tratamiento, garantizando as\u00ed tu derecho a la portabilidad de los datos.<\/p>\n<\/li><!-- --><\/ul>\n<div  class=\"g1-divider g1-divider--none g1-divider--noicon \"><\/div>\n<ul class=\"g1-grid\"><li class=\"g1-column g1-one-fourth g1-valign-top\">\n<h4>Derecho a retirar el consentimiento para el tratamiento de los datos<\/h4>\n<\/li><!-- -->\n<li class=\"g1-column g1-three-fourth g1-valign-top\">\n<p>Si ya no deseas recibir nuestros correos electr\u00f3nicos promocionales, sigue las instrucciones para darte de baja de nuestra lista de contactos incluidas en cada correo electr\u00f3nico.<br \/>\nRecuerda: la retirada del consentimiento para el tratamiento de los datos, limitada al uso de un servicio ofrecido gratuitamente, suspende ipso iure la prestaci\u00f3n de dicho servicio.<\/p>\n<\/li><!-- --><\/ul>\n<div  class=\"g1-divider g1-divider--none g1-divider--noicon \"><\/div>\n<ul class=\"g1-grid\"><li class=\"g1-column g1-one-fourth g1-valign-top\">\n<h4>Derecho a retirar el consentimiento para el tratamiento de los datos para las personas incluidas en las listas de clientes<\/h4>\n<\/li><!-- -->\n<li class=\"g1-column g1-three-fourth g1-valign-top\">\n<p>Si est\u00e1s inscrito en la lista de contactos de uno de nuestros usuarios, te recordamos que nosotros actuamos \u00fanicamente como encargados del tratamiento de los datos, mientras que nuestro usuario es el responsable del tratamiento: a \u00e9l le corresponde la supresi\u00f3n o la actualizaci\u00f3n de tus datos.<br \/>\nSi ya no deseas recibir las comunicaciones enviadas por uno de nuestros usuarios, te invitamos a anular la suscripci\u00f3n mediante el enlace de baja incluido en el correo electr\u00f3nico que has recibido, o a contactar directamente con el usuario en cuesti\u00f3n para comunicarle tu solicitud.<br \/>\nSi nos comunicaras a nosotros la retirada del consentimiento para el tratamiento de tus datos, eDisplay Srl trasladar\u00e1 la solicitud al usuario que tiene tu contacto en su lista, pero deber\u00e1 ser \u00e9l quien elimine o actualice tus datos.<\/p>\n<\/li><!-- --><\/ul>\n","protected":false},"excerpt":{"rendered":"","protected":false},"author":2,"featured_media":0,"parent":4178,"menu_order":4,"comment_status":"closed","ping_status":"closed","template":"","meta":{"_eb_attr":"","inline_featured_image":false,"_monsterinsights_skip_tracking":false,"_monsterinsights_sitenote_active":false,"_monsterinsights_sitenote_note":"","_monsterinsights_sitenote_category":0,"footnotes":""},"class_list":["post-4202","page","type-page","status-publish"],"yoast_head":"<!-- This site is optimized with the Yoast SEO plugin v25.3.1 - https:\/\/yoast.com\/wordpress\/plugins\/seo\/ -->\n<title>Acceso, exportaci\u00f3n, modificaci\u00f3n y remoci\u00f3n de la informaci\u00f3n - smtp mail server - professional SMTP service provider<\/title>\n<meta name=\"robots\" content=\"index, follow, max-snippet:-1, max-image-preview:large, max-video-preview:-1\" \/>\n<link rel=\"canonical\" href=\"https:\/\/serversmtp.com\/es\/politica-de-privacidad-regulacion-ue-2016-79-gdpr\/acceso-exportacion-modificacion-y-remocion-de-la-informacion\/\" \/>\n<meta name=\"twitter:label1\" content=\"Tiempo de lectura\" \/>\n\t<meta name=\"twitter:data1\" content=\"3 minutos\" \/>\n<!-- \/ Yoast SEO plugin. -->","yoast_head_json":{"title":"Acceso, exportaci\u00f3n, modificaci\u00f3n y remoci\u00f3n de la informaci\u00f3n - smtp mail server - professional SMTP service provider","robots":{"index":"index","follow":"follow","max-snippet":"max-snippet:-1","max-image-preview":"max-image-preview:large","max-video-preview":"max-video-preview:-1"},"canonical":"https:\/\/serversmtp.com\/es\/politica-de-privacidad-regulacion-ue-2016-79-gdpr\/acceso-exportacion-modificacion-y-remocion-de-la-informacion\/","twitter_misc":{"Tiempo de lectura":"3 minutos"},"schema":{"@context":"https:\/\/schema.org","@graph":[{"@type":"WebPage","@id":"https:\/\/serversmtp.com\/es\/politica-de-privacidad-regulacion-ue-2016-79-gdpr\/acceso-exportacion-modificacion-y-remocion-de-la-informacion\/","url":"https:\/\/serversmtp.com\/es\/politica-de-privacidad-regulacion-ue-2016-79-gdpr\/acceso-exportacion-modificacion-y-remocion-de-la-informacion\/","name":"Acceso, exportaci\u00f3n, modificaci\u00f3n y remoci\u00f3n de la informaci\u00f3n - smtp mail server - professional SMTP service provider","isPartOf":{"@id":"https:\/\/serversmtp.com\/fr\/#website"},"primaryImageOfPage":{"@id":"https:\/\/serversmtp.com\/es\/politica-de-privacidad-regulacion-ue-2016-79-gdpr\/acceso-exportacion-modificacion-y-remocion-de-la-informacion\/#primaryimage"},"image":{"@id":"https:\/\/serversmtp.com\/es\/politica-de-privacidad-regulacion-ue-2016-79-gdpr\/acceso-exportacion-modificacion-y-remocion-de-la-informacion\/#primaryimage"},"thumbnailUrl":"https:\/\/serversmtp.com\/wp-content\/uploads\/2018\/06\/gdpr-esporta.png","datePublished":"2018-06-26T16:02:57+00:00","dateModified":"2026-01-15T13:57:33+00:00","breadcrumb":{"@id":"https:\/\/serversmtp.com\/es\/politica-de-privacidad-regulacion-ue-2016-79-gdpr\/acceso-exportacion-modificacion-y-remocion-de-la-informacion\/#breadcrumb"},"inLanguage":"es","potentialAction":[{"@type":"ReadAction","target":["https:\/\/serversmtp.com\/es\/politica-de-privacidad-regulacion-ue-2016-79-gdpr\/acceso-exportacion-modificacion-y-remocion-de-la-informacion\/"]}]},{"@type":"ImageObject","inLanguage":"es","@id":"https:\/\/serversmtp.com\/es\/politica-de-privacidad-regulacion-ue-2016-79-gdpr\/acceso-exportacion-modificacion-y-remocion-de-la-informacion\/#primaryimage","url":"https:\/\/serversmtp.com\/wp-content\/uploads\/2018\/06\/gdpr-esporta.png","contentUrl":"https:\/\/serversmtp.com\/wp-content\/uploads\/2018\/06\/gdpr-esporta.png"},{"@type":"BreadcrumbList","@id":"https:\/\/serversmtp.com\/es\/politica-de-privacidad-regulacion-ue-2016-79-gdpr\/acceso-exportacion-modificacion-y-remocion-de-la-informacion\/#breadcrumb","itemListElement":[{"@type":"ListItem","position":1,"name":"Home","item":"https:\/\/serversmtp.com\/es\/"},{"@type":"ListItem","position":2,"name":"GDPR: Introducci\u00f3n &#8211; Objetivos","item":"https:\/\/serversmtp.com\/es\/politica-de-privacidad-regulacion-ue-2016-79-gdpr\/"},{"@type":"ListItem","position":3,"name":"Acceso, exportaci\u00f3n, modificaci\u00f3n y remoci\u00f3n de la informaci\u00f3n"}]},{"@type":"WebSite","@id":"https:\/\/serversmtp.com\/fr\/#website","url":"https:\/\/serversmtp.com\/fr\/","name":"smtp mail server - professional SMTP service provider","description":"smtp mail server - professional SMTP service provider","publisher":{"@id":"https:\/\/serversmtp.com\/fr\/#organization"},"potentialAction":[{"@type":"SearchAction","target":{"@type":"EntryPoint","urlTemplate":"https:\/\/serversmtp.com\/fr\/?s={search_term_string}"},"query-input":{"@type":"PropertyValueSpecification","valueRequired":true,"valueName":"search_term_string"}}],"inLanguage":"es"},{"@type":"Organization","@id":"https:\/\/serversmtp.com\/fr\/#organization","name":"Delivery Tech","url":"https:\/\/serversmtp.com\/fr\/","logo":{"@type":"ImageObject","inLanguage":"es","@id":"https:\/\/serversmtp.com\/fr\/#\/schema\/logo\/image\/","url":"https:\/\/serversmtp.com\/wp-content\/uploads\/2021\/11\/og-image-2.jpg","contentUrl":"https:\/\/serversmtp.com\/wp-content\/uploads\/2021\/11\/og-image-2.jpg","width":1200,"height":1128,"caption":"Delivery Tech"},"image":{"@id":"https:\/\/serversmtp.com\/fr\/#\/schema\/logo\/image\/"}}]}},"_links":{"self":[{"href":"https:\/\/serversmtp.com\/es\/wp-json\/wp\/v2\/pages\/4202"}],"collection":[{"href":"https:\/\/serversmtp.com\/es\/wp-json\/wp\/v2\/pages"}],"about":[{"href":"https:\/\/serversmtp.com\/es\/wp-json\/wp\/v2\/types\/page"}],"author":[{"embeddable":true,"href":"https:\/\/serversmtp.com\/es\/wp-json\/wp\/v2\/users\/2"}],"replies":[{"embeddable":true,"href":"https:\/\/serversmtp.com\/es\/wp-json\/wp\/v2\/comments?post=4202"}],"version-history":[{"count":4,"href":"https:\/\/serversmtp.com\/es\/wp-json\/wp\/v2\/pages\/4202\/revisions"}],"predecessor-version":[{"id":23029,"href":"https:\/\/serversmtp.com\/es\/wp-json\/wp\/v2\/pages\/4202\/revisions\/23029"}],"up":[{"embeddable":true,"href":"https:\/\/serversmtp.com\/es\/wp-json\/wp\/v2\/pages\/4178"}],"wp:attachment":[{"href":"https:\/\/serversmtp.com\/es\/wp-json\/wp\/v2\/media?parent=4202"}],"curies":[{"name":"wp","href":"https:\/\/api.w.org\/{rel}","templated":true}]}}