{"id":4201,"date":"2018-06-26T18:02:04","date_gmt":"2018-06-26T16:02:04","guid":{"rendered":"https:\/\/serversmtp.com\/?page_id=4201"},"modified":"2026-01-15T14:56:26","modified_gmt":"2026-01-15T13:56:26","slug":"como-delivery-tech-usa-su-informacion","status":"publish","type":"page","link":"https:\/\/serversmtp.com\/es\/politica-de-privacidad-regulacion-ue-2016-79-gdpr\/como-delivery-tech-usa-su-informacion\/","title":{"rendered":"Como Edisplay usa su informaci\u00f3n"},"content":{"rendered":"<p><img decoding=\"async\" class=\"aligncenter size-full wp-image-4046\" src=\"https:\/\/serversmtp.com\/wp-content\/uploads\/2018\/06\/GDPR-intro.png\" alt=\"\" width=\"1280\" height=\"700\" srcset=\"https:\/\/serversmtp.com\/wp-content\/uploads\/2018\/06\/GDPR-intro.png 1280w, https:\/\/serversmtp.com\/wp-content\/uploads\/2018\/06\/GDPR-intro-300x164.png 300w, https:\/\/serversmtp.com\/wp-content\/uploads\/2018\/06\/GDPR-intro-768x420.png 768w, https:\/\/serversmtp.com\/wp-content\/uploads\/2018\/06\/GDPR-intro-1024x560.png 1024w, https:\/\/serversmtp.com\/wp-content\/uploads\/2018\/06\/GDPR-intro-968x529.png 968w, https:\/\/serversmtp.com\/wp-content\/uploads\/2018\/06\/GDPR-intro-636x348.png 636w, https:\/\/serversmtp.com\/wp-content\/uploads\/2018\/06\/GDPR-intro-320x175.png 320w, https:\/\/serversmtp.com\/wp-content\/uploads\/2018\/06\/GDPR-intro-239x131.png 239w\" sizes=\"(max-width: 1280px) 100vw, 1280px\" \/><\/p>\n<ul class=\"g1-grid\"><li class=\"g1-column g1-one-fourth g1-valign-top\">\n<h4>Finalidades y objeto del tratamiento de los datos \u2013 Bases jur\u00eddicas en calidad de responsable del tratamiento<\/h4>\n<\/li><!-- -->\n<li class=\"g1-column g1-three-fourth g1-valign-top\">\n<p>Tratamos tu informaci\u00f3n para perseguir nuestros objetivos y los de terceros, aplicando las salvaguardas adecuadas para proteger tu privacidad.<\/p>\n<p>La finalidad principal de la recopilaci\u00f3n de datos personales es ofrecer una experiencia segura, \u00f3ptima, eficiente y personalizada. Para alcanzar este objetivo, te informamos de que perseguimos intereses leg\u00edtimos, tal y como prev\u00e9 el art. 6 del RGPD sobre la licitud del tratamiento: \u00abTambi\u00e9n constituye un inter\u00e9s leg\u00edtimo del responsable del tratamiento de que se trate tratar datos personales estrictamente necesarios a efectos de prevenci\u00f3n del fraude. El tratamiento de datos personales con fines de mercadotecnia directa puede considerarse realizado por un inter\u00e9s leg\u00edtimo\u00bb.<\/p>\n<p>Te aseguramos que tus datos se utilizar\u00e1n \u00fanicamente para los siguientes fines:<\/p>\n\n<ul id=\"\" class=\"g1-list g1-list--upper-alpha g1-list--none \">\n<li><strong>Promover el uso de nuestros servicios<\/strong>. Cuando nos solicitas informaci\u00f3n o te registras en servicios gratuitos, dej\u00e1ndonos tus datos, podr\u00edamos contactarte por tel\u00e9fono o enviarte un correo electr\u00f3nico:\n<ul id=\"\" class=\"g1-list g1-list--upper-alpha g1-list--none \" style=\"list-style-type: lower-alpha;\">\n<li>para pedirte tu opini\u00f3n;<\/li>\n<li>para proponerte que te registres en uno de nuestros servicios, aplicaciones o software.<\/li>\n<\/ul>\n<p>Si ya utilizas uno de nuestros servicios (gratuito o de pago) y consideramos que podr\u00edas beneficiarte del uso de otro servicio, aplicaci\u00f3n o software de eDisplay Srl, podr\u00edamos enviarte un correo electr\u00f3nico al respecto o ponernos en contacto contigo para enviarte contenidos informativos y promocionales, de conformidad con tus preferencias de marketing.<\/li>\n<li><strong>Para facturar o enviarte avisos de pago<\/strong>. Podr\u00edamos utilizar tus datos para enviarte correos electr\u00f3nicos con facturas, recibos o avisos de impago. Utilizamos terceros para el procesamiento seguro de transacciones con tarjeta de cr\u00e9dito y enviamos a dichos terceros los datos de facturaci\u00f3n para tramitar tus pedidos y pagos.<\/li>\n<li><strong>Para enviarte mensajes de aviso del sistema<\/strong>. Podr\u00edas recibir comunicaciones relativas a servicios, aplicaciones o software de eDisplay Srl que utilices. El objetivo es avisarte en caso de:\n<ul id=\"\" class=\"g1-list g1-list--upper-alpha g1-list--none \" style=\"list-style-type: lower-alpha;\">\n<li>cambios temporales o permanentes en nuestros servicios, aplicaciones o software;<\/li>\n<li>cambio de las condiciones de uso;<\/li>\n<li>interrupciones planificadas;<\/li>\n<li>nuevas funcionalidades;<\/li>\n<li>actualizaciones de versi\u00f3n;<\/li>\n<li>avisos de abuso o violaci\u00f3n de datos (tambi\u00e9n denominada <em>data breach<\/em>);<\/li>\n<li>actualizaciones y modificaciones de nuestra Pol\u00edtica de privacidad.<\/li>\n<\/ul>\n<\/li>\n<li><strong>Para prestar asistencia<\/strong>. Podr\u00edamos comunicarnos contigo, o con los suscriptores de una de tus listas de contactos, para proporcionar asistencia y soporte en relaci\u00f3n con los servicios, aplicaciones y software utilizados.<\/li>\n<li><strong>Por cuestiones legales<\/strong>. Podr\u00edas recibir comunicaciones de car\u00e1cter legal, como el cumplimiento de \u00f3rdenes judiciales.<\/li>\n<li><strong>Para proporcionar informaci\u00f3n a representantes y asesores, incluidos abogados y asesores fiscales\/contables<\/strong>. Con el fin de cumplir requisitos legales, contables o de seguridad previstos por la ley, tu informaci\u00f3n podr\u00eda ser utilizada.<\/li>\n<li><strong>Para responder a solicitudes leg\u00edtimas de autoridades p\u00fablicas<\/strong>. Si una autoridad p\u00fablica presentara una solicitud leg\u00edtima motivada por el cumplimiento de exigencias de seguridad nacional o por la aplicaci\u00f3n de la ley, tus datos podr\u00edan ser utilizados.<\/li>\n<li><strong>Para transferir tu informaci\u00f3n en caso de venta, fusi\u00f3n, consolidaci\u00f3n, liquidaci\u00f3n, reorganizaci\u00f3n o adquisici\u00f3n<\/strong>. En tal caso, cualquier comprador estar\u00e1 sujeto a nuestras obligaciones en virtud de la presente Pol\u00edtica de privacidad, incluidos los derechos de acceso y elecci\u00f3n. Te informaremos del cambio envi\u00e1ndote un correo electr\u00f3nico o publicando un aviso en nuestro sitio web.<\/li>\n<\/ul>\n\n<\/li><!-- --><\/ul>\n<div  class=\"g1-divider g1-divider--none g1-divider--noicon \"><\/div>\n<ul class=\"g1-grid\"><li class=\"g1-column g1-one-fourth g1-valign-top\">\n<h4>Cu\u00e1ndo eDisplay Srl comparte tu informaci\u00f3n \u2013 Destinatarios de los datos<\/h4>\n<\/li><!-- -->\n<li class=\"g1-column g1-three-fourth g1-valign-top\">\n<p>Los datos personales recopilados est\u00e1n destinados a los servicios comerciales, contables y de asistencia t\u00e9cnica de eDisplay Srl; asimismo, podr\u00edan ser transmitidos a empresas contratistas a las que eDisplay Srl haya recurrido en el marco de la ejecuci\u00f3n de los servicios.<br \/>\nLos datos personales no podr\u00e1n cederse a terceros con fines de marketing sin tu consentimiento expl\u00edcito. La comunicaci\u00f3n a terceros de los datos personales que nos hayas facilitado solo podr\u00e1 realizarse en los siguientes casos:<\/p>\n\n<ul id=\"\" class=\"g1-list g1-list--upper-alpha g1-list--none \">\n<li>con tu autorizaci\u00f3n;<\/li>\n<li>a solicitud de las autoridades legales competentes, por requerimiento judicial o en el marco de un litigio judicial.<\/li>\n<\/ul>\n\n<\/li><!-- --><\/ul>\n<div  class=\"g1-divider g1-divider--none g1-divider--noicon \"><\/div>\n<ul class=\"g1-grid\"><li class=\"g1-column g1-one-fourth g1-valign-top\">\n<h4>Finalidades y objeto del tratamiento de los datos en calidad de encargado \u2013 Usuario B2B<\/h4>\n<\/li><!-- -->\n<li class=\"g1-column g1-three-fourth g1-valign-top\">\n<p>Cuando utilizas nuestros servicios, puedes importar en nuestro sistema la informaci\u00f3n personal que has recopilado de tus suscriptores u otras personas. No tenemos ninguna relaci\u00f3n directa con tus suscriptores ni con personas distintas de ti; por lo tanto, te corresponde asegurarte de contar con la autorizaci\u00f3n adecuada para la recopilaci\u00f3n y el tratamiento de los datos relativos a dichos interesados.<br \/>\nDe conformidad con las indicaciones pertinentes del RGPD, podr\u00edamos transferir tu informaci\u00f3n personal o la de tus suscriptores a empresas que nos apoyan y nos ayudan a garantizar nuestros servicios.<br \/>\nCon fines estad\u00edsticos o de investigaci\u00f3n, podr\u00edamos clasificar la informaci\u00f3n recopilada mediante nuestros servicios en categor\u00edas. En concreto, hablamos de:<\/p>\n\n<ul id=\"\" class=\"g1-list g1-list--upper-alpha g1-list--none \">\n<li>datos facilitados directamente por ti;<\/li>\n<li>datos recopilados por ti;<\/li>\n<li>datos recopilados indistintamente de los suscriptores de tus listas.<\/li>\n<\/ul>\n\n<\/li><!-- --><\/ul>\n<div  class=\"g1-divider g1-divider--none g1-divider--noicon \"><\/div>\n<ul class=\"g1-grid\"><li class=\"g1-column g1-one-fourth g1-valign-top\">\n<h4>Datos tratados para prestar, dar soporte y mejorar los servicios que te ofrecemos y para proporcionar sugerencias<\/h4>\n<\/li><!-- -->\n<li class=\"g1-column g1-three-fourth g1-valign-top\">\n<p>Recopilamos datos con fines leg\u00edtimos y espec\u00edficos:<\/p>\n\n<ul id=\"\" class=\"g1-list g1-list--upper-alpha g1-list--none \">\n<li><strong>para ofrecer mejores servicios y proporcionarte estad\u00edsticas cada vez m\u00e1s precisas<\/strong>, que te ayuden a aumentar el rendimiento de tus campa\u00f1as y el porcentaje de entrega de los correos electr\u00f3nicos;<\/li>\n<li><strong>para a\u00f1adir nuevas funcionalidades<\/strong>, con el fin de garantizar la mejor oferta a nuestros usuarios;<\/li>\n<li><strong>para sugerirte productos o servicios que podr\u00edan ser de tu inter\u00e9s<\/strong> o que podr\u00edan ser relevantes para ti o para los suscriptores de tus listas (algunas de estas sugerencias son generadas por nuestros algoritmos de \u201cdata science\u201d).<\/li>\n<\/ul>\n\n<p>La elaboraci\u00f3n de perfiles nos permite combinar informaci\u00f3n personal con otra informaci\u00f3n que recopilamos u obtenemos sobre ti (como la informaci\u00f3n que tenemos de nuestros socios que gestionan pagos con tarjeta de cr\u00e9dito), para prestarte un servicio personalizado en funci\u00f3n de tus preferencias o restricciones, o con fines publicitarios o de segmentaci\u00f3n, de conformidad con la presente Pol\u00edtica de privacidad.<br \/>\nCuando combinamos la informaci\u00f3n personal con otra informaci\u00f3n de esta manera, la tratamos cumpliendo estrictamente todas las medidas de seguridad aplicables al tratamiento de datos personales, contenidas en la presente Pol\u00edtica.<\/p>\n<\/li><!-- --><\/ul>\n<div  class=\"g1-divider g1-divider--none g1-divider--noicon \"><\/div>\n<ul class=\"g1-grid\"><li class=\"g1-column g1-one-fourth g1-valign-top\">\n<h4>Elaboraci\u00f3n de perfiles<\/h4>\n<\/li><!-- -->\n<li class=\"g1-column g1-three-fourth g1-valign-top\">\n<p>Tambi\u00e9n tratamos tus datos con fines de marketing directo, pero tienes la posibilidad de oponerte en cualquier momento a este tipo de actividad; adem\u00e1s, siempre estar\u00e1s informado sobre c\u00f3mo, d\u00f3nde y cu\u00e1ndo aplicamos esta medida.<br \/>\nEn nuestros servicios no existe ning\u00fan tratamiento automatizado que pueda producir efectos jur\u00eddicos que te afecten o que incida significativamente en tu persona.<\/p>\n<\/li><!-- --><\/ul>\n","protected":false},"excerpt":{"rendered":"","protected":false},"author":2,"featured_media":0,"parent":4178,"menu_order":3,"comment_status":"closed","ping_status":"closed","template":"","meta":{"_eb_attr":"","inline_featured_image":false,"_monsterinsights_skip_tracking":false,"_monsterinsights_sitenote_active":false,"_monsterinsights_sitenote_note":"","_monsterinsights_sitenote_category":0,"footnotes":""},"class_list":["post-4201","page","type-page","status-publish"],"yoast_head":"<!-- This site is optimized with the Yoast SEO plugin v25.3.1 - https:\/\/yoast.com\/wordpress\/plugins\/seo\/ -->\n<title>Como Edisplay usa su informaci\u00f3n - smtp mail server - professional SMTP service provider<\/title>\n<meta name=\"robots\" content=\"index, follow, max-snippet:-1, max-image-preview:large, max-video-preview:-1\" \/>\n<link rel=\"canonical\" href=\"https:\/\/serversmtp.com\/es\/politica-de-privacidad-regulacion-ue-2016-79-gdpr\/como-delivery-tech-usa-su-informacion\/\" \/>\n<meta name=\"twitter:label1\" content=\"Tiempo de lectura\" \/>\n\t<meta name=\"twitter:data1\" content=\"5 minutos\" \/>\n<!-- \/ Yoast SEO plugin. -->","yoast_head_json":{"title":"Como Edisplay usa su informaci\u00f3n - smtp mail server - professional SMTP service provider","robots":{"index":"index","follow":"follow","max-snippet":"max-snippet:-1","max-image-preview":"max-image-preview:large","max-video-preview":"max-video-preview:-1"},"canonical":"https:\/\/serversmtp.com\/es\/politica-de-privacidad-regulacion-ue-2016-79-gdpr\/como-delivery-tech-usa-su-informacion\/","twitter_misc":{"Tiempo de lectura":"5 minutos"},"schema":{"@context":"https:\/\/schema.org","@graph":[{"@type":"WebPage","@id":"https:\/\/serversmtp.com\/es\/politica-de-privacidad-regulacion-ue-2016-79-gdpr\/como-delivery-tech-usa-su-informacion\/","url":"https:\/\/serversmtp.com\/es\/politica-de-privacidad-regulacion-ue-2016-79-gdpr\/como-delivery-tech-usa-su-informacion\/","name":"Como Edisplay usa su informaci\u00f3n - smtp mail server - professional SMTP service provider","isPartOf":{"@id":"https:\/\/serversmtp.com\/sv\/#website"},"primaryImageOfPage":{"@id":"https:\/\/serversmtp.com\/es\/politica-de-privacidad-regulacion-ue-2016-79-gdpr\/como-delivery-tech-usa-su-informacion\/#primaryimage"},"image":{"@id":"https:\/\/serversmtp.com\/es\/politica-de-privacidad-regulacion-ue-2016-79-gdpr\/como-delivery-tech-usa-su-informacion\/#primaryimage"},"thumbnailUrl":"https:\/\/serversmtp.com\/wp-content\/uploads\/2018\/06\/GDPR-intro.png","datePublished":"2018-06-26T16:02:04+00:00","dateModified":"2026-01-15T13:56:26+00:00","breadcrumb":{"@id":"https:\/\/serversmtp.com\/es\/politica-de-privacidad-regulacion-ue-2016-79-gdpr\/como-delivery-tech-usa-su-informacion\/#breadcrumb"},"inLanguage":"es","potentialAction":[{"@type":"ReadAction","target":["https:\/\/serversmtp.com\/es\/politica-de-privacidad-regulacion-ue-2016-79-gdpr\/como-delivery-tech-usa-su-informacion\/"]}]},{"@type":"ImageObject","inLanguage":"es","@id":"https:\/\/serversmtp.com\/es\/politica-de-privacidad-regulacion-ue-2016-79-gdpr\/como-delivery-tech-usa-su-informacion\/#primaryimage","url":"https:\/\/serversmtp.com\/wp-content\/uploads\/2018\/06\/GDPR-intro.png","contentUrl":"https:\/\/serversmtp.com\/wp-content\/uploads\/2018\/06\/GDPR-intro.png"},{"@type":"BreadcrumbList","@id":"https:\/\/serversmtp.com\/es\/politica-de-privacidad-regulacion-ue-2016-79-gdpr\/como-delivery-tech-usa-su-informacion\/#breadcrumb","itemListElement":[{"@type":"ListItem","position":1,"name":"Home","item":"https:\/\/serversmtp.com\/es\/"},{"@type":"ListItem","position":2,"name":"GDPR: Introducci\u00f3n &#8211; Objetivos","item":"https:\/\/serversmtp.com\/es\/politica-de-privacidad-regulacion-ue-2016-79-gdpr\/"},{"@type":"ListItem","position":3,"name":"Como Edisplay usa su informaci\u00f3n"}]},{"@type":"WebSite","@id":"https:\/\/serversmtp.com\/sv\/#website","url":"https:\/\/serversmtp.com\/sv\/","name":"smtp mail server - professional SMTP service provider","description":"smtp mail server - professional SMTP service provider","publisher":{"@id":"https:\/\/serversmtp.com\/sv\/#organization"},"potentialAction":[{"@type":"SearchAction","target":{"@type":"EntryPoint","urlTemplate":"https:\/\/serversmtp.com\/sv\/?s={search_term_string}"},"query-input":{"@type":"PropertyValueSpecification","valueRequired":true,"valueName":"search_term_string"}}],"inLanguage":"es"},{"@type":"Organization","@id":"https:\/\/serversmtp.com\/sv\/#organization","name":"Delivery Tech","url":"https:\/\/serversmtp.com\/sv\/","logo":{"@type":"ImageObject","inLanguage":"es","@id":"https:\/\/serversmtp.com\/sv\/#\/schema\/logo\/image\/","url":"https:\/\/serversmtp.com\/wp-content\/uploads\/2021\/11\/og-image-2.jpg","contentUrl":"https:\/\/serversmtp.com\/wp-content\/uploads\/2021\/11\/og-image-2.jpg","width":1200,"height":1128,"caption":"Delivery Tech"},"image":{"@id":"https:\/\/serversmtp.com\/sv\/#\/schema\/logo\/image\/"}}]}},"_links":{"self":[{"href":"https:\/\/serversmtp.com\/es\/wp-json\/wp\/v2\/pages\/4201"}],"collection":[{"href":"https:\/\/serversmtp.com\/es\/wp-json\/wp\/v2\/pages"}],"about":[{"href":"https:\/\/serversmtp.com\/es\/wp-json\/wp\/v2\/types\/page"}],"author":[{"embeddable":true,"href":"https:\/\/serversmtp.com\/es\/wp-json\/wp\/v2\/users\/2"}],"replies":[{"embeddable":true,"href":"https:\/\/serversmtp.com\/es\/wp-json\/wp\/v2\/comments?post=4201"}],"version-history":[{"count":4,"href":"https:\/\/serversmtp.com\/es\/wp-json\/wp\/v2\/pages\/4201\/revisions"}],"predecessor-version":[{"id":23027,"href":"https:\/\/serversmtp.com\/es\/wp-json\/wp\/v2\/pages\/4201\/revisions\/23027"}],"up":[{"embeddable":true,"href":"https:\/\/serversmtp.com\/es\/wp-json\/wp\/v2\/pages\/4178"}],"wp:attachment":[{"href":"https:\/\/serversmtp.com\/es\/wp-json\/wp\/v2\/media?parent=4201"}],"curies":[{"name":"wp","href":"https:\/\/api.w.org\/{rel}","templated":true}]}}