{"id":4200,"date":"2018-06-26T18:01:37","date_gmt":"2018-06-26T16:01:37","guid":{"rendered":"https:\/\/serversmtp.com\/?page_id=4200"},"modified":"2026-01-15T14:54:51","modified_gmt":"2026-01-15T13:54:51","slug":"como-delivery-tech-obtiene-informacion","status":"publish","type":"page","link":"https:\/\/serversmtp.com\/es\/politica-de-privacidad-regulacion-ue-2016-79-gdpr\/como-delivery-tech-obtiene-informacion\/","title":{"rendered":"C\u00f3mo Edisplay obtiene informaci\u00f3n"},"content":{"rendered":"<p><img decoding=\"async\" class=\"aligncenter size-full wp-image-4048\" src=\"https:\/\/serversmtp.com\/wp-content\/uploads\/2018\/06\/GDPR-raccolta.png\" alt=\"\" width=\"1280\" height=\"700\" srcset=\"https:\/\/serversmtp.com\/wp-content\/uploads\/2018\/06\/GDPR-raccolta.png 1280w, https:\/\/serversmtp.com\/wp-content\/uploads\/2018\/06\/GDPR-raccolta-300x164.png 300w, https:\/\/serversmtp.com\/wp-content\/uploads\/2018\/06\/GDPR-raccolta-768x420.png 768w, https:\/\/serversmtp.com\/wp-content\/uploads\/2018\/06\/GDPR-raccolta-1024x560.png 1024w, https:\/\/serversmtp.com\/wp-content\/uploads\/2018\/06\/GDPR-raccolta-968x529.png 968w, https:\/\/serversmtp.com\/wp-content\/uploads\/2018\/06\/GDPR-raccolta-636x348.png 636w, https:\/\/serversmtp.com\/wp-content\/uploads\/2018\/06\/GDPR-raccolta-320x175.png 320w, https:\/\/serversmtp.com\/wp-content\/uploads\/2018\/06\/GDPR-raccolta-239x131.png 239w\" sizes=\"(max-width: 1280px) 100vw, 1280px\" \/><\/p>\n<ul class=\"g1-grid\"><li class=\"g1-column g1-one-fourth g1-valign-top\">\n<h4>Datos recopilados autom\u00e1ticamente por nuestras aplicaciones durante tus actividades en el sitio y mientras utilizas nuestros servicios<\/h4>\n<\/li><!-- -->\n<li class=\"g1-column g1-three-fourth g1-valign-top\">\n<p>Cuando utilizas nuestros servicios o navegas por uno de nuestros sitios web, a trav\u00e9s de los archivos de registro del sistema podemos recopilar informaci\u00f3n sobre ti, como por ejemplo:<\/p>\n\n<ul id=\"\" class=\"g1-list g1-list--upper-alpha g1-list--none \">\n<li>tu direcci\u00f3n IP;<\/li>\n<li>tu sistema operativo;<\/li>\n<li>tu ID y el tipo de navegador;<\/li>\n<li>tus coordenadas GPS.<\/li>\n<\/ul>\n\n<p>Asimismo, tu actividad de navegaci\u00f3n en nuestro sitio puede ser rastreada mediante:<\/p>\n\n<ul id=\"\" class=\"g1-list g1-list--upper-alpha g1-list--none \">\n<li>tecnolog\u00edas de seguimiento (como Google Analytics) u otras similares en nuestro sitio web, utilizadas para la gesti\u00f3n, el an\u00e1lisis de tendencias, el seguimiento de los usuarios con el fin de comprender c\u00f3mo utilizan el sitio y proponer publicidad dirigida;<\/li>\n<li>cookies, para optimizar tus preferencias de navegaci\u00f3n.<\/li>\n<\/ul>\n\n<p>Cuando enviamos un correo electr\u00f3nico a los suscriptores de un servicio o de una lista de contactos, podemos rastrear determinados comportamientos: esto se realiza mediante web beacons o etiquetas de p\u00edxel, tecnolog\u00edas de seguimiento propietarias incluidas en nuestros correos electr\u00f3nicos, que nos permiten medir el rendimiento de las campa\u00f1as de email y mejorar las funcionalidades ofrecidas a segmentos espec\u00edficos de usuarios.<br \/>\nLos web beacons permiten recopilar informaci\u00f3n sobre cu\u00e1ndo abres el correo electr\u00f3nico, tu direcci\u00f3n IP, tu navegador, el tipo de cliente de correo electr\u00f3nico y otros datos similares. Tambi\u00e9n incluimos web beacons en correos electr\u00f3nicos que no forman parte de env\u00edos masivos.<br \/>\nLos datos recopilados se utilizan posteriormente para proporcionarte informes sobre c\u00f3mo se ha ejecutado y entregado tu campa\u00f1a de email y qu\u00e9 acciones han llevado a cabo los suscriptores de tu lista de contactos.<\/p>\n<p>Cuando te pones en contacto con nosotros e interact\u00faas activamente, tambi\u00e9n recopilamos los datos que has compartido con el servicio de asistencia t\u00e9cnica o de atenci\u00f3n al cliente mientras utilizas nuestros sistemas electr\u00f3nicos (chat en l\u00ednea, foros, tel\u00e9fono). Esta informaci\u00f3n se recopila como:<\/p>\n\n<ul id=\"\" class=\"g1-list g1-list--upper-alpha g1-list--none \">\n<li>partes de los archivos de registro;<\/li>\n<li>bases de datos de terceros proveedores.<\/li>\n<\/ul>\n\n<p>Para tu tranquilidad, aclaramos que estos datos no van acompa\u00f1ados de ninguna informaci\u00f3n personal adicional y se utilizan para:<\/p>\n\n<ul id=\"\" class=\"g1-list g1-list--upper-alpha g1-list--none \">\n<li>obtener informaci\u00f3n estad\u00edstica an\u00f3nima;<\/li>\n<li>necesidades de control sobre las modalidades de uso de los servicios;<\/li>\n<li>la determinaci\u00f3n de responsabilidades en caso de hipot\u00e9ticos delitos inform\u00e1ticos;<\/li>\n<li>llevar un registro de tus solicitudes de asistencia para resolver los problemas de forma r\u00e1pida y eficaz;<\/li>\n<li>obtener informaci\u00f3n sobre c\u00f3mo y cu\u00e1ndo utilizas nuestros servicios, aplicaciones y software, con el fin de mejorarlos, tanto para ti como para todos nuestros usuarios.<\/li>\n<\/ul>\n\n<\/li><!-- --><\/ul>\n<div  class=\"g1-divider g1-divider--none g1-divider--noicon \"><\/div>\n<ul class=\"g1-grid\"><li class=\"g1-column g1-one-fourth g1-valign-top\">\n<h4>Datos facilitados voluntariamente para el uso de los servicios<\/h4>\n<\/li><!-- -->\n<li class=\"g1-column g1-three-fourth g1-valign-top\">\n<p>En muchos casos, nos facilitas voluntariamente informaci\u00f3n que recopilamos para poder proporcionarte lo que solicitas, en particular cuando:<\/p>\n\n<ul id=\"\" class=\"g1-list g1-list--upper-alpha g1-list--none \">\n<li>te registras y utilizas nuestros servicios, aplicaciones y software;<\/li>\n<li>solicitas asistencia a nuestro equipo de atenci\u00f3n al cliente;<\/li>\n<li>nos env\u00edas una comunicaci\u00f3n por correo electr\u00f3nico;<\/li>\n<li>rellenas un formulario de contacto;<\/li>\n<li>integras los servicios con otro sitio o servicio web;<\/li>\n<li>te comunicas con nosotros de cualquier forma (incluso por tel\u00e9fono).<\/li>\n<\/ul>\n\n<p>Dicha informaci\u00f3n puede incluir tu nombre y apellidos y los de uno de tus clientes, la direcci\u00f3n f\u00edsica, la direcci\u00f3n de correo electr\u00f3nico, el n\u00famero de tel\u00e9fono, as\u00ed como datos relativos al sexo, ocupaci\u00f3n, ubicaci\u00f3n, historial de compras y otra informaci\u00f3n demogr\u00e1fica.<br \/>\nAl proporcionarnos esta informaci\u00f3n, consientes que sea recopilada, utilizada, transferida a los Estados Unidos y almacenada por nosotros, tal como se describe en nuestros DPA y en la presente pol\u00edtica de privacidad.<\/p>\n<\/li><!-- --><\/ul>\n<div  class=\"g1-divider g1-divider--none g1-divider--noicon \"><\/div>\n<ul class=\"g1-grid\"><li class=\"g1-column g1-one-fourth g1-valign-top\">\n<h4>Consentimiento para el tratamiento de los datos<\/h4>\n<\/li><!-- -->\n<li class=\"g1-column g1-three-fourth g1-valign-top\">\n<p><strong>Hemos previsto una declaraci\u00f3n de consentimiento para el tratamiento de los datos<\/strong>, redactada de forma comprensible y f\u00e1cilmente accesible, sin cl\u00e1usulas abusivas. Siempre podr\u00e1s ejercer una elecci\u00f3n aut\u00e9nticamente libre.<br \/>\nAl otorgar o denegar el consentimiento, debes tener en cuenta:<\/p>\n\n<ul id=\"\" class=\"g1-list g1-list--upper-alpha g1-list--none \">\n<li>la necesidad de cumplir con la obligaci\u00f3n legal a la que eDisplay tambi\u00e9n est\u00e1 sujeta como responsable del tratamiento;<\/li>\n<li>la necesidad de ejecutar un contrato para prestar un servicio que sea de tu inter\u00e9s;<\/li>\n<li>las posibles medidas precontractuales para dar respuesta a solicitudes de presupuestos o al uso de versiones de demostraci\u00f3n.<\/li>\n<\/ul>\n\n<p>Siempre tendr\u00e1s la posibilidad de otorgar tu consentimiento mediante un acto positivo e inequ\u00edvoco, con el que manifiestes tu voluntad libre, espec\u00edfica e informada de aceptar el tratamiento de los datos personales que te conciernen.<br \/>\nSeg\u00fan los casos, por \u201cacto positivo e inequ\u00edvoco\u201d se entiende:<\/p>\n\n<ul id=\"\" class=\"g1-list g1-list--upper-alpha g1-list--none \">\n<li>una declaraci\u00f3n escrita en soporte papel;<\/li>\n<li>una comunicaci\u00f3n a trav\u00e9s de medios electr\u00f3nicos (por ejemplo, formularios en l\u00ednea) o en soporte papel;<\/li>\n<li>una comunicaci\u00f3n oral mediante un procedimiento registrado.<\/li>\n<\/ul>\n\n<p>Si la comunicaci\u00f3n se realiza a trav\u00e9s de un formulario del sitio web que deba completarse, deber\u00e1s seleccionar activamente una casilla espec\u00edfica: con dicha acci\u00f3n indicas claramente que has aceptado de forma intencionada el tratamiento propuesto.<br \/>\nEn otros casos, deber\u00e1s marcar una casilla impresa en un formulario en papel o, durante una comunicaci\u00f3n oral, declarar expresamente la palabra \u00abS\u00cd\u00bb ante la persona encargada de recabar el consentimiento para el tratamiento de tus datos; la acci\u00f3n ser\u00e1 registrada y constituir\u00e1 prueba de tu consentimiento.<br \/>\nPodr\u00e1s en cualquier momento decidir oponerte al tratamiento de los datos, de conformidad con las normas del RGPD y las condiciones aplicables.<\/p>\n<\/li><!-- --><\/ul>\n<div  class=\"g1-divider g1-divider--none g1-divider--noicon \"><\/div>\n<ul class=\"g1-grid\"><li class=\"g1-column g1-one-fourth g1-valign-top\">\n<h4>Conservaci\u00f3n de los datos \u2013 Plazos y modalidades del tratamiento<\/h4>\n<\/li><!-- -->\n<li class=\"g1-column g1-three-fourth g1-valign-top\">\n<p>En eDisplay Srl hacemos todo lo posible por mantener tus datos exactos y actualizados, dentro de los l\u00edmites de la informaci\u00f3n que nos proporcionas. Conservaremos tu informaci\u00f3n durante todo el tiempo en que tu cuenta est\u00e9 activa o durante el per\u00edodo necesario para prestarte nuestros servicios.<br \/>\nAsimismo, podremos conservar y utilizar tu informaci\u00f3n para cumplir con nuestras obligaciones legales, resolver controversias, prevenir abusos y hacer cumplir nuestros acuerdos.<br \/>\nLos datos que recopilamos para satisfacer las necesidades derivadas de la ejecuci\u00f3n de las obligaciones contractuales, as\u00ed como la informaci\u00f3n sobre c\u00f3mo y cu\u00e1ndo utilizas nuestros servicios, se conservan en bases de datos activas, archivos de registro u otros sistemas de almacenamiento de datos debidamente protegidos y cifrados.<br \/>\nEn particular:<\/p>\n\n<ul id=\"\" class=\"g1-list g1-list--upper-alpha g1-list--none \">\n<li><strong>los datos de car\u00e1cter personal necesarios para cumplir las condiciones contractuales<\/strong> se conservar\u00e1n en <strong>bases de datos<\/strong> de gesti\u00f3n protegidas en nuestros servidores, durante todo el <strong>per\u00edodo previsto en el acuerdo<\/strong>;<\/li>\n<li><strong>los datos de car\u00e1cter personal recopilados y relativos a obligaciones contractuales y de facturaci\u00f3n<\/strong> se conservar\u00e1n mediante <strong>copias de seguridad<\/strong> protegidas en nuestros servidores, durante un <strong>per\u00edodo de 5 a\u00f1os<\/strong> tras la finalizaci\u00f3n de la relaci\u00f3n contractual; por finalizaci\u00f3n de la relaci\u00f3n contractual se entiende la resoluci\u00f3n expresa del contrato por parte del usuario, de eDisplay Srl o la falta de uso de los servicios durante un per\u00edodo definido en el DPA;<\/li>\n<li><strong>los datos de car\u00e1cter personal recopilados para acceder a nuestros servicios, aplicaciones y software<\/strong>, tanto de pago como en versi\u00f3n demo, accesibles mediante nombre de usuario y contrase\u00f1a de la cuenta individual, se conservar\u00e1n en nuestros servidores a trav\u00e9s de una <strong>base de datos accesible mientras la cuenta est\u00e9 activa<\/strong> y, posteriormente, mediante <strong>copias de seguridad<\/strong> protegidas en nuestros servidores <strong>durante todo el tiempo de uso del servicio<\/strong>, o bien se archivar\u00e1n y conservar\u00e1n durante <strong>12 meses en caso de cancelaci\u00f3n<\/strong>.<\/li>\n<\/ul>\n\n<p>eDisplay Srl no est\u00e1 obligada a conservar todos tus datos de forma indefinida: podr\u00e1s acceder a algunos de ellos mientras tengas un contrato activo, ya sea de pago o gratuito, y durante un per\u00edodo que var\u00eda en funci\u00f3n del tipo de datos y del plan contratado. La informaci\u00f3n que almacenamos puede incluir estad\u00edsticas de tu cuenta, contenido de tus correos electr\u00f3nicos, listas de contactos, etc.<\/p>\n<p><strong>Los datos recibidos para un contacto profesional<\/strong>, como los curr\u00edculos, se archivar\u00e1n y estar\u00e1n debidamente <strong>protegidos en ordenadores<\/strong> dentro de las carpetas dedicadas al personal de Recursos Humanos, <strong>durante el tiempo necesario para completar los procesos de selecci\u00f3n de personal<\/strong>.<br \/>\n<strong>Los datos recibidos a trav\u00e9s de formularios de contacto para solicitudes de informaci\u00f3n general<\/strong> ser\u00e1n tratados seg\u00fan las modalidades y los plazos necesarios para dar respuesta al tipo de contacto y, al mismo tiempo, <strong>se conservar\u00e1n y ser\u00e1n accesibles \u00fanica y exclusivamente para el personal autorizado<\/strong>.<\/p>\n<\/li><!-- --><\/ul>\n<div  class=\"g1-divider g1-divider--none g1-divider--noicon \"><\/div>\n<ul class=\"g1-grid\"><li class=\"g1-column g1-one-fourth g1-valign-top\">\n<h4>Datos incluidos en las listas de contactos de nuestros clientes<\/h4>\n<\/li><!-- -->\n<li class=\"g1-column g1-three-fourth g1-valign-top\">\n<p>Cuando utilizas nuestros servicios, tenemos acceso a la informaci\u00f3n contenida en las listas de contactos de correo electr\u00f3nico de tu cuenta, as\u00ed como al asunto y al contenido de los correos electr\u00f3nicos que env\u00edas.<br \/>\nEstos datos se almacenan en servidores seguros y solo un n\u00famero limitado de personas est\u00e1 autorizado a acceder a ellos, espec\u00edficamente para prestar servicios de soporte.<br \/>\nPuedes recuperar f\u00e1cilmente tus listas de contactos desde tus cuentas en cualquier momento utilizando el procedimiento de exportaci\u00f3n. Tambi\u00e9n es posible modificar y\/o eliminar los contactos en cualquier momento desde tus cuentas.<br \/>\nEn ning\u00fan caso eDisplay Srl vender\u00e1, compartir\u00e1 o alquilar\u00e1 tus listas de contactos a terceros, ni las utilizar\u00e1 con fines distintos de los establecidos en la presente pol\u00edtica de privacidad. Utilizaremos la informaci\u00f3n de tus listas de contactos \u00fanicamente para necesidades legales, de facturaci\u00f3n y, en su caso, para elaborar estad\u00edsticas agregadas y no sistem\u00e1ticas, con el fin de ofrecerte los mejores servicios.<br \/>\nRecuerda que t\u00fa eres el creador de tus listas de contactos y de las campa\u00f1as de email asociadas; por lo tanto, se te considera responsable del tratamiento de los datos a efectos del RGPD y eDisplay Srl act\u00faa \u00fanicamente como encargado del tratamiento.<a name=\"cookies\"><\/a><\/p>\n<\/li><!-- --><\/ul>\n<div  class=\"g1-divider g1-divider--none g1-divider--noicon \"><\/div>\n<ul class=\"g1-grid\"><li class=\"g1-column g1-one-fourth g1-valign-top\">\n<h4>Cookies<\/h4>\n<\/li><!-- -->\n<li class=\"g1-column g1-three-fourth g1-valign-top\">\n<p>Algunas de nuestras p\u00e1ginas web utilizan \u00abcookies\u00bb y otras tecnolog\u00edas de seguimiento. Una \u00abcookie\u00bb es un peque\u00f1o archivo de texto que puede utilizarse, por ejemplo, para recopilar informaci\u00f3n sobre las actividades de un sitio web. Algunas cookies y otras tecnolog\u00edas similares pueden servir para recordar datos personales previamente facilitados por un usuario web. La mayor\u00eda de los navegadores permiten al usuario controlar las cookies, incluida la opci\u00f3n de aceptarlas o no, as\u00ed como de eliminarlas.<\/p>\n<p>Es posible configurar la mayor\u00eda de los navegadores para recibir una notificaci\u00f3n cuando se recibe una cookie, o bien optar por bloquear las cookies directamente desde el navegador. No obstante, es importante tener en cuenta que, si se opta por eliminar o bloquear las cookies, ser\u00e1 necesario volver a introducir el nombre de usuario y la contrase\u00f1a para acceder a determinadas partes del sitio web.<\/p>\n<p>Las tecnolog\u00edas de seguimiento pueden registrar informaci\u00f3n como el dominio de internet y los nombres de host, la direcci\u00f3n IP, el tipo de navegador y de sistema operativo utilizados, las rutas de clics, as\u00ed como las fechas y horas de acceso a nuestro sitio. El uso de cookies y de otras tecnolog\u00edas de seguimiento nos permite mejorar nuestro sitio web y tu experiencia de navegaci\u00f3n. Asimismo, podemos analizar informaci\u00f3n que no contenga datos personales con fines estad\u00edsticos.<\/p>\n<\/li><!-- --><\/ul>\n","protected":false},"excerpt":{"rendered":"","protected":false},"author":2,"featured_media":0,"parent":4178,"menu_order":2,"comment_status":"closed","ping_status":"closed","template":"","meta":{"_eb_attr":"","inline_featured_image":false,"_monsterinsights_skip_tracking":false,"_monsterinsights_sitenote_active":false,"_monsterinsights_sitenote_note":"","_monsterinsights_sitenote_category":0,"footnotes":""},"class_list":["post-4200","page","type-page","status-publish"],"yoast_head":"<!-- This site is optimized with the Yoast SEO plugin v25.3.1 - https:\/\/yoast.com\/wordpress\/plugins\/seo\/ -->\n<title>C\u00f3mo Edisplay obtiene informaci\u00f3n - smtp mail server - professional SMTP service provider<\/title>\n<meta name=\"robots\" content=\"index, follow, max-snippet:-1, max-image-preview:large, max-video-preview:-1\" \/>\n<link rel=\"canonical\" href=\"https:\/\/serversmtp.com\/es\/politica-de-privacidad-regulacion-ue-2016-79-gdpr\/como-delivery-tech-obtiene-informacion\/\" \/>\n<meta name=\"twitter:label1\" content=\"Tiempo de lectura\" \/>\n\t<meta name=\"twitter:data1\" content=\"8 minutos\" \/>\n<!-- \/ Yoast SEO plugin. -->","yoast_head_json":{"title":"C\u00f3mo Edisplay obtiene informaci\u00f3n - smtp mail server - professional SMTP service provider","robots":{"index":"index","follow":"follow","max-snippet":"max-snippet:-1","max-image-preview":"max-image-preview:large","max-video-preview":"max-video-preview:-1"},"canonical":"https:\/\/serversmtp.com\/es\/politica-de-privacidad-regulacion-ue-2016-79-gdpr\/como-delivery-tech-obtiene-informacion\/","twitter_misc":{"Tiempo de lectura":"8 minutos"},"schema":{"@context":"https:\/\/schema.org","@graph":[{"@type":"WebPage","@id":"https:\/\/serversmtp.com\/es\/politica-de-privacidad-regulacion-ue-2016-79-gdpr\/como-delivery-tech-obtiene-informacion\/","url":"https:\/\/serversmtp.com\/es\/politica-de-privacidad-regulacion-ue-2016-79-gdpr\/como-delivery-tech-obtiene-informacion\/","name":"C\u00f3mo Edisplay obtiene informaci\u00f3n - smtp mail server - professional SMTP service provider","isPartOf":{"@id":"https:\/\/serversmtp.com\/fr\/#website"},"primaryImageOfPage":{"@id":"https:\/\/serversmtp.com\/es\/politica-de-privacidad-regulacion-ue-2016-79-gdpr\/como-delivery-tech-obtiene-informacion\/#primaryimage"},"image":{"@id":"https:\/\/serversmtp.com\/es\/politica-de-privacidad-regulacion-ue-2016-79-gdpr\/como-delivery-tech-obtiene-informacion\/#primaryimage"},"thumbnailUrl":"https:\/\/serversmtp.com\/wp-content\/uploads\/2018\/06\/GDPR-raccolta.png","datePublished":"2018-06-26T16:01:37+00:00","dateModified":"2026-01-15T13:54:51+00:00","breadcrumb":{"@id":"https:\/\/serversmtp.com\/es\/politica-de-privacidad-regulacion-ue-2016-79-gdpr\/como-delivery-tech-obtiene-informacion\/#breadcrumb"},"inLanguage":"es","potentialAction":[{"@type":"ReadAction","target":["https:\/\/serversmtp.com\/es\/politica-de-privacidad-regulacion-ue-2016-79-gdpr\/como-delivery-tech-obtiene-informacion\/"]}]},{"@type":"ImageObject","inLanguage":"es","@id":"https:\/\/serversmtp.com\/es\/politica-de-privacidad-regulacion-ue-2016-79-gdpr\/como-delivery-tech-obtiene-informacion\/#primaryimage","url":"https:\/\/serversmtp.com\/wp-content\/uploads\/2018\/06\/GDPR-raccolta.png","contentUrl":"https:\/\/serversmtp.com\/wp-content\/uploads\/2018\/06\/GDPR-raccolta.png"},{"@type":"BreadcrumbList","@id":"https:\/\/serversmtp.com\/es\/politica-de-privacidad-regulacion-ue-2016-79-gdpr\/como-delivery-tech-obtiene-informacion\/#breadcrumb","itemListElement":[{"@type":"ListItem","position":1,"name":"Home","item":"https:\/\/serversmtp.com\/es\/"},{"@type":"ListItem","position":2,"name":"GDPR: Introducci\u00f3n &#8211; Objetivos","item":"https:\/\/serversmtp.com\/es\/politica-de-privacidad-regulacion-ue-2016-79-gdpr\/"},{"@type":"ListItem","position":3,"name":"C\u00f3mo Edisplay obtiene informaci\u00f3n"}]},{"@type":"WebSite","@id":"https:\/\/serversmtp.com\/fr\/#website","url":"https:\/\/serversmtp.com\/fr\/","name":"smtp mail server - professional SMTP service provider","description":"smtp mail server - professional SMTP service provider","publisher":{"@id":"https:\/\/serversmtp.com\/fr\/#organization"},"potentialAction":[{"@type":"SearchAction","target":{"@type":"EntryPoint","urlTemplate":"https:\/\/serversmtp.com\/fr\/?s={search_term_string}"},"query-input":{"@type":"PropertyValueSpecification","valueRequired":true,"valueName":"search_term_string"}}],"inLanguage":"es"},{"@type":"Organization","@id":"https:\/\/serversmtp.com\/fr\/#organization","name":"Delivery Tech","url":"https:\/\/serversmtp.com\/fr\/","logo":{"@type":"ImageObject","inLanguage":"es","@id":"https:\/\/serversmtp.com\/fr\/#\/schema\/logo\/image\/","url":"https:\/\/serversmtp.com\/wp-content\/uploads\/2021\/11\/og-image-2.jpg","contentUrl":"https:\/\/serversmtp.com\/wp-content\/uploads\/2021\/11\/og-image-2.jpg","width":1200,"height":1128,"caption":"Delivery Tech"},"image":{"@id":"https:\/\/serversmtp.com\/fr\/#\/schema\/logo\/image\/"}}]}},"_links":{"self":[{"href":"https:\/\/serversmtp.com\/es\/wp-json\/wp\/v2\/pages\/4200"}],"collection":[{"href":"https:\/\/serversmtp.com\/es\/wp-json\/wp\/v2\/pages"}],"about":[{"href":"https:\/\/serversmtp.com\/es\/wp-json\/wp\/v2\/types\/page"}],"author":[{"embeddable":true,"href":"https:\/\/serversmtp.com\/es\/wp-json\/wp\/v2\/users\/2"}],"replies":[{"embeddable":true,"href":"https:\/\/serversmtp.com\/es\/wp-json\/wp\/v2\/comments?post=4200"}],"version-history":[{"count":6,"href":"https:\/\/serversmtp.com\/es\/wp-json\/wp\/v2\/pages\/4200\/revisions"}],"predecessor-version":[{"id":23025,"href":"https:\/\/serversmtp.com\/es\/wp-json\/wp\/v2\/pages\/4200\/revisions\/23025"}],"up":[{"embeddable":true,"href":"https:\/\/serversmtp.com\/es\/wp-json\/wp\/v2\/pages\/4178"}],"wp:attachment":[{"href":"https:\/\/serversmtp.com\/es\/wp-json\/wp\/v2\/media?parent=4200"}],"curies":[{"name":"wp","href":"https:\/\/api.w.org\/{rel}","templated":true}]}}