{"id":4182,"date":"2018-06-26T17:23:41","date_gmt":"2018-06-26T15:23:41","guid":{"rendered":"https:\/\/serversmtp.com\/?page_id=4182"},"modified":"2026-01-15T14:52:35","modified_gmt":"2026-01-15T13:52:35","slug":"informacion-basica","status":"publish","type":"page","link":"https:\/\/serversmtp.com\/es\/politica-de-privacidad-regulacion-ue-2016-79-gdpr\/informacion-basica\/","title":{"rendered":"Informaci\u00f3n b\u00e1sica"},"content":{"rendered":"<p><img decoding=\"async\" class=\"aligncenter size-full wp-image-4049\" src=\"https:\/\/serversmtp.com\/wp-content\/uploads\/2018\/06\/gdpr-base.png\" alt=\"\" width=\"1280\" height=\"700\" srcset=\"https:\/\/serversmtp.com\/wp-content\/uploads\/2018\/06\/gdpr-base.png 1280w, https:\/\/serversmtp.com\/wp-content\/uploads\/2018\/06\/gdpr-base-300x164.png 300w, https:\/\/serversmtp.com\/wp-content\/uploads\/2018\/06\/gdpr-base-768x420.png 768w, https:\/\/serversmtp.com\/wp-content\/uploads\/2018\/06\/gdpr-base-1024x560.png 1024w, https:\/\/serversmtp.com\/wp-content\/uploads\/2018\/06\/gdpr-base-968x529.png 968w, https:\/\/serversmtp.com\/wp-content\/uploads\/2018\/06\/gdpr-base-636x348.png 636w, https:\/\/serversmtp.com\/wp-content\/uploads\/2018\/06\/gdpr-base-320x175.png 320w, https:\/\/serversmtp.com\/wp-content\/uploads\/2018\/06\/gdpr-base-239x131.png 239w\" sizes=\"(max-width: 1280px) 100vw, 1280px\" \/><\/p>\n<ul class=\"g1-grid\"><li class=\"g1-column g1-one-fourth g1-valign-top\">\n<h4>Qui\u00e9nes somos<\/h4>\n<\/li><!-- -->\n<li class=\"g1-column g1-three-fourth g1-valign-top\">\n\n<ul id=\"\" class=\"g1-list g1-list--icon g1-list--simple \">\n<li><i class=\"fa fa-arrow-circle-right g1-list__icon\"><\/i><strong>eDisplay Srl, Viale del lavoro 53, 08023, Fonni (NU)<\/strong><\/li>\n<\/ul>\n\n<\/li><!-- --><\/ul>\n<div  class=\"g1-divider g1-divider--none g1-divider--noicon \"><\/div>\n<ul class=\"g1-grid\"><li class=\"g1-column g1-one-fourth g1-valign-top\">\n<h4>Extensi\u00f3n de las normativas de privacidad y seguridad conformes a la UE \u2013 Requisitos europeos<\/h4>\n<\/li><!-- -->\n<li class=\"g1-column g1-three-fourth g1-valign-top\">\n<p>Prestamos siempre especial atenci\u00f3n a la privacidad y a la seguridad de nuestros usuarios en todo el mundo; por ello, hemos adoptado medidas para garantizar un servicio lo m\u00e1s seguro y transparente posible, incluida la extensi\u00f3n de la pol\u00edtica al Reglamento UE 2016\/79, en vigor desde el 25 de mayo de 2018.<br \/>\nAl utilizar nuestros sitios web y nuestros servicios, el usuario consiente la recopilaci\u00f3n, el almacenamiento y el tratamiento de los datos, los cuales ser\u00e1n tratados y conservados exclusivamente en servidores europeos.<br \/>\nPara proteger los datos de los ciudadanos europeos introducidos en nuestros sistemas por nuestros usuarios, aplicamos un modelo de Data Privacy Agreement (DPA) en el que se describen las modalidades de tratamiento, de cooperaci\u00f3n y las condiciones del servicio que adoptamos.<br \/>\nLos usuarios registrados (suscriptores o usuarios de versiones gratuitas) en la UE que utilicen los servicios de turboSMTP con fines comerciales deber\u00e1n adherirse obligatoriamente a nuestro DPA para poder seguir utilizando nuestras aplicaciones.<\/p>\n<\/li><!-- --><\/ul>\n<div  class=\"g1-divider g1-divider--none g1-divider--noicon \"><\/div>\n<ul class=\"g1-grid\"><li class=\"g1-column g1-one-fourth g1-valign-top\">\n<h4>Responsable del tratamiento de los datos<\/h4>\n<\/li><!-- -->\n<li class=\"g1-column g1-three-fourth g1-valign-top\">\n<p><strong>En eDisplay Srl actuamos tambi\u00e9n como responsables del tratamiento de los datos, pero \u00fanicamente cuando recopilamos tus datos personales para nosotros durante la prestaci\u00f3n de los servicios que has adquirido<\/strong>: en este caso se establece una relaci\u00f3n directa entre t\u00fa y nosotros.<br \/>\n<strong>En calidad de responsables del tratamiento, te garantizamos el cumplimiento de la normativa relativa a la protecci\u00f3n de los datos de car\u00e1cter personal, proporcion\u00e1ndote toda la informaci\u00f3n \u00fatil sobre el tratamiento de los datos que nos has comunicado directa y voluntariamente, o que el sistema recopila durante la navegaci\u00f3n por el sitio y mientras utilizas nuestros servicios.<\/strong><br \/>\nEn concreto, el responsable del tratamiento de los datos de eDisplay Srl es su administrador pro tempore, asistido por el Delegado de Protecci\u00f3n de Datos (DPO), quien garantiza el cumplimiento de las normas impuestas por el RGPD.<br \/>\nEl responsable del tratamiento puede ser contactado en cualquier momento escribiendo a la siguiente direcci\u00f3n de correo electr\u00f3nico: <a href=\"mailto:dpo@edisplay.it\" target=\"_blank\" rel=\"noopener noreferrer\">dpo@edisplay.it<\/a>.<\/p>\n<\/li><!-- --><\/ul>\n<div  class=\"g1-divider g1-divider--none g1-divider--noicon \"><\/div>\n<ul class=\"g1-grid\"><li class=\"g1-column g1-one-fourth g1-valign-top\">\n<h4>Encargado del tratamiento de los datos<\/h4>\n<\/li><!-- -->\n<li class=\"g1-column g1-three-fourth g1-valign-top\">\n<p><strong>Cuando utilizas nuestros servicios, puedes importar en nuestro sistema los datos con informaci\u00f3n personal que hayas recopilado de tus suscriptores u otras personas<\/strong>. En este caso, no tenemos ninguna relaci\u00f3n directa con tus suscriptores ni con personas distintas de ti y, por lo tanto, <strong>t\u00fa eres el responsable del tratamiento de los datos<\/strong>: ser\u00e1 tu responsabilidad asegurarte de contar con la autorizaci\u00f3n adecuada para la recopilaci\u00f3n y el tratamiento de la informaci\u00f3n relativa a los distintos interesados.<br \/>\nDe manera coherente con el uso de los datos personales tratados, celebras un contrato (DPA) con eDisplay Srl como proveedor de servicios para tus suscriptores a trav\u00e9s de nuestras plataformas. Dicho acuerdo tiene como finalidad garantizar el uso correcto de los datos con las debidas garant\u00edas, que nosotros te proporcionamos en calidad de encargados del tratamiento de los datos que has recopilado.<br \/>\nEn este caso, conservaremos los datos personales tratados por cuenta de nuestros usuarios durante el tiempo necesario para:<\/p>\n\n<ul id=\"\" class=\"g1-list g1-list--upper-alpha g1-list--none \">\n<li>prestar nuestros servicios;<\/li>\n<li>cumplir con nuestras obligaciones legales;<\/li>\n<li>resolver controversias;<\/li>\n<li>prevenir abusos;<\/li>\n<li>hacer cumplir nuestros acuerdos.<\/li>\n<\/ul>\n\n<\/li><!-- --><\/ul>\n<div  class=\"g1-divider g1-divider--none g1-divider--noicon \"><\/div>\n<ul class=\"g1-grid\"><li class=\"g1-column g1-one-fourth g1-valign-top\">\n<h4>Representante de la UE: designaci\u00f3n del responsable del tratamiento de los datos<\/h4>\n<\/li><!-- -->\n<li class=\"g1-column g1-three-fourth g1-valign-top\">\n<p>Para los clientes europeos, eDisplay Srl es responsable del tratamiento de los datos dentro del \u00e1mbito de la UE, as\u00ed como de la facturaci\u00f3n de los servicios. Ning\u00fan dato de los clientes europeos ser\u00e1 transferido fuera de los l\u00edmites designados. Ning\u00fan dato ser\u00e1 tratado ni transferido al Reino Unido a partir de la fecha oficial del Brexit.<\/p>\n<\/li><!-- --><\/ul>\n","protected":false},"excerpt":{"rendered":"","protected":false},"author":2,"featured_media":0,"parent":4178,"menu_order":1,"comment_status":"closed","ping_status":"closed","template":"","meta":{"_eb_attr":"","inline_featured_image":false,"_monsterinsights_skip_tracking":false,"_monsterinsights_sitenote_active":false,"_monsterinsights_sitenote_note":"","_monsterinsights_sitenote_category":0,"footnotes":""},"class_list":["post-4182","page","type-page","status-publish"],"yoast_head":"<!-- This site is optimized with the Yoast SEO plugin v25.3.1 - https:\/\/yoast.com\/wordpress\/plugins\/seo\/ -->\n<title>Informaci\u00f3n b\u00e1sica - smtp mail server - professional SMTP service provider<\/title>\n<meta name=\"robots\" content=\"index, follow, max-snippet:-1, max-image-preview:large, max-video-preview:-1\" \/>\n<link rel=\"canonical\" href=\"https:\/\/serversmtp.com\/es\/politica-de-privacidad-regulacion-ue-2016-79-gdpr\/informacion-basica\/\" \/>\n<meta name=\"twitter:label1\" content=\"Tiempo de lectura\" \/>\n\t<meta name=\"twitter:data1\" content=\"5 minutos\" \/>\n<!-- \/ Yoast SEO plugin. -->","yoast_head_json":{"title":"Informaci\u00f3n b\u00e1sica - smtp mail server - professional SMTP service provider","robots":{"index":"index","follow":"follow","max-snippet":"max-snippet:-1","max-image-preview":"max-image-preview:large","max-video-preview":"max-video-preview:-1"},"canonical":"https:\/\/serversmtp.com\/es\/politica-de-privacidad-regulacion-ue-2016-79-gdpr\/informacion-basica\/","twitter_misc":{"Tiempo de lectura":"5 minutos"},"schema":{"@context":"https:\/\/schema.org","@graph":[{"@type":"WebPage","@id":"https:\/\/serversmtp.com\/es\/politica-de-privacidad-regulacion-ue-2016-79-gdpr\/informacion-basica\/","url":"https:\/\/serversmtp.com\/es\/politica-de-privacidad-regulacion-ue-2016-79-gdpr\/informacion-basica\/","name":"Informaci\u00f3n b\u00e1sica - smtp mail server - professional SMTP service provider","isPartOf":{"@id":"https:\/\/serversmtp.com\/fr\/#website"},"primaryImageOfPage":{"@id":"https:\/\/serversmtp.com\/es\/politica-de-privacidad-regulacion-ue-2016-79-gdpr\/informacion-basica\/#primaryimage"},"image":{"@id":"https:\/\/serversmtp.com\/es\/politica-de-privacidad-regulacion-ue-2016-79-gdpr\/informacion-basica\/#primaryimage"},"thumbnailUrl":"https:\/\/serversmtp.com\/wp-content\/uploads\/2018\/06\/gdpr-base.png","datePublished":"2018-06-26T15:23:41+00:00","dateModified":"2026-01-15T13:52:35+00:00","breadcrumb":{"@id":"https:\/\/serversmtp.com\/es\/politica-de-privacidad-regulacion-ue-2016-79-gdpr\/informacion-basica\/#breadcrumb"},"inLanguage":"es","potentialAction":[{"@type":"ReadAction","target":["https:\/\/serversmtp.com\/es\/politica-de-privacidad-regulacion-ue-2016-79-gdpr\/informacion-basica\/"]}]},{"@type":"ImageObject","inLanguage":"es","@id":"https:\/\/serversmtp.com\/es\/politica-de-privacidad-regulacion-ue-2016-79-gdpr\/informacion-basica\/#primaryimage","url":"https:\/\/serversmtp.com\/wp-content\/uploads\/2018\/06\/gdpr-base.png","contentUrl":"https:\/\/serversmtp.com\/wp-content\/uploads\/2018\/06\/gdpr-base.png"},{"@type":"BreadcrumbList","@id":"https:\/\/serversmtp.com\/es\/politica-de-privacidad-regulacion-ue-2016-79-gdpr\/informacion-basica\/#breadcrumb","itemListElement":[{"@type":"ListItem","position":1,"name":"Home","item":"https:\/\/serversmtp.com\/es\/"},{"@type":"ListItem","position":2,"name":"GDPR: Introducci\u00f3n &#8211; Objetivos","item":"https:\/\/serversmtp.com\/es\/politica-de-privacidad-regulacion-ue-2016-79-gdpr\/"},{"@type":"ListItem","position":3,"name":"Informaci\u00f3n b\u00e1sica"}]},{"@type":"WebSite","@id":"https:\/\/serversmtp.com\/fr\/#website","url":"https:\/\/serversmtp.com\/fr\/","name":"smtp mail server - professional SMTP service provider","description":"smtp mail server - professional SMTP service provider","publisher":{"@id":"https:\/\/serversmtp.com\/fr\/#organization"},"potentialAction":[{"@type":"SearchAction","target":{"@type":"EntryPoint","urlTemplate":"https:\/\/serversmtp.com\/fr\/?s={search_term_string}"},"query-input":{"@type":"PropertyValueSpecification","valueRequired":true,"valueName":"search_term_string"}}],"inLanguage":"es"},{"@type":"Organization","@id":"https:\/\/serversmtp.com\/fr\/#organization","name":"Delivery Tech","url":"https:\/\/serversmtp.com\/fr\/","logo":{"@type":"ImageObject","inLanguage":"es","@id":"https:\/\/serversmtp.com\/fr\/#\/schema\/logo\/image\/","url":"https:\/\/serversmtp.com\/wp-content\/uploads\/2021\/11\/og-image-2.jpg","contentUrl":"https:\/\/serversmtp.com\/wp-content\/uploads\/2021\/11\/og-image-2.jpg","width":1200,"height":1128,"caption":"Delivery Tech"},"image":{"@id":"https:\/\/serversmtp.com\/fr\/#\/schema\/logo\/image\/"}}]}},"_links":{"self":[{"href":"https:\/\/serversmtp.com\/es\/wp-json\/wp\/v2\/pages\/4182"}],"collection":[{"href":"https:\/\/serversmtp.com\/es\/wp-json\/wp\/v2\/pages"}],"about":[{"href":"https:\/\/serversmtp.com\/es\/wp-json\/wp\/v2\/types\/page"}],"author":[{"embeddable":true,"href":"https:\/\/serversmtp.com\/es\/wp-json\/wp\/v2\/users\/2"}],"replies":[{"embeddable":true,"href":"https:\/\/serversmtp.com\/es\/wp-json\/wp\/v2\/comments?post=4182"}],"version-history":[{"count":5,"href":"https:\/\/serversmtp.com\/es\/wp-json\/wp\/v2\/pages\/4182\/revisions"}],"predecessor-version":[{"id":23023,"href":"https:\/\/serversmtp.com\/es\/wp-json\/wp\/v2\/pages\/4182\/revisions\/23023"}],"up":[{"embeddable":true,"href":"https:\/\/serversmtp.com\/es\/wp-json\/wp\/v2\/pages\/4178"}],"wp:attachment":[{"href":"https:\/\/serversmtp.com\/es\/wp-json\/wp\/v2\/media?parent=4182"}],"curies":[{"name":"wp","href":"https:\/\/api.w.org\/{rel}","templated":true}]}}