{"id":4178,"date":"2018-06-26T17:22:03","date_gmt":"2018-06-26T15:22:03","guid":{"rendered":"https:\/\/serversmtp.com\/?page_id=4178"},"modified":"2026-01-15T14:51:29","modified_gmt":"2026-01-15T13:51:29","slug":"politica-de-privacidad-regulacion-ue-2016-79-gdpr","status":"publish","type":"page","link":"https:\/\/serversmtp.com\/es\/politica-de-privacidad-regulacion-ue-2016-79-gdpr\/","title":{"rendered":"GDPR: Introducci\u00f3n &#8211; Objetivos"},"content":{"rendered":"<p><img decoding=\"async\" class=\"aligncenter size-full wp-image-4045\" src=\"https:\/\/serversmtp.com\/wp-content\/uploads\/2018\/06\/gdpr-intro-2.png\" alt=\"\" width=\"1280\" height=\"700\" srcset=\"https:\/\/serversmtp.com\/wp-content\/uploads\/2018\/06\/gdpr-intro-2.png 1280w, https:\/\/serversmtp.com\/wp-content\/uploads\/2018\/06\/gdpr-intro-2-300x164.png 300w, https:\/\/serversmtp.com\/wp-content\/uploads\/2018\/06\/gdpr-intro-2-768x420.png 768w, https:\/\/serversmtp.com\/wp-content\/uploads\/2018\/06\/gdpr-intro-2-1024x560.png 1024w, https:\/\/serversmtp.com\/wp-content\/uploads\/2018\/06\/gdpr-intro-2-968x529.png 968w, https:\/\/serversmtp.com\/wp-content\/uploads\/2018\/06\/gdpr-intro-2-636x348.png 636w, https:\/\/serversmtp.com\/wp-content\/uploads\/2018\/06\/gdpr-intro-2-320x175.png 320w, https:\/\/serversmtp.com\/wp-content\/uploads\/2018\/06\/gdpr-intro-2-239x131.png 239w\" sizes=\"(max-width: 1280px) 100vw, 1280px\" \/><\/p>\n<p>Hemos redactado este documento con el objetivo de facilitarte la comprensi\u00f3n de las normas sobre privacidad, que debemos aplicar procurando ofrecer una estructura sencilla y un lenguaje claro. Con la entrada en vigor del <strong>Reglamento UE 2016\/79<\/strong> (tambi\u00e9n denominado RGPD), hemos decidido introducir mejoras \u00fatiles para los usuarios de eDisplay Srl en todo el mundo, aunque muchas de estas normas se refieren exclusivamente a los usuarios de la Uni\u00f3n Europea (UE).<\/p>\n<p>Te proporcionaremos la informaci\u00f3n necesaria para utilizar los servicios prestados por eDisplay Srl, de modo que puedas conocer qu\u00e9 datos recopilamos, con qu\u00e9 finalidad, durante cu\u00e1nto tiempo y d\u00f3nde los conservamos. Nuestro objetivo es explicarte de forma sencilla c\u00f3mo actualizar, gestionar, exportar y eliminar tu informaci\u00f3n.<\/p>\n<p>Nosotros gestionamos tus datos y te apoyamos en su gesti\u00f3n; precisamente por ello somos conscientes de que se trata de una gran responsabilidad: protegemos tu informaci\u00f3n dej\u00e1ndote el control y las herramientas necesarias para hacerlo.<\/p>\n<p>Tal como exige expresamente el RGPD, cuando utilizas nuestros servicios tienes la facultad de ejercer tus derechos en cualquier momento y con total transparencia. Te invitamos a leer atentamente la informaci\u00f3n que sigue y a comprobar lo que pueda resultarte de inter\u00e9s. \u00a1Buena lectura!<\/p>\n","protected":false},"excerpt":{"rendered":"<p>Hemos redactado este documento con el objetivo de facilitarte la comprensi\u00f3n de las normas sobre privacidad, que debemos aplicar procurando ofrecer una estructura sencilla y un lenguaje claro. Con la entrada en vigor del Reglamento UE 2016\/79 (tambi\u00e9n denominado RGPD), hemos decidido introducir mejoras \u00fatiles para los usuarios de eDisplay Srl en todo el mundo, &#8230; <\/p>\n<p class=\"read-more-container\"><a title=\"GDPR: Introducci\u00f3n &#8211; Objetivos\" class=\"read-more button\" href=\"https:\/\/serversmtp.com\/es\/politica-de-privacidad-regulacion-ue-2016-79-gdpr\/#more-4178\" aria-label=\"Leer m\u00e1s sobre GDPR: Introducci\u00f3n &#8211; Objetivos\">Discover more<\/a><\/p>\n","protected":false},"author":2,"featured_media":0,"parent":0,"menu_order":0,"comment_status":"closed","ping_status":"closed","template":"","meta":{"_eb_attr":"","inline_featured_image":false,"_monsterinsights_skip_tracking":false,"_monsterinsights_sitenote_active":false,"_monsterinsights_sitenote_note":"","_monsterinsights_sitenote_category":0,"footnotes":""},"class_list":["post-4178","page","type-page","status-publish"],"yoast_head":"<!-- This site is optimized with the Yoast SEO plugin v25.3.1 - https:\/\/yoast.com\/wordpress\/plugins\/seo\/ -->\n<title>GDPR: Introducci\u00f3n - Objetivos - smtp mail server - professional SMTP service provider<\/title>\n<meta name=\"robots\" content=\"index, follow, max-snippet:-1, max-image-preview:large, max-video-preview:-1\" \/>\n<link rel=\"canonical\" href=\"https:\/\/serversmtp.com\/es\/politica-de-privacidad-regulacion-ue-2016-79-gdpr\/\" \/>\n<meta name=\"twitter:label1\" content=\"Tiempo de lectura\" \/>\n\t<meta name=\"twitter:data1\" content=\"1 minuto\" \/>\n<!-- \/ Yoast SEO plugin. -->","yoast_head_json":{"title":"GDPR: Introducci\u00f3n - Objetivos - smtp mail server - professional SMTP service provider","robots":{"index":"index","follow":"follow","max-snippet":"max-snippet:-1","max-image-preview":"max-image-preview:large","max-video-preview":"max-video-preview:-1"},"canonical":"https:\/\/serversmtp.com\/es\/politica-de-privacidad-regulacion-ue-2016-79-gdpr\/","twitter_misc":{"Tiempo de lectura":"1 minuto"},"schema":{"@context":"https:\/\/schema.org","@graph":[{"@type":"WebPage","@id":"https:\/\/serversmtp.com\/es\/politica-de-privacidad-regulacion-ue-2016-79-gdpr\/","url":"https:\/\/serversmtp.com\/es\/politica-de-privacidad-regulacion-ue-2016-79-gdpr\/","name":"GDPR: Introducci\u00f3n - Objetivos - smtp mail server - professional SMTP service provider","isPartOf":{"@id":"https:\/\/serversmtp.com\/de\/#website"},"primaryImageOfPage":{"@id":"https:\/\/serversmtp.com\/es\/politica-de-privacidad-regulacion-ue-2016-79-gdpr\/#primaryimage"},"image":{"@id":"https:\/\/serversmtp.com\/es\/politica-de-privacidad-regulacion-ue-2016-79-gdpr\/#primaryimage"},"thumbnailUrl":"https:\/\/serversmtp.com\/wp-content\/uploads\/2018\/06\/gdpr-intro-2.png","datePublished":"2018-06-26T15:22:03+00:00","dateModified":"2026-01-15T13:51:29+00:00","breadcrumb":{"@id":"https:\/\/serversmtp.com\/es\/politica-de-privacidad-regulacion-ue-2016-79-gdpr\/#breadcrumb"},"inLanguage":"es","potentialAction":[{"@type":"ReadAction","target":["https:\/\/serversmtp.com\/es\/politica-de-privacidad-regulacion-ue-2016-79-gdpr\/"]}]},{"@type":"ImageObject","inLanguage":"es","@id":"https:\/\/serversmtp.com\/es\/politica-de-privacidad-regulacion-ue-2016-79-gdpr\/#primaryimage","url":"https:\/\/serversmtp.com\/wp-content\/uploads\/2018\/06\/gdpr-intro-2.png","contentUrl":"https:\/\/serversmtp.com\/wp-content\/uploads\/2018\/06\/gdpr-intro-2.png"},{"@type":"BreadcrumbList","@id":"https:\/\/serversmtp.com\/es\/politica-de-privacidad-regulacion-ue-2016-79-gdpr\/#breadcrumb","itemListElement":[{"@type":"ListItem","position":1,"name":"Home","item":"https:\/\/serversmtp.com\/es\/"},{"@type":"ListItem","position":2,"name":"GDPR: Introducci\u00f3n &#8211; Objetivos"}]},{"@type":"WebSite","@id":"https:\/\/serversmtp.com\/de\/#website","url":"https:\/\/serversmtp.com\/de\/","name":"smtp mail server - professional SMTP service provider","description":"smtp mail server - professional SMTP service provider","publisher":{"@id":"https:\/\/serversmtp.com\/de\/#organization"},"potentialAction":[{"@type":"SearchAction","target":{"@type":"EntryPoint","urlTemplate":"https:\/\/serversmtp.com\/de\/?s={search_term_string}"},"query-input":{"@type":"PropertyValueSpecification","valueRequired":true,"valueName":"search_term_string"}}],"inLanguage":"es"},{"@type":"Organization","@id":"https:\/\/serversmtp.com\/de\/#organization","name":"Delivery Tech","url":"https:\/\/serversmtp.com\/de\/","logo":{"@type":"ImageObject","inLanguage":"es","@id":"https:\/\/serversmtp.com\/de\/#\/schema\/logo\/image\/","url":"https:\/\/serversmtp.com\/wp-content\/uploads\/2021\/11\/og-image-2.jpg","contentUrl":"https:\/\/serversmtp.com\/wp-content\/uploads\/2021\/11\/og-image-2.jpg","width":1200,"height":1128,"caption":"Delivery Tech"},"image":{"@id":"https:\/\/serversmtp.com\/de\/#\/schema\/logo\/image\/"}}]}},"_links":{"self":[{"href":"https:\/\/serversmtp.com\/es\/wp-json\/wp\/v2\/pages\/4178"}],"collection":[{"href":"https:\/\/serversmtp.com\/es\/wp-json\/wp\/v2\/pages"}],"about":[{"href":"https:\/\/serversmtp.com\/es\/wp-json\/wp\/v2\/types\/page"}],"author":[{"embeddable":true,"href":"https:\/\/serversmtp.com\/es\/wp-json\/wp\/v2\/users\/2"}],"replies":[{"embeddable":true,"href":"https:\/\/serversmtp.com\/es\/wp-json\/wp\/v2\/comments?post=4178"}],"version-history":[{"count":6,"href":"https:\/\/serversmtp.com\/es\/wp-json\/wp\/v2\/pages\/4178\/revisions"}],"predecessor-version":[{"id":23022,"href":"https:\/\/serversmtp.com\/es\/wp-json\/wp\/v2\/pages\/4178\/revisions\/23022"}],"wp:attachment":[{"href":"https:\/\/serversmtp.com\/es\/wp-json\/wp\/v2\/media?parent=4178"}],"curies":[{"name":"wp","href":"https:\/\/api.w.org\/{rel}","templated":true}]}}