{"id":3868,"date":"2018-05-14T10:40:55","date_gmt":"2018-05-14T08:40:55","guid":{"rendered":"https:\/\/dev.serversmtp.com\/?page_id=3868"},"modified":"2024-09-03T10:31:29","modified_gmt":"2024-09-03T08:31:29","slug":"regulation-eu-2016-679-gdpr","status":"publish","type":"page","link":"https:\/\/serversmtp.com\/es\/regulation-eu-2016-679-gdpr\/","title":{"rendered":"Regulation (EU) 2016\/679 &#8211; GDPR\ufeff"},"content":{"rendered":"<br \/>\n<div id=\"\" class=\"g1-section gb-container home-grey-2box\"  style=\"background-color: #f5f5f5; background-repeat:repeat; background-position:center top; background-attachment:static;\"><div class=\"g1-layout-inner\">\n<ul class=\"g1-grid\"><li class=\"g1-column g1-one-third g1-valign-top\">\n<p><img decoding=\"async\" class=\"size-full wp-image-3797 aligncenter\" src=\"https:\/\/serversmtp.com\/wp-content\/uploads\/2018\/07\/servers_usa.png\" alt=\"\" width=\"123\" height=\"124\"><\/p>\n<\/li><!-- -->\n<li class=\"g1-column g1-two-third g1-valign-top\">\n<h4 class=\"guideTitle\"><strong>Infraestructura de servidores en Europa y Estados Unidos<\/strong><\/h4>\n<p>Servidores de correo y direcciones IP dedicados a Europa, cumpliendo con la normativa de la UE sobre protecci\u00f3n de datos. Servidores en EE.UU. permiten operaciones flexibles en ambas regiones.<\/p>\n<a id=\"find-out-more\" class=\"g1-button g1-button--small g1-button--solid g1-button--standard \" href=\"\/es\/que-es-servidor-smtp\/\" title=\"\">M\u00e1s informaci\u00f3n \u2026<\/a>\n<\/li><!-- --><\/ul>\n<\/div><\/div><\/p>\n<p><div class=\"g1-space\" style=\"height: 20px;\"><\/div><br \/>\n\n<p><strong>Proteger la privacidad de nuestros usuarios es una prioridad para nosotros<\/strong>, por eso tomamos las m\u00e1ximas medidas y adoptamos las mejores pr\u00e1cticas para la protecci\u00f3n de datos.<\/p>\n<p>Nuestro trabajo se basa en el principio de la Privacidad desde el Dise\u00f1o (<em>Privacy by Design<\/em>).<\/p>\n<p>Nuestra empresa ya ha elevado nuestros est\u00e1ndares, en cumplimiento con el RGPD (Reglamento General de Protecci\u00f3n de Datos). Para nosotros, es un paso importante para <strong>garantizar una mayor seguridad de sus datos<\/strong>.<\/p>\n<p>Queremos compartir con usted lo que hemos hecho para garantizar m\u00e1s seguridad y, adem\u00e1s, queremos <strong>ayudarle a cumplir con el RGPD<\/strong>.<\/p>\n<p>Si desea revisar los conceptos b\u00e1sicos del RGPD, <a href=\"https:\/\/serversmtp.com\/es\/gdpr-basic-concepts\/\" title=\"Gu\u00eda GDPR\">puede echar un vistazo a nuestra gu\u00eda<\/a>, escrita especialmente para usted.<\/p>\n<p>&nbsp;<\/p>\n<h2>Sus datos est\u00e1n seguros con TurboSMTP.<\/h2>\n<p>Hace alg\u00fan tiempo, nuestro equipo implement\u00f3 algunas mejoras para proteger sus datos y privacidad. Por lo tanto, ya estamos perfectamente alineados con el RGPD.<\/p>\n<p><strong>Nuestro compromiso es continuo<\/strong>, de hecho, verificamos regularmente la eficacia y la adecuaci\u00f3n de las medidas adoptadas y ejecutadas, en respeto y para garantizar la protecci\u00f3n de bases de datos, derechos y libertades fundamentales de las personas, y la aplicaci\u00f3n del tratamiento de datos por parte de aquellos que utilizan nuestros servicios.<\/p>\n<p>En la tabla a continuaci\u00f3n, encontrar\u00e1 todos los detalles sobre el trabajo realizado que le permite utilizar nuestros productos y servicios de manera segura.<\/p>\n<div id=\"g1-table-gdpr\" class=\"g1-table g1-table--solid \">\n<table width=\"100%\">\n<tbody>\n<tr>\n<td align=\"left\" valign=\"center\"><i>Hemos nombrado un Delegado de Protecci\u00f3n de Datos (DPO)<\/i><\/td>\n<td align=\"center\" valign=\"top\" width=\"100px\">\n<style type=\"text\/css\" scoped=\"scoped\">#icon-1.g1-icon { color: #005293; }<\/style>\n<p><i id=\"icon-1\" class=\"g1-icon g1-icon--none g1-icon--medium g1-icon--inherit fa fa-check-square\"><\/i><\/td>\n<\/tr>\n<tr>\n<td align=\"left\" valign=\"center\"><i>Hemos formado un equipo involucrado en el procesamiento de datos y las actividades de control relacionadas<\/i><\/td>\n<td align=\"center\" valign=\"top\" width=\"100px\">\n<style type=\"text\/css\" scoped=\"scoped\">#icon-2.g1-icon { color: #005293; }<\/style>\n<p><i id=\"icon-1\" class=\"g1-icon g1-icon--none g1-icon--medium g1-icon--inherit fa fa-check-square\"><\/i><\/td>\n<\/tr>\n<tr>\n<td align=\"left\" valign=\"center\"><i>Nuestra pol\u00edtica sobre los derechos de los interesados y los procedimientos para la prueba del consentimiento para procesar los datos han sido actualizados<\/i><\/td>\n<td align=\"center\" valign=\"top\" width=\"100px\">\n<style type=\"text\/css\" scoped=\"scoped\">#icon-3.g1-icon { color: #005293; }<\/style>\n<p><i id=\"icon-1\" class=\"g1-icon g1-icon--none g1-icon--medium g1-icon--inherit fa fa-check-square\"><\/i><\/td>\n<\/tr>\n<tr>\n<td align=\"left\" valign=\"center\"><i>Hemos creado una divulgaci\u00f3n detallada y adecuada al RGPD, f\u00e1cil de entender, para que los interesados sepan c\u00f3mo ejercer sus derechos<\/i><\/td>\n<td align=\"center\" valign=\"top\" width=\"100px\">\n<style type=\"text\/css\" scoped=\"scoped\">#icon-4.g1-icon { color: #005293; }<\/style>\n<p><i id=\"icon-1\" class=\"g1-icon g1-icon--none g1-icon--medium g1-icon--inherit fa fa-check-square\"><\/i><\/td>\n<\/tr>\n<tr>\n<td align=\"left\" valign=\"center\"><i>En caso de violaci\u00f3n de datos personales, nuestros procedimientos de respuesta son r\u00e1pidos y se llevan a cabo sin demora despu\u00e9s de que se detecte la anomal\u00eda<\/i><\/td>\n<td align=\"center\" valign=\"top\" width=\"100px\">\n<style type=\"text\/css\" scoped=\"scoped\">#icon-5.g1-icon { color: #005293; }<\/style>\n<p><i id=\"icon-1\" class=\"g1-icon g1-icon--none g1-icon--medium g1-icon--inherit fa fa-check-square\"><\/i><\/td>\n<\/tr>\n<tr>\n<td align=\"left\" valign=\"center\"><i>Hemos realizado la DPIA (Evaluaci\u00f3n de Impacto en la Protecci\u00f3n de Datos)<\/i><\/td>\n<td align=\"center\" valign=\"top\" width=\"100px\">\n<style type=\"text\/css\" scoped=\"scoped\">#icon-6.g1-icon { color: #005293; }<\/style>\n<p><i id=\"icon-1\" class=\"g1-icon g1-icon--none g1-icon--medium g1-icon--inherit fa fa-check-square\"><\/i><\/td>\n<\/tr>\n<tr>\n<td align=\"left\" valign=\"center\"><i>Hemos aplicado los principios del RGPD en varios aspectos del procesamiento de datos: actividades, objetivos, descripci\u00f3n de las categor\u00edas de destinatarios y posibles transferencias de datos<\/i><\/td>\n<td align=\"center\" valign=\"top\" width=\"100px\">\n<style type=\"text\/css\" scoped=\"scoped\">#icon-7.g1-icon { color: #005293; }<\/style>\n<p><i id=\"icon-1\" class=\"g1-icon g1-icon--none g1-icon--medium g1-icon--inherit fa fa-check-square\"><\/i><\/td>\n<\/tr>\n<tr>\n<td align=\"left\" valign=\"center\"><i>Nuestras medidas t\u00e9cnicas y organizativas fueron consolidadas<\/i><\/td>\n<td align=\"center\" valign=\"top\" width=\"100px\">\n<style type=\"text\/css\" scoped=\"scoped\">#icon-8.g1-icon { color: #005293; }<\/style>\n<p><i id=\"icon-1\" class=\"g1-icon g1-icon--none g1-icon--medium g1-icon--inherit fa fa-check-square\"><\/i><\/td>\n<\/tr>\n<tr>\n<td align=\"left\" valign=\"center\"><i>Garantizamos el derecho a la portabilidad de los datos del interesado desde y hacia sistemas de terceros<\/i><\/td>\n<td align=\"center\" valign=\"top\" width=\"100px\">\n<style type=\"text\/css\" scoped=\"scoped\">#icon-9.g1-icon { color: #005293; }<\/style>\n<p><i id=\"icon-1\" class=\"g1-icon g1-icon--none g1-icon--medium g1-icon--inherit fa fa-check-square\"><\/i><\/td>\n<\/tr>\n<tr>\n<td align=\"left\" valign=\"center\"><i>El nivel de protecci\u00f3n para la transferencia de datos a pa\u00edses no pertenecientes a la UE se ha reforzado con protocolos adecuados<\/i><\/td>\n<td align=\"center\" valign=\"top\" width=\"100px\">\n<style type=\"text\/css\" scoped=\"scoped\">#icon-10.g1-icon { color: #005293; }<\/style>\n<p><i id=\"icon-1\" class=\"g1-icon g1-icon--none g1-icon--medium g1-icon--inherit fa fa-check-square\"><\/i><\/td>\n<\/tr>\n<tr>\n<td align=\"left\" valign=\"center\"><i>Hace alg\u00fan tiempo adoptamos la Privacidad desde el dise\u00f1o, para implementar de manera eficiente los principios del RGPD en la protecci\u00f3n y el procesamiento de datos<\/i><\/td>\n<td align=\"center\" valign=\"top\" width=\"100px\">\n<style type=\"text\/css\" scoped=\"scoped\">#icon-11.g1-icon { color: #005293; }<\/style>\n<p><i id=\"icon-1\" class=\"g1-icon g1-icon--none g1-icon--medium g1-icon--inherit fa fa-check-square\"><\/i><\/td>\n<\/tr>\n<\/tbody>\n<\/table>\n<\/div>\n<p>&nbsp;<\/p>\n<h2>C\u00f3mo cumplir con el RGPD.<\/h2>\n<p><strong>Usted es el controlador de sus datos personales<\/strong> y urboSMTP procesa los datos personales en su nombre.<\/p>\n<p>Para ayudarle en sus actividades, le ofrecemos las herramientas m\u00e1s seguras y fiables, que cumplen con el RGPD.<\/p>\n<p>Le invitamos a consultar los siguientes consejos para que aprenda qu\u00e9 hacer para cumplir con las nuevas disposiciones de privacidad y c\u00f3mo utilizar correctamente TurboSMTP:<\/p>\n<ul id=\"g1-list-1\" class=\"g1-list--icon g1-list--simple \">\n<li><i class=\"fa fa-arrow-right g1-list__icon\"><\/i><strong>Proteja su PC con una contrase\u00f1a y un antivirus:<\/strong> nadie m\u00e1s podr\u00e1 acceder a sus datos.<\/li>\n<li><i class=\"fa fa-arrow-right g1-list__icon\"><\/i><strong>Preste atenci\u00f3n a nuestras nuevas condiciones de procesamiento de datos<\/strong>, actualizadas para cumplir con el RGPD.<\/li>\n<li><i class=\"fa fa-arrow-right g1-list__icon\"><\/i><strong>Cambie regularmente su contrase\u00f1a<\/strong> de inicio de sesi\u00f3n.<\/li>\n<li><i class=\"fa fa-arrow-right g1-list__icon\"><\/i><strong>Aseg\u00farese de que sus datos est\u00e9n protegidos<\/strong> cuando exporte sus datos desde turboSMTP.<\/li>\n<li><i class=\"fa fa-arrow-right g1-list__icon\"><\/i><strong>Si utiliza una API de terceros para importar sus datos<\/strong>, aseg\u00farese de tener un contrato actualizado sobre el procesamiento de datos que cumpla con el RGPD.<\/li>\n<\/ul>\n","protected":false},"excerpt":{"rendered":"<p>Proteger la privacidad de nuestros usuarios es una prioridad para nosotros, por eso tomamos las m\u00e1ximas medidas y adoptamos las mejores pr\u00e1cticas para la protecci\u00f3n de datos. Nuestro trabajo se basa en el principio de la Privacidad desde el Dise\u00f1o (Privacy by Design). Nuestra empresa ya ha elevado nuestros est\u00e1ndares, en cumplimiento con el RGPD &#8230; <\/p>\n<p class=\"read-more-container\"><a title=\"Regulation (EU) 2016\/679 &#8211; GDPR\ufeff\" class=\"read-more button\" href=\"https:\/\/serversmtp.com\/es\/regulation-eu-2016-679-gdpr\/#more-3868\" aria-label=\"Leer m\u00e1s sobre Regulation (EU) 2016\/679 &#8211; GDPR\ufeff\">Discover more<\/a><\/p>\n","protected":false},"author":1,"featured_media":0,"parent":0,"menu_order":0,"comment_status":"closed","ping_status":"closed","template":"","meta":{"_eb_attr":"","inline_featured_image":false,"_monsterinsights_skip_tracking":false,"_monsterinsights_sitenote_active":false,"_monsterinsights_sitenote_note":"","_monsterinsights_sitenote_category":0,"footnotes":""},"class_list":["post-3868","page","type-page","status-publish"],"yoast_head":"<!-- This site is optimized with the Yoast SEO plugin v25.3.1 - https:\/\/yoast.com\/wordpress\/plugins\/seo\/ -->\n<title>Regulation (EU) 2016\/679 - GDPR\ufeff - smtp mail server - professional SMTP service provider<\/title>\n<meta name=\"robots\" content=\"index, follow, max-snippet:-1, max-image-preview:large, max-video-preview:-1\" \/>\n<link rel=\"canonical\" href=\"https:\/\/serversmtp.com\/es\/regulation-eu-2016-679-gdpr\/\" \/>\n<meta name=\"twitter:label1\" content=\"Tiempo de lectura\" \/>\n\t<meta name=\"twitter:data1\" content=\"4 minutos\" \/>\n<!-- \/ Yoast SEO plugin. -->","yoast_head_json":{"title":"Regulation (EU) 2016\/679 - GDPR\ufeff - smtp mail server - professional SMTP service provider","robots":{"index":"index","follow":"follow","max-snippet":"max-snippet:-1","max-image-preview":"max-image-preview:large","max-video-preview":"max-video-preview:-1"},"canonical":"https:\/\/serversmtp.com\/es\/regulation-eu-2016-679-gdpr\/","twitter_misc":{"Tiempo de lectura":"4 minutos"},"schema":{"@context":"https:\/\/schema.org","@graph":[{"@type":"WebPage","@id":"https:\/\/serversmtp.com\/es\/regulation-eu-2016-679-gdpr\/","url":"https:\/\/serversmtp.com\/es\/regulation-eu-2016-679-gdpr\/","name":"Regulation (EU) 2016\/679 - GDPR\ufeff - smtp mail server - professional SMTP service provider","isPartOf":{"@id":"https:\/\/serversmtp.com\/fr\/#website"},"primaryImageOfPage":{"@id":"https:\/\/serversmtp.com\/es\/regulation-eu-2016-679-gdpr\/#primaryimage"},"image":{"@id":"https:\/\/serversmtp.com\/es\/regulation-eu-2016-679-gdpr\/#primaryimage"},"thumbnailUrl":"https:\/\/serversmtp.com\/wp-content\/uploads\/2018\/07\/servers_usa.png","datePublished":"2018-05-14T08:40:55+00:00","dateModified":"2024-09-03T08:31:29+00:00","breadcrumb":{"@id":"https:\/\/serversmtp.com\/es\/regulation-eu-2016-679-gdpr\/#breadcrumb"},"inLanguage":"es","potentialAction":[{"@type":"ReadAction","target":["https:\/\/serversmtp.com\/es\/regulation-eu-2016-679-gdpr\/"]}]},{"@type":"ImageObject","inLanguage":"es","@id":"https:\/\/serversmtp.com\/es\/regulation-eu-2016-679-gdpr\/#primaryimage","url":"https:\/\/serversmtp.com\/wp-content\/uploads\/2018\/07\/servers_usa.png","contentUrl":"https:\/\/serversmtp.com\/wp-content\/uploads\/2018\/07\/servers_usa.png"},{"@type":"BreadcrumbList","@id":"https:\/\/serversmtp.com\/es\/regulation-eu-2016-679-gdpr\/#breadcrumb","itemListElement":[{"@type":"ListItem","position":1,"name":"Home","item":"https:\/\/serversmtp.com\/es\/"},{"@type":"ListItem","position":2,"name":"Regulation (EU) 2016\/679 &#8211; GDPR\ufeff"}]},{"@type":"WebSite","@id":"https:\/\/serversmtp.com\/fr\/#website","url":"https:\/\/serversmtp.com\/fr\/","name":"smtp mail server - professional SMTP service provider","description":"smtp mail server - professional SMTP service provider","publisher":{"@id":"https:\/\/serversmtp.com\/fr\/#organization"},"potentialAction":[{"@type":"SearchAction","target":{"@type":"EntryPoint","urlTemplate":"https:\/\/serversmtp.com\/fr\/?s={search_term_string}"},"query-input":{"@type":"PropertyValueSpecification","valueRequired":true,"valueName":"search_term_string"}}],"inLanguage":"es"},{"@type":"Organization","@id":"https:\/\/serversmtp.com\/fr\/#organization","name":"Delivery Tech","url":"https:\/\/serversmtp.com\/fr\/","logo":{"@type":"ImageObject","inLanguage":"es","@id":"https:\/\/serversmtp.com\/fr\/#\/schema\/logo\/image\/","url":"https:\/\/serversmtp.com\/wp-content\/uploads\/2021\/11\/og-image-2.jpg","contentUrl":"https:\/\/serversmtp.com\/wp-content\/uploads\/2021\/11\/og-image-2.jpg","width":1200,"height":1128,"caption":"Delivery Tech"},"image":{"@id":"https:\/\/serversmtp.com\/fr\/#\/schema\/logo\/image\/"}}]}},"_links":{"self":[{"href":"https:\/\/serversmtp.com\/es\/wp-json\/wp\/v2\/pages\/3868"}],"collection":[{"href":"https:\/\/serversmtp.com\/es\/wp-json\/wp\/v2\/pages"}],"about":[{"href":"https:\/\/serversmtp.com\/es\/wp-json\/wp\/v2\/types\/page"}],"author":[{"embeddable":true,"href":"https:\/\/serversmtp.com\/es\/wp-json\/wp\/v2\/users\/1"}],"replies":[{"embeddable":true,"href":"https:\/\/serversmtp.com\/es\/wp-json\/wp\/v2\/comments?post=3868"}],"version-history":[{"count":8,"href":"https:\/\/serversmtp.com\/es\/wp-json\/wp\/v2\/pages\/3868\/revisions"}],"predecessor-version":[{"id":20581,"href":"https:\/\/serversmtp.com\/es\/wp-json\/wp\/v2\/pages\/3868\/revisions\/20581"}],"wp:attachment":[{"href":"https:\/\/serversmtp.com\/es\/wp-json\/wp\/v2\/media?parent=3868"}],"curies":[{"name":"wp","href":"https:\/\/api.w.org\/{rel}","templated":true}]}}