{"id":2580,"date":"2018-04-17T16:46:45","date_gmt":"2018-04-17T14:46:45","guid":{"rendered":"https:\/\/dev.serversmtp.com\/?page_id=2580"},"modified":"2026-05-09T21:58:03","modified_gmt":"2026-05-09T19:58:03","slug":"quienes-somos%ef%bb%bf","status":"publish","type":"page","link":"https:\/\/serversmtp.com\/es\/quienes-somos%ef%bb%bf\/","title":{"rendered":"Quienes somos\ufeff"},"content":{"rendered":"<p>Fundado en 2009, TurboSMTP es un proveedor SMTP\u00a0independiente que sirve a <strong>m\u00e1s de 100.000 clientes<\/strong> en seis continentes.<\/p>\n<p>Nuestros servicios pueden satisfacer las necesidades de cualquier empresa, que van desde los negocios caseros y peque\u00f1os para grandes proveedores de correo electr\u00f3nico, asegurando <strong>tasas<\/strong> <strong>m\u00e1ximas de entrega<\/strong> de correo electr\u00f3nico y que permite alcanzar la bandeja de entrada del destinatario evitando los filtros de spam y listas negras \/ gris.<\/p>\n<p>Nuestro esfuerzo se dirige siempre a nuestros clientes y sus necesidades, ofreciendo un <strong>servicio SMTP\u00a0<\/strong><strong>seguro y confiable <\/strong>con un soporte t\u00e9cnico profesional.<\/p>\n<h3>Edisplay srl<\/h3>\n<p>Via Palmanova 24<br \/>\n20132 Milano<br \/>\nItaly<\/p>\n<p>Viale del Lavoro 53,<br \/>\n08023 Fonni (NU)<br \/>\nItaly<\/p>\n","protected":false},"excerpt":{"rendered":"<p>Fundado en 2009, TurboSMTP es un proveedor SMTP\u00a0independiente que sirve a m\u00e1s de 100.000 clientes en seis continentes. Nuestros servicios pueden satisfacer las necesidades de cualquier empresa, que van desde los negocios caseros y peque\u00f1os para grandes proveedores de correo electr\u00f3nico, asegurando tasas m\u00e1ximas de entrega de correo electr\u00f3nico y que permite alcanzar la bandeja [&hellip;]<\/p>\n","protected":false},"author":3,"featured_media":0,"parent":0,"menu_order":0,"comment_status":"closed","ping_status":"closed","template":"g1_template_page_sidebar_right.php","meta":[],"yoast_head":"<!-- This site is optimized with the Yoast SEO plugin v16.4 - https:\/\/yoast.com\/wordpress\/plugins\/seo\/ -->\n<meta name=\"robots\" content=\"index, follow, max-snippet:-1, max-image-preview:large, max-video-preview:-1\" \/>\n<link rel=\"canonical\" href=\"https:\/\/serversmtp.com\/es\/quienes-somos\ufeff\/\" \/>\n<meta property=\"og:locale\" content=\"es_ES\" \/>\n<meta property=\"og:type\" content=\"article\" \/>\n<meta property=\"og:title\" content=\"Quienes somos\ufeff - smtp mail server - professional SMTP service provider\" \/>\n<meta property=\"og:description\" content=\"Fundado en 2009, TurboSMTP es un proveedor SMTP\u00a0independiente que sirve a m\u00e1s de 100.000 clientes en seis continentes. Nuestros servicios pueden satisfacer las necesidades de cualquier empresa, que van desde los negocios caseros y peque\u00f1os para grandes proveedores de correo electr\u00f3nico, asegurando tasas m\u00e1ximas de entrega de correo electr\u00f3nico y que permite alcanzar la bandeja [&hellip;]\" \/>\n<meta property=\"og:url\" content=\"https:\/\/serversmtp.com\/es\/quienes-somos\ufeff\/\" \/>\n<meta property=\"og:site_name\" content=\"smtp mail server - professional SMTP service provider\" \/>\n<meta property=\"article:modified_time\" content=\"2026-05-09T19:58:03+00:00\" \/>\n<meta name=\"twitter:card\" content=\"summary_large_image\" \/>\n<meta name=\"twitter:label1\" content=\"Tiempo de lectura\" \/>\n\t<meta name=\"twitter:data1\" content=\"1 minuto\" \/>\n<script type=\"application\/ld+json\" class=\"yoast-schema-graph\">{\"@context\":\"https:\/\/schema.org\",\"@graph\":[{\"@type\":\"WebSite\",\"@id\":\"http:\/\/serversmtp.com\/#website\",\"url\":\"http:\/\/serversmtp.com\/\",\"name\":\"smtp mail server - professional SMTP service provider\",\"description\":\"smtp mail server - professional SMTP service provider \",\"potentialAction\":[{\"@type\":\"SearchAction\",\"target\":\"http:\/\/serversmtp.com\/?s={search_term_string}\",\"query-input\":\"required name=search_term_string\"}],\"inLanguage\":\"es\"},{\"@type\":\"WebPage\",\"@id\":\"https:\/\/serversmtp.com\/es\/quienes-somos%ef%bb%bf\/#webpage\",\"url\":\"https:\/\/serversmtp.com\/es\/quienes-somos%ef%bb%bf\/\",\"name\":\"Quienes somos\\ufeff - smtp mail server - professional SMTP service provider\",\"isPartOf\":{\"@id\":\"http:\/\/serversmtp.com\/#website\"},\"datePublished\":\"2018-04-17T14:46:45+00:00\",\"dateModified\":\"2026-05-09T19:58:03+00:00\",\"breadcrumb\":{\"@id\":\"https:\/\/serversmtp.com\/es\/quienes-somos%ef%bb%bf\/#breadcrumb\"},\"inLanguage\":\"es\",\"potentialAction\":[{\"@type\":\"ReadAction\",\"target\":[\"https:\/\/serversmtp.com\/es\/quienes-somos%ef%bb%bf\/\"]}]},{\"@type\":\"BreadcrumbList\",\"@id\":\"https:\/\/serversmtp.com\/es\/quienes-somos%ef%bb%bf\/#breadcrumb\",\"itemListElement\":[{\"@type\":\"ListItem\",\"position\":1,\"item\":{\"@type\":\"WebPage\",\"@id\":\"https:\/\/staging.serversmtp.com\/es\/2559-2\/\",\"url\":\"https:\/\/staging.serversmtp.com\/es\/2559-2\/\",\"name\":\"Home\"}},{\"@type\":\"ListItem\",\"position\":2,\"item\":{\"@id\":\"https:\/\/serversmtp.com\/es\/quienes-somos%ef%bb%bf\/#webpage\"}}]}]}<\/script>\n<!-- \/ Yoast SEO plugin. -->","_links":{"self":[{"href":"https:\/\/serversmtp.com\/es\/wp-json\/wp\/v2\/pages\/2580"}],"collection":[{"href":"https:\/\/serversmtp.com\/es\/wp-json\/wp\/v2\/pages"}],"about":[{"href":"https:\/\/serversmtp.com\/es\/wp-json\/wp\/v2\/types\/page"}],"author":[{"embeddable":true,"href":"https:\/\/serversmtp.com\/es\/wp-json\/wp\/v2\/users\/3"}],"replies":[{"embeddable":true,"href":"https:\/\/serversmtp.com\/es\/wp-json\/wp\/v2\/comments?post=2580"}],"version-history":[{"count":3,"href":"https:\/\/serversmtp.com\/es\/wp-json\/wp\/v2\/pages\/2580\/revisions"}],"predecessor-version":[{"id":10012,"href":"https:\/\/serversmtp.com\/es\/wp-json\/wp\/v2\/pages\/2580\/revisions\/10012"}],"wp:attachment":[{"href":"https:\/\/serversmtp.com\/es\/wp-json\/wp\/v2\/media?parent=2580"}],"curies":[{"name":"wp","href":"https:\/\/api.w.org\/{rel}","templated":true}]}}