{"id":2577,"date":"2018-04-17T16:43:16","date_gmt":"2018-04-17T14:43:16","guid":{"rendered":"https:\/\/dev.serversmtp.com\/?page_id=2577"},"modified":"2018-08-29T17:26:42","modified_gmt":"2018-08-29T15:26:42","slug":"administrador-servidores-email","status":"publish","type":"page","link":"https:\/\/serversmtp.com\/es\/administrador-servidores-email\/","title":{"rendered":"Administrador de Servidores de Email"},"content":{"rendered":"<p>Conoce usted las <strong>tasas de entregas<\/strong> y <strong>reputaci\u00f3n<\/strong> de sus servidores de email?<br \/>\nSu servidor de email se encuentra en las <strong>listas blancas<\/strong> de todos los proveedores de email (Gmail, Hotmail, etc)?<br \/>\nSe encuentra su IP en <strong>listas blancas?<\/strong><\/p>\n<h3>Entrega de notificaciones por email<\/h3>\n<p>Si usted <strong>ofrece servicios<\/strong> en la web, o posee una <strong>tienda online<\/strong>, entonces probablemente usted env\u00ede <strong>notificaciones por email<\/strong>.<br \/>\nEstas constituyen la mejor forma de comunicar que una orden de compra ha sido recibida o enviar c\u00f3digos de licencias, c\u00f3digos de activaci\u00f3n, etc.<\/p>\n<p>turboSMTP le permite llegar a la bandeja de entrada de sus destinatarios, <strong>evitando los filtros antispam<\/strong> y <strong>listas negras\/grises<\/strong>.<\/p>\n<p>Nuestros servidores de email de \u00faltima tecnolog\u00eda son <strong>escalables<\/strong> y <strong>extremadamente confiables,<\/strong> han sido dise\u00f1ados para el env\u00edo de <strong>grandes cantidades de emails<\/strong> con la mayor <strong>velocidad<\/strong> posible y <strong>las mejores tasas de entrega<\/strong>.<\/p>\n<p>Existen muchos beneficios al optar por turboSMTP por sobre su servidor de SMTP habitual.<\/p>\n<ul>\n<li>Gran <strong>confiabilidad<\/strong><\/li>\n<li>Entrega <strong>r\u00e1pida<\/strong><\/li>\n<li><strong>Seguridad<\/strong> extendida<\/li>\n<li><strong>Retroalimentaci\u00f3n<\/strong> con los ISPs<\/li>\n<li><strong>Autenticaci\u00f3n de remitente\/SPF<\/strong><\/li>\n<li>Acceso a los <strong>registros de logs<\/strong> SMTP<\/li>\n<li><strong>Esquema de precios flexibles<\/strong><\/li>\n<\/ul>\n<p>turboSMTP es <strong>f\u00e1cil de integrar<\/strong> en todos los sistemas operativos de servidor y productos de software, incluyendo <strong>Microsoft Windows Server, Sendmail<\/strong> y <strong>Postfix.<\/strong><\/p>\n<p>Adem\u00e1s, nuestro <strong>equipo t\u00e9cnico experimentado<\/strong> estar\u00e1 listo para ayudarle <strong>24\/7\/365<\/strong>.<\/p>\n<h3>Experimente la diferencia<\/h3>\n<p>Ofrecemos una amplia <strong>variedad de servicios<\/strong> para que usted seleccione el que mejor se adapte a las necesidades de su empresa<\/p>\n<p>Si desea <strong>solicitar una cotizaci\u00f3n,<\/strong> por favor <span class=\"startLink\"><a title=\"Cotizaci\u00f3n de servicio de SMTP\" href=\"\/en\/contact.php\">contacte con nosotros<\/a><\/span><\/p>\n","protected":false},"excerpt":{"rendered":"<p>Conoce usted las tasas de entregas y reputaci\u00f3n de sus servidores de email? Su servidor de email se encuentra en las listas blancas de todos los proveedores de email (Gmail, Hotmail, etc)? Se encuentra su IP en listas blancas? Entrega de notificaciones por email Si usted ofrece servicios en la web, o posee una tienda &#8230; <\/p>\n<p class=\"read-more-container\"><a title=\"Administrador de Servidores de Email\" class=\"read-more button\" href=\"https:\/\/serversmtp.com\/es\/administrador-servidores-email\/#more-2577\" aria-label=\"Leer m\u00e1s sobre Administrador de Servidores de Email\">Discover more<\/a><\/p>\n","protected":false},"author":3,"featured_media":0,"parent":0,"menu_order":0,"comment_status":"closed","ping_status":"closed","template":"g1_template_page_sidebar_right.php","meta":{"_eb_attr":"","inline_featured_image":false,"_monsterinsights_skip_tracking":false,"_monsterinsights_sitenote_active":false,"_monsterinsights_sitenote_note":"","_monsterinsights_sitenote_category":0,"footnotes":""},"class_list":["post-2577","page","type-page","status-publish"],"yoast_head":"<!-- This site is optimized with the Yoast SEO plugin v25.3.1 - https:\/\/yoast.com\/wordpress\/plugins\/seo\/ -->\n<title>Administrador de Servidores de Email - smtp mail server - professional SMTP service provider<\/title>\n<meta name=\"robots\" content=\"index, follow, max-snippet:-1, max-image-preview:large, max-video-preview:-1\" \/>\n<link rel=\"canonical\" href=\"https:\/\/serversmtp.com\/es\/administrador-servidores-email\/\" \/>\n<meta name=\"twitter:label1\" content=\"Tiempo de lectura\" \/>\n\t<meta name=\"twitter:data1\" content=\"1 minuto\" \/>\n<!-- \/ Yoast SEO plugin. -->","yoast_head_json":{"title":"Administrador de Servidores de Email - smtp mail server - professional SMTP service provider","robots":{"index":"index","follow":"follow","max-snippet":"max-snippet:-1","max-image-preview":"max-image-preview:large","max-video-preview":"max-video-preview:-1"},"canonical":"https:\/\/serversmtp.com\/es\/administrador-servidores-email\/","twitter_misc":{"Tiempo de lectura":"1 minuto"},"schema":{"@context":"https:\/\/schema.org","@graph":[{"@type":"WebPage","@id":"https:\/\/serversmtp.com\/es\/administrador-servidores-email\/","url":"https:\/\/serversmtp.com\/es\/administrador-servidores-email\/","name":"Administrador de Servidores de Email - smtp mail server - professional SMTP service provider","isPartOf":{"@id":"https:\/\/serversmtp.com\/de\/#website"},"datePublished":"2018-04-17T14:43:16+00:00","dateModified":"2018-08-29T15:26:42+00:00","breadcrumb":{"@id":"https:\/\/serversmtp.com\/es\/administrador-servidores-email\/#breadcrumb"},"inLanguage":"es","potentialAction":[{"@type":"ReadAction","target":["https:\/\/serversmtp.com\/es\/administrador-servidores-email\/"]}]},{"@type":"BreadcrumbList","@id":"https:\/\/serversmtp.com\/es\/administrador-servidores-email\/#breadcrumb","itemListElement":[{"@type":"ListItem","position":1,"name":"Home","item":"https:\/\/serversmtp.com\/es\/"},{"@type":"ListItem","position":2,"name":"Administrador de Servidores de Email"}]},{"@type":"WebSite","@id":"https:\/\/serversmtp.com\/de\/#website","url":"https:\/\/serversmtp.com\/de\/","name":"smtp mail server - professional SMTP service provider","description":"smtp mail server - professional SMTP service provider","publisher":{"@id":"https:\/\/serversmtp.com\/de\/#organization"},"potentialAction":[{"@type":"SearchAction","target":{"@type":"EntryPoint","urlTemplate":"https:\/\/serversmtp.com\/de\/?s={search_term_string}"},"query-input":{"@type":"PropertyValueSpecification","valueRequired":true,"valueName":"search_term_string"}}],"inLanguage":"es"},{"@type":"Organization","@id":"https:\/\/serversmtp.com\/de\/#organization","name":"Delivery Tech","url":"https:\/\/serversmtp.com\/de\/","logo":{"@type":"ImageObject","inLanguage":"es","@id":"https:\/\/serversmtp.com\/de\/#\/schema\/logo\/image\/","url":"https:\/\/serversmtp.com\/wp-content\/uploads\/2021\/11\/og-image-2.jpg","contentUrl":"https:\/\/serversmtp.com\/wp-content\/uploads\/2021\/11\/og-image-2.jpg","width":1200,"height":1128,"caption":"Delivery Tech"},"image":{"@id":"https:\/\/serversmtp.com\/de\/#\/schema\/logo\/image\/"}}]}},"_links":{"self":[{"href":"https:\/\/serversmtp.com\/es\/wp-json\/wp\/v2\/pages\/2577"}],"collection":[{"href":"https:\/\/serversmtp.com\/es\/wp-json\/wp\/v2\/pages"}],"about":[{"href":"https:\/\/serversmtp.com\/es\/wp-json\/wp\/v2\/types\/page"}],"author":[{"embeddable":true,"href":"https:\/\/serversmtp.com\/es\/wp-json\/wp\/v2\/users\/3"}],"replies":[{"embeddable":true,"href":"https:\/\/serversmtp.com\/es\/wp-json\/wp\/v2\/comments?post=2577"}],"version-history":[{"count":2,"href":"https:\/\/serversmtp.com\/es\/wp-json\/wp\/v2\/pages\/2577\/revisions"}],"predecessor-version":[{"id":4906,"href":"https:\/\/serversmtp.com\/es\/wp-json\/wp\/v2\/pages\/2577\/revisions\/4906"}],"wp:attachment":[{"href":"https:\/\/serversmtp.com\/es\/wp-json\/wp\/v2\/media?parent=2577"}],"curies":[{"name":"wp","href":"https:\/\/api.w.org\/{rel}","templated":true}]}}