{"id":2575,"date":"2018-04-17T16:34:28","date_gmt":"2018-04-17T14:34:28","guid":{"rendered":"https:\/\/dev.serversmtp.com\/?page_id=2575"},"modified":"2018-08-29T16:34:56","modified_gmt":"2018-08-29T14:34:56","slug":"distribuidor-listas-correo","status":"publish","type":"page","link":"https:\/\/serversmtp.com\/es\/distribuidor-listas-correo\/","title":{"rendered":"Distribuidor de Listas de Correo"},"content":{"rendered":"<p>turboSMTP representa una forma efectiva en <strong>precio-prestaciones<\/strong> para distribuir sus listas de email y newsletters, ya sea que usted necesite enviar <strong>cientos o millones de emails.<\/strong><\/p>\n<p>Al comenzar a enviar una gran cantidad de emails, usted puede encontrarse con problemas de env\u00edos, los cu\u00e1les requieren de mucho tiempo y esfuerzo en su resoluci\u00f3n.<\/p>\n<p>Tan pronto como usted comience a usar turboSMTP en combinaci\u00f3n con su aplicaci\u00f3n de env\u00edo de correo masivo, <strong>no deber\u00e1 preocuparse<\/strong> por las <strong>listas negras, restricciones de ISP<\/strong> o escasa <strong>reputaci\u00f3n de email<\/strong>.<\/p>\n<p>Nuestros servidores <strong>registrados en listas blancas<\/strong> enviar\u00e1n sus emails y <strong>asegurar\u00e1n que realmente sean entregados a destino<\/strong> &#8211; ahorrando tiempo y otorgando <strong>mejores tasas de respuesta<\/strong>.<\/p>\n<p>turboSMTP funciona con <strong>todas las aplicaciones de correo electr\u00f3nico<\/strong>, incluyendo:<\/p>\n<ul>\n<li>Max Bulk Mailer<\/li>\n<li>G-Lock Easy Mail<\/li>\n<li>SendBlaster<\/li>\n<li>Infacta Group Mail<\/li>\n<\/ul>\n<p>y muchos m\u00e1s.<\/p>\n<h3>Experimente la diferencia<\/h3>\n<p>Ofrecemos diferentes planes de servicio para que usted pueda seleccionar el que mejor se adapte a las necesidades de su empresa.<\/p>\n<p class=\"startLink\"><a title=\"Comience a enviar sus emails con turboSMTP en minutos...\" href=\"\/es\/order.php\">Comience a enviar sus emails con turboSMTP en minutos&#8230;<\/a><\/p>\n","protected":false},"excerpt":{"rendered":"<p>turboSMTP representa una forma efectiva en precio-prestaciones para distribuir sus listas de email y newsletters, ya sea que usted necesite enviar cientos o millones de emails. Al comenzar a enviar una gran cantidad de emails, usted puede encontrarse con problemas de env\u00edos, los cu\u00e1les requieren de mucho tiempo y esfuerzo en su resoluci\u00f3n. Tan pronto [&hellip;]<\/p>\n","protected":false},"author":3,"featured_media":0,"parent":0,"menu_order":0,"comment_status":"closed","ping_status":"closed","template":"g1_template_page_sidebar_right.php","meta":[],"yoast_head":"<!-- This site is optimized with the Yoast SEO plugin v16.4 - https:\/\/yoast.com\/wordpress\/plugins\/seo\/ -->\n<meta name=\"robots\" content=\"index, follow, max-snippet:-1, max-image-preview:large, max-video-preview:-1\" \/>\n<link rel=\"canonical\" href=\"https:\/\/serversmtp.com\/es\/distribuidor-listas-correo\/\" \/>\n<meta property=\"og:locale\" content=\"es_ES\" \/>\n<meta property=\"og:type\" content=\"article\" \/>\n<meta property=\"og:title\" content=\"Distribuidor de Listas de Correo - smtp mail server - professional SMTP service provider\" \/>\n<meta property=\"og:description\" content=\"turboSMTP representa una forma efectiva en precio-prestaciones para distribuir sus listas de email y newsletters, ya sea que usted necesite enviar cientos o millones de emails. Al comenzar a enviar una gran cantidad de emails, usted puede encontrarse con problemas de env\u00edos, los cu\u00e1les requieren de mucho tiempo y esfuerzo en su resoluci\u00f3n. Tan pronto [&hellip;]\" \/>\n<meta property=\"og:url\" content=\"https:\/\/serversmtp.com\/es\/distribuidor-listas-correo\/\" \/>\n<meta property=\"og:site_name\" content=\"smtp mail server - professional SMTP service provider\" \/>\n<meta property=\"article:modified_time\" content=\"2018-08-29T14:34:56+00:00\" \/>\n<meta name=\"twitter:card\" content=\"summary_large_image\" \/>\n<meta name=\"twitter:label1\" content=\"Tiempo de lectura\" \/>\n\t<meta name=\"twitter:data1\" content=\"1 minuto\" \/>\n<script type=\"application\/ld+json\" class=\"yoast-schema-graph\">{\"@context\":\"https:\/\/schema.org\",\"@graph\":[{\"@type\":\"WebSite\",\"@id\":\"https:\/\/serversmtp.com\/#website\",\"url\":\"https:\/\/serversmtp.com\/\",\"name\":\"smtp mail server - professional SMTP service provider\",\"description\":\"smtp mail server - professional SMTP service provider \",\"potentialAction\":[{\"@type\":\"SearchAction\",\"target\":\"https:\/\/serversmtp.com\/?s={search_term_string}\",\"query-input\":\"required name=search_term_string\"}],\"inLanguage\":\"es\"},{\"@type\":\"WebPage\",\"@id\":\"https:\/\/serversmtp.com\/es\/distribuidor-listas-correo\/#webpage\",\"url\":\"https:\/\/serversmtp.com\/es\/distribuidor-listas-correo\/\",\"name\":\"Distribuidor de Listas de Correo - smtp mail server - professional SMTP service provider\",\"isPartOf\":{\"@id\":\"https:\/\/serversmtp.com\/#website\"},\"datePublished\":\"2018-04-17T14:34:28+00:00\",\"dateModified\":\"2018-08-29T14:34:56+00:00\",\"breadcrumb\":{\"@id\":\"https:\/\/serversmtp.com\/es\/distribuidor-listas-correo\/#breadcrumb\"},\"inLanguage\":\"es\",\"potentialAction\":[{\"@type\":\"ReadAction\",\"target\":[\"https:\/\/serversmtp.com\/es\/distribuidor-listas-correo\/\"]}]},{\"@type\":\"BreadcrumbList\",\"@id\":\"https:\/\/serversmtp.com\/es\/distribuidor-listas-correo\/#breadcrumb\",\"itemListElement\":[{\"@type\":\"ListItem\",\"position\":1,\"item\":{\"@type\":\"WebPage\",\"@id\":\"https:\/\/serversmtp.com\/es\/\",\"url\":\"https:\/\/serversmtp.com\/es\/\",\"name\":\"Home\"}},{\"@type\":\"ListItem\",\"position\":2,\"item\":{\"@id\":\"https:\/\/serversmtp.com\/es\/distribuidor-listas-correo\/#webpage\"}}]}]}<\/script>\n<!-- \/ Yoast SEO plugin. -->","_links":{"self":[{"href":"https:\/\/serversmtp.com\/es\/wp-json\/wp\/v2\/pages\/2575"}],"collection":[{"href":"https:\/\/serversmtp.com\/es\/wp-json\/wp\/v2\/pages"}],"about":[{"href":"https:\/\/serversmtp.com\/es\/wp-json\/wp\/v2\/types\/page"}],"author":[{"embeddable":true,"href":"https:\/\/serversmtp.com\/es\/wp-json\/wp\/v2\/users\/3"}],"replies":[{"embeddable":true,"href":"https:\/\/serversmtp.com\/es\/wp-json\/wp\/v2\/comments?post=2575"}],"version-history":[{"count":2,"href":"https:\/\/serversmtp.com\/es\/wp-json\/wp\/v2\/pages\/2575\/revisions"}],"predecessor-version":[{"id":4889,"href":"https:\/\/serversmtp.com\/es\/wp-json\/wp\/v2\/pages\/2575\/revisions\/4889"}],"wp:attachment":[{"href":"https:\/\/serversmtp.com\/es\/wp-json\/wp\/v2\/media?parent=2575"}],"curies":[{"name":"wp","href":"https:\/\/api.w.org\/{rel}","templated":true}]}}