{"id":2558,"date":"2018-04-17T16:28:50","date_gmt":"2018-04-17T14:28:50","guid":{"rendered":"https:\/\/dev.serversmtp.com\/?page_id=2558"},"modified":"2018-08-29T17:56:32","modified_gmt":"2018-08-29T15:56:32","slug":"smtp-hogar-pequenas-empresas","status":"publish","type":"page","link":"https:\/\/serversmtp.com\/es\/smtp-hogar-pequenas-empresas\/","title":{"rendered":"Hogar y Peque\u00f1as Empresas"},"content":{"rendered":"<p>turboSMTP resuelve todos sus problemas de emails diarios, permitiendo <strong>enviar todos sus emails personales y profesionales desde sus computadoras hogare\u00f1as y de oficina<\/strong>, utilizando <strong>cualquier direcci\u00f3n de email<\/strong> que usted posea.<\/p>\n<p>S\u00f3lo <strong>configure los par\u00e1metros SMTP una vez,<\/strong> en su laptop o computadora, y podr\u00e1 <strong>enviar emails con cualquier conexi\u00f3n a Internet,<\/strong> logrando <strong>las mejores tasas de entrega.<\/strong><\/p>\n<h3>Una cuenta, m\u00faltiples ventajas<\/h3>\n<p>Una cuenta de turboSMTP le asegura muchos <strong>beneficios<\/strong>:<\/p>\n<ul>\n<li>Enviar emails desde <strong>su propio dominio<\/strong><\/li>\n<li>Usar la <strong>misma configuraci\u00f3n SMTP<\/strong> en todas sus computadoras<\/li>\n<li>Direcciones de <strong>Remitente ilimitadas<\/strong><\/li>\n<li>Enviar <strong>emails a tiempo,<\/strong> evitando demoras o errores en los servidores de emails<\/li>\n<li><strong>Realizar un seguimiento<\/strong> sobre todo email saliente<\/li>\n<\/ul>\n<p>y muchos m\u00e1s &#8230;<\/p>\n<p>turboSMTP funciona con <strong>todos los clientes de correo electr\u00f3nico,<\/strong> incluyendo:<\/p>\n<ul>\n<li>Microsoft Outlook<\/li>\n<li>Microsoft Windows Mail<\/li>\n<li>Mozilla Thunderbird<\/li>\n<li>Mac de Apple Mail<\/li>\n<\/ul>\n<h3>Tutoriales<\/h3>\n<p>Nuestros <strong><a href=\"\/es\/knowledgebase.php?action=displaycat&amp;catid=1\">tutoriales paso a paso<\/a><\/strong> le ayudar\u00e1n a configurar todos los clientes de email con los par\u00e1metros de turboSMTP.<\/p>\n<h3>Experimente la diferencia<\/h3>\n<p>Ofrecemos <strong>diferentes servicios<\/strong> para que usted elija el que mejor se adapte a sus necesidades &#8211; desde s\u00f3lo $7.00 por mes.<\/p>\n<p class=\"startLink\"><a title=\"Comience a enviar sus emails con turboSMTP en minutos...\" href=\"\/es\/order.php\">Comience a enviar sus emails con turboSMTP en minutos&#8230;<\/a><\/p>\n","protected":false},"excerpt":{"rendered":"<p>turboSMTP resuelve todos sus problemas de emails diarios, permitiendo enviar todos sus emails personales y profesionales desde sus computadoras hogare\u00f1as y de oficina, utilizando cualquier direcci\u00f3n de email que usted posea. S\u00f3lo configure los par\u00e1metros SMTP una vez, en su laptop o computadora, y podr\u00e1 enviar emails con cualquier conexi\u00f3n a Internet, logrando las mejores &#8230; <\/p>\n<p class=\"read-more-container\"><a title=\"Hogar y Peque\u00f1as Empresas\" class=\"read-more button\" href=\"https:\/\/serversmtp.com\/es\/smtp-hogar-pequenas-empresas\/#more-2558\" aria-label=\"Leer m\u00e1s sobre Hogar y Peque\u00f1as Empresas\">Discover more<\/a><\/p>\n","protected":false},"author":3,"featured_media":0,"parent":0,"menu_order":0,"comment_status":"closed","ping_status":"closed","template":"g1_template_page_sidebar_right.php","meta":{"_eb_attr":"","inline_featured_image":false,"_monsterinsights_skip_tracking":false,"_monsterinsights_sitenote_active":false,"_monsterinsights_sitenote_note":"","_monsterinsights_sitenote_category":0,"footnotes":""},"class_list":["post-2558","page","type-page","status-publish"],"yoast_head":"<!-- This site is optimized with the Yoast SEO plugin v25.3.1 - https:\/\/yoast.com\/wordpress\/plugins\/seo\/ -->\n<title>Hogar y Peque\u00f1as Empresas - smtp mail server - professional SMTP service provider<\/title>\n<meta name=\"robots\" content=\"index, follow, max-snippet:-1, max-image-preview:large, max-video-preview:-1\" \/>\n<link rel=\"canonical\" href=\"https:\/\/serversmtp.com\/es\/smtp-hogar-pequenas-empresas\/\" \/>\n<meta name=\"twitter:label1\" content=\"Tiempo de lectura\" \/>\n\t<meta name=\"twitter:data1\" content=\"1 minuto\" \/>\n<!-- \/ Yoast SEO plugin. -->","yoast_head_json":{"title":"Hogar y Peque\u00f1as Empresas - smtp mail server - professional SMTP service provider","robots":{"index":"index","follow":"follow","max-snippet":"max-snippet:-1","max-image-preview":"max-image-preview:large","max-video-preview":"max-video-preview:-1"},"canonical":"https:\/\/serversmtp.com\/es\/smtp-hogar-pequenas-empresas\/","twitter_misc":{"Tiempo de lectura":"1 minuto"},"schema":{"@context":"https:\/\/schema.org","@graph":[{"@type":"WebPage","@id":"https:\/\/serversmtp.com\/es\/smtp-hogar-pequenas-empresas\/","url":"https:\/\/serversmtp.com\/es\/smtp-hogar-pequenas-empresas\/","name":"Hogar y Peque\u00f1as Empresas - smtp mail server - professional SMTP service provider","isPartOf":{"@id":"https:\/\/serversmtp.com\/de\/#website"},"datePublished":"2018-04-17T14:28:50+00:00","dateModified":"2018-08-29T15:56:32+00:00","breadcrumb":{"@id":"https:\/\/serversmtp.com\/es\/smtp-hogar-pequenas-empresas\/#breadcrumb"},"inLanguage":"es","potentialAction":[{"@type":"ReadAction","target":["https:\/\/serversmtp.com\/es\/smtp-hogar-pequenas-empresas\/"]}]},{"@type":"BreadcrumbList","@id":"https:\/\/serversmtp.com\/es\/smtp-hogar-pequenas-empresas\/#breadcrumb","itemListElement":[{"@type":"ListItem","position":1,"name":"Home","item":"https:\/\/serversmtp.com\/es\/"},{"@type":"ListItem","position":2,"name":"Hogar y Peque\u00f1as Empresas"}]},{"@type":"WebSite","@id":"https:\/\/serversmtp.com\/de\/#website","url":"https:\/\/serversmtp.com\/de\/","name":"smtp mail server - professional SMTP service provider","description":"smtp mail server - professional SMTP service provider","publisher":{"@id":"https:\/\/serversmtp.com\/de\/#organization"},"potentialAction":[{"@type":"SearchAction","target":{"@type":"EntryPoint","urlTemplate":"https:\/\/serversmtp.com\/de\/?s={search_term_string}"},"query-input":{"@type":"PropertyValueSpecification","valueRequired":true,"valueName":"search_term_string"}}],"inLanguage":"es"},{"@type":"Organization","@id":"https:\/\/serversmtp.com\/de\/#organization","name":"Delivery Tech","url":"https:\/\/serversmtp.com\/de\/","logo":{"@type":"ImageObject","inLanguage":"es","@id":"https:\/\/serversmtp.com\/de\/#\/schema\/logo\/image\/","url":"https:\/\/serversmtp.com\/wp-content\/uploads\/2021\/11\/og-image-2.jpg","contentUrl":"https:\/\/serversmtp.com\/wp-content\/uploads\/2021\/11\/og-image-2.jpg","width":1200,"height":1128,"caption":"Delivery Tech"},"image":{"@id":"https:\/\/serversmtp.com\/de\/#\/schema\/logo\/image\/"}}]}},"_links":{"self":[{"href":"https:\/\/serversmtp.com\/es\/wp-json\/wp\/v2\/pages\/2558"}],"collection":[{"href":"https:\/\/serversmtp.com\/es\/wp-json\/wp\/v2\/pages"}],"about":[{"href":"https:\/\/serversmtp.com\/es\/wp-json\/wp\/v2\/types\/page"}],"author":[{"embeddable":true,"href":"https:\/\/serversmtp.com\/es\/wp-json\/wp\/v2\/users\/3"}],"replies":[{"embeddable":true,"href":"https:\/\/serversmtp.com\/es\/wp-json\/wp\/v2\/comments?post=2558"}],"version-history":[{"count":3,"href":"https:\/\/serversmtp.com\/es\/wp-json\/wp\/v2\/pages\/2558\/revisions"}],"predecessor-version":[{"id":4921,"href":"https:\/\/serversmtp.com\/es\/wp-json\/wp\/v2\/pages\/2558\/revisions\/4921"}],"wp:attachment":[{"href":"https:\/\/serversmtp.com\/es\/wp-json\/wp\/v2\/media?parent=2558"}],"curies":[{"name":"wp","href":"https:\/\/api.w.org\/{rel}","templated":true}]}}