{"id":2550,"date":"2018-04-17T16:22:50","date_gmt":"2018-04-17T14:22:50","guid":{"rendered":"https:\/\/dev.serversmtp.com\/?page_id=2550"},"modified":"2018-08-29T17:52:02","modified_gmt":"2018-08-29T15:52:02","slug":"smtp-moviles-pda-iphone","status":"publish","type":"page","link":"https:\/\/serversmtp.com\/es\/smtp-moviles-pda-iphone\/","title":{"rendered":"Usuarios m\u00f3viles, de PDA y iPhone"},"content":{"rendered":"<p>&nbsp;<\/p>\n<p>turboSMTP es la soluci\u00f3n perfecta para el <strong>env\u00edo<\/strong> de <strong>correo electr\u00f3nico mientras est\u00e1 en marcha.<\/strong><\/p>\n<p>Si usted posee un tel\u00e9fono inteligente (smartphone) y\/o un iPhone podr\u00e1 enviar emails <strong>sin importar su ubicaci\u00f3n<\/strong>, <strong>con cualquier conexi\u00f3n a Internet<\/strong> que utilice.<\/p>\n<p>S\u00f3lo necesita <strong>establecer su configuraci\u00f3n SMTP una vez.<\/strong><\/p>\n<p>Ya sea que usted est\u00e1 utilizando una red privada de Wi-Fi, UMTS\/EDGE, un punto de acceso p\u00fablico Wi-Fi, etc., turboSMTP entregar\u00e1 sus emails en forma r\u00e1pida y segura.<\/p>\n<h3>Mantenga la productividad mientras se desplaza.<\/h3>\n<p>Algunos ISP pueden bloquear el env\u00edo emails con la finalidad de evitar el env\u00edo de spam. Con s\u00f3lo establecer su configuraci\u00f3n SMTP en su cliente de email m\u00f3vil, usted podr\u00e1 enviar <strong>emails desde cualquier direcci\u00f3n de email<\/strong> sin importar su ubicaci\u00f3n.<br \/>\nSin problemas.<\/p>\n<p>turboSMTP funciona con <strong>todos los dispositivos m\u00f3viles<\/strong> con acceso a Internet, incluyendo:<\/p>\n<ul>\n<li>Tel\u00e9fonos m\u00f3viles<\/li>\n<li>Smartphones<\/li>\n<li>iPhone\u00ae\/iPod touch\u00ae<\/li>\n<li>PDAs<\/li>\n<li>Netbooks<\/li>\n<\/ul>\n<h3>Experimente la diferencia.<\/h3>\n<p>Ofrecemos <strong>diferentes paquetes<\/strong> para que usted pueda elegir el que mejor se <strong>adapte a sus necesidades individuales<\/strong>, a partir de s\u00f3lo $ 7.00 por mes.<\/p>\n<p class=\"startLink\"><a title=\"Comience a enviar emails con turboSMTP en minutos...\" href=\"\/es\/order.php\">Comience a enviar emails con turboSMTP en minutos&#8230;<\/a><\/p>\n","protected":false},"excerpt":{"rendered":"<p>&nbsp; turboSMTP es la soluci\u00f3n perfecta para el env\u00edo de correo electr\u00f3nico mientras est\u00e1 en marcha. Si usted posee un tel\u00e9fono inteligente (smartphone) y\/o un iPhone podr\u00e1 enviar emails sin importar su ubicaci\u00f3n, con cualquier conexi\u00f3n a Internet que utilice. S\u00f3lo necesita establecer su configuraci\u00f3n SMTP una vez. Ya sea que usted est\u00e1 utilizando una &#8230; <\/p>\n<p class=\"read-more-container\"><a title=\"Usuarios m\u00f3viles, de PDA y iPhone\" class=\"read-more button\" href=\"https:\/\/serversmtp.com\/es\/smtp-moviles-pda-iphone\/#more-2550\" aria-label=\"Leer m\u00e1s sobre Usuarios m\u00f3viles, de PDA y iPhone\">Discover more<\/a><\/p>\n","protected":false},"author":3,"featured_media":0,"parent":0,"menu_order":0,"comment_status":"closed","ping_status":"closed","template":"g1_template_page_sidebar_right.php","meta":{"_eb_attr":"","inline_featured_image":false,"_monsterinsights_skip_tracking":false,"_monsterinsights_sitenote_active":false,"_monsterinsights_sitenote_note":"","_monsterinsights_sitenote_category":0,"footnotes":""},"class_list":["post-2550","page","type-page","status-publish"],"yoast_head":"<!-- This site is optimized with the Yoast SEO plugin v25.3.1 - https:\/\/yoast.com\/wordpress\/plugins\/seo\/ -->\n<title>Usuarios m\u00f3viles, de PDA y iPhone - smtp mail server - professional SMTP service provider<\/title>\n<meta name=\"robots\" content=\"index, follow, max-snippet:-1, max-image-preview:large, max-video-preview:-1\" \/>\n<link rel=\"canonical\" href=\"https:\/\/serversmtp.com\/es\/smtp-moviles-pda-iphone\/\" \/>\n<meta name=\"twitter:label1\" content=\"Tiempo de lectura\" \/>\n\t<meta name=\"twitter:data1\" content=\"1 minuto\" \/>\n<!-- \/ Yoast SEO plugin. -->","yoast_head_json":{"title":"Usuarios m\u00f3viles, de PDA y iPhone - smtp mail server - professional SMTP service provider","robots":{"index":"index","follow":"follow","max-snippet":"max-snippet:-1","max-image-preview":"max-image-preview:large","max-video-preview":"max-video-preview:-1"},"canonical":"https:\/\/serversmtp.com\/es\/smtp-moviles-pda-iphone\/","twitter_misc":{"Tiempo de lectura":"1 minuto"},"schema":{"@context":"https:\/\/schema.org","@graph":[{"@type":"WebPage","@id":"https:\/\/serversmtp.com\/es\/smtp-moviles-pda-iphone\/","url":"https:\/\/serversmtp.com\/es\/smtp-moviles-pda-iphone\/","name":"Usuarios m\u00f3viles, de PDA y iPhone - smtp mail server - professional SMTP service provider","isPartOf":{"@id":"https:\/\/serversmtp.com\/it\/#website"},"datePublished":"2018-04-17T14:22:50+00:00","dateModified":"2018-08-29T15:52:02+00:00","breadcrumb":{"@id":"https:\/\/serversmtp.com\/es\/smtp-moviles-pda-iphone\/#breadcrumb"},"inLanguage":"es","potentialAction":[{"@type":"ReadAction","target":["https:\/\/serversmtp.com\/es\/smtp-moviles-pda-iphone\/"]}]},{"@type":"BreadcrumbList","@id":"https:\/\/serversmtp.com\/es\/smtp-moviles-pda-iphone\/#breadcrumb","itemListElement":[{"@type":"ListItem","position":1,"name":"Home","item":"https:\/\/serversmtp.com\/es\/"},{"@type":"ListItem","position":2,"name":"Usuarios m\u00f3viles, de PDA y iPhone"}]},{"@type":"WebSite","@id":"https:\/\/serversmtp.com\/it\/#website","url":"https:\/\/serversmtp.com\/it\/","name":"smtp mail server - professional SMTP service provider","description":"smtp mail server - professional SMTP service provider","publisher":{"@id":"https:\/\/serversmtp.com\/it\/#organization"},"potentialAction":[{"@type":"SearchAction","target":{"@type":"EntryPoint","urlTemplate":"https:\/\/serversmtp.com\/it\/?s={search_term_string}"},"query-input":{"@type":"PropertyValueSpecification","valueRequired":true,"valueName":"search_term_string"}}],"inLanguage":"es"},{"@type":"Organization","@id":"https:\/\/serversmtp.com\/it\/#organization","name":"Delivery Tech","url":"https:\/\/serversmtp.com\/it\/","logo":{"@type":"ImageObject","inLanguage":"es","@id":"https:\/\/serversmtp.com\/it\/#\/schema\/logo\/image\/","url":"https:\/\/serversmtp.com\/wp-content\/uploads\/2021\/11\/og-image-2.jpg","contentUrl":"https:\/\/serversmtp.com\/wp-content\/uploads\/2021\/11\/og-image-2.jpg","width":1200,"height":1128,"caption":"Delivery Tech"},"image":{"@id":"https:\/\/serversmtp.com\/it\/#\/schema\/logo\/image\/"}}]}},"_links":{"self":[{"href":"https:\/\/serversmtp.com\/es\/wp-json\/wp\/v2\/pages\/2550"}],"collection":[{"href":"https:\/\/serversmtp.com\/es\/wp-json\/wp\/v2\/pages"}],"about":[{"href":"https:\/\/serversmtp.com\/es\/wp-json\/wp\/v2\/types\/page"}],"author":[{"embeddable":true,"href":"https:\/\/serversmtp.com\/es\/wp-json\/wp\/v2\/users\/3"}],"replies":[{"embeddable":true,"href":"https:\/\/serversmtp.com\/es\/wp-json\/wp\/v2\/comments?post=2550"}],"version-history":[{"count":2,"href":"https:\/\/serversmtp.com\/es\/wp-json\/wp\/v2\/pages\/2550\/revisions"}],"predecessor-version":[{"id":4916,"href":"https:\/\/serversmtp.com\/es\/wp-json\/wp\/v2\/pages\/2550\/revisions\/4916"}],"wp:attachment":[{"href":"https:\/\/serversmtp.com\/es\/wp-json\/wp\/v2\/media?parent=2550"}],"curies":[{"name":"wp","href":"https:\/\/api.w.org\/{rel}","templated":true}]}}