{"id":2450,"date":"2018-04-13T18:39:05","date_gmt":"2018-04-13T16:39:05","guid":{"rendered":"https:\/\/dev.serversmtp.com\/?page_id=2450"},"modified":"2025-10-23T09:30:48","modified_gmt":"2025-10-23T07:30:48","slug":"smtp-ipad-configuracion","status":"publish","type":"page","link":"https:\/\/serversmtp.com\/es\/smtp-ipad-configuracion\/","title":{"rendered":"Configuraci\u00f3n SMTP para iPad"},"content":{"rendered":"<p>Para lograr que el cliente de email de su <strong>iPad<\/strong> funcione correctamente y entregue sus emails, necesita configurar las <strong>opciones SMTP<\/strong>.<\/p>\n<p>No es de sorprender que iPad provea una de las herramientas m\u00e1s utilizadas para enviar emails en movimiento: es pr\u00e1ctica y posee un excelente dise\u00f1o para convertirse en el dispositivo para correos por excelencia.<\/p>\n<p>Recuerde que de todas formas, si utiliza un servidor SMTP normal tal como los ofrecidos por Gmail o Hotmail, <strong>necesitar\u00e1 cambiar la configuraci\u00f3n<\/strong> cada vez que cambie la conexi\u00f3n a internet.<\/p>\n<p>Para evitar este problema, puede optar por un <strong><a title=\"servidor smtp profesional\" href=\"\/es\/signup\">servicio SMTP profesional que funcione con cualquier ISP<\/a><\/strong> (siendo ideal para los viajes y el uso con el iPad para comprobar sus mensajes).<\/p>\n<p>Y esta es la forma de configurar un servidor SMTP para su iPad.<\/p>\n<p><strong>1.<\/strong> Seleccione \u201cConfiguraci\u00f3n &gt; Mail, Contactos, Calendarios\u201d.<\/p>\n<p><strong>2<\/strong>. Escriba la direcci\u00f3n de email desde la que desea enviar emails (o agregue una nueva si es el caso).<\/p>\n<p><strong>3.<\/strong> Ingrese \u201cSMTP\u201d bajo \u201cServidor de Correo Saliente\u201d.<\/p>\n<p><strong>4.<\/strong> Ingrese \u201cAgregar Servidor&#8230;\u201d<\/p>\n<p><strong>5.<\/strong> Ingrese la siguiente informaci\u00f3n:<\/p>\n<ul>\n<li><strong>Nombre de host<\/strong>: el nombre de su servidor SMTP. Si no lo conoce, puede observar nuestra lista de par\u00e1metros de servidores salientes.<\/li>\n<li><strong>Nombre de usuario<\/strong>: su direcci\u00f3n de email (si usa turboSMTP, debe ingresar en su lugar su Consumer Key \u2014 <a href=\"https:\/\/serversmtp.com\/es\/que-son-las-api-key-y-como-crearlas-con-turbosmtp-una-guia-completa\/\" title=\"C\u00f3mo crear tus API Keys\" target=\"_blank\" rel=\"noopener\">ver c\u00f3mo crear tus API Keys<\/a>).<\/li>\n<li><strong>Contrase\u00f1a<\/strong>: la contrase\u00f1a elegida (si usa turboSMTP, debe ingresar en su lugar su Consumer Secret \u2014 <a href=\"https:\/\/serversmtp.com\/es\/que-son-las-api-key-y-como-crearlas-con-turbosmtp-una-guia-completa\/\" title=\"C\u00f3mo crear tus API Keys\" target=\"_blank\" rel=\"noopener\">ver c\u00f3mo crear tus API Keys<\/a>).<\/li>\n<li><strong>Usar SSL<\/strong>: active esta opci\u00f3n.<\/li>\n<li><strong>Autenticaci\u00f3n<\/strong>: ingrese y seleccione \u201cContrase\u00f1a\u201d; ingrese su contrase\u00f1a (si usa turboSMTP, debe ingresar en su lugar su Consumer Secret \u2014 <a href=\"https:\/\/serversmtp.com\/es\/que-son-las-api-key-y-como-crearlas-con-turbosmtp-una-guia-completa\/\" title=\"C\u00f3mo crear tus API Keys\" target=\"_blank\" rel=\"noopener\">ver c\u00f3mo crear tus API Keys<\/a>).<\/li>\n<li><strong>Puerto de servidor<\/strong>: el puerto por defecto es el 25 pero algunos proveedores bloquean este puerto debido al incremento de spam; por ello puede <a title=\"puerto smtp\" href=\"\/es\/puerto-smtp\">seleccionar uno distinto<\/a>.<\/li>\n<\/ul>\n<p><strong>6.<\/strong> Marque \u201cListo\u201d y estar\u00e1 listo para enviar emails!<\/p>\n","protected":false},"excerpt":{"rendered":"<p>Para lograr que el cliente de email de su iPad funcione correctamente y entregue sus emails, necesita configurar las opciones SMTP. No es de sorprender que iPad provea una de las herramientas m\u00e1s utilizadas para enviar emails en movimiento: es pr\u00e1ctica y posee un excelente dise\u00f1o para convertirse en el dispositivo para correos por excelencia. &#8230; <\/p>\n<p class=\"read-more-container\"><a title=\"Configuraci\u00f3n SMTP para iPad\" class=\"read-more button\" href=\"https:\/\/serversmtp.com\/es\/smtp-ipad-configuracion\/#more-2450\" aria-label=\"Leer m\u00e1s sobre Configuraci\u00f3n SMTP para iPad\">Discover more<\/a><\/p>\n","protected":false},"author":3,"featured_media":0,"parent":0,"menu_order":0,"comment_status":"closed","ping_status":"closed","template":"","meta":{"_eb_attr":"","inline_featured_image":false,"_monsterinsights_skip_tracking":false,"_monsterinsights_sitenote_active":false,"_monsterinsights_sitenote_note":"","_monsterinsights_sitenote_category":0,"footnotes":""},"class_list":["post-2450","page","type-page","status-publish"],"yoast_head":"<!-- This site is optimized with the Yoast SEO plugin v25.3.1 - https:\/\/yoast.com\/wordpress\/plugins\/seo\/ -->\n<title>Configuraci\u00f3n SMTP para iPad - smtp mail server - professional SMTP service provider<\/title>\n<meta name=\"robots\" content=\"index, follow, max-snippet:-1, max-image-preview:large, max-video-preview:-1\" \/>\n<link rel=\"canonical\" href=\"https:\/\/serversmtp.com\/es\/smtp-ipad-configuracion\/\" \/>\n<meta name=\"twitter:label1\" content=\"Tiempo de lectura\" \/>\n\t<meta name=\"twitter:data1\" content=\"2 minutos\" \/>\n<!-- \/ Yoast SEO plugin. -->","yoast_head_json":{"title":"Configuraci\u00f3n SMTP para iPad - smtp mail server - professional SMTP service provider","robots":{"index":"index","follow":"follow","max-snippet":"max-snippet:-1","max-image-preview":"max-image-preview:large","max-video-preview":"max-video-preview:-1"},"canonical":"https:\/\/serversmtp.com\/es\/smtp-ipad-configuracion\/","twitter_misc":{"Tiempo de lectura":"2 minutos"},"schema":{"@context":"https:\/\/schema.org","@graph":[{"@type":"WebPage","@id":"https:\/\/serversmtp.com\/es\/smtp-ipad-configuracion\/","url":"https:\/\/serversmtp.com\/es\/smtp-ipad-configuracion\/","name":"Configuraci\u00f3n SMTP para iPad - smtp mail server - professional SMTP service provider","isPartOf":{"@id":"https:\/\/serversmtp.com\/de\/#website"},"datePublished":"2018-04-13T16:39:05+00:00","dateModified":"2025-10-23T07:30:48+00:00","breadcrumb":{"@id":"https:\/\/serversmtp.com\/es\/smtp-ipad-configuracion\/#breadcrumb"},"inLanguage":"es","potentialAction":[{"@type":"ReadAction","target":["https:\/\/serversmtp.com\/es\/smtp-ipad-configuracion\/"]}]},{"@type":"BreadcrumbList","@id":"https:\/\/serversmtp.com\/es\/smtp-ipad-configuracion\/#breadcrumb","itemListElement":[{"@type":"ListItem","position":1,"name":"Home","item":"https:\/\/serversmtp.com\/es\/"},{"@type":"ListItem","position":2,"name":"Configuraci\u00f3n SMTP para iPad"}]},{"@type":"WebSite","@id":"https:\/\/serversmtp.com\/de\/#website","url":"https:\/\/serversmtp.com\/de\/","name":"smtp mail server - professional SMTP service provider","description":"smtp mail server - professional SMTP service provider","publisher":{"@id":"https:\/\/serversmtp.com\/de\/#organization"},"potentialAction":[{"@type":"SearchAction","target":{"@type":"EntryPoint","urlTemplate":"https:\/\/serversmtp.com\/de\/?s={search_term_string}"},"query-input":{"@type":"PropertyValueSpecification","valueRequired":true,"valueName":"search_term_string"}}],"inLanguage":"es"},{"@type":"Organization","@id":"https:\/\/serversmtp.com\/de\/#organization","name":"Delivery Tech","url":"https:\/\/serversmtp.com\/de\/","logo":{"@type":"ImageObject","inLanguage":"es","@id":"https:\/\/serversmtp.com\/de\/#\/schema\/logo\/image\/","url":"https:\/\/serversmtp.com\/wp-content\/uploads\/2021\/11\/og-image-2.jpg","contentUrl":"https:\/\/serversmtp.com\/wp-content\/uploads\/2021\/11\/og-image-2.jpg","width":1200,"height":1128,"caption":"Delivery Tech"},"image":{"@id":"https:\/\/serversmtp.com\/de\/#\/schema\/logo\/image\/"}}]}},"_links":{"self":[{"href":"https:\/\/serversmtp.com\/es\/wp-json\/wp\/v2\/pages\/2450"}],"collection":[{"href":"https:\/\/serversmtp.com\/es\/wp-json\/wp\/v2\/pages"}],"about":[{"href":"https:\/\/serversmtp.com\/es\/wp-json\/wp\/v2\/types\/page"}],"author":[{"embeddable":true,"href":"https:\/\/serversmtp.com\/es\/wp-json\/wp\/v2\/users\/3"}],"replies":[{"embeddable":true,"href":"https:\/\/serversmtp.com\/es\/wp-json\/wp\/v2\/comments?post=2450"}],"version-history":[{"count":5,"href":"https:\/\/serversmtp.com\/es\/wp-json\/wp\/v2\/pages\/2450\/revisions"}],"predecessor-version":[{"id":22550,"href":"https:\/\/serversmtp.com\/es\/wp-json\/wp\/v2\/pages\/2450\/revisions\/22550"}],"wp:attachment":[{"href":"https:\/\/serversmtp.com\/es\/wp-json\/wp\/v2\/media?parent=2450"}],"curies":[{"name":"wp","href":"https:\/\/api.w.org\/{rel}","templated":true}]}}