{"id":2437,"date":"2018-04-13T18:32:18","date_gmt":"2018-04-13T16:32:18","guid":{"rendered":"https:\/\/dev.serversmtp.com\/?page_id=2437"},"modified":"2018-04-18T15:20:24","modified_gmt":"2018-04-18T13:20:24","slug":"smtp-para-movil","status":"publish","type":"page","link":"https:\/\/serversmtp.com\/es\/smtp-para-movil\/","title":{"rendered":"SMTP para m\u00f3\ufeffvil"},"content":{"rendered":"<p>La configuraci\u00f3n del SMTP para enviar mensajes de correo electr\u00f3nico cuando se utiliza un instrumento como el iPhone o el iPad.<\/p>\n<div class=\"lpCategoryList\">\n<h2><a title=\"configuraci\u00f3n SMTP iphone\" href=\"\/es\/smtp-iphone-configuracion\">Configuraci\u00f3n\u00a0SMTP para iPhone<\/a><\/h2>\n<p>Como se configura un servidor SMTP para enviar correos electronicos con su iPhone.<\/p>\n<h2><a title=\"configuracion smtp iPad\" href=\"\/es\/smtp-ipad-configuracion\">Configuraci\u00f3n SMTP para iPad<\/a><\/h2>\n<p>Para lograr que el cliente de email de su iPad funcione correctamente y entregue sus emails, necesita configurar las opciones SMTP.<\/p>\n<\/div>\n","protected":false},"excerpt":{"rendered":"<p>La configuraci\u00f3n del SMTP para enviar mensajes de correo electr\u00f3nico cuando se utiliza un instrumento como el iPhone o el iPad. Configuraci\u00f3n\u00a0SMTP para iPhone Como se configura un servidor SMTP para enviar correos electronicos con su iPhone. Configuraci\u00f3n SMTP para iPad Para lograr que el cliente de email de su iPad funcione correctamente y entregue [&hellip;]<\/p>\n","protected":false},"author":3,"featured_media":0,"parent":0,"menu_order":0,"comment_status":"closed","ping_status":"closed","template":"g1_template_page_sidebar_right.php","meta":[],"yoast_head":"<!-- This site is optimized with the Yoast SEO plugin v16.4 - https:\/\/yoast.com\/wordpress\/plugins\/seo\/ -->\n<meta name=\"robots\" content=\"index, follow, max-snippet:-1, max-image-preview:large, max-video-preview:-1\" \/>\n<link rel=\"canonical\" href=\"https:\/\/serversmtp.com\/es\/smtp-para-movil\/\" \/>\n<meta property=\"og:locale\" content=\"es_ES\" \/>\n<meta property=\"og:type\" content=\"article\" \/>\n<meta property=\"og:title\" content=\"SMTP para m\u00f3\ufeffvil - smtp mail server - professional SMTP service provider\" \/>\n<meta property=\"og:description\" content=\"La configuraci\u00f3n del SMTP para enviar mensajes de correo electr\u00f3nico cuando se utiliza un instrumento como el iPhone o el iPad. Configuraci\u00f3n\u00a0SMTP para iPhone Como se configura un servidor SMTP para enviar correos electronicos con su iPhone. Configuraci\u00f3n SMTP para iPad Para lograr que el cliente de email de su iPad funcione correctamente y entregue [&hellip;]\" \/>\n<meta property=\"og:url\" content=\"https:\/\/serversmtp.com\/es\/smtp-para-movil\/\" \/>\n<meta property=\"og:site_name\" content=\"smtp mail server - professional SMTP service provider\" \/>\n<meta property=\"article:modified_time\" content=\"2018-04-18T13:20:24+00:00\" \/>\n<meta name=\"twitter:card\" content=\"summary_large_image\" \/>\n<script type=\"application\/ld+json\" class=\"yoast-schema-graph\">{\"@context\":\"https:\/\/schema.org\",\"@graph\":[{\"@type\":\"WebSite\",\"@id\":\"https:\/\/serversmtp.com\/#website\",\"url\":\"https:\/\/serversmtp.com\/\",\"name\":\"smtp mail server - professional SMTP service provider\",\"description\":\"smtp mail server - professional SMTP service provider \",\"potentialAction\":[{\"@type\":\"SearchAction\",\"target\":\"https:\/\/serversmtp.com\/?s={search_term_string}\",\"query-input\":\"required name=search_term_string\"}],\"inLanguage\":\"es\"},{\"@type\":\"WebPage\",\"@id\":\"https:\/\/serversmtp.com\/es\/smtp-para-movil\/#webpage\",\"url\":\"https:\/\/serversmtp.com\/es\/smtp-para-movil\/\",\"name\":\"SMTP para m\\u00f3\\ufeffvil - smtp mail server - professional SMTP service provider\",\"isPartOf\":{\"@id\":\"https:\/\/serversmtp.com\/#website\"},\"datePublished\":\"2018-04-13T16:32:18+00:00\",\"dateModified\":\"2018-04-18T13:20:24+00:00\",\"breadcrumb\":{\"@id\":\"https:\/\/serversmtp.com\/es\/smtp-para-movil\/#breadcrumb\"},\"inLanguage\":\"es\",\"potentialAction\":[{\"@type\":\"ReadAction\",\"target\":[\"https:\/\/serversmtp.com\/es\/smtp-para-movil\/\"]}]},{\"@type\":\"BreadcrumbList\",\"@id\":\"https:\/\/serversmtp.com\/es\/smtp-para-movil\/#breadcrumb\",\"itemListElement\":[{\"@type\":\"ListItem\",\"position\":1,\"item\":{\"@type\":\"WebPage\",\"@id\":\"https:\/\/serversmtp.com\/es\/\",\"url\":\"https:\/\/serversmtp.com\/es\/\",\"name\":\"Home\"}},{\"@type\":\"ListItem\",\"position\":2,\"item\":{\"@id\":\"https:\/\/serversmtp.com\/es\/smtp-para-movil\/#webpage\"}}]}]}<\/script>\n<!-- \/ Yoast SEO plugin. -->","_links":{"self":[{"href":"https:\/\/serversmtp.com\/es\/wp-json\/wp\/v2\/pages\/2437"}],"collection":[{"href":"https:\/\/serversmtp.com\/es\/wp-json\/wp\/v2\/pages"}],"about":[{"href":"https:\/\/serversmtp.com\/es\/wp-json\/wp\/v2\/types\/page"}],"author":[{"embeddable":true,"href":"https:\/\/serversmtp.com\/es\/wp-json\/wp\/v2\/users\/3"}],"replies":[{"embeddable":true,"href":"https:\/\/serversmtp.com\/es\/wp-json\/wp\/v2\/comments?post=2437"}],"version-history":[{"count":2,"href":"https:\/\/serversmtp.com\/es\/wp-json\/wp\/v2\/pages\/2437\/revisions"}],"predecessor-version":[{"id":2439,"href":"https:\/\/serversmtp.com\/es\/wp-json\/wp\/v2\/pages\/2437\/revisions\/2439"}],"wp:attachment":[{"href":"https:\/\/serversmtp.com\/es\/wp-json\/wp\/v2\/media?parent=2437"}],"curies":[{"name":"wp","href":"https:\/\/api.w.org\/{rel}","templated":true}]}}