{"id":2434,"date":"2018-04-13T18:29:18","date_gmt":"2018-04-13T16:29:18","guid":{"rendered":"https:\/\/dev.serversmtp.com\/?page_id=2434"},"modified":"2022-02-10T16:14:42","modified_gmt":"2022-02-10T15:14:42","slug":"envio-correos-electronicos","status":"publish","type":"page","link":"https:\/\/serversmtp.com\/es\/envio-correos-electronicos\/","title":{"rendered":"Envio de correos\ufeff electronicos"},"content":{"rendered":"<p>Qu\u00e9 hay detr\u00e1s del acto de pulsar &#8220;Enviar&#8221;, y c\u00f3mo hacer que funcione perfectamente.<\/p>\n<div class=\"lpCategoryList\">\n<h2><a title=\"Servidor de entraga emails\" href=\"\/es\/servicio-entrega-emails\">Servidor de entrega emails<\/a><\/h2>\n<p>Un\u00a0servicio de entrega de emails\u00a0es esencial en lo respectivo a los correos masivos, de marketing y transaccionales.<\/p>\n<h2><a title=\"SMTP ilimitado\" href=\"\/es\/smtp-ilimitado\">SMTP ilimitado<\/a><\/h2>\n<p>Si usted est\u00e1 iniciando una campa\u00f1a de email y necesita enviar un newsletter a una gran cantidad de cuentas, necesita utilizar un servidor SMTP ilimitado y profesional.<\/p>\n<h2><a title=\"servidor de correo saliente\" href=\"\/es\/servidor-correo-saliente\">Servidor de correo saliente<\/a><\/h2>\n<p>Seleccionar el servidor de correo saliente es esencial en lo relativo al marketing por email; pero no s\u00f3lo en este.<\/p>\n<h2><a title=\"Como enviar un correo masivo\" href=\"\/es\/enviar-correo-masivo\">Como env\u00edar un correo masivo<\/a><\/h2>\n<p>Cuando se trata de enviar un correo masivo, s\u00f3lo un servidor SMTP profesional puede hacer el trabajo correctamente.<\/p>\n<h2><a title=\"Como env\u00edar un email transaccional\" href=\"\/es\/enviar-email-transaccional\">Como env\u00edar una email transaccional<\/a><\/h2>\n<p>Las emails transaccionales tienen las tasas de apertura m\u00e1s altas, ya que son una respuesta directa a una acci\u00f3n anterior.<\/p>\n<\/div>\n","protected":false},"excerpt":{"rendered":"<p>Qu\u00e9 hay detr\u00e1s del acto de pulsar &#8220;Enviar&#8221;, y c\u00f3mo hacer que funcione perfectamente. Servidor de entrega emails Un\u00a0servicio de entrega de emails\u00a0es esencial en lo respectivo a los correos masivos, de marketing y transaccionales. SMTP ilimitado Si usted est\u00e1 iniciando una campa\u00f1a de email y necesita enviar un newsletter a una gran cantidad de &#8230; <\/p>\n<p class=\"read-more-container\"><a title=\"Envio de correos\ufeff electronicos\" class=\"read-more button\" href=\"https:\/\/serversmtp.com\/es\/envio-correos-electronicos\/#more-2434\" aria-label=\"Leer m\u00e1s sobre Envio de correos\ufeff electronicos\">Discover more<\/a><\/p>\n","protected":false},"author":3,"featured_media":0,"parent":0,"menu_order":0,"comment_status":"closed","ping_status":"closed","template":"","meta":{"_eb_attr":"","inline_featured_image":false,"_monsterinsights_skip_tracking":false,"_monsterinsights_sitenote_active":false,"_monsterinsights_sitenote_note":"","_monsterinsights_sitenote_category":0,"footnotes":""},"class_list":["post-2434","page","type-page","status-publish"],"yoast_head":"<!-- This site is optimized with the Yoast SEO plugin v25.3.1 - https:\/\/yoast.com\/wordpress\/plugins\/seo\/ -->\n<title>Envio de correos\ufeff electronicos - smtp mail server - professional SMTP service provider<\/title>\n<meta name=\"robots\" content=\"index, follow, max-snippet:-1, max-image-preview:large, max-video-preview:-1\" \/>\n<link rel=\"canonical\" href=\"https:\/\/serversmtp.com\/es\/envio-correos-electronicos\/\" \/>\n<meta name=\"twitter:label1\" content=\"Tiempo de lectura\" \/>\n\t<meta name=\"twitter:data1\" content=\"1 minuto\" \/>\n<!-- \/ Yoast SEO plugin. -->","yoast_head_json":{"title":"Envio de correos\ufeff electronicos - smtp mail server - professional SMTP service provider","robots":{"index":"index","follow":"follow","max-snippet":"max-snippet:-1","max-image-preview":"max-image-preview:large","max-video-preview":"max-video-preview:-1"},"canonical":"https:\/\/serversmtp.com\/es\/envio-correos-electronicos\/","twitter_misc":{"Tiempo de lectura":"1 minuto"},"schema":{"@context":"https:\/\/schema.org","@graph":[{"@type":"WebPage","@id":"https:\/\/serversmtp.com\/es\/envio-correos-electronicos\/","url":"https:\/\/serversmtp.com\/es\/envio-correos-electronicos\/","name":"Envio de correos\ufeff electronicos - smtp mail server - professional SMTP service provider","isPartOf":{"@id":"https:\/\/serversmtp.com\/#website"},"datePublished":"2018-04-13T16:29:18+00:00","dateModified":"2022-02-10T15:14:42+00:00","breadcrumb":{"@id":"https:\/\/serversmtp.com\/es\/envio-correos-electronicos\/#breadcrumb"},"inLanguage":"es","potentialAction":[{"@type":"ReadAction","target":["https:\/\/serversmtp.com\/es\/envio-correos-electronicos\/"]}]},{"@type":"BreadcrumbList","@id":"https:\/\/serversmtp.com\/es\/envio-correos-electronicos\/#breadcrumb","itemListElement":[{"@type":"ListItem","position":1,"name":"Home","item":"https:\/\/serversmtp.com\/es\/"},{"@type":"ListItem","position":2,"name":"Envio de correos\ufeff electronicos"}]},{"@type":"WebSite","@id":"https:\/\/serversmtp.com\/#website","url":"https:\/\/serversmtp.com\/","name":"smtp mail server - professional SMTP service provider","description":"smtp mail server - professional SMTP service provider","publisher":{"@id":"https:\/\/serversmtp.com\/#organization"},"potentialAction":[{"@type":"SearchAction","target":{"@type":"EntryPoint","urlTemplate":"https:\/\/serversmtp.com\/?s={search_term_string}"},"query-input":{"@type":"PropertyValueSpecification","valueRequired":true,"valueName":"search_term_string"}}],"inLanguage":"es"},{"@type":"Organization","@id":"https:\/\/serversmtp.com\/#organization","name":"Delivery Tech","url":"https:\/\/serversmtp.com\/","logo":{"@type":"ImageObject","inLanguage":"es","@id":"https:\/\/serversmtp.com\/#\/schema\/logo\/image\/","url":"https:\/\/serversmtp.com\/wp-content\/uploads\/2021\/11\/og-image-2.jpg","contentUrl":"https:\/\/serversmtp.com\/wp-content\/uploads\/2021\/11\/og-image-2.jpg","width":1200,"height":1128,"caption":"Delivery Tech"},"image":{"@id":"https:\/\/serversmtp.com\/#\/schema\/logo\/image\/"}}]}},"_links":{"self":[{"href":"https:\/\/serversmtp.com\/es\/wp-json\/wp\/v2\/pages\/2434"}],"collection":[{"href":"https:\/\/serversmtp.com\/es\/wp-json\/wp\/v2\/pages"}],"about":[{"href":"https:\/\/serversmtp.com\/es\/wp-json\/wp\/v2\/types\/page"}],"author":[{"embeddable":true,"href":"https:\/\/serversmtp.com\/es\/wp-json\/wp\/v2\/users\/3"}],"replies":[{"embeddable":true,"href":"https:\/\/serversmtp.com\/es\/wp-json\/wp\/v2\/comments?post=2434"}],"version-history":[{"count":3,"href":"https:\/\/serversmtp.com\/es\/wp-json\/wp\/v2\/pages\/2434\/revisions"}],"predecessor-version":[{"id":2736,"href":"https:\/\/serversmtp.com\/es\/wp-json\/wp\/v2\/pages\/2434\/revisions\/2736"}],"wp:attachment":[{"href":"https:\/\/serversmtp.com\/es\/wp-json\/wp\/v2\/media?parent=2434"}],"curies":[{"name":"wp","href":"https:\/\/api.w.org\/{rel}","templated":true}]}}